{"id":965,"date":"2025-08-04T07:11:07","date_gmt":"2025-08-04T07:11:07","guid":{"rendered":"https:\/\/24smartcharge.com\/?post_type=product&#038;p=965"},"modified":"2025-08-18T03:03:43","modified_gmt":"2025-08-18T03:03:43","slug":"36-device-smart-charging-cart","status":"publish","type":"product","link":"https:\/\/24smartcharge.com\/pt\/36-device-smart-charging-cart\/","title":{"rendered":"Carrinho de carregamento inteligente para 36 dispositivos"},"content":{"rendered":"<h3 id=\"intelligent-and-structured-charging\">Carregamento inteligente e estruturado<\/h3>\n<p>Uma das principais vantagens deste carrinho de carregamento \u00e9 a sua tecnologia de carregamento avan\u00e7ada e de elevado desempenho. Elimina o problema da gest\u00e3o de v\u00e1rias fontes de energia e o risco de sobrecarga das tomadas el\u00e9ctricas. O carro inclui um ciclo de carregamento inteligente de 15 minutos que atribui dinamicamente energia a grupos de tomadas, assegurando que cada dispositivo recebe uma carga consistente e eficiente sem disparar os disjuntores. Ao automatizar o processo de carregamento, o carrinho n\u00e3o s\u00f3 melhora a manuten\u00e7\u00e3o di\u00e1ria, como tamb\u00e9m ajuda a prolongar a vida \u00fatil da bateria do dispositivo, evitando o carregamento excessivo. Esta carater\u00edstica inovadora de \"Carregamento Inteligente\" faz do carrinho de carregamento uma solu\u00e7\u00e3o fi\u00e1vel e amiga do ambiente para ambientes com elevadas exig\u00eancias tecnol\u00f3gicas.<\/p>\n<h3 id=\"uncompromising-security-and-durability\">Seguran\u00e7a e durabilidade sem compromissos<\/h3>\n<p>Ao investir numa frota de dispositivos, a seguran\u00e7a \u00e9 uma prioridade n\u00e3o negoci\u00e1vel. Este carrinho de carregamento foi constru\u00eddo como uma fortaleza para proteger os seus bens valiosos. Constru\u00eddo com uma estrutura e pain\u00e9is totalmente met\u00e1licos, proporciona uma durabilidade excecional e resist\u00eancia \u00e0 manipula\u00e7\u00e3o. As portas frontais refor\u00e7adas e com fecho, completas com um sistema de fecho seguro, garantem que todos os dispositivos est\u00e3o protegidos contra roubo e acesso n\u00e3o autorizado quando n\u00e3o est\u00e3o a ser utilizados. O design ventilado das portas e dos pain\u00e9is laterais facilita o fluxo de ar, evitando o sobreaquecimento dos dispositivos durante o ciclo de carregamento. Este compromisso com a qualidade e a longevidade \u00e9 apoiado por uma garantia de estrutura vital\u00edcia, proporcionando uma tranquilidade sem paralelo e assegurando que o carrinho de carregamento \u00e9 um investimento duradouro constru\u00eddo para suportar os rigores da utiliza\u00e7\u00e3o di\u00e1ria em ambientes movimentados.<\/p>\n<h3 id=\"structured-cable-and-network-organization\">Organiza\u00e7\u00e3o de redes e cabos estruturados<\/h3>\n<p>A confus\u00e3o de cabos \u00e9 uma frustra\u00e7\u00e3o comum em qualquer configura\u00e7\u00e3o com v\u00e1rios dispositivos electr\u00f3nicos. Este carrinho de carregamento elimina magistralmente este problema com o seu sistema de gest\u00e3o de cabos simplificado e integrado. As divis\u00f3rias amov\u00edveis n\u00e3o s\u00f3 permitem a personaliza\u00e7\u00e3o do espa\u00e7o de armazenamento, como tamb\u00e9m funcionam em conjunto com canais de encaminhamento de cabos especializados. O interior do carrinho, revelado quando as portas est\u00e3o abertas, apresenta uma disposi\u00e7\u00e3o limpa e organizada, onde os adaptadores de corrente e os cabos podem ser cuidadosamente fixados, fora da vista e sem emaranhados. Esta organiza\u00e7\u00e3o meticulosa garante que os cabos ficam onde devem ficar, tornando mais f\u00e1cil para os utilizadores ligarem e desligarem rapidamente os dispositivos. Isto poupa tempo precioso aos educadores e administradores de TI, permitindo-lhes concentrarem-se nas suas responsabilidades principais em vez de terem de lutar com uma confus\u00e3o de cabos.<\/p>\n<p>Al\u00e9m disso, o carrinho de carregamento foi concebido para as necessidades modernas de infra-estruturas de TI com a sua funcionalidade \"Gest\u00e3o de rede facilitada\". Numa \u00e9poca em que \u00e9 fundamental manter as aplica\u00e7\u00f5es e os conte\u00fados dos dispositivos seguros e actualizados, este carrinho constitui a plataforma perfeita. Inclui espa\u00e7o e provis\u00f5es para adicionar o seu pr\u00f3prio switch de rede gerido, permitindo ao pessoal de TI ligar-se remotamente aos dispositivos armazenados. Esta capacidade permite-lhes enviar actualiza\u00e7\u00f5es de software, gerir aplica\u00e7\u00f5es e efetuar a manuten\u00e7\u00e3o de todos os 36 dispositivos enquanto estes est\u00e3o guardados em seguran\u00e7a e a carregar. Transforma o carrinho de carregamento de uma simples esta\u00e7\u00e3o de carregamento numa poderosa ferramenta de gest\u00e3o de rede, aumentando drasticamente a efici\u00eancia e refor\u00e7ando a seguran\u00e7a.<\/p>\n<h3 id=\"designed-for-versatility-and-ease-on-the-go\">Concebido para ser vers\u00e1til e f\u00e1cil de utilizar<\/h3>\n<p>O carrinho de carga \u00e9 constru\u00eddo de forma a ser robusto e espa\u00e7oso para facilitar a desloca\u00e7\u00e3o. Roda suavemente sobre rodas industriais duradouras, facilitando o transporte entre diferentes locais, como salas de aula, salas de confer\u00eancia ou departamentos. As rodas est\u00e3o equipadas com trav\u00f5es de bloqueio para manter o carrinho parado e seguro quando estacionado. As pegas ergon\u00f3micas nas laterais proporcionam uma ader\u00eancia confort\u00e1vel e firme para manobras sem esfor\u00e7o.<\/p>\n<p>As dimens\u00f5es f\u00edsicas do carrinho de carga foram cuidadosamente consideradas para equilibrar a capacidade com uma pegada manej\u00e1vel. Com medidas externas de 43,5 \"de altura, 40\" de largura e 26,7 \"de profundidade, foi projetado para caber confortavelmente em arm\u00e1rios de armazenamento ou ao lado das paredes da sala de aula sem ser excessivamente intrusivo. O peso substancial do produto de 269 libras \u00e9 uma prova da sua constru\u00e7\u00e3o robusta, garantindo estabilidade e desempenho a longo prazo.<\/p>","protected":false},"excerpt":{"rendered":"<div class=\"chat-container\">\n<div class=\"chat-view-container ng-star-inserted\">\n<div>\n<div class=\"chat-turn-container model render cdk-focused cdk-mouse-focused\" tabindex=\"-1\">\n<div class=\"model-prompt-container\" data-turn-role=\"Model\">\n<div class=\"turn-content\">\n<p class=\"ng-star-inserted\"><span class=\"ng-star-inserted\">Carregue e gira em seguran\u00e7a at\u00e9 36 dispositivos com ecr\u00e3s at\u00e9 17\u2033. Este carrinho dur\u00e1vel, todo em metal, inclui carregamento de ciclo inteligente e gest\u00e3o simplificada de cabos para maior seguran\u00e7a e organiza\u00e7\u00e3o. Ideal para computadores port\u00e1teis, tablets e Chromebooks. Preparado para gest\u00e3o de rede.<\/span><\/p>\n<\/div>\n<\/div>\n<\/div>\n<\/div>\n<\/div>\n<\/div>","protected":false},"featured_media":2347,"template":"","meta":{"_kad_post_transparent":"default","_kad_post_title":"","_kad_post_layout":"default","_kad_post_sidebar_id":"","_kad_post_content_style":"default","_kad_post_vertical_padding":"default","_kad_post_feature":"","_kad_post_feature_position":"","_kad_post_header":false,"_kad_post_footer":false},"product_brand":[],"product_cat":[91],"product_tag":[115,135,119],"class_list":{"0":"post-965","1":"product","2":"type-product","3":"status-publish","4":"has-post-thumbnail","6":"product_cat-charging-cabinets","7":"product_tag-charging-cart","8":"product_tag-classroom-technology","9":"product_tag-device-management","11":"first","12":"instock","13":"shipping-taxable","14":"product-type-simple","15":"entry","16":"content-bg","17":"loop-entry"},"_links":{"self":[{"href":"https:\/\/24smartcharge.com\/pt\/wp-json\/wp\/v2\/product\/965","targetHints":{"allow":["GET"]}}],"collection":[{"href":"https:\/\/24smartcharge.com\/pt\/wp-json\/wp\/v2\/product"}],"about":[{"href":"https:\/\/24smartcharge.com\/pt\/wp-json\/wp\/v2\/types\/product"}],"wp:featuredmedia":[{"embeddable":true,"href":"https:\/\/24smartcharge.com\/pt\/wp-json\/wp\/v2\/media\/2347"}],"wp:attachment":[{"href":"https:\/\/24smartcharge.com\/pt\/wp-json\/wp\/v2\/media?parent=965"}],"wp:term":[{"taxonomy":"product_brand","embeddable":true,"href":"https:\/\/24smartcharge.com\/pt\/wp-json\/wp\/v2\/product_brand?post=965"},{"taxonomy":"product_cat","embeddable":true,"href":"https:\/\/24smartcharge.com\/pt\/wp-json\/wp\/v2\/product_cat?post=965"},{"taxonomy":"product_tag","embeddable":true,"href":"https:\/\/24smartcharge.com\/pt\/wp-json\/wp\/v2\/product_tag?post=965"}],"curies":[{"name":"wp","href":"https:\/\/api.w.org\/{rel}","templated":true}]}}