{"id":949,"date":"2025-08-04T06:40:36","date_gmt":"2025-08-04T06:40:36","guid":{"rendered":"https:\/\/24smartcharge.com\/?post_type=product&#038;p=949"},"modified":"2025-08-18T02:44:22","modified_gmt":"2025-08-18T02:44:22","slug":"charging-cart-for-36-devices","status":"publish","type":"product","link":"https:\/\/24smartcharge.com\/pt\/charging-cart-for-36-devices\/","title":{"rendered":"Carrinho de carregamento para 36 dispositivos"},"content":{"rendered":"<p><strong>Carregamento inteligente e estruturado para um desempenho m\u00e1ximo<\/strong><\/p>\n<p>No centro deste arm\u00e1rio de carregamento est\u00e1 o inovador sistema de carregamento inteligente Intelli-Sense, que transforma a complexa tarefa de carregar v\u00e1rios dispositivos num processo autom\u00e1tico e sem falhas. Isto elimina a necessidade de liga\u00e7\u00e3o manual e a preocupa\u00e7\u00e3o com a sobrecarga do circuito. O sistema Intelli-Sense identifica de forma inteligente os dispositivos com os n\u00edveis de bateria mais baixos e d\u00e1 prioridade \u00e0 atribui\u00e7\u00e3o de energia em conformidade, garantindo que os dispositivos com necessidades mais urgentes s\u00e3o carregados e est\u00e3o operacionais no mais curto espa\u00e7o de tempo poss\u00edvel.<\/p>\n<p>Ap\u00f3s esta defini\u00e7\u00e3o inicial de prioridades, o sistema optimiza a distribui\u00e7\u00e3o de energia por todos os dispositivos ligados, carregando sistematicamente cada um deles at\u00e9 \u00e0 carga total. Esta abordagem met\u00f3dica garante que todos os dispositivos est\u00e3o totalmente carregados e prontos a serem utilizados, ao mesmo tempo que protege o sistema el\u00e9trico contra picos de corrente e fus\u00edveis queimados. Ao regular o processo de carregamento, esta funcionalidade inteligente tamb\u00e9m ajuda a prolongar a vida \u00fatil da bateria, evitando o excesso de carga e promovendo ciclos de carregamento mais saud\u00e1veis. A parte de tr\u00e1s do arm\u00e1rio de carregamento aloja um sistema de gest\u00e3o de energia meticulosamente concebido com tomadas de alimenta\u00e7\u00e3o CA individuais que fornecem uma fonte de alimenta\u00e7\u00e3o est\u00e1vel e fi\u00e1vel a cada dispositivo, protegendo os seus valiosos bens tecnol\u00f3gicos.<\/p>\n<p><img fetchpriority=\"high\" decoding=\"async\" class=\"size-full wp-image-2338\" src=\"https:\/\/24smartcharge.com\/wp-content\/uploads\/2025\/08\/Charging-Cart-for-36-Devices01.jpg\" alt=\"Carrinho de carregamento para 36 dispositivos\" width=\"1000\" height=\"1000\" srcset=\"https:\/\/24smartcharge.com\/wp-content\/uploads\/2025\/08\/Charging-Cart-for-36-Devices01.jpg 1000w, https:\/\/24smartcharge.com\/wp-content\/uploads\/2025\/08\/Charging-Cart-for-36-Devices01-300x300.jpg 300w, https:\/\/24smartcharge.com\/wp-content\/uploads\/2025\/08\/Charging-Cart-for-36-Devices01-150x150.jpg 150w, https:\/\/24smartcharge.com\/wp-content\/uploads\/2025\/08\/Charging-Cart-for-36-Devices01-768x768.jpg 768w, https:\/\/24smartcharge.com\/wp-content\/uploads\/2025\/08\/Charging-Cart-for-36-Devices01-12x12.jpg 12w, https:\/\/24smartcharge.com\/wp-content\/uploads\/2025\/08\/Charging-Cart-for-36-Devices01-600x600.jpg 600w, https:\/\/24smartcharge.com\/wp-content\/uploads\/2025\/08\/Charging-Cart-for-36-Devices01-100x100.jpg 100w\" sizes=\"(max-width: 1000px) 100vw, 1000px\" \/><\/p>\n<p><strong>Design que simplifica a gest\u00e3o<\/strong><\/p>\n<p>Este arm\u00e1rio de carregamento \u00e9 uma aula magistral de design cuidadoso, com todos os elementos concebidos para melhorar a experi\u00eancia do utilizador. Uma carater\u00edstica fundamental \u00e9 o seu sofisticado sistema de gest\u00e3o de cabos. O interior est\u00e1 equipado com clipes de encaminhamento integrados e divis\u00f3rias que mant\u00eam os cabos de carregamento organizados e seguros no seu lugar. Isto evita o \"esparguete\" de cabos emaranhados que pode afetar outras solu\u00e7\u00f5es de carregamento. As vantagens imediatas incluem uma redu\u00e7\u00e3o significativa do tempo necess\u00e1rio para ligar e retirar dispositivos, a preven\u00e7\u00e3o de danos nos cabos devido ao seu emaranhamento e entalamento e a manuten\u00e7\u00e3o de um aspeto limpo e profissional.<\/p>\n<p>Al\u00e9m disso, a identifica\u00e7\u00e3o do dispositivo \u00e9 simplificada atrav\u00e9s da utiliza\u00e7\u00e3o de tiras de prateleiras numeradas. A cada uma das 36 ranhuras pode ser atribu\u00eddo um n\u00famero correspondente a um utilizador, funcion\u00e1rio ou pe\u00e7a de equipamento espec\u00edfico. Este sistema simples, mas eficaz, facilita o rastreio de todos os dispositivos, promovendo a responsabiliza\u00e7\u00e3o e simplificando o processo de distribui\u00e7\u00e3o e recolha. Um n\u00edvel de organiza\u00e7\u00e3o t\u00e3o elevado \u00e9 essencial em ambientes din\u00e2micos como salas de aula e espa\u00e7os de trabalho partilhados, minimizando o risco de extravio de artigos e garantindo que cada indiv\u00edduo recebe consistentemente o dispositivo correto.<\/p>\n<p><strong>Capacidade robusta e portabilidade sem paralelo<\/strong><\/p>\n<p>Apesar do seu perfil fino, o arm\u00e1rio de carregamento pode acomodar at\u00e9 36 dispositivos, cada um com uma espessura de at\u00e9 1,25 polegadas. Foi concebido para alojar uma variedade de computadores port\u00e1teis, Chromebooks e tablets, com dimens\u00f5es m\u00e1ximas de 10,5\u2033 x 14,4\u2033, garantindo a compatibilidade com dispositivos educativos e empresariais padr\u00e3o.<\/p>\n<p>As dimens\u00f5es f\u00edsicas do arm\u00e1rio de carregamento s\u00e3o optimizadas tanto para a efici\u00eancia do espa\u00e7o como para a mobilidade. Com medidas exteriores de 44\u2033 A x 22\u2033 L x 23,6\u2033 P, tem uma pegada compacta que lhe permite caber discretamente num canto de uma sala de aula ou num arm\u00e1rio de materiais. O seu design fino tamb\u00e9m lhe permite passar facilmente por portas normais. A capacidade de manobra \u00e9 uma pedra angular do seu design, com rod\u00edzios resistentes que deslizam suavemente em v\u00e1rias superf\u00edcies do ch\u00e3o. Para maior seguran\u00e7a, as rodas est\u00e3o equipadas com mecanismos de bloqueio f\u00e1ceis de utilizar para manter o carrinho firmemente no lugar quando est\u00e1 parado. Uma pega robusta e ergon\u00f3mica proporciona uma ader\u00eancia confort\u00e1vel para um transporte sem esfor\u00e7o entre salas, pisos ou mesmo edif\u00edcios.<\/p>\n<p><strong>Seguran\u00e7a e durabilidade inabal\u00e1veis<\/strong><\/p>\n<p>Proteger os seus valiosos investimentos em tecnologia \u00e9 fundamental e este arm\u00e1rio de carregamento foi concebido para proporcionar seguran\u00e7a e paz de esp\u00edrito inabal\u00e1veis. A sua promessa \"Locked &amp; Secure\" \u00e9 cumprida atrav\u00e9s de uma constru\u00e7\u00e3o robusta em a\u00e7o e de um sistema de fecho seguro da porta frontal, que protege os dispositivos dispendiosos contra roubo, danos e acesso n\u00e3o autorizado. Os pain\u00e9is de ventila\u00e7\u00e3o estrategicamente colocados nos lados e na parte de tr\u00e1s do carrinho facilitam o fluxo de ar, evitando o sobreaquecimento quando v\u00e1rios dispositivos s\u00e3o carregados em simult\u00e2neo e assegurando o seu desempenho e fiabilidade a longo prazo. Com um peso substancial de 179 libras, a estrutura totalmente met\u00e1lica do arm\u00e1rio de carregamento \u00e9 uma prova da sua durabilidade e capacidade de suportar as exig\u00eancias de uma utiliza\u00e7\u00e3o frequente num ambiente movimentado.<\/p>","protected":false},"excerpt":{"rendered":"<p>Este carrinho de carregamento seguro, armazena e transporta at\u00e9 36 dispositivos. O seu sistema de carregamento inteligente alimenta eficazmente os dispositivos, enquanto a gest\u00e3o simplificada dos cabos mant\u00e9m tudo arrumado. As ranhuras numeradas facilitam a identifica\u00e7\u00e3o.<\/p>","protected":false},"featured_media":2338,"template":"","meta":{"_kad_post_transparent":"default","_kad_post_title":"","_kad_post_layout":"default","_kad_post_sidebar_id":"","_kad_post_content_style":"default","_kad_post_vertical_padding":"default","_kad_post_feature":"","_kad_post_feature_position":"","_kad_post_header":false,"_kad_post_footer":false},"product_brand":[],"product_cat":[91],"product_tag":[115,119,133],"class_list":{"0":"post-949","1":"product","2":"type-product","3":"status-publish","4":"has-post-thumbnail","6":"product_cat-charging-cabinets","7":"product_tag-charging-cart","8":"product_tag-device-management","9":"product_tag-school-supplies","11":"first","12":"instock","13":"shipping-taxable","14":"product-type-simple","15":"entry","16":"content-bg","17":"loop-entry"},"_links":{"self":[{"href":"https:\/\/24smartcharge.com\/pt\/wp-json\/wp\/v2\/product\/949","targetHints":{"allow":["GET"]}}],"collection":[{"href":"https:\/\/24smartcharge.com\/pt\/wp-json\/wp\/v2\/product"}],"about":[{"href":"https:\/\/24smartcharge.com\/pt\/wp-json\/wp\/v2\/types\/product"}],"wp:featuredmedia":[{"embeddable":true,"href":"https:\/\/24smartcharge.com\/pt\/wp-json\/wp\/v2\/media\/2338"}],"wp:attachment":[{"href":"https:\/\/24smartcharge.com\/pt\/wp-json\/wp\/v2\/media?parent=949"}],"wp:term":[{"taxonomy":"product_brand","embeddable":true,"href":"https:\/\/24smartcharge.com\/pt\/wp-json\/wp\/v2\/product_brand?post=949"},{"taxonomy":"product_cat","embeddable":true,"href":"https:\/\/24smartcharge.com\/pt\/wp-json\/wp\/v2\/product_cat?post=949"},{"taxonomy":"product_tag","embeddable":true,"href":"https:\/\/24smartcharge.com\/pt\/wp-json\/wp\/v2\/product_tag?post=949"}],"curies":[{"name":"wp","href":"https:\/\/api.w.org\/{rel}","templated":true}]}}