{"id":901,"date":"2025-08-04T02:51:16","date_gmt":"2025-08-04T02:51:16","guid":{"rendered":"https:\/\/24smartcharge.com\/?post_type=product&#038;p=901"},"modified":"2025-08-15T06:04:37","modified_gmt":"2025-08-15T06:04:37","slug":"10-device-anti-theft-charging-cabinet","status":"publish","type":"product","link":"https:\/\/24smartcharge.com\/pt\/10-device-anti-theft-charging-cabinet\/","title":{"rendered":"Arm\u00e1rio de carregamento antirroubo para 10 dispositivos"},"content":{"rendered":"<h3 id=\"powervault-transforming-portable-power-administration-and-security\">Arm\u00e1rio de carregamento: Transformando a administra\u00e7\u00e3o e a seguran\u00e7a da energia port\u00e1til<\/h3>\n<p>Nos actuais ambientes de ensino e especializa\u00e7\u00e3o hiperconectados, os telem\u00f3veis, como os computadores tablet, os Chromebooks e os smartphones, j\u00e1 n\u00e3o s\u00e3o um luxo; s\u00e3o dispositivos vitais para o conhecimento, a parceria e o desempenho. No entanto, a sua expans\u00e3o traz um desafio log\u00edstico consider\u00e1vel: exatamente como manter um curso ou grupo inteiro ligado, m\u00f3vel e protegido? A procura cont\u00ednua de tomadas de parede prontamente dispon\u00edveis, a confus\u00e3o de cabos de carregamento torcidos e o perigo persistente de institui\u00e7\u00f5es financeiras de energia perdidas ou levadas podem perturbar o fluxo de trabalho e produzir preocupa\u00e7\u00f5es administrativas substanciais. A Power Technologies apresenta um servi\u00e7o claro com o arm\u00e1rio de carregamento 10-Device Anti-Theft Charging Terminal- um ecossistema integrado criado para oferecer energia onde e quando for necess\u00e1rio, de forma inteligente e segura.<\/p>\n<h3 id=\"a-centralized-hub-for-power-and-protection\">Um hub centralizado para energia e prote\u00e7\u00e3o<\/h3>\n<p>O n\u00facleo do sistema \u00e9 o pr\u00f3prio terminal do arm\u00e1rio de carregamento, um arm\u00e1rio robusto e seguro concebido para conforto e satisfa\u00e7\u00e3o. Com a capacidade de alojar e carregar simultaneamente dez baterias PowerBank+ espec\u00edficas, este terminal funciona como o centro de comando para as necessidades de energia dos seus gadgets. O sistema possui uma porta frontal robusta e com fechadura, assegurando que os bancos de pot\u00eancia importantes est\u00e3o acess\u00edveis apenas ao pessoal acreditado. Esta prote\u00e7\u00e3o f\u00edsica \u00e9 a primeira linha de defesa para proteger o seu investimento.<\/p>\n<p>Uma fun\u00e7\u00e3o de design crucial \u00e9 a janela transparente na porta, que permite verifica\u00e7\u00f5es r\u00e1pidas e instant\u00e2neas do stock. Os educadores ou gestores podem confirmar instantaneamente que todos os dez bancos de energia est\u00e3o presentes e ver o seu estado de carregamento atrav\u00e9s dos seus ecr\u00e3s digitais espec\u00edficos, sem nunca precisarem de desbloquear o sistema. Isto poupa tempo \u00fatil e simplifica as rotinas de gest\u00e3o quotidianas. Medindo 14,5\u2033 A x 17,2\u2033 L x 11,5\u2033 P, a esta\u00e7\u00e3o \u00e9 suficientemente port\u00e1til para caber numa bancada, num arm\u00e1rio ou ser montada de forma segura, tornando-a uma adi\u00e7\u00e3o funcional a qualquer sala de aula, biblioteca ou escrit\u00f3rio. No interior, um potente hub de carregamento USB de 65 W funciona eficazmente para reenergizar as 10 pilhas, garantindo que aguardam o dia seguinte.<\/p>\n<h3 id=\"unleash-movement-with-high-capacity-powerbank-batteries\">Liberte o movimento com as pilhas PowerBank+ de elevada capacidade<\/h3>\n<p>A verdadeira liberdade do sistema PowerVault+ depende das suas dez baterias m\u00f3veis PowerBank+. Estas n\u00e3o s\u00e3o as t\u00edpicas institui\u00e7\u00f5es financeiras de energia dos clientes; s\u00e3o sistemas de elevado desempenho desenvolvidos para as exig\u00eancias de um ambiente multiutilizador. Cada bateria possui uma enorme capacidade de 20.000 mAh (75,6 Wh a 90Wh), suficiente para manter os gadgets a funcionar durante um dia inteiro de utiliza\u00e7\u00e3o extensiva. Esta capacidade consider\u00e1vel pode carregar completamente um computador tablet t\u00edpico v\u00e1rias vezes ou um telem\u00f3vel 4 a 5 vezes, eliminando adequadamente o stress e a ansiedade da bateria para alunos e especialistas em movimento.<\/p>\n<p>A conveni\u00eancia \u00e9 fundamental, e cada PowerBank+ \u00e9 fornecido com uma impressionante variedade de quatro portas de carregamento:<\/p>\n<ul>\n<li><strong>2 portas USB-C:\u00a0<\/strong>Uma destas portas \u00e9 uma poderosa entrada\/sa\u00edda de distribui\u00e7\u00e3o de energia (PD) de 60 W, com a capacidade de carregar rapidamente n\u00e3o s\u00f3 computadores tablet e telem\u00f3veis, mas tamb\u00e9m dispositivos mais exigentes como Chromebooks e MacBooks. A segunda porta USB-C proporciona uma adaptabilidade adicional para ferramentas modernas.<\/li>\n<li><strong>Duas portas USB-A:\u00a0<\/strong>Com v\u00e1rias normas de carregamento r\u00e1pido, nomeadamente QC3.0, FCP e SCP, estas portas garantem compatibilidade com vers\u00f5es anteriores e carregamento r\u00e1pido para uma grande variedade de dispositivos e acess\u00f3rios tradicionais.<\/li>\n<\/ul>\n<p>Esta mistura de portas indica que um PowerBank+ solit\u00e1rio pode ao mesmo tempo carregar v\u00e1rios dispositivos, tornando-o uma ferramenta adequada para projectos de grupo ou para indiv\u00edduos com um telefone, tablet e auriculares sem fios. Al\u00e9m disso, cada sistema est\u00e1 equipado com um ecr\u00e3 digital LC\/LED cristalino que revela a percentagem espec\u00edfica da bateria, eliminando a incerteza relacionada com os indicadores simples de quatro pontos.<\/p>\n<h3 id=\"groundbreaking-anti-theft-deterrent-technology\">Tecnologia inovadora de dissuas\u00e3o antirroubo<\/h3>\n<p>Talvez uma das fun\u00e7\u00f5es mais engenhosas do sistema PowerVault+ seja a sua tecnologia moderna e exclusiva antirroubo. Um problema comum com a utiliza\u00e7\u00e3o de bancos de energia individuais \u00e9 que muitas vezes tendem a \"sair\" ou a perder-se, uma vez que podem ser facilmente reenergizados em qualquer lugar. A Power Technologies resolve este problema com uma solu\u00e7\u00e3o \u00f3ptima e simples: as baterias PowerBank+ podem\u00a0<em>apenas\u00a0<\/em>ser reenergizado dentro do terminal PowerVault+ utilizando os seus exclusivos cabos de fatura\u00e7\u00e3o antirroubo integrados.<\/p>\n<p>Esta carater\u00edstica especial torna os bancos de pot\u00eancia individuais substancialmente menos atraentes para os ladr\u00f5es e garante a responsabilidade entre os utilizadores. Se uma PowerBank+ n\u00e3o for devolvida \u00e0 esta\u00e7\u00e3o, n\u00e3o pode ser reenergizada, tornando-se in\u00fatil assim que a sua carga atual se esgotar. Isto incentiva fortemente os indiv\u00edduos a devolverem as baterias no final do dia, garantindo que uma cole\u00e7\u00e3o completa de power banks totalmente facturados esteja dispon\u00edvel todas as manh\u00e3s. Este sistema protege o seu investimento e garante a fiabilidade e o funcionamento cont\u00ednuo do seu programa de telem\u00f3vel inteligente.<\/p>\n<h3 id=\"engineered-for-security-constructed-to-last\">Concebido para a seguran\u00e7a, constru\u00eddo para durar<\/h3>\n<p>A Power Technologies colocou um custo na seguran\u00e7a, prote\u00e7\u00e3o e fiabilidade. Todo o sistema PowerVault+ \u00e9 constru\u00eddo com pe\u00e7as de alta qualidade concebidas para a aspereza da utiliza\u00e7\u00e3o di\u00e1ria. Cada PowerBank+ \u00e9 apoiado por um extenso conjunto de protec\u00e7\u00f5es de seguran\u00e7a, consistindo em seguran\u00e7a contra sobrecorrente, descarga excessiva, curto-circuito e carregamento excessivo. Estas fun\u00e7\u00f5es protegem tanto as institui\u00e7\u00f5es financeiras de energia como os aparelhos ben\u00e9ficos a elas ligados. O sistema \u00e9 feito para funcionar em ambientes internos regulares (0 \u00b0 C-40 \u00b0 C) e inclui uma garantia de servi\u00e7o de 12 meses, fornecendo autoconfian\u00e7a e conforto.<\/p>\n<p>A esta\u00e7\u00e3o de carregamento antirroubo de 10 dispositivos PowerVault+ \u00e9 mais do que um simples produto; \u00e9 um m\u00e9todo abrangente de gest\u00e3o de energia m\u00f3vel. Mant\u00e9m os estudantes e as equipas em movimento, cultiva uma aprendizagem e um local de trabalho adapt\u00e1veis e vibrantes e elimina os problemas di\u00e1rios de carregamento de dispositivos. Ao integrar energia port\u00e1til de alta capacidade, conveni\u00eancia para v\u00e1rios dispositivos e prote\u00e7\u00e3o antirroubo inigual\u00e1vel, o PowerVault+ oferece uma solu\u00e7\u00e3o de energia mais inteligente, mais segura e muito mais fi\u00e1vel para qualquer tipo de empresa.<\/p>","protected":false},"excerpt":{"rendered":"<div class=\"chat-container\">\n<div class=\"chat-view-container ng-star-inserted\">\n<div>\n<div class=\"chat-turn-container model render cdk-focused cdk-mouse-focused\" tabindex=\"-1\">\n<div class=\"model-prompt-container\" data-turn-role=\"Model\">\n<div class=\"turn-content\">\n<p class=\"ng-star-inserted\"><span class=\"ng-star-inserted\">\u00a0O arm\u00e1rio de carregamento antirroubo para 10 dispositivos com baterias PowerBank+ de 20.000 mAh. O seu design antirroubo e o hub de carregamento USB de 65 W tornam-no ideal para salas de aula. Cada bateria tem um indicador de estado digital, 2 portas USB-C e 2 portas USB-A para uma alimenta\u00e7\u00e3o vers\u00e1til e segura onde precisa dela.<\/span><\/p>\n<div class=\"turn-information ng-star-inserted\"><\/div>\n<\/div>\n<\/div>\n<div class=\"turn-footer ng-star-inserted\"><\/div>\n<\/div>\n<\/div>\n<\/div>\n<\/div>\n<footer class=\"not-zero-state ng-star-inserted\">\n<div class=\"mat-mdc-tooltip-trigger prompt-input-wrapper\">\n<div>\n<div class=\"prompt-input-wrapper-container\">\n<div class=\"text-wrapper\">\n<section class=\"text-and-attachments-wrapper\">\n<div class=\"text-input-wrapper\"><\/div>\n<\/section>\n<\/div>\n<\/div>\n<\/div>\n<\/div>\n<\/footer>","protected":false},"featured_media":2328,"template":"","meta":{"_kad_post_transparent":"default","_kad_post_title":"","_kad_post_layout":"default","_kad_post_sidebar_id":"","_kad_post_content_style":"default","_kad_post_vertical_padding":"default","_kad_post_feature":"","_kad_post_feature_position":"","_kad_post_header":false,"_kad_post_footer":false},"product_brand":[],"product_cat":[91],"product_tag":[127,122,126],"class_list":{"0":"post-901","1":"product","2":"type-product","3":"status-publish","4":"has-post-thumbnail","6":"product_cat-charging-cabinets","7":"product_tag-anti-theft","8":"product_tag-charging-cabinet","9":"product_tag-power-banks","11":"first","12":"instock","13":"shipping-taxable","14":"product-type-simple","15":"entry","16":"content-bg","17":"loop-entry"},"_links":{"self":[{"href":"https:\/\/24smartcharge.com\/pt\/wp-json\/wp\/v2\/product\/901","targetHints":{"allow":["GET"]}}],"collection":[{"href":"https:\/\/24smartcharge.com\/pt\/wp-json\/wp\/v2\/product"}],"about":[{"href":"https:\/\/24smartcharge.com\/pt\/wp-json\/wp\/v2\/types\/product"}],"wp:featuredmedia":[{"embeddable":true,"href":"https:\/\/24smartcharge.com\/pt\/wp-json\/wp\/v2\/media\/2328"}],"wp:attachment":[{"href":"https:\/\/24smartcharge.com\/pt\/wp-json\/wp\/v2\/media?parent=901"}],"wp:term":[{"taxonomy":"product_brand","embeddable":true,"href":"https:\/\/24smartcharge.com\/pt\/wp-json\/wp\/v2\/product_brand?post=901"},{"taxonomy":"product_cat","embeddable":true,"href":"https:\/\/24smartcharge.com\/pt\/wp-json\/wp\/v2\/product_cat?post=901"},{"taxonomy":"product_tag","embeddable":true,"href":"https:\/\/24smartcharge.com\/pt\/wp-json\/wp\/v2\/product_tag?post=901"}],"curies":[{"name":"wp","href":"https:\/\/api.w.org\/{rel}","templated":true}]}}