{"id":1857,"date":"2025-08-08T10:05:06","date_gmt":"2025-08-08T10:05:06","guid":{"rendered":"https:\/\/24smartcharge.com\/?post_type=product&#038;p=1857"},"modified":"2025-08-18T02:19:11","modified_gmt":"2025-08-18T02:19:11","slug":"ergotron-mobile-laptop-tablet-charging-cabinet","status":"publish","type":"product","link":"https:\/\/24smartcharge.com\/pt\/ergotron-mobile-laptop-tablet-charging-cabinet\/","title":{"rendered":"Arm\u00e1rio de carregamento m\u00f3vel para computadores port\u00e1teis e tablets da Ergotron"},"content":{"rendered":"<h3 id=\"-ergotron-mobile-laptop-tablet-charging-cabinet-the-ultimate-solution-for-device-management-\"><strong>Arm\u00e1rio de carregamento m\u00f3vel para computadores port\u00e1teis e tablets da Ergotron: A solu\u00e7\u00e3o definitiva para a gest\u00e3o de dispositivos<\/strong><\/h3>\n<p>Em qualquer ambiente educativo ou empresarial moderno, a gest\u00e3o de uma frota de dispositivos como computadores port\u00e1teis, tablets e Chromebooks representa um desafio significativo. \u00c9 fundamental garantir que estes bens valiosos est\u00e3o seguros, totalmente carregados e prontos para a utiliza\u00e7\u00e3o di\u00e1ria. O arm\u00e1rio de carregamento m\u00f3vel para computadores port\u00e1teis e tablets da Ergotron oferece uma solu\u00e7\u00e3o abrangente e optimizada, concebida para simplificar a gest\u00e3o de dispositivos, dando prioridade \u00e0 seguran\u00e7a, efici\u00eancia e longevidade. Esta esta\u00e7\u00e3o de carregamento robusta e inteligentemente concebida \u00e9 mais do que apenas uma unidade de armazenamento; \u00e9 uma ferramenta essencial para qualquer organiza\u00e7\u00e3o que pretenda otimizar o seu fluxo de trabalho tecnol\u00f3gico.<\/p>\n<h3 id=\"-high-capacity-and-versatile-storage-\"><strong>Armazenamento de alta capacidade e vers\u00e1til<\/strong><\/h3>\n<p>Uma das carater\u00edsticas de destaque deste\u00a0<strong>Arm\u00e1rio de carga<\/strong>\u00a0\u00e9 a sua flexibilidade excecional. O interior est\u00e1 equipado com divis\u00f3rias ajust\u00e1veis, permitindo-lhe personalizar o tamanho do compartimento para acomodar uma grande variedade de dispositivos. Esta adaptabilidade torna-o um investimento \u00e0 prova de futuro, capaz de alojar a sua tecnologia atual e o que vier a seguir.<\/p>\n<ul>\n<li><strong>Modo Tablet e Chromebook:<\/strong>\u00a0Configure o arm\u00e1rio para armazenar e carregar de forma segura at\u00e9 40 tablets ou Chromebooks.<\/li>\n<li><strong>Modo port\u00e1til:<\/strong>\u00a0Para dispositivos maiores, o arm\u00e1rio pode ser ajustado para acomodar at\u00e9 30 computadores port\u00e1teis de tamanho normal.<\/li>\n<\/ul>\n<p>Este design universal significa que pode gerir uma frota mista de dispositivos de diferentes fabricantes - incluindo Microsoft, Apple, Dell, HP e outros - tudo numa \u00fanica unidade organizada. O sistema de gest\u00e3o de cabos limpo e organizado garante que cada dispositivo tem o seu lugar designado, eliminando a confus\u00e3o de fios emaranhados e facilitando aos utilizadores a liga\u00e7\u00e3o e a recupera\u00e7\u00e3o de dispositivos.<\/p>\n<h3 id=\"-intelligent-and-efficient-charging-with-powershuttle-technology-\"><strong>Carregamento inteligente e eficiente com a tecnologia PowerShuttle\u00ae.<\/strong><\/h3>\n<p>No centro deste arm\u00e1rio de carregamento est\u00e1 a tecnologia PowerShuttle\u00ae patenteada pela Ergotron, um sistema sofisticado que revoluciona o processo de carregamento. Em vez de utilizar um simples temporizador round-robin que carrega os dispositivos em lotes, a tecnologia PowerShuttle\u00ae monitoriza de forma inteligente o consumo de energia e optimiza o carregamento de todos os dispositivos ligados em simult\u00e2neo.<\/p>\n<p>Eis como aumenta a efici\u00eancia e a seguran\u00e7a:<\/p>\n<ul>\n<li><strong>Carregamento mais r\u00e1pido:<\/strong>\u00a0Este sistema pode carregar dispositivos at\u00e9 40% mais rapidamente do que os sistemas round-robin da concorr\u00eancia. Isto significa menos tempo de inatividade e mais tempo para aprendizagem e produtividade.<\/li>\n<li><strong>Prote\u00e7\u00e3o do circuito:<\/strong>\u00a0Ao gerir a carga de energia, o PowerShuttle\u00ae evita a sobrecarga de circuitos el\u00e9ctricos e o inc\u00f3modo de disjuntores disparados, mesmo quando o arm\u00e1rio est\u00e1 totalmente carregado. Consegue-o detectando o consumo total de corrente e dividindo a pot\u00eancia em grupos seguros se o limite estiver prestes a ser excedido.<\/li>\n<li><strong>Sem temporizadores manuais:<\/strong>\u00a0Todo o processo \u00e9 automatizado, eliminando a necessidade de comuta\u00e7\u00e3o manual da tomada ou de ajustes do temporizador. Basta ligar o arm\u00e1rio a uma \u00fanica tomada de parede padr\u00e3o e ele trata do resto.<\/li>\n<\/ul>\n<h3 id=\"-protecting-your-investment-enhanced-device-longevity-\"><strong>Proteger o seu investimento: Maior longevidade do dispositivo<\/strong><\/h3>\n<p>Os dispositivos electr\u00f3nicos geram um calor significativo durante o carregamento e as temperaturas excessivas podem reduzir drasticamente a sa\u00fade da bateria e encurtar a vida \u00fatil global do dispositivo. Reconhecendo este facto, a Ergotron\u00a0<strong>Arm\u00e1rio de carga<\/strong>\u00a0foi concebido com ventoinhas incorporadas e um design ventilado para garantir um arrefecimento \u00f3timo.<\/p>\n<p>As portas de a\u00e7o s\u00e3o perfuradas para permitir um fluxo de ar cont\u00ednuo, evitando a acumula\u00e7\u00e3o de calor no espa\u00e7o fechado. Este sistema de arrefecimento ativo mant\u00e9m as baterias e os componentes internos no seu intervalo de temperatura ideal, protegendo-os de danos e degrada\u00e7\u00e3o relacionados com o calor. Ao prolongar a vida \u00fatil dos seus dispositivos, o arm\u00e1rio proporciona um retorno excecional do investimento.<\/p>\n<h3 id=\"-robust-security-for-peace-of-mind-\"><strong>Seguran\u00e7a robusta para uma maior tranquilidade<\/strong><\/h3>\n<p>A seguran\u00e7a de dezenas de dispositivos valiosos \u00e9 uma prioridade m\u00e1xima e este carrinho de carregamento foi concebido para proporcionar a m\u00e1xima prote\u00e7\u00e3o. O arm\u00e1rio possui uma estrutura de a\u00e7o robusta e portas de a\u00e7o dur\u00e1veis com dobradi\u00e7as duplas que abrem 180 graus para facilitar o acesso.<\/p>\n<p>A seguran\u00e7a \u00e9 ainda refor\u00e7ada por um conjunto robusto de chave e fechadura, garantindo que apenas o pessoal autorizado pode aceder aos dispositivos. Para uma seguran\u00e7a ainda maior, o carrinho pode ser fixado a uma parede ou ao ch\u00e3o com um suporte opcional, proporcionando uma defesa formid\u00e1vel contra roubo em qualquer ambiente. Todo o carrinho \u00e9 testado e certificado de acordo com as normas UL, garantindo que cumpre os rigorosos requisitos de seguran\u00e7a para riscos el\u00e9ctricos, de inc\u00eandio e f\u00edsicos.<\/p>\n<h3 id=\"-effortless-mobility-and-user-friendly-design-\"><strong>Mobilidade sem esfor\u00e7o e design de f\u00e1cil utiliza\u00e7\u00e3o<\/strong><\/h3>\n<p>Concebida para ambientes din\u00e2micos como escolas e escrit\u00f3rios, esta\u00a0<strong>Arm\u00e1rio de carga<\/strong>\u00a0foi concebida para a mobilidade. Assenta em quatro rod\u00edzios dur\u00e1veis, de grau m\u00e9dico, com duas rodas bloqueadas, que deslizam suave e silenciosamente em v\u00e1rias superf\u00edcies do ch\u00e3o. A pega integrada proporciona uma ader\u00eancia confort\u00e1vel para uma f\u00e1cil navega\u00e7\u00e3o atrav\u00e9s de portas e corredores. O seu design compacto e leve torna-o significativamente mais pequeno do que muitos produtos concorrentes, permitindo-lhe caber facilmente em espa\u00e7os apertados sem perturbar o fluxo de trabalho.<\/p>\n<p>O melhor de tudo \u00e9 que a unidade \u00e9 enviada totalmente montada. N\u00e3o \u00e9 necess\u00e1ria nenhuma configura\u00e7\u00e3o complexa. Basta desembal\u00e1-la, lig\u00e1-la e est\u00e1 pronta para come\u00e7ar a carregar os seus dispositivos, poupando-lhe tempo e aborrecimentos valiosos.<\/p>\n<h3 id=\"-streamlined-it-management-\"><strong>Gest\u00e3o de TI simplificada<\/strong><\/h3>\n<p>Este arm\u00e1rio de carregamento \u00e9 tamb\u00e9m uma ferramenta poderosa para os profissionais de TI. Vem equipado com cabos Ethernet CAT6 pr\u00e9-instalados e suportes de montagem, permitindo capacidades abrangentes de gest\u00e3o de dispositivos. Estes cabos de alta velocidade permitem que o pessoal de TI envie actualiza\u00e7\u00f5es de software, execute diagn\u00f3sticos e volte a criar imagens dos dispositivos enquanto estes est\u00e3o armazenados em seguran\u00e7a e a carregar durante a noite. Esta capacidade de gest\u00e3o centralizada poupa in\u00fameras horas de trabalho manual, libertando o pessoal de TI para se concentrar noutras tarefas cr\u00edticas. Os cabos CAT6 oferecem uma transfer\u00eancia de dados fi\u00e1vel e de alta velocidade, garantindo que as actualiza\u00e7\u00f5es s\u00e3o conclu\u00eddas de forma r\u00e1pida e eficiente sem interfer\u00eancias.<\/p>\n<p>O Ergotron Mobile Laptop &amp; Tablet Charging Cabinet \u00e9 o pacote completo para qualquer organiza\u00e7\u00e3o que procure uma solu\u00e7\u00e3o eficiente, segura e fi\u00e1vel para gerir os seus dispositivos m\u00f3veis.<\/p>","protected":false},"excerpt":{"rendered":"<div class=\"chat-container\">\n<div class=\"chat-view-container ng-star-inserted\">\n<div>\n<div class=\"chat-turn-container model render cdk-focused cdk-mouse-focused\" tabindex=\"-1\">\n<div class=\"model-prompt-container\" data-turn-role=\"Model\">\n<div class=\"turn-content\">\n<p class=\"ng-star-inserted\"><span class=\"ng-star-inserted\">Este arm\u00e1rio de carregamento m\u00f3vel da Ergotron armazena, transporta e carrega de forma segura at\u00e9 30 computadores port\u00e1teis ou 40 tablets. Inclui divis\u00f3rias ajust\u00e1veis, ventoinhas de arrefecimento para prolongar a vida \u00fatil da bateria e cabos Ethernet CAT6 pr\u00e9-instalados para uma gest\u00e3o f\u00e1cil dos dispositivos. As portas com fechadura proporcionam maior seguran\u00e7a.<\/span><\/p>\n<div class=\"turn-information ng-star-inserted\"><\/div>\n<\/div>\n<\/div>\n<div class=\"turn-footer ng-star-inserted\"><\/div>\n<\/div>\n<\/div>\n<\/div>\n<\/div>\n<footer class=\"not-zero-state ng-star-inserted\">\n<div class=\"mat-mdc-tooltip-trigger prompt-input-wrapper\">\n<div>\n<div class=\"prompt-input-wrapper-container\">\n<div class=\"text-wrapper\">\n<section class=\"text-and-attachments-wrapper\">\n<div class=\"text-input-wrapper\"><\/div>\n<\/section>\n<\/div>\n<\/div>\n<\/div>\n<\/div>\n<\/footer>","protected":false},"featured_media":2757,"template":"","meta":{"_kad_post_transparent":"default","_kad_post_title":"","_kad_post_layout":"default","_kad_post_sidebar_id":"","_kad_post_content_style":"default","_kad_post_vertical_padding":"default","_kad_post_feature":"","_kad_post_feature_position":"","_kad_post_header":false,"_kad_post_footer":false},"product_brand":[],"product_cat":[91,96,92,93,97,94,98,99,100],"product_tag":[122,277,120],"class_list":{"0":"post-1857","1":"product","2":"type-product","3":"status-publish","4":"has-post-thumbnail","6":"product_cat-charging-cabinets","7":"product_cat-12-watts-output","8":"product_cat-15-outputs","9":"product_cat-30-outputs","10":"product_cat-30-watts-output","11":"product_cat-45-outputs","12":"product_cat-65-watts-output","13":"product_cat-output-quantity","14":"product_cat-power-per-output","15":"product_tag-charging-cabinet","16":"product_tag-laptop-cart","17":"product_tag-secure-device-storage","19":"first","20":"instock","21":"shipping-taxable","22":"product-type-simple","23":"entry","24":"content-bg","25":"loop-entry"},"_links":{"self":[{"href":"https:\/\/24smartcharge.com\/pt\/wp-json\/wp\/v2\/product\/1857","targetHints":{"allow":["GET"]}}],"collection":[{"href":"https:\/\/24smartcharge.com\/pt\/wp-json\/wp\/v2\/product"}],"about":[{"href":"https:\/\/24smartcharge.com\/pt\/wp-json\/wp\/v2\/types\/product"}],"wp:featuredmedia":[{"embeddable":true,"href":"https:\/\/24smartcharge.com\/pt\/wp-json\/wp\/v2\/media\/2757"}],"wp:attachment":[{"href":"https:\/\/24smartcharge.com\/pt\/wp-json\/wp\/v2\/media?parent=1857"}],"wp:term":[{"taxonomy":"product_brand","embeddable":true,"href":"https:\/\/24smartcharge.com\/pt\/wp-json\/wp\/v2\/product_brand?post=1857"},{"taxonomy":"product_cat","embeddable":true,"href":"https:\/\/24smartcharge.com\/pt\/wp-json\/wp\/v2\/product_cat?post=1857"},{"taxonomy":"product_tag","embeddable":true,"href":"https:\/\/24smartcharge.com\/pt\/wp-json\/wp\/v2\/product_tag?post=1857"}],"curies":[{"name":"wp","href":"https:\/\/api.w.org\/{rel}","templated":true}]}}