{"id":1830,"date":"2025-08-08T09:19:02","date_gmt":"2025-08-08T09:19:02","guid":{"rendered":"https:\/\/24smartcharge.com\/?post_type=product&#038;p=1830"},"modified":"2025-08-18T02:11:59","modified_gmt":"2025-08-18T02:11:59","slug":"secure-uv-disinfecting-charging-cabinet-for-10-devices","status":"publish","type":"product","link":"https:\/\/24smartcharge.com\/pt\/secure-uv-disinfecting-charging-cabinet-for-10-devices\/","title":{"rendered":"Arm\u00e1rio de carregamento seguro com desinfe\u00e7\u00e3o UV para 10 dispositivos"},"content":{"rendered":"<h2 id=\"intelligent-charging-for-peak-efficiency\">Carregamento inteligente para uma efici\u00eancia m\u00e1xima<\/h2>\n<p>Este\u00a0<strong>Arm\u00e1rio de carga<\/strong>\u00a0foi concebido n\u00e3o s\u00f3 para alimentar os seus dispositivos, mas tamb\u00e9m para o fazer da forma mais inteligente poss\u00edvel. O sistema foi concebido com base numa filosofia de simplicidade e efici\u00eancia, a come\u00e7ar pelo seu painel de controlo intuitivo de um s\u00f3 toque.<\/p>\n<h3 id=\"simple-one-touch-operation\">Opera\u00e7\u00e3o simples com um toque<\/h3>\n<p>Esque\u00e7a a programa\u00e7\u00e3o complicada ou as interfaces confusas. Basta um \u00fanico bot\u00e3o para ativar os ciclos de carregamento e de desinfe\u00e7\u00e3o. Esta facilidade de utiliza\u00e7\u00e3o garante que qualquer pessoa pode operar o arm\u00e1rio com o m\u00ednimo de forma\u00e7\u00e3o, poupando tempo e esfor\u00e7o valiosos. Para necessidades mais espec\u00edficas, os utilizadores podem personalizar facilmente os tempos de ciclo atrav\u00e9s do visor digital claro, permitindo-lhe definir e esquecer.<\/p>\n<h3 id=\"smart-prioritized-charging\">Carregamento inteligente e priorit\u00e1rio<\/h3>\n<p>O arm\u00e1rio inclui um modo de carregamento inteligente e cont\u00ednuo que identifica e d\u00e1 prioridade aos dispositivos com os n\u00edveis de bateria mais baixos. Isto significa que o equipamento que mais necessita de energia \u00e9 o primeiro a receb\u00ea-la, assegurando uma resposta mais r\u00e1pida para os dispositivos cr\u00edticos. Esta tecnologia de carregamento c\u00edclico n\u00e3o s\u00f3 prepara os seus dispositivos mais rapidamente, como tamb\u00e9m promove um carregamento mais eficiente, o que pode ajudar a preservar e prolongar a sa\u00fade a longo prazo das baterias dos seus dispositivos.<\/p>\n<h2 id=\"advanced-uv-c-disinfection-for-a-safer-environment\">Desinfe\u00e7\u00e3o UV-C avan\u00e7ada para um ambiente mais seguro<\/h2>\n<p>Em qualquer espa\u00e7o partilhado, os dispositivos electr\u00f3nicos tornam-se pontos de contacto importantes para germes, bact\u00e9rias e v\u00edrus. Este\u00a0<strong>Arm\u00e1rio de carga<\/strong>\u00a0aborda diretamente esta quest\u00e3o cr\u00edtica com o seu sistema de desinfe\u00e7\u00e3o UV-C integrado.<\/p>\n<p>Quando as portas s\u00e3o fechadas e \u00e9 iniciado um ciclo, uma potente luz UV-C banha os dispositivos, neutralizando at\u00e9 99,9% dos agentes patog\u00e9nicos da superf\u00edcie sem a utiliza\u00e7\u00e3o de produtos qu\u00edmicos agressivos, l\u00edquidos ou calor. Este m\u00e9todo \u00e9 seguro para todos os aparelhos electr\u00f3nicos e n\u00e3o deixa res\u00edduos, garantindo que cada aparelho n\u00e3o s\u00f3 fica totalmente carregado, como tamb\u00e9m higienicamente limpo e seguro para o utilizador seguinte. Esta carater\u00edstica \u00e9 inestim\u00e1vel em ambientes como escolas, hospitais e empresas que lidam com clientes, onde a sa\u00fade e a seguran\u00e7a s\u00e3o fundamentais.<\/p>\n<h2 id=\"uncompromised-security-and-durability\">Seguran\u00e7a e durabilidade sem compromissos<\/h2>\n<p>Proteger os seus valiosos bens electr\u00f3nicos contra roubo e danos \u00e9 uma prioridade m\u00e1xima. Este\u00a0<strong>Arm\u00e1rio de carga<\/strong>\u00a0\u00e9 constru\u00eddo com carater\u00edsticas de seguran\u00e7a robustas para proporcionar total tranquilidade.<\/p>\n<h3 id=\"secured-and-organized-storage\">Armazenamento seguro e organizado<\/h3>\n<p>O arm\u00e1rio \u00e9 constru\u00eddo a partir de materiais duradouros e inclui um conjunto de puxadores resistentes e com chave. Este cadeado proporciona um acesso seguro ao compartimento de carregamento principal, impedindo a remo\u00e7\u00e3o n\u00e3o autorizada de computadores port\u00e1teis, tablets ou outros equipamentos. As tomadas de corrente, localizadas na parte de tr\u00e1s do arm\u00e1rio, tamb\u00e9m est\u00e3o protegidas, impedindo a manipula\u00e7\u00e3o dos componentes el\u00e9ctricos. As janelas transparentes nas portas permitem uma r\u00e1pida verifica\u00e7\u00e3o visual do invent\u00e1rio sem necessidade de desbloquear e abrir a unidade.<\/p>\n<h3 id=\"customizable-for-maximum-versatility\">Personaliz\u00e1vel para m\u00e1xima versatilidade<\/h3>\n<p>A tecnologia nunca \u00e9 uma solu\u00e7\u00e3o \u00fanica para todos, e isto\u00a0<strong>Arm\u00e1rio de carga<\/strong>\u00a0foi concebido para se adaptar \u00e0s suas necessidades espec\u00edficas. As divis\u00f3rias internas podem ser facilmente reorganizadas ou totalmente removidas para acomodar uma grande variedade de dispositivos, incluindo:<\/p>\n<ul>\n<li>Computadores port\u00e1teis<\/li>\n<li>Tablets e iPads<\/li>\n<li>Fones de ouvido VR<\/li>\n<li>Scanners de c\u00f3digo de barras<\/li>\n<li>Smartphones<\/li>\n<li>E mais<\/li>\n<\/ul>\n<p>Esta incr\u00edvel flexibilidade garante que o seu investimento se mant\u00e9m relevante mesmo quando a tecnologia da sua organiza\u00e7\u00e3o evolui. Elimina a desarruma\u00e7\u00e3o ao proporcionar uma casa limpa e organizada para cada dispositivo, eliminando a confus\u00e3o de cabos e carregadores mal colocados.<\/p>\n<h2 id=\"superior-safety-features\">Carater\u00edsticas de seguran\u00e7a superiores<\/h2>\n<p>O carregamento simult\u00e2neo de v\u00e1rios dispositivos de alta pot\u00eancia gera um calor significativo e requer uma gest\u00e3o el\u00e9ctrica est\u00e1vel. Este arm\u00e1rio est\u00e1 equipado com v\u00e1rias carater\u00edsticas de seguran\u00e7a para proteger tanto os dispositivos como a pr\u00f3pria unidade.<\/p>\n<ul>\n<li><strong>Sistema de arrefecimento intuitivo:<\/strong>\u00a0Um sistema de arrefecimento integrado com ventila\u00e7\u00e3o lateral evita ativamente o sobreaquecimento, assegurando que todo o equipamento funciona dentro de um intervalo de temperatura seguro.<\/li>\n<li><strong>Prote\u00e7\u00e3o contra a tens\u00e3o:<\/strong>\u00a0O sistema oferece prote\u00e7\u00e3o integrada contra a tens\u00e3o, protegendo os seus componentes electr\u00f3nicos sens\u00edveis de picos e flutua\u00e7\u00f5es de energia potencialmente prejudiciais.<\/li>\n<li><strong>Constru\u00e7\u00e3o duradoura:<\/strong>\u00a0Constru\u00eddo para as exig\u00eancias de ambientes com muito tr\u00e1fego, a estrutura robusta do arm\u00e1rio foi concebida para uma fiabilidade e desempenho duradouros.<\/li>\n<\/ul>\n<p>Ao integrar estas fun\u00e7\u00f5es cr\u00edticas numa unidade centralizada, este arm\u00e1rio de carregamento com desinfe\u00e7\u00e3o UV segura transforma a gest\u00e3o de dispositivos de uma tarefa di\u00e1ria num processo automatizado e sem falhas. \u00c9 a solu\u00e7\u00e3o perfeita para trazer ordem, seguran\u00e7a e limpeza ao seu ecossistema tecnol\u00f3gico.<\/p>","protected":false},"excerpt":{"rendered":"<div class=\"chat-turn-container model render cdk-focused cdk-mouse-focused\" tabindex=\"-1\">\n<div class=\"model-prompt-container\" data-turn-role=\"Model\">\n<div class=\"turn-content\">\n<p class=\"ng-star-inserted\"><span class=\"ng-star-inserted\">Este arm\u00e1rio de carregamento seguro carrega, armazena e utiliza luz UV para desinfetar at\u00e9 10 dispositivos. Inclui controlo com um toque, um cadeado com chave para seguran\u00e7a e divis\u00f3rias personaliz\u00e1veis para caber computadores port\u00e1teis, tablets e muito mais. Um sistema de arrefecimento incorporado evita o sobreaquecimento.<\/span><\/p>\n<div class=\"turn-information ng-star-inserted\"><\/div>\n<\/div>\n<\/div>\n<\/div>\n<div class=\"chat-turn-container render user\" tabindex=\"-1\">\n<div class=\"actions-container\">\n<div class=\"actions hover-or-edit\">\n<div><\/div>\n<\/div>\n<\/div>\n<div class=\"user-prompt-container\" data-turn-role=\"User\">\n<div class=\"turn-content\"><\/div>\n<\/div>\n<\/div>","protected":false},"featured_media":2754,"template":"","meta":{"_kad_post_transparent":"default","_kad_post_title":"","_kad_post_layout":"default","_kad_post_sidebar_id":"","_kad_post_content_style":"default","_kad_post_vertical_padding":"default","_kad_post_feature":"","_kad_post_feature_position":"","_kad_post_header":false,"_kad_post_footer":false},"product_brand":[],"product_cat":[91],"product_tag":[122,144,276],"class_list":{"0":"post-1830","1":"product","2":"type-product","3":"status-publish","4":"has-post-thumbnail","6":"product_cat-charging-cabinets","7":"product_tag-charging-cabinet","8":"product_tag-secure-charging-station","9":"product_tag-uv-sanitizer","11":"first","12":"instock","13":"shipping-taxable","14":"product-type-simple","15":"entry","16":"content-bg","17":"loop-entry"},"_links":{"self":[{"href":"https:\/\/24smartcharge.com\/pt\/wp-json\/wp\/v2\/product\/1830","targetHints":{"allow":["GET"]}}],"collection":[{"href":"https:\/\/24smartcharge.com\/pt\/wp-json\/wp\/v2\/product"}],"about":[{"href":"https:\/\/24smartcharge.com\/pt\/wp-json\/wp\/v2\/types\/product"}],"wp:featuredmedia":[{"embeddable":true,"href":"https:\/\/24smartcharge.com\/pt\/wp-json\/wp\/v2\/media\/2754"}],"wp:attachment":[{"href":"https:\/\/24smartcharge.com\/pt\/wp-json\/wp\/v2\/media?parent=1830"}],"wp:term":[{"taxonomy":"product_brand","embeddable":true,"href":"https:\/\/24smartcharge.com\/pt\/wp-json\/wp\/v2\/product_brand?post=1830"},{"taxonomy":"product_cat","embeddable":true,"href":"https:\/\/24smartcharge.com\/pt\/wp-json\/wp\/v2\/product_cat?post=1830"},{"taxonomy":"product_tag","embeddable":true,"href":"https:\/\/24smartcharge.com\/pt\/wp-json\/wp\/v2\/product_tag?post=1830"}],"curies":[{"name":"wp","href":"https:\/\/api.w.org\/{rel}","templated":true}]}}