{"id":1794,"date":"2025-08-08T09:09:40","date_gmt":"2025-08-08T09:09:40","guid":{"rendered":"https:\/\/24smartcharge.com\/?post_type=product&#038;p=1794"},"modified":"2025-08-18T02:08:12","modified_gmt":"2025-08-18T02:08:12","slug":"locking-12-device-ac-charging-cabinet-with-uv-light","status":"publish","type":"product","link":"https:\/\/24smartcharge.com\/pt\/locking-12-device-ac-charging-cabinet-with-uv-light\/","title":{"rendered":"Arm\u00e1rio de carregamento CA com fecho para 12 dispositivos e luz UV"},"content":{"rendered":"<h1 id=\"secure-sanitize-and-supercharge-your-devices-with-the-ultimate-12-bay-charging-cabinet\">Proteja, higienize e sobrecarregue os seus dispositivos com o derradeiro arm\u00e1rio de carregamento de 12 compartimentos<\/h1>\n<p>Em qualquer ambiente movimentado, desde salas de aula e escrit\u00f3rios a cl\u00ednicas de sa\u00fade e espa\u00e7os comerciais, a gest\u00e3o de v\u00e1rios dispositivos electr\u00f3nicos pode rapidamente tornar-se um desafio. Enfrenta um emaranhado de cabos, a procura constante de tomadas dispon\u00edveis, o risco de danos ou roubo e preocupa\u00e7\u00f5es crescentes com a higiene dos dispositivos. Est\u00e1 na altura de simplificar o seu fluxo de trabalho e p\u00f4r ordem no caos.<\/p>\n<p>Apresentando o\u00a0<strong>Arm\u00e1rio de carregamento CA com fecho para 12 dispositivos e luz UV<\/strong>A solu\u00e7\u00e3o tudo-em-um concebida para carregar, armazenar e higienizar de forma segura os seus tablets, computadores port\u00e1teis e outros dispositivos electr\u00f3nicos. Este arm\u00e1rio de f\u00e1cil utiliza\u00e7\u00e3o simplifica a gest\u00e3o dos dispositivos, garantindo que a sua valiosa tecnologia est\u00e1 sempre ligada, protegida e pronta a ser utilizada.<\/p>\n<h3 id=\"-key-features-and-benefits-\"><strong>Principais carater\u00edsticas e vantagens<\/strong><\/h3>\n<h4 id=\"-simultaneous-and-smart-charging-for-12-devices-\"><strong>Carregamento simult\u00e2neo e inteligente para 12 dispositivos<\/strong><\/h4>\n<p>Esque\u00e7a a frustra\u00e7\u00e3o de procurar v\u00e1rias tomadas de parede. Esta poderosa\u00a0<strong>Arm\u00e1rio de carga<\/strong>\u00a0est\u00e1 equipado com uma extens\u00e3o el\u00e9ctrica CA de 12 tomadas pr\u00e9-instalada, permitindo-lhe carregar at\u00e9 uma d\u00fazia de dispositivos ao mesmo tempo. O design universal acomoda os adaptadores CA originais para uma vasta gama de dispositivos, incluindo iPads, Chromebooks, computadores port\u00e1teis e muito mais.<\/p>\n<p>O que a torna verdadeiramente especial \u00e9 a\u00a0<strong>Ciclo de carregamento inteligente<\/strong>. Assim que o arm\u00e1rio \u00e9 ligado a uma \u00fanica tomada de parede, o seu sistema de carregamento inteligente gere eficazmente a distribui\u00e7\u00e3o de energia. Isto evita a sobrecarga do circuito, mesmo quando todos os compartimentos est\u00e3o cheios, proporcionando sempre um carregamento seguro e fi\u00e1vel. Com a ativa\u00e7\u00e3o de um s\u00f3 toque, basta ligar os dispositivos e deixar o arm\u00e1rio fazer o resto.<\/p>\n<h4 id=\"-charge-and-clean-integrated-uv-sanitization-\"><strong>Carregamento e limpeza: Sanitiza\u00e7\u00e3o UV integrada<\/strong><\/h4>\n<p>No mundo atual, a higiene \u00e9 fundamental. Os dispositivos partilhados podem ser um ponto de acesso para germes e bact\u00e9rias. O nosso inovador\u00a0<strong>Arm\u00e1rio de carga<\/strong>\u00a0aborda este problema de frente com a sua funcionalidade \"Carregar e Limpar\". Equipado com uma potente ilumina\u00e7\u00e3o UV-C, o arm\u00e1rio efectua um ciclo de higieniza\u00e7\u00e3o que ajuda a eliminar os germes nas superf\u00edcies dos dispositivos enquanto estes carregam. Este processo automatizado \u00e9 conclu\u00eddo em apenas 5 minutos, promovendo um ambiente mais saud\u00e1vel para estudantes, funcion\u00e1rios e clientes.<\/p>\n<h4 id=\"-uncompromising-security-and-durability-\"><strong>Seguran\u00e7a e durabilidade sem compromissos<\/strong><\/h4>\n<p>Proteja o seu investimento com um arm\u00e1rio constru\u00eddo para a seguran\u00e7a. Constru\u00edda em a\u00e7o dur\u00e1vel e de alta qualidade, esta esta\u00e7\u00e3o de carregamento foi concebida para suportar os rigores da utiliza\u00e7\u00e3o di\u00e1ria em \u00e1reas de tr\u00e1fego intenso. A porta refor\u00e7ada possui um mecanismo seguro de fecho com chave, garantindo que apenas o pessoal autorizado pode aceder aos dispositivos no interior. A janela transparente na porta permite um invent\u00e1rio visual r\u00e1pido sem ter de desbloquear a unidade, proporcionando comodidade e paz de esp\u00edrito.<\/p>\n<h4 id=\"-organized-space-saving-design-\"><strong>Design organizado e economizador de espa\u00e7o<\/strong><\/h4>\n<p>A desarruma\u00e7\u00e3o \u00e9 uma coisa do passado. O interior do arm\u00e1rio inclui divis\u00f3rias almofadadas que criam 12 ranhuras individuais, cada uma suficientemente espa\u00e7osa para conter um tablet ou computador port\u00e1til normal. Estas divis\u00f3rias n\u00e3o s\u00f3 mant\u00eam os seus dispositivos bem organizados, como tamb\u00e9m os protegem de riscos e amolgadelas.<\/p>\n<p>Com dimens\u00f5es externas de 19,0 polegadas de largura, 14,0 polegadas de altura e 13,0 polegadas de profundidade, este\u00a0<strong>Arm\u00e1rio de carga<\/strong>\u00a0tem um tamanho compacto. O seu design vers\u00e1til permite-lhe ser colocado numa bancada ou montado de forma segura numa parede, libertando espa\u00e7o valioso no ch\u00e3o e na secret\u00e1ria. Os pain\u00e9is ventilados nas laterais garantem um fluxo de ar cont\u00ednuo, evitando o sobreaquecimento dos dispositivos durante o ciclo de carregamento.<\/p>\n<h3 id=\"-ideal-for-any-environment-\"><strong>Ideal para qualquer ambiente<\/strong><\/h3>\n<ul>\n<li><strong>Institui\u00e7\u00f5es de ensino:<\/strong>\u00a0Mantenha os tablets e computadores port\u00e1teis da sala de aula carregados, organizados e prontos para cada aula. A funcionalidade de bloqueio impede a manipula\u00e7\u00e3o e o roubo por parte dos alunos.<\/li>\n<li><strong>Escrit\u00f3rios e empresas:<\/strong>\u00a0Crie um ponto de carregamento centralizado para os dispositivos da empresa. Garanta que os funcion\u00e1rios t\u00eam as ferramentas de que necessitam para serem produtivos, enquanto a luz UV promove um local de trabalho mais saud\u00e1vel.<\/li>\n<li><strong>Estabelecimentos de sa\u00fade:<\/strong>\u00a0Carregue e higienize de forma segura os tablets utilizados para registo de pacientes, registos m\u00e9dicos e comunica\u00e7\u00e3o, minimizando o risco de contamina\u00e7\u00e3o cruzada.<\/li>\n<li><strong>Com\u00e9rcio retalhista e hotelaria:<\/strong>\u00a0Ofere\u00e7a uma solu\u00e7\u00e3o de carregamento segura para funcion\u00e1rios ou convidados, melhorando o servi\u00e7o e a efici\u00eancia operacional.<\/li>\n<\/ul>\n<h3 id=\"-product-specifications-at-a-glance-\"><strong>Especifica\u00e7\u00f5es do produto num relance<\/strong><\/h3>\n<ul>\n<li><strong>Capacidade:<\/strong>\u00a0Carrega at\u00e9 12 dispositivos em simult\u00e2neo.<\/li>\n<li><strong>Pot\u00eancia:<\/strong>\u00a0Faixa de alimenta\u00e7\u00e3o CA integrada de 12 sa\u00eddas.<\/li>\n<li><strong>Sanitiza\u00e7\u00e3o:<\/strong>\u00a0Luz UV-C incorporada para limpeza.<\/li>\n<li><strong>Seguran\u00e7a:<\/strong>\u00a0Constru\u00e7\u00e3o em a\u00e7o com uma porta com fecho de chave.<\/li>\n<li><strong>Organiza\u00e7\u00e3o:<\/strong>\u00a012 divis\u00f3rias interiores almofadadas.<\/li>\n<li><strong>Dimens\u00f5es exteriores:<\/strong>\u00a019,0\u2033 L x 13,0\u2033 P x 14,0\u2033 A<\/li>\n<li><strong>Dimens\u00f5es internas da ba\u00eda:<\/strong>\u00a018,7\u2033 L x 10,2\u2033 A<\/li>\n<li><strong>Montagem:<\/strong>\u00a0De secret\u00e1ria ou de parede.<\/li>\n<\/ul>","protected":false},"excerpt":{"rendered":"<div class=\"model-prompt-container\" data-turn-role=\"Model\">\n<div class=\"turn-content\">\n<p class=\"ng-star-inserted\"><span class=\"ng-star-inserted\">Este arm\u00e1rio de carregamento com fecho armazena e carrega de forma segura at\u00e9 12 dispositivos, como tablets e computadores port\u00e1teis. Inclui uma barra de alimenta\u00e7\u00e3o CA para carregamento universal e uma luz UV incorporada para higienizar os dispositivos enquanto s\u00e3o carregados. O seu design compacto e mont\u00e1vel na parede permite poupar espa\u00e7o.<\/span><\/p>\n<div class=\"turn-information ng-star-inserted\"><\/div>\n<\/div>\n<\/div>\n<div class=\"turn-footer ng-star-inserted\"><\/div>","protected":false},"featured_media":2748,"template":"","meta":{"_kad_post_transparent":"default","_kad_post_title":"","_kad_post_layout":"default","_kad_post_sidebar_id":"","_kad_post_content_style":"default","_kad_post_vertical_padding":"default","_kad_post_feature":"","_kad_post_feature_position":"","_kad_post_header":false,"_kad_post_footer":false},"product_brand":[],"product_cat":[91],"product_tag":[122,144,276],"class_list":{"0":"post-1794","1":"product","2":"type-product","3":"status-publish","4":"has-post-thumbnail","6":"product_cat-charging-cabinets","7":"product_tag-charging-cabinet","8":"product_tag-secure-charging-station","9":"product_tag-uv-sanitizer","11":"first","12":"instock","13":"shipping-taxable","14":"product-type-simple","15":"entry","16":"content-bg","17":"loop-entry"},"_links":{"self":[{"href":"https:\/\/24smartcharge.com\/pt\/wp-json\/wp\/v2\/product\/1794","targetHints":{"allow":["GET"]}}],"collection":[{"href":"https:\/\/24smartcharge.com\/pt\/wp-json\/wp\/v2\/product"}],"about":[{"href":"https:\/\/24smartcharge.com\/pt\/wp-json\/wp\/v2\/types\/product"}],"wp:featuredmedia":[{"embeddable":true,"href":"https:\/\/24smartcharge.com\/pt\/wp-json\/wp\/v2\/media\/2748"}],"wp:attachment":[{"href":"https:\/\/24smartcharge.com\/pt\/wp-json\/wp\/v2\/media?parent=1794"}],"wp:term":[{"taxonomy":"product_brand","embeddable":true,"href":"https:\/\/24smartcharge.com\/pt\/wp-json\/wp\/v2\/product_brand?post=1794"},{"taxonomy":"product_cat","embeddable":true,"href":"https:\/\/24smartcharge.com\/pt\/wp-json\/wp\/v2\/product_cat?post=1794"},{"taxonomy":"product_tag","embeddable":true,"href":"https:\/\/24smartcharge.com\/pt\/wp-json\/wp\/v2\/product_tag?post=1794"}],"curies":[{"name":"wp","href":"https:\/\/api.w.org\/{rel}","templated":true}]}}