{"id":1792,"date":"2025-08-08T08:58:16","date_gmt":"2025-08-08T08:58:16","guid":{"rendered":"https:\/\/24smartcharge.com\/?post_type=product&#038;p=1792"},"modified":"2025-08-18T01:57:39","modified_gmt":"2025-08-18T01:57:39","slug":"16-device-fast-charging-pd-charging-cabinet","status":"publish","type":"product","link":"https:\/\/24smartcharge.com\/pt\/16-device-fast-charging-pd-charging-cabinet\/","title":{"rendered":"Arm\u00e1rio de carregamento PD com 16 dispositivos de carregamento r\u00e1pido"},"content":{"rendered":"<h2 id=\"the-ultimate-solution-for-device-management-the-16-device-fast-charging-pd-charging-cabinet\">A solu\u00e7\u00e3o definitiva para a gest\u00e3o de dispositivos: O arm\u00e1rio de carregamento PD de carregamento r\u00e1pido de 16 dispositivos<\/h2>\n<p>No mundo digital acelerado de hoje, seja numa sala de aula, num escrit\u00f3rio ou num espa\u00e7o comercial, gerir v\u00e1rios dispositivos electr\u00f3nicos pode ser um desafio significativo. Manter o controlo de tablets, computadores port\u00e1teis e telem\u00f3veis, garantir que est\u00e3o sempre carregados e manter a sua seguran\u00e7a e limpeza \u00e9 um trabalho a tempo inteiro. \u00c9 aqui que a\u00a0<strong>Arm\u00e1rio de carregamento PD com 16 dispositivos de carregamento r\u00e1pido<\/strong>\u00a0transforma o seu fluxo de trabalho, oferecendo uma solu\u00e7\u00e3o centralizada, segura e altamente eficiente para alimentar e proteger os seus valiosos activos tecnol\u00f3gicos. Esta solu\u00e7\u00e3o robusta e inteligentemente concebida\u00a0<strong>Arm\u00e1rio de carga<\/strong>\u00a0\u00e9 mais do que uma simples fonte de energia; \u00e9 um sistema completo concebido para a conveni\u00eancia, seguran\u00e7a e necessidades modernas.<\/p>\n<h3 id=\"centralized-power-and-organization\">Poder e organiza\u00e7\u00e3o centralizados<\/h3>\n<p>Diga adeus \u00e0s secret\u00e1rias desordenadas, aos fios emaranhados e \u00e0 procura constante de tomadas de parede dispon\u00edveis. Esta\u00a0<strong>Arm\u00e1rio de carga<\/strong>\u00a0oferece uma casa para um m\u00e1ximo de 16 dispositivos, organizando-os ordenadamente em compartimentos individuais e numerados. O seu design cuidado, com 28,0 polegadas de largura, 15,7 polegadas de altura e 17,3 polegadas de profundidade, oferece uma solu\u00e7\u00e3o de elevada capacidade com uma pegada surpreendentemente compacta, facilitando a sua coloca\u00e7\u00e3o numa bancada ou a sua fixa\u00e7\u00e3o numa \u00e1rea designada. As portas frontais robustas e com fechadura proporcionam uma camada vital de seguran\u00e7a, dando-lhe a tranquilidade de saber que os seus dispositivos est\u00e3o protegidos contra roubo ou utiliza\u00e7\u00e3o n\u00e3o autorizada. A numera\u00e7\u00e3o clara por cima de cada ranhura facilita a gest\u00e3o dos dispositivos, permitindo aos utilizadores identificar e recuperar rapidamente o dispositivo que lhes foi atribu\u00eddo sem confus\u00e3o.<\/p>\n<h3 id=\"advanced-fast-charging-with-smart-technology\">Carregamento r\u00e1pido avan\u00e7ado com tecnologia inteligente<\/h3>\n<p>No centro desta\u00a0<strong>Arm\u00e1rio de carga<\/strong>\u00a0\u00e9 um poderoso e inteligente hub PD de carregamento r\u00e1pido. O \"PD\", ou Power Delivery, \u00e9 um padr\u00e3o de carregamento de ponta que comunica com cada dispositivo ligado para fornecer a quantidade exacta de energia necess\u00e1ria para carregar o mais r\u00e1pido e seguro poss\u00edvel. Isto significa que os seus dispositivos, desde smartphones a tablets, ser\u00e3o carregados numa fra\u00e7\u00e3o de tempo em compara\u00e7\u00e3o com os carregadores normais, minimizando o tempo de inatividade e maximizando a produtividade.<\/p>\n<p>Al\u00e9m disso, o arm\u00e1rio possui um\u00a0<strong>Ciclo de carregamento inteligente<\/strong>. Quando ligado a uma \u00fanica tomada de parede, gere de forma inteligente a distribui\u00e7\u00e3o de energia para todas as 16 portas. Este sistema sofisticado evita o risco de sobrecarga do circuito, um problema comum quando se tenta carregar muitos dispositivos em simult\u00e2neo. Garante um carregamento est\u00e1vel e eficiente para cada dispositivo, sem necessidade de configura\u00e7\u00f5es el\u00e9ctricas complexas ou de se preocupar com o disparo de um disjuntor.<\/p>\n<h3 id=\"uncompromising-safety-and-durability\">Seguran\u00e7a e durabilidade sem compromissos<\/h3>\n<p>O carregamento simult\u00e2neo de v\u00e1rios aparelhos electr\u00f3nicos de elevado valor exige uma aten\u00e7\u00e3o especial \u00e0 seguran\u00e7a. Esta\u00a0<strong>Arm\u00e1rio de carga<\/strong>\u00a0foi concebido com v\u00e1rias camadas de prote\u00e7\u00e3o para proteger tanto os utilizadores como os dispositivos no seu interior.<\/p>\n<ul>\n<li><strong>Sistema de arrefecimento intuitivo:<\/strong>\u00a0O calor \u00e9 o inimigo da eletr\u00f3nica. O arm\u00e1rio est\u00e1 equipado com um sistema de arrefecimento avan\u00e7ado, com amplas ranhuras de ventila\u00e7\u00e3o na parte superior, nas portas e nas laterais para garantir um fluxo de ar constante. Isto evita o sobreaquecimento dos dispositivos durante o ciclo de carregamento, o que protege os seus componentes internos e prolonga a sua vida \u00fatil.<\/li>\n<li><strong>Prote\u00e7\u00e3o contra a tens\u00e3o:<\/strong>\u00a0O circuito interno proporciona uma prote\u00e7\u00e3o robusta contra picos de energia, flutua\u00e7\u00f5es de tens\u00e3o e curto-circuitos. Esta carater\u00edstica funciona como um escudo para os seus componentes electr\u00f3nicos sens\u00edveis, garantindo que recebem sempre energia limpa e est\u00e1vel.<\/li>\n<li><strong>Constru\u00e7\u00e3o duradoura:<\/strong>\u00a0Constru\u00edda em a\u00e7o de alta qualidade, esta esta\u00e7\u00e3o de carregamento foi concebida para os rigores da utiliza\u00e7\u00e3o di\u00e1ria em ambientes movimentados. A sua constru\u00e7\u00e3o s\u00f3lida, o mecanismo de bloqueio seguro e os p\u00e9s robustos garantem que continuar\u00e1 a ser uma parte fi\u00e1vel da sua infraestrutura tecnol\u00f3gica durante muitos anos.<\/li>\n<\/ul>\n<h3 id=\"innovative-charge-and-clean-technology\">Tecnologia inovadora \"Charge and Clean<\/h3>\n<p>Numa \u00e9poca em que a higiene \u00e9 mais importante do que nunca, esta\u00a0<strong>Arm\u00e1rio de carga<\/strong>\u00a0apresenta uma inovadora\u00a0<strong>Carregar e limpar<\/strong>\u00a0carater\u00edstica. Os aparelhos partilhados podem ser locais de reprodu\u00e7\u00e3o de germes e bact\u00e9rias. Para combater este problema, o arm\u00e1rio est\u00e1 equipado com uma potente ilumina\u00e7\u00e3o UV. Enquanto os aparelhos est\u00e3o a carregar, este sistema de higieniza\u00e7\u00e3o UV come\u00e7a a trabalhar, limpando as superf\u00edcies dos seus artigos em apenas cinco minutos. Este processo ajuda a eliminar agentes patog\u00e9nicos nocivos sem a utiliza\u00e7\u00e3o de produtos qu\u00edmicos agressivos, proporcionando um ambiente mais saud\u00e1vel para estudantes, funcion\u00e1rios e clientes. \u00c9 uma solu\u00e7\u00e3o perfeita, dois em um, que higieniza a sua tecnologia sem qualquer esfor\u00e7o adicional.<\/p>\n<h3 id=\"designed-for-simplicity-and-ease-of-use\">Concebido para ser simples e f\u00e1cil de utilizar<\/h3>\n<p>Apesar das suas carater\u00edsticas avan\u00e7adas, este\u00a0<strong>Arm\u00e1rio de carga<\/strong>\u00a0\u00e9 incrivelmente simples de utilizar. Todo o sistema foi concebido para uma funcionalidade \"plug-and-play\". N\u00e3o existem programas complicados para instalar ou defini\u00e7\u00f5es para configurar. Basta colocar os dispositivos nos compartimentos, lig\u00e1-los \u00e0s portas correspondentes, fechar as portas e ligar o interrutor de alimenta\u00e7\u00e3o principal, convenientemente localizado na parte de tr\u00e1s. O arm\u00e1rio encarrega-se do resto, desde o in\u00edcio do ciclo de carregamento inteligente at\u00e9 \u00e0 garantia de que cada dispositivo \u00e9 alimentado de forma segura e eficiente. As pegas laterais facilitam o posicionamento ou a desloca\u00e7\u00e3o do arm\u00e1rio conforme necess\u00e1rio, aumentando a sua comodidade geral.<\/p>\n<p>Este\u00a0<strong>Arm\u00e1rio de carregamento PD com 16 dispositivos de carregamento r\u00e1pido<\/strong>\u00a0\u00e9 a solu\u00e7\u00e3o tudo-em-um definitiva para qualquer organiza\u00e7\u00e3o que pretenda simplificar a gest\u00e3o dos seus dispositivos. Oferece uma velocidade de carregamento superior, gest\u00e3o inteligente da energia, seguran\u00e7a de topo e a vantagem adicional da higieniza\u00e7\u00e3o por UV, tudo num design duradouro e f\u00e1cil de utilizar. Invista em efici\u00eancia, seguran\u00e7a e paz de esp\u00edrito.<\/p>","protected":false},"excerpt":{"rendered":"<div class=\"chat-container\">\n<div class=\"chat-view-container ng-star-inserted\">\n<div>\n<div class=\"chat-turn-container model render cdk-focused cdk-mouse-focused\" tabindex=\"-1\">\n<div class=\"model-prompt-container\" data-turn-role=\"Model\">\n<div class=\"turn-content\">\n<p class=\"ng-star-inserted\"><span class=\"ng-star-inserted\">Este arm\u00e1rio de carregamento f\u00e1cil de utilizar armazena de forma segura e carrega rapidamente at\u00e9 16 dispositivos de uma s\u00f3 vez. O seu ciclo de carregamento inteligente, as carater\u00edsticas de seguran\u00e7a e a limpeza por UV tornam-no numa solu\u00e7\u00e3o eficiente e simples. Basta ligar os seus dispositivos para um carregamento r\u00e1pido e higieniza\u00e7\u00e3o.<\/span><\/p>\n<\/div>\n<\/div>\n<\/div>\n<\/div>\n<\/div>\n<\/div>","protected":false},"featured_media":2743,"template":"","meta":{"_kad_post_transparent":"default","_kad_post_title":"","_kad_post_layout":"default","_kad_post_sidebar_id":"","_kad_post_content_style":"default","_kad_post_vertical_padding":"default","_kad_post_feature":"","_kad_post_feature_position":"","_kad_post_header":false,"_kad_post_footer":false},"product_brand":[],"product_cat":[91],"product_tag":[275,122,274],"class_list":{"0":"post-1792","1":"product","2":"type-product","3":"status-publish","4":"has-post-thumbnail","6":"product_cat-charging-cabinets","7":"product_tag-16-device-capacity","8":"product_tag-charging-cabinet","9":"product_tag-uv-cleaning","11":"first","12":"instock","13":"shipping-taxable","14":"product-type-simple","15":"entry","16":"content-bg","17":"loop-entry"},"_links":{"self":[{"href":"https:\/\/24smartcharge.com\/pt\/wp-json\/wp\/v2\/product\/1792","targetHints":{"allow":["GET"]}}],"collection":[{"href":"https:\/\/24smartcharge.com\/pt\/wp-json\/wp\/v2\/product"}],"about":[{"href":"https:\/\/24smartcharge.com\/pt\/wp-json\/wp\/v2\/types\/product"}],"wp:featuredmedia":[{"embeddable":true,"href":"https:\/\/24smartcharge.com\/pt\/wp-json\/wp\/v2\/media\/2743"}],"wp:attachment":[{"href":"https:\/\/24smartcharge.com\/pt\/wp-json\/wp\/v2\/media?parent=1792"}],"wp:term":[{"taxonomy":"product_brand","embeddable":true,"href":"https:\/\/24smartcharge.com\/pt\/wp-json\/wp\/v2\/product_brand?post=1792"},{"taxonomy":"product_cat","embeddable":true,"href":"https:\/\/24smartcharge.com\/pt\/wp-json\/wp\/v2\/product_cat?post=1792"},{"taxonomy":"product_tag","embeddable":true,"href":"https:\/\/24smartcharge.com\/pt\/wp-json\/wp\/v2\/product_tag?post=1792"}],"curies":[{"name":"wp","href":"https:\/\/api.w.org\/{rel}","templated":true}]}}