{"id":1786,"date":"2025-08-08T08:28:55","date_gmt":"2025-08-08T08:28:55","guid":{"rendered":"https:\/\/24smartcharge.com\/?post_type=product&#038;p=1786"},"modified":"2025-08-18T01:50:10","modified_gmt":"2025-08-18T01:50:10","slug":"30-device-uv-sanitizing-ac-charging-cabinet","status":"publish","type":"product","link":"https:\/\/24smartcharge.com\/pt\/30-device-uv-sanitizing-ac-charging-cabinet\/","title":{"rendered":"Arm\u00e1rio de carregamento CA com higieniza\u00e7\u00e3o UV para 30 dispositivos"},"content":{"rendered":"<h1 id=\"the-ultimate-solution-for-device-management-the-30-device-uv-sanitizing-ac-charging-cabinet\">A solu\u00e7\u00e3o definitiva para a gest\u00e3o de dispositivos: O arm\u00e1rio de carregamento AC com higieniza\u00e7\u00e3o UV para 30 dispositivos<\/h1>\n<p>No mundo acelerado e tecnol\u00f3gico de hoje, gerir uma frota de tablets, computadores port\u00e1teis e outros dispositivos electr\u00f3nicos \u00e9 um desafio significativo para escolas, escrit\u00f3rios, instala\u00e7\u00f5es de cuidados de sa\u00fade e qualquer organiza\u00e7\u00e3o que dependa de tecnologia partilhada. Manter os dispositivos carregados, organizados, seguros e higi\u00e9nicos pode ser um pesadelo log\u00edstico. Este\u00a0<strong>Arm\u00e1rio de carga<\/strong>\u00a0foi concebido para resolver todos estes problemas numa solu\u00e7\u00e3o elegante, m\u00f3vel e altamente eficiente. Concebido para armazenar, carregar e higienizar em seguran\u00e7a at\u00e9 30 dispositivos de uma s\u00f3 vez, \u00e9 a ferramenta indispens\u00e1vel para simplificar o seu fluxo de trabalho tecnol\u00f3gico e garantir que o seu equipamento est\u00e1 sempre pronto e seguro para ser utilizado.<\/p>\n<h2 id=\"effortless-charging-for-maximum-productivity\">Carregamento sem esfor\u00e7o para m\u00e1xima produtividade<\/h2>\n<p>Diga adeus aos cabos emaranhados, \u00e0s tomadas de parede ocupadas e ao caos de carregar v\u00e1rios dispositivos. Este\u00a0<strong>Arm\u00e1rio de carga<\/strong>\u00a0proporciona um ponto de encontro centralizado e organizado para todas as suas necessidades de carregamento.<\/p>\n<ul>\n<li><strong>Carregamento de alta capacidade:<\/strong>\u00a0Equipado com 30 tomadas CA, o arm\u00e1rio pode alimentar simultaneamente at\u00e9 30 dispositivos, desde tablets e Chromebooks a pequenos computadores port\u00e1teis. O interior foi cuidadosamente concebido com 30 compartimentos individuais, cada um com a sua pr\u00f3pria fonte de alimenta\u00e7\u00e3o, garantindo que cada dispositivo tem o seu lugar designado.<\/li>\n<li><strong>Ciclo de carregamento inteligente:<\/strong>\u00a0A carater\u00edstica mais importante do seu sistema de alimenta\u00e7\u00e3o \u00e9 a tecnologia de carregamento inteligente. Quando se liga o carrinho a uma \u00fanica tomada de parede, este gere automaticamente a distribui\u00e7\u00e3o de energia a todos os dispositivos ligados. Isto evita que o circuito fique sobrecarregado, o que \u00e9 um risco comum quando se carregam muitos dispositivos de consumo elevado de uma s\u00f3 vez. Este sistema inteligente tamb\u00e9m fornece prote\u00e7\u00e3o contra a tens\u00e3o e promove um ciclo de carga, o que aumenta a vida \u00fatil da bateria e garante um processo de carregamento mais eficiente e seguro para todos os seus bens valiosos.<\/li>\n<li><strong>Simplicidade de um toque:<\/strong>\u00a0Funcionamento deste\u00a0<strong>Arm\u00e1rio de carga<\/strong>\u00a0\u00e9 incrivelmente simples. Com a ativa\u00e7\u00e3o de um toque, o processo de carregamento inicia-se para todos os dispositivos ligados. N\u00e3o s\u00e3o necess\u00e1rias defini\u00e7\u00f5es ou programa\u00e7\u00f5es complicadas. Basta ligar os dispositivos, premir um bot\u00e3o e ir-se embora, confiante de que tudo estar\u00e1 carregado e pronto para o dia seguinte.<\/li>\n<\/ul>\n<h2 id=\"advanced-uv-sanitization-for-a-healthier-environment\">Sanitiza\u00e7\u00e3o UV avan\u00e7ada para um ambiente mais saud\u00e1vel<\/h2>\n<p>Numa \u00e9poca em que a higiene \u00e9 mais importante do que nunca, esta\u00a0<strong>Arm\u00e1rio de carga<\/strong>\u00a0vai para al\u00e9m do simples carregamento. Incorpora uma poderosa tecnologia de higieniza\u00e7\u00e3o UV-C para garantir que os seus dispositivos n\u00e3o est\u00e3o apenas ligados, mas tamb\u00e9m limpos.<\/p>\n<ul>\n<li><strong>Carregar e limpar em simult\u00e2neo:<\/strong>\u00a0As superf\u00edcies de elevado contacto, como teclados, ecr\u00e3s e caixas de dispositivos, s\u00e3o locais de reprodu\u00e7\u00e3o de germes. Este arm\u00e1rio possui ilumina\u00e7\u00e3o UV integrada que come\u00e7a a funcionar no momento em que os seus dispositivos s\u00e3o guardados.<\/li>\n<li><strong>R\u00e1pido e eficaz:<\/strong>\u00a0O ciclo de higieniza\u00e7\u00e3o UV \u00e9 extremamente r\u00e1pido, limpando as superf\u00edcies dos seus artigos em apenas cinco minutos. Este processo ajuda a reduzir a presen\u00e7a de germes e bact\u00e9rias, promovendo um ambiente mais saud\u00e1vel para estudantes, funcion\u00e1rios e clientes. Proporciona paz de esp\u00edrito e uma camada adicional de prote\u00e7\u00e3o em qualquer espa\u00e7o partilhado.<\/li>\n<\/ul>\n<h2 id=\"robust-security-and-durable-design\">Seguran\u00e7a robusta e design duradouro<\/h2>\n<p>A prote\u00e7\u00e3o do seu investimento \u00e9 fundamental. Este\u00a0<strong>Arm\u00e1rio de carga<\/strong>\u00a0foi concebido tendo como base a seguran\u00e7a e a durabilidade, garantindo que os seus dispositivos est\u00e3o protegidos contra roubo e danos.<\/p>\n<ul>\n<li><strong>Constru\u00e7\u00e3o s\u00f3lida:<\/strong>\u00a0O arm\u00e1rio \u00e9 constru\u00eddo em a\u00e7o de alta qualidade, proporcionando uma estrutura robusta e duradoura que pode suportar as exig\u00eancias da utiliza\u00e7\u00e3o di\u00e1ria em ambientes movimentados. A sua estrutura robusta garante uma fiabilidade duradoura.<\/li>\n<li><strong>Sistema de bloqueio seguro:<\/strong>\u00a0A porta est\u00e1 equipada com um mecanismo de fecho seguro para impedir o acesso n\u00e3o autorizado. Isto permite-lhe guardar equipamento valioso durante a noite ou em \u00e1reas n\u00e3o seguras com confian\u00e7a. (Tenha em aten\u00e7\u00e3o que os fechos n\u00e3o est\u00e3o inclu\u00eddos, permitindo-lhe escolher uma solu\u00e7\u00e3o de fecho que melhor se adapte \u00e0s suas necessidades de seguran\u00e7a).<\/li>\n<li><strong>Ventilado para seguran\u00e7a:<\/strong>\u00a0O calor \u00e9 o inimigo da eletr\u00f3nica. Para garantir um desempenho e uma longevidade \u00f3ptimos, o arm\u00e1rio possui orif\u00edcios de ventila\u00e7\u00e3o estrategicamente colocados nas portas e nos pain\u00e9is. Este sistema de arrefecimento passivo funciona em conjunto com o arrefecimento interno intuitivo do carrinho para dissipar o calor gerado durante o ciclo de carregamento, evitando o sobreaquecimento dos dispositivos.<\/li>\n<\/ul>\n<h2 id=\"designed-for-mobility-and-convenience\">Concebido para mobilidade e comodidade<\/h2>\n<p>Este\u00a0<strong>Arm\u00e1rio de carga<\/strong>\u00a0n\u00e3o \u00e9 apenas uma caixa fixa; \u00e9 uma esta\u00e7\u00e3o de trabalho totalmente m\u00f3vel, concebida para se deslocar para onde mais precisa dela.<\/p>\n<ul>\n<li><strong>Transporte sem esfor\u00e7o:<\/strong>\u00a0Com quatro rodas para trabalhos pesados, o arm\u00e1rio desliza suavemente em v\u00e1rias superf\u00edcies do ch\u00e3o. Uma pega confort\u00e1vel e ergon\u00f3mica proporciona uma excelente ader\u00eancia e controlo, facilitando a navega\u00e7\u00e3o em corredores, portas e salas de aula. Transportar um conjunto completo de 30 dispositivos de uma sala de armazenamento para v\u00e1rias salas de aula nunca foi t\u00e3o f\u00e1cil.<\/li>\n<li><strong>Limpo e organizado:<\/strong>\u00a0As divis\u00f3rias interiores n\u00e3o s\u00f3 separam e protegem cada dispositivo, como tamb\u00e9m funcionam com um sistema integrado de gest\u00e3o de cabos para manter os fios limpos e desembara\u00e7ados. Esta organiza\u00e7\u00e3o meticulosa facilita a liga\u00e7\u00e3o e a remo\u00e7\u00e3o r\u00e1pida de dispositivos sem problemas.<\/li>\n<\/ul>\n<h3 id=\"-product-summary-\"><strong>Resumo do produto<\/strong><\/h3>\n<ul>\n<li><strong>Capacidade:<\/strong>\u00a0Armazena e carrega at\u00e9 30 dispositivos.<\/li>\n<li><strong>Pot\u00eancia:<\/strong>\u00a0Disp\u00f5e de 30 tomadas de corrente alternada com carregamento de ciclo inteligente para evitar sobrecargas.<\/li>\n<li><strong>Sanitiza\u00e7\u00e3o:<\/strong>\u00a0Equipado com ilumina\u00e7\u00e3o UV para higienizar os dispositivos durante o carregamento.<\/li>\n<li><strong>Seguran\u00e7a:<\/strong>\u00a0Constru\u00e7\u00e3o em a\u00e7o dur\u00e1vel com uma porta segura e bloque\u00e1vel.<\/li>\n<li><strong>Mobilidade:<\/strong>\u00a0Inclui uma pega de empurrar e quatro rodas para facilitar o transporte.<\/li>\n<li><strong>Dimens\u00f5es:<\/strong>\u00a023,1 pol. (L) x 25,9 pol. (P) x 37 pol. (A)<\/li>\n<li><strong>Peso:<\/strong>\u00a097 lb<\/li>\n<li><strong>Entrada\/Sa\u00edda:<\/strong>\u00a0100-120V AC, 50\/60Hz, 12A<\/li>\n<\/ul>\n<h3 id=\"-what-s-in-the-box-\"><strong>O que \u00e9 que est\u00e1 na caixa?<\/strong><\/h3>\n<ul>\n<li>1x Carrinho de carregamento<\/li>\n<li>1x Pega<\/li>\n<li>4x Rodas<\/li>\n<li>1x Cabo de alimenta\u00e7\u00e3o AC<\/li>\n<li>30x compartimentos<\/li>\n<\/ul>","protected":false},"excerpt":{"rendered":"<div class=\"chat-container\">\n<div class=\"chat-view-container ng-star-inserted\">\n<div>\n<div class=\"chat-turn-container model render cdk-focused cdk-mouse-focused\" tabindex=\"-1\">\n<div class=\"model-prompt-container\" data-turn-role=\"Model\">\n<div class=\"turn-content\">\n<p class=\"ng-star-inserted\"><span class=\"ng-star-inserted\">Este arm\u00e1rio de carregamento seguro e m\u00f3vel armazena e carrega at\u00e9 30 dispositivos em simult\u00e2neo. Inclui tomadas CA, um ciclo de carregamento inteligente para evitar sobrecargas e ilumina\u00e7\u00e3o UV integrada para higienizar os dispositivos enquanto carregam, o que o torna uma solu\u00e7\u00e3o eficiente para a gest\u00e3o de aparelhos electr\u00f3nicos.<\/span><\/p>\n<div class=\"turn-information ng-star-inserted\"><\/div>\n<\/div>\n<\/div>\n<div class=\"turn-footer ng-star-inserted\"><\/div>\n<\/div>\n<\/div>\n<\/div>\n<\/div>\n<footer class=\"not-zero-state ng-star-inserted\">\n<div class=\"mat-mdc-tooltip-trigger prompt-input-wrapper\">\n<div>\n<div class=\"prompt-input-wrapper-container\">\n<div class=\"text-wrapper\">\n<section class=\"text-and-attachments-wrapper\">\n<div class=\"text-input-wrapper\"><\/div>\n<\/section>\n<\/div>\n<\/div>\n<\/div>\n<\/div>\n<\/footer>","protected":false},"featured_media":2742,"template":"","meta":{"_kad_post_transparent":"default","_kad_post_title":"","_kad_post_layout":"default","_kad_post_sidebar_id":"","_kad_post_content_style":"default","_kad_post_vertical_padding":"default","_kad_post_feature":"","_kad_post_feature_position":"","_kad_post_header":false,"_kad_post_footer":false},"product_brand":[],"product_cat":[91],"product_tag":[273,122,272],"class_list":{"0":"post-1786","1":"product","2":"type-product","3":"status-publish","4":"has-post-thumbnail","6":"product_cat-charging-cabinets","7":"product_tag-30-device-storage","8":"product_tag-charging-cabinet","9":"product_tag-uv-sanitizing-cart","11":"first","12":"instock","13":"shipping-taxable","14":"product-type-simple","15":"entry","16":"content-bg","17":"loop-entry"},"_links":{"self":[{"href":"https:\/\/24smartcharge.com\/pt\/wp-json\/wp\/v2\/product\/1786","targetHints":{"allow":["GET"]}}],"collection":[{"href":"https:\/\/24smartcharge.com\/pt\/wp-json\/wp\/v2\/product"}],"about":[{"href":"https:\/\/24smartcharge.com\/pt\/wp-json\/wp\/v2\/types\/product"}],"wp:featuredmedia":[{"embeddable":true,"href":"https:\/\/24smartcharge.com\/pt\/wp-json\/wp\/v2\/media\/2742"}],"wp:attachment":[{"href":"https:\/\/24smartcharge.com\/pt\/wp-json\/wp\/v2\/media?parent=1786"}],"wp:term":[{"taxonomy":"product_brand","embeddable":true,"href":"https:\/\/24smartcharge.com\/pt\/wp-json\/wp\/v2\/product_brand?post=1786"},{"taxonomy":"product_cat","embeddable":true,"href":"https:\/\/24smartcharge.com\/pt\/wp-json\/wp\/v2\/product_cat?post=1786"},{"taxonomy":"product_tag","embeddable":true,"href":"https:\/\/24smartcharge.com\/pt\/wp-json\/wp\/v2\/product_tag?post=1786"}],"curies":[{"name":"wp","href":"https:\/\/api.w.org\/{rel}","templated":true}]}}