{"id":1777,"date":"2025-08-08T08:22:56","date_gmt":"2025-08-08T08:22:56","guid":{"rendered":"https:\/\/24smartcharge.com\/?post_type=product&#038;p=1777"},"modified":"2025-08-18T01:44:55","modified_gmt":"2025-08-18T01:44:55","slug":"uv-disinfecting-charging-cabinet-for-30-devices","status":"publish","type":"product","link":"https:\/\/24smartcharge.com\/pt\/uv-disinfecting-charging-cabinet-for-30-devices\/","title":{"rendered":"Arm\u00e1rio de carregamento com desinfe\u00e7\u00e3o UV para 30 aparelhos"},"content":{"rendered":"<h3 id=\"-streamline-your-device-management-with-the-advanced-uv-disinfecting-charging-cabinet-\"><strong>Simplifique a gest\u00e3o dos seus dispositivos com o arm\u00e1rio de carregamento com desinfe\u00e7\u00e3o UV avan\u00e7ada<\/strong><\/h3>\n<p>No mundo atual, de ritmo acelerado e orientado para a tecnologia, gerir v\u00e1rios dispositivos num ambiente educativo ou profissional pode ser um desafio significativo. \u00c9 fundamental garantir que os computadores port\u00e1teis, os tablets e os telem\u00f3veis est\u00e3o n\u00e3o s\u00f3 totalmente carregados e armazenados em seguran\u00e7a, mas tamb\u00e9m higienicamente limpos. Este arm\u00e1rio de carregamento com desinfe\u00e7\u00e3o UV \u00e9 uma solu\u00e7\u00e3o tudo-em-um concebida para satisfazer estas exig\u00eancias modernas, oferecendo a capacidade de carregar, armazenar e higienizar at\u00e9 30 dispositivos em simult\u00e2neo. A sua constru\u00e7\u00e3o robusta e as suas carater\u00edsticas inteligentes fazem dele uma ferramenta indispens\u00e1vel para escolas, escrit\u00f3rios, instala\u00e7\u00f5es de cuidados de sa\u00fade e qualquer ambiente onde v\u00e1rios dispositivos s\u00e3o utilizados constantemente.<\/p>\n<h3 id=\"-effortless-operation-and-intelligent-charging-\"><strong>Funcionamento sem esfor\u00e7o e carregamento inteligente<\/strong><\/h3>\n<p>A simplicidade e a efici\u00eancia est\u00e3o no centro do design deste arm\u00e1rio de carregamento. Basta um simples toque para iniciar os ciclos de carregamento e desinfe\u00e7\u00e3o, tornando-o incrivelmente f\u00e1cil de utilizar. Tem a flexibilidade de personalizar estes ciclos para se adaptarem \u00e0s suas necessidades espec\u00edficas ou de ativar o \"modo de carregamento cont\u00ednuo e inteligente\". Esta funcionalidade inteligente d\u00e1 prioridade aos dispositivos com os n\u00edveis de bateria mais baixos, garantindo que est\u00e3o prontos a ser utilizados o mais rapidamente poss\u00edvel.<\/p>\n<p>O pr\u00f3prio processo de carregamento \u00e9 altamente adapt\u00e1vel. Pode definir intervalos de carregamento em incrementos de uma hora, de uma a 24 horas. Para uma abordagem mais direta, manter o bot\u00e3o de alimenta\u00e7\u00e3o premido durante tr\u00eas segundos ativa o modo de carregamento cont\u00ednuo, que fornece energia ininterrupta at\u00e9 que todos os dispositivos estejam 100% carregados. Esta versatilidade garante que os seus dispositivos est\u00e3o sempre carregados e preparados para as exig\u00eancias do dia.<\/p>\n<h3 id=\"-advanced-uv-c-disinfection-for-a-healthier-environment-\"><strong>Desinfe\u00e7\u00e3o UV-C avan\u00e7ada para um ambiente mais saud\u00e1vel<\/strong><\/h3>\n<p>Numa era em que a higiene \u00e9 mais importante do que nunca, este arm\u00e1rio de carregamento oferece uma solu\u00e7\u00e3o poderosa para combater a propaga\u00e7\u00e3o de germes. Incorpora tecnologia de luz UV-C para desinfetar as superf\u00edcies dos dispositivos que armazena. A luz UV-C \u00e9 um m\u00e9todo comprovado de elimina\u00e7\u00e3o de uma vasta gama de bact\u00e9rias e v\u00edrus, ao interromper o seu ADN, tornando-os inofensivos. Este processo de limpeza n\u00e3o qu\u00edmico proporciona paz de esp\u00edrito, sabendo que os dispositivos partilhados e manuseados s\u00e3o regularmente higienizados, contribuindo para um ambiente mais saud\u00e1vel para estudantes, funcion\u00e1rios e clientes.<\/p>\n<h3 id=\"-safety-as-a-top-priority-\"><strong>Seguran\u00e7a como prioridade m\u00e1xima<\/strong><\/h3>\n<p>O design deste arm\u00e1rio de carregamento incorpora v\u00e1rias carater\u00edsticas de seguran\u00e7a cruciais para proteger tanto o utilizador como os dispositivos que o integram. Est\u00e1 incorporado um sistema de arrefecimento intuitivo para evitar o sobreaquecimento, mesmo quando o arm\u00e1rio est\u00e1 totalmente carregado e todos os dispositivos est\u00e3o a carregar em simult\u00e2neo. Tamb\u00e9m fornece prote\u00e7\u00e3o contra a tens\u00e3o para proteger os seus valiosos aparelhos electr\u00f3nicos contra picos de corrente.<\/p>\n<p>Uma medida de seguran\u00e7a cr\u00edtica \u00e9 o fecho autom\u00e1tico da ilumina\u00e7\u00e3o UV-C. As l\u00e2mpadas UV-C desligam-se imediatamente quando as portas do arm\u00e1rio s\u00e3o abertas, evitando qualquer exposi\u00e7\u00e3o acidental aos raios UV. Esta carater\u00edstica cuidadosa garante que as poderosas propriedades desinfectantes da luz UV-C s\u00f3 est\u00e3o activas quando o arm\u00e1rio est\u00e1 bem fechado.<\/p>\n<h3 id=\"-durable-and-convenient-design-\"><strong>Design dur\u00e1vel e pr\u00e1tico<\/strong><\/h3>\n<p>Constru\u00eddo para ser duradouro e f\u00e1cil de utilizar, este arm\u00e1rio de carregamento m\u00f3vel foi concebido para suportar os rigores da utiliza\u00e7\u00e3o di\u00e1ria em ambientes movimentados. O arm\u00e1rio possui rod\u00edzios robustos, permitindo um transporte suave e f\u00e1cil de uma divis\u00e3o para outra, tornando-o numa solu\u00e7\u00e3o verdadeiramente port\u00e1til. A porta frontal proporciona uma vis\u00e3o clara dos dispositivos no interior, permitindo um invent\u00e1rio visual r\u00e1pido e a monitoriza\u00e7\u00e3o do estado de carregamento. A seguran\u00e7a tamb\u00e9m \u00e9 abordada com um mecanismo de bloqueio para manter os dispositivos armazenados a salvo de acesso n\u00e3o autorizado.<\/p>\n<p>Com uma altura de compartimento de 11 polegadas e uma largura de 22,50 polegadas, o arm\u00e1rio pode acomodar uma grande variedade de dispositivos, desde telem\u00f3veis e power banks a computadores port\u00e1teis maiores. O espa\u00e7o de 2,25 polegadas entre divis\u00f3rias e uma tomada CA dedicada para cada ranhura garantem um espa\u00e7o amplo para cada dispositivo e respetivo cabo de carregamento. O modelo de 30 compartimentos oferece uma capacidade substancial, mantendo uma \u00e1rea de ocupa\u00e7\u00e3o manej\u00e1vel, com dimens\u00f5es de 26,18 polegadas de largura, 21,65 polegadas de profundidade e 43,7 polegadas de altura.<\/p>\n<p>Este arm\u00e1rio de carregamento com desinfe\u00e7\u00e3o UV \u00e9 mais do que uma simples unidade de armazenamento; \u00e9 um sistema abrangente para a gest\u00e3o moderna de dispositivos. Ao combinar carregamento eficiente, armazenamento seguro e desinfe\u00e7\u00e3o potente, oferece uma solu\u00e7\u00e3o pr\u00e1tica e essencial para manter um ambiente produtivo e higi\u00e9nico.<\/p>","protected":false},"excerpt":{"rendered":"<div class=\"model-prompt-container\" data-turn-role=\"Model\">\n<div class=\"turn-content\">\n<p class=\"ng-star-inserted\"><span class=\"ng-star-inserted\">Carregue, armazene e desinfecte at\u00e9 30 dispositivos. Este arm\u00e1rio de carregamento m\u00f3vel utiliza luz UV-C para higieniza\u00e7\u00e3o e disp\u00f5e de carregamento inteligente com um toque para dar prioridade aos dispositivos com a bateria mais fraca. Um sistema de arrefecimento intuitivo e uma ilumina\u00e7\u00e3o UV de encerramento autom\u00e1tico garantem a seguran\u00e7a.<\/span><\/p>\n<\/div>\n<\/div>","protected":false},"featured_media":2734,"template":"","meta":{"_kad_post_transparent":"default","_kad_post_title":"","_kad_post_layout":"default","_kad_post_sidebar_id":"","_kad_post_content_style":"default","_kad_post_vertical_padding":"default","_kad_post_feature":"","_kad_post_feature_position":"","_kad_post_header":false,"_kad_post_footer":false},"product_brand":[],"product_cat":[91],"product_tag":[271,122,270],"class_list":{"0":"post-1777","1":"product","2":"type-product","3":"status-publish","4":"has-post-thumbnail","6":"product_cat-charging-cabinets","7":"product_tag-30-device-cart","8":"product_tag-charging-cabinet","9":"product_tag-uv-disinfection","11":"first","12":"instock","13":"shipping-taxable","14":"product-type-simple","15":"entry","16":"content-bg","17":"loop-entry"},"_links":{"self":[{"href":"https:\/\/24smartcharge.com\/pt\/wp-json\/wp\/v2\/product\/1777","targetHints":{"allow":["GET"]}}],"collection":[{"href":"https:\/\/24smartcharge.com\/pt\/wp-json\/wp\/v2\/product"}],"about":[{"href":"https:\/\/24smartcharge.com\/pt\/wp-json\/wp\/v2\/types\/product"}],"wp:featuredmedia":[{"embeddable":true,"href":"https:\/\/24smartcharge.com\/pt\/wp-json\/wp\/v2\/media\/2734"}],"wp:attachment":[{"href":"https:\/\/24smartcharge.com\/pt\/wp-json\/wp\/v2\/media?parent=1777"}],"wp:term":[{"taxonomy":"product_brand","embeddable":true,"href":"https:\/\/24smartcharge.com\/pt\/wp-json\/wp\/v2\/product_brand?post=1777"},{"taxonomy":"product_cat","embeddable":true,"href":"https:\/\/24smartcharge.com\/pt\/wp-json\/wp\/v2\/product_cat?post=1777"},{"taxonomy":"product_tag","embeddable":true,"href":"https:\/\/24smartcharge.com\/pt\/wp-json\/wp\/v2\/product_tag?post=1777"}],"curies":[{"name":"wp","href":"https:\/\/api.w.org\/{rel}","templated":true}]}}