{"id":1727,"date":"2025-08-08T07:00:58","date_gmt":"2025-08-08T07:00:58","guid":{"rendered":"https:\/\/24smartcharge.com\/?post_type=product&#038;p=1727"},"modified":"2025-08-18T01:31:59","modified_gmt":"2025-08-18T01:31:59","slug":"secure-multi-device-tablet-chromebook-charging-cabinet","status":"publish","type":"product","link":"https:\/\/24smartcharge.com\/pt\/secure-multi-device-tablet-chromebook-charging-cabinet\/","title":{"rendered":"Arm\u00e1rio de carregamento seguro para v\u00e1rios computadores port\u00e1teis e tablets"},"content":{"rendered":"<h2 id=\"key-features\">Carater\u00edsticas principais<\/h2>\n<ul>\n<li><strong>Ampla compatibilidade<\/strong>\u00a0Funciona com a maioria dos tablets, Chromebooks e dispositivos at\u00e9 12 polegadas, incluindo Microsoft Surface, iPad, tablets Android e outros de marcas como Apple, Samsung, Lenovo, HP, Dell e Asus.<\/li>\n<li><strong>Design eficiente e economizador de espa\u00e7o<\/strong>\u00a0Arm\u00e1rio fino com uma porta deslizante suave que mant\u00e9m os dispositivos acess\u00edveis e seguros sem ocupar espa\u00e7o no ch\u00e3o.<\/li>\n<li><strong>Carregamento f\u00e1cil de dispositivos<\/strong>\u00a0Os tabuleiros basculantes Show &amp; Stow\u2122 permitem-lhe carregar e descarregar dispositivos rapidamente. Os tabuleiros retraem-se automaticamente para um aspeto limpo e organizado.<\/li>\n<li><strong>Armazenamento seguro<\/strong>\u00a0O suporte de bloqueio de seis pontos garante a seguran\u00e7a dos dispositivos quando n\u00e3o est\u00e3o a ser utilizados.<\/li>\n<li><strong>Gest\u00e3o de cabos<\/strong>\u00a0Os clipes para cabos de encaixe mant\u00eam os cabos no lugar, evitando emaranhados e facilitando as liga\u00e7\u00f5es.<\/li>\n<li><strong>Armazenamento dedicado do adaptador CA<\/strong>\u00a0O compartimento separado para adaptadores de corrente e fichas de grandes dimens\u00f5es mant\u00e9m os cabos organizados e sem confus\u00e3o.<\/li>\n<li><strong>Instala\u00e7\u00e3o simples<\/strong>\u00a0Inclui modelo de montagem, suporte e hardware para uma instala\u00e7\u00e3o r\u00e1pida na parede.<\/li>\n<li><strong>Certificado de seguran\u00e7a<\/strong>\u00a0Constru\u00eddo de acordo com as normas UL e com a marca\u00e7\u00e3o CE para conformidade com as diretivas de seguran\u00e7a, EMC e RoHS.<\/li>\n<\/ul>\n<h2 id=\"benefits\">Benef\u00edcios<\/h2>\n<p>Este arm\u00e1rio de carregamento proporciona uma forma limpa e organizada de manter os dispositivos carregados e prontos a utilizar. A sua constru\u00e7\u00e3o moderna e duradoura integra-se perfeitamente em qualquer ambiente, oferecendo um acesso r\u00e1pido aos utilizadores. Perfeito para ambientes educativos, ambientes empresariais ou em qualquer lugar onde v\u00e1rios dispositivos necessitem de um carregamento seguro e eficiente.<\/p>","protected":false},"excerpt":{"rendered":"<p>O arm\u00e1rio de carregamento seguro para tablets e Chromebooks com v\u00e1rios dispositivos oferece um carregamento seguro e organizado para dispositivos at\u00e9 12\u2033 de v\u00e1rias marcas. O seu design elegante e de baixo perfil apresenta uma porta deslizante suave, tabuleiros inclin\u00e1veis para f\u00e1cil acesso e fecho seguro, tornando-o ideal para salas de aula e locais de trabalho.<\/p>","protected":false},"featured_media":2729,"template":"","meta":{"_kad_post_transparent":"default","_kad_post_title":"","_kad_post_layout":"default","_kad_post_sidebar_id":"","_kad_post_content_style":"default","_kad_post_vertical_padding":"default","_kad_post_feature":"","_kad_post_feature_position":"","_kad_post_header":false,"_kad_post_footer":false},"product_brand":[],"product_cat":[91],"product_tag":[122,261,260],"class_list":{"0":"post-1727","1":"product","2":"type-product","3":"status-publish","4":"has-post-thumbnail","6":"product_cat-charging-cabinets","7":"product_tag-charging-cabinet","8":"product_tag-chromebook-charging-cabinet","9":"product_tag-tablet-charging-cabinet","11":"first","12":"instock","13":"shipping-taxable","14":"product-type-simple","15":"entry","16":"content-bg","17":"loop-entry"},"_links":{"self":[{"href":"https:\/\/24smartcharge.com\/pt\/wp-json\/wp\/v2\/product\/1727","targetHints":{"allow":["GET"]}}],"collection":[{"href":"https:\/\/24smartcharge.com\/pt\/wp-json\/wp\/v2\/product"}],"about":[{"href":"https:\/\/24smartcharge.com\/pt\/wp-json\/wp\/v2\/types\/product"}],"wp:featuredmedia":[{"embeddable":true,"href":"https:\/\/24smartcharge.com\/pt\/wp-json\/wp\/v2\/media\/2729"}],"wp:attachment":[{"href":"https:\/\/24smartcharge.com\/pt\/wp-json\/wp\/v2\/media?parent=1727"}],"wp:term":[{"taxonomy":"product_brand","embeddable":true,"href":"https:\/\/24smartcharge.com\/pt\/wp-json\/wp\/v2\/product_brand?post=1727"},{"taxonomy":"product_cat","embeddable":true,"href":"https:\/\/24smartcharge.com\/pt\/wp-json\/wp\/v2\/product_cat?post=1727"},{"taxonomy":"product_tag","embeddable":true,"href":"https:\/\/24smartcharge.com\/pt\/wp-json\/wp\/v2\/product_tag?post=1727"}],"curies":[{"name":"wp","href":"https:\/\/api.w.org\/{rel}","templated":true}]}}