{"id":1713,"date":"2025-08-08T06:48:32","date_gmt":"2025-08-08T06:48:32","guid":{"rendered":"https:\/\/24smartcharge.com\/?post_type=product&#038;p=1713"},"modified":"2025-08-18T01:27:44","modified_gmt":"2025-08-18T01:27:44","slug":"secure-multi-device-charging-cabinet-for-laptops-tablets","status":"publish","type":"product","link":"https:\/\/24smartcharge.com\/pt\/secure-multi-device-charging-cabinet-for-laptops-tablets\/","title":{"rendered":"Arm\u00e1rio de carregamento seguro para v\u00e1rios dispositivos para computadores port\u00e1teis e tablets"},"content":{"rendered":"<h1 id=\"secure-multi-device-charging-cabinet-for-laptops-tablets\">Arm\u00e1rio de carregamento seguro para v\u00e1rios dispositivos para computadores port\u00e1teis e tablets<\/h1>\n<p>O\u00a0<strong>Arm\u00e1rio de carregamento seguro para v\u00e1rios dispositivos para computadores port\u00e1teis e tablets<\/strong>\u00a0foi concebido para manter v\u00e1rios dispositivos carregados, seguros e organizados numa solu\u00e7\u00e3o compacta. Ideal para salas de aula, escrit\u00f3rios, bibliotecas ou qualquer espa\u00e7o partilhado, combina armazenamento seguro com carregamento eficiente para simplificar a gest\u00e3o de dispositivos.<\/p>\n<h2 id=\"key-features\">Carater\u00edsticas principais<\/h2>\n<h3 id=\"-efficient-charging-\"><strong>Carregamento eficiente<\/strong><\/h3>\n<ul>\n<li>Carrega at\u00e9\u00a0<strong>12 tablets\/Chromebooks<\/strong>\u00a0ou\u00a0<strong>8 port\u00e1teis<\/strong>\u00a0simultaneamente.<\/li>\n<li>Patenteado\u00a0<strong>Tecnologia PowerShuttle<\/strong>\u00a0garante um carregamento seguro, r\u00e1pido e optimizado para todos os dispositivos ligados.<\/li>\n<\/ul>\n<h3 id=\"-adjustable-storage-\"><strong>Arruma\u00e7\u00e3o ajust\u00e1vel<\/strong><\/h3>\n<ul>\n<li><strong>Divis\u00f3rias ajust\u00e1veis<\/strong>\u00a0permitem um espa\u00e7amento flex\u00edvel para se adaptarem a v\u00e1rios tamanhos de dispositivos.<\/li>\n<li>As ranhuras numeradas simplificam a organiza\u00e7\u00e3o e a localiza\u00e7\u00e3o dos dispositivos.<\/li>\n<\/ul>\n<h3 id=\"-secure-design-\"><strong>Conce\u00e7\u00e3o segura<\/strong><\/h3>\n<ul>\n<li>Portas de a\u00e7o robustas com um\u00a0<strong>fechadura de tr\u00eas pontos com chave<\/strong>\u00a0manter os dispositivos seguros.<\/li>\n<li>Op\u00e7\u00e3o para adicionar um\u00a0<strong>cadeado<\/strong>\u00a0para prote\u00e7\u00e3o adicional.<\/li>\n<\/ul>\n<h3 id=\"-cooling-system-\"><strong>Sistema de arrefecimento<\/strong><\/h3>\n<ul>\n<li>Incorporado\u00a0<strong>ventoinhas de arrefecimento<\/strong>\u00a0evita o sobreaquecimento, ajudando a prolongar a vida \u00fatil da bateria.<\/li>\n<\/ul>\n<h3 id=\"-ready-to-use-\"><strong>Pronto a utilizar<\/strong><\/h3>\n<ul>\n<li>Navios\u00a0<strong>totalmente montado<\/strong>Basta lig\u00e1-lo \u00e0 corrente e come\u00e7ar a carregar.<\/li>\n<\/ul>\n<h3 id=\"-safety-certified-\"><strong>Certificado de seguran\u00e7a<\/strong><\/h3>\n<ul>\n<li>Reuni\u00f5es\u00a0<strong>Normas de seguran\u00e7a UL\/IEC<\/strong>\u00a0para prote\u00e7\u00e3o do utilizador e do equipamento.<\/li>\n<\/ul>\n<h2 id=\"benefits\">Benef\u00edcios<\/h2>\n<ul>\n<li><strong>Economia de espa\u00e7o<\/strong>: O design compacto e empilh\u00e1vel cabe perfeitamente em mesas ou prateleiras.<\/li>\n<li><strong>Poupan\u00e7a de tempo<\/strong>: Sem necessidade de configura\u00e7\u00f5es complexas - pronto a utilizar.<\/li>\n<li><strong>Suporte para v\u00e1rios dispositivos<\/strong>: Manuseia diferentes tipos e tamanhos de dispositivos numa \u00fanica unidade.<\/li>\n<li><strong>Paz de esp\u00edrito<\/strong>: Fechaduras fortes e constru\u00e7\u00e3o em a\u00e7o protegem o equipamento valioso.<\/li>\n<\/ul>\n<h2 id=\"ideal-for\">Ideal para<\/h2>\n<ul>\n<li><strong>Escolas<\/strong>: Mantenha os dispositivos dos alunos carregados e seguros entre as aulas.<\/li>\n<li><strong>Escrit\u00f3rios<\/strong>: Gerir computadores port\u00e1teis e tablets para funcion\u00e1rios ou visitantes.<\/li>\n<li><strong>Bibliotecas e laborat\u00f3rios<\/strong>: Ofere\u00e7a um carregamento seguro e organizado para dispositivos partilhados.<\/li>\n<\/ul>\n<p>O\u00a0<strong>Arm\u00e1rio de carregamento seguro para v\u00e1rios dispositivos<\/strong>\u00a0\u00e9 uma solu\u00e7\u00e3o fi\u00e1vel, duradoura e f\u00e1cil de utilizar para quem necessita de armazenar e carregar v\u00e1rios computadores port\u00e1teis ou tablets de uma s\u00f3 vez - tornando a gest\u00e3o de dispositivos simples, segura e eficiente.<\/p>","protected":false},"excerpt":{"rendered":"<p>O arm\u00e1rio de carregamento seguro para v\u00e1rios dispositivos para computadores port\u00e1teis e tablets oferece um carregamento seguro e eficiente para um m\u00e1ximo de 12 tablets ou 8 computadores port\u00e1teis. Com divis\u00f3rias ajust\u00e1veis, carregamento r\u00e1pido, ventoinhas de arrefecimento incorporadas e um sistema de fecho duradouro, este arm\u00e1rio de carregamento garante um armazenamento seguro, organizado e fi\u00e1vel dos dispositivos.<\/p>","protected":false},"featured_media":2724,"template":"","meta":{"_kad_post_transparent":"default","_kad_post_title":"","_kad_post_layout":"default","_kad_post_sidebar_id":"","_kad_post_content_style":"default","_kad_post_vertical_padding":"default","_kad_post_feature":"","_kad_post_feature_position":"","_kad_post_header":false,"_kad_post_footer":false},"product_brand":[],"product_cat":[91],"product_tag":[122,147,120],"class_list":{"0":"post-1713","1":"product","2":"type-product","3":"status-publish","4":"has-post-thumbnail","6":"product_cat-charging-cabinets","7":"product_tag-charging-cabinet","8":"product_tag-multi-device-charging","9":"product_tag-secure-device-storage","11":"first","12":"instock","13":"shipping-taxable","14":"product-type-simple","15":"entry","16":"content-bg","17":"loop-entry"},"_links":{"self":[{"href":"https:\/\/24smartcharge.com\/pt\/wp-json\/wp\/v2\/product\/1713","targetHints":{"allow":["GET"]}}],"collection":[{"href":"https:\/\/24smartcharge.com\/pt\/wp-json\/wp\/v2\/product"}],"about":[{"href":"https:\/\/24smartcharge.com\/pt\/wp-json\/wp\/v2\/types\/product"}],"wp:featuredmedia":[{"embeddable":true,"href":"https:\/\/24smartcharge.com\/pt\/wp-json\/wp\/v2\/media\/2724"}],"wp:attachment":[{"href":"https:\/\/24smartcharge.com\/pt\/wp-json\/wp\/v2\/media?parent=1713"}],"wp:term":[{"taxonomy":"product_brand","embeddable":true,"href":"https:\/\/24smartcharge.com\/pt\/wp-json\/wp\/v2\/product_brand?post=1713"},{"taxonomy":"product_cat","embeddable":true,"href":"https:\/\/24smartcharge.com\/pt\/wp-json\/wp\/v2\/product_cat?post=1713"},{"taxonomy":"product_tag","embeddable":true,"href":"https:\/\/24smartcharge.com\/pt\/wp-json\/wp\/v2\/product_tag?post=1713"}],"curies":[{"name":"wp","href":"https:\/\/api.w.org\/{rel}","templated":true}]}}