{"id":1712,"date":"2025-08-08T06:40:17","date_gmt":"2025-08-08T06:40:17","guid":{"rendered":"https:\/\/24smartcharge.com\/?post_type=product&#038;p=1712"},"modified":"2025-08-18T01:22:47","modified_gmt":"2025-08-18T01:22:47","slug":"secure-multi-device-laptop-tablet-charging-cabinet-5","status":"publish","type":"product","link":"https:\/\/24smartcharge.com\/pt\/secure-multi-device-laptop-tablet-charging-cabinet-5\/","title":{"rendered":"Arm\u00e1rio de carregamento de computadores port\u00e1teis e tablets para v\u00e1rios dispositivos"},"content":{"rendered":"<h2 id=\"key-features\">Carater\u00edsticas principais<\/h2>\n<h3 id=\"1-adjustable-rows-dividers\">1. Filas e divis\u00f3rias ajust\u00e1veis<\/h3>\n<p>Adapta-se at\u00e9\u00a0<strong>20 tablets, computadores port\u00e1teis, smartphones ou leitores electr\u00f3nicos<\/strong>\u00a0com ou sem estojo. As divis\u00f3rias ajust\u00e1veis permitem flexibilidade para diferentes tamanhos de dispositivos.<\/p>\n<h3 id=\"2-space-saving-design\">2. Conce\u00e7\u00e3o que poupa espa\u00e7o<\/h3>\n<p>Monte-o firmemente numa parede ou coloque-o numa secret\u00e1ria para otimizar o espa\u00e7o de trabalho. O seu tamanho compacto torna-o ideal para \u00e1reas com espa\u00e7o limitado.<\/p>\n<h3 id=\"3-enhanced-security\">3. Seguran\u00e7a refor\u00e7ada<\/h3>\n<p>Aparafusar o arm\u00e1rio no lugar atrav\u00e9s dos orif\u00edcios de montagem na base. O\u00a0<strong>bloqueio do dom\u00ednio inform\u00e1tico<\/strong>\u00a0mant\u00e9m os adaptadores de corrente protegidos contra o acesso n\u00e3o autorizado.<\/p>\n<h3 id=\"4-cable-management\">4. Gest\u00e3o de cabos<\/h3>\n<p>Um pente para cabos incorporado alimenta ordenadamente os cabos na \u00e1rea de TI, mantendo-os organizados e reduzindo a desordem.<\/p>\n<h3 id=\"5-strong-roi\">5. Forte ROI<\/h3>\n<p>Constru\u00eddo para suportar a tecnologia em evolu\u00e7\u00e3o, o arm\u00e1rio de carregamento inclui um\u00a0<strong>garantia mec\u00e2nica vital\u00edcia<\/strong>garantindo um valor a longo prazo.<\/p>\n<h2 id=\"benefits\">Benef\u00edcios<\/h2>\n<ul>\n<li><strong>Armazenamento seguro<\/strong>\u00a0- Protege os dispositivos com um sistema de bloqueio robusto e uma \u00e1rea de TI separada.<\/li>\n<li><strong>Carregamento eficiente<\/strong>\u00a0- Carrega at\u00e9 20 dispositivos em simult\u00e2neo.<\/li>\n<li><strong>Configura\u00e7\u00e3o organizada<\/strong>\u00a0- Divis\u00f3rias ajust\u00e1veis e gest\u00e3o de cabos mant\u00eam os dispositivos arrumados.<\/li>\n<li><strong>Utiliza\u00e7\u00e3o flex\u00edvel<\/strong>\u00a0- Adequado para v\u00e1rios ambientes, como educa\u00e7\u00e3o, empresas e cuidados de sa\u00fade.<\/li>\n<\/ul>\n<h2 id=\"applications\">Aplica\u00e7\u00f5es<\/h2>\n<ul>\n<li><strong>Educa\u00e7\u00e3o<\/strong>\u00a0- Ideal para salas de aula, laborat\u00f3rios de inform\u00e1tica e bibliotecas para armazenar e carregar dispositivos dos alunos.<\/li>\n<li><strong>Empresa<\/strong>\u00a0- Mant\u00e9m os dispositivos de trabalho carregados e seguros para o pessoal.<\/li>\n<li><strong>Cuidados de sa\u00fade<\/strong>\u00a0- Gere tablets e computadores port\u00e1teis para cuidados a doentes ou utiliza\u00e7\u00e3o administrativa.<\/li>\n<li><strong>Espa\u00e7os p\u00fablicos<\/strong>\u00a0- Perfeito para esta\u00e7\u00f5es de carregamento partilhadas em espa\u00e7os de coworking e centros de forma\u00e7\u00e3o.<\/li>\n<\/ul>\n<p>O arm\u00e1rio seguro para carregamento de computadores port\u00e1teis e tablets com v\u00e1rios dispositivos oferece uma <strong>solu\u00e7\u00e3o segura, organizada e eficiente<\/strong>\u00a0para gerir v\u00e1rios dispositivos, tudo numa unidade compacta e duradoura que se adapta \u00e0s suas necessidades.<\/p>","protected":false},"excerpt":{"rendered":"<p>O arm\u00e1rio de carregamento seguro para computadores port\u00e1teis e tablets com v\u00e1rios dispositivos oferece armazenamento e carregamento seguros e organizados para um m\u00e1ximo de 20 dispositivos, incluindo tablets, computadores port\u00e1teis e smartphones. Com divis\u00f3rias ajust\u00e1veis, gest\u00e3o de cabos e uma \u00e1rea de TI com fecho, este arm\u00e1rio de carregamento \u00e9 perfeito para escolas, escrit\u00f3rios e espa\u00e7os partilhados.<\/p>","protected":false},"featured_media":2719,"template":"","meta":{"_kad_post_transparent":"default","_kad_post_title":"","_kad_post_layout":"default","_kad_post_sidebar_id":"","_kad_post_content_style":"default","_kad_post_vertical_padding":"default","_kad_post_feature":"","_kad_post_feature_position":"","_kad_post_header":false,"_kad_post_footer":false},"product_brand":[],"product_cat":[91,92],"product_tag":[122,140,120],"class_list":{"0":"post-1712","1":"product","2":"type-product","3":"status-publish","4":"has-post-thumbnail","6":"product_cat-charging-cabinets","7":"product_cat-15-outputs","8":"product_tag-charging-cabinet","9":"product_tag-multi-device-charger","10":"product_tag-secure-device-storage","12":"first","13":"instock","14":"shipping-taxable","15":"product-type-simple","16":"entry","17":"content-bg","18":"loop-entry"},"_links":{"self":[{"href":"https:\/\/24smartcharge.com\/pt\/wp-json\/wp\/v2\/product\/1712","targetHints":{"allow":["GET"]}}],"collection":[{"href":"https:\/\/24smartcharge.com\/pt\/wp-json\/wp\/v2\/product"}],"about":[{"href":"https:\/\/24smartcharge.com\/pt\/wp-json\/wp\/v2\/types\/product"}],"wp:featuredmedia":[{"embeddable":true,"href":"https:\/\/24smartcharge.com\/pt\/wp-json\/wp\/v2\/media\/2719"}],"wp:attachment":[{"href":"https:\/\/24smartcharge.com\/pt\/wp-json\/wp\/v2\/media?parent=1712"}],"wp:term":[{"taxonomy":"product_brand","embeddable":true,"href":"https:\/\/24smartcharge.com\/pt\/wp-json\/wp\/v2\/product_brand?post=1712"},{"taxonomy":"product_cat","embeddable":true,"href":"https:\/\/24smartcharge.com\/pt\/wp-json\/wp\/v2\/product_cat?post=1712"},{"taxonomy":"product_tag","embeddable":true,"href":"https:\/\/24smartcharge.com\/pt\/wp-json\/wp\/v2\/product_tag?post=1712"}],"curies":[{"name":"wp","href":"https:\/\/api.w.org\/{rel}","templated":true}]}}