{"id":1694,"date":"2025-08-08T06:13:59","date_gmt":"2025-08-08T06:13:59","guid":{"rendered":"https:\/\/24smartcharge.com\/?post_type=product&#038;p=1694"},"modified":"2025-08-18T01:32:18","modified_gmt":"2025-08-18T01:32:18","slug":"secure-multi-device-laptop-tablet-charging-cabinet-3","status":"publish","type":"product","link":"https:\/\/24smartcharge.com\/pt\/secure-multi-device-laptop-tablet-charging-cabinet-3\/","title":{"rendered":"Arm\u00e1rio seguro para carregamento de tablets com v\u00e1rios dispositivos"},"content":{"rendered":"<h2 id=\"key-features\">Carater\u00edsticas principais<\/h2>\n<h3 id=\"universal-compatibility\">Compatibilidade universal<\/h3>\n<p>Suporta computadores port\u00e1teis, tablets e Chromebooks at\u00e9 14\u2033 de tamanho, com ou sem estojos de prote\u00e7\u00e3o.<\/p>\n<h3 id=\"eco-smart-power-management\">Gest\u00e3o de energia inteligente ECO<\/h3>\n<p>O carregamento inteligente equilibra a energia em todos os dispositivos ligados, garantindo uma utiliza\u00e7\u00e3o segura e eficiente da energia.<\/p>\n<h3 id=\"ultra-secure\">Ultra seguro<\/h3>\n<p>Os dispositivos e as fontes de alimenta\u00e7\u00e3o s\u00e3o armazenados em compartimentos separados, que podem ser trancados com cadeados e chaves, para m\u00e1xima prote\u00e7\u00e3o.<\/p>\n<h3 id=\"removable-dividers\">Divis\u00f3rias amov\u00edveis<\/h3>\n<p>Ajuste ou remova facilmente as divis\u00f3rias para armazenar diferentes dispositivos ou equipamentos, como kits STEM, drones ou rob\u00f4s.<\/p>\n<h3 id=\"top-storage\">Armazenamento superior<\/h3>\n<p>A superf\u00edcie superior plana e duradoura pode ser utilizada para guardar objectos adicionais em \u00e1reas com espa\u00e7o limitado.<\/p>\n<h3 id=\"robust-warranty\">Garantia robusta<\/h3>\n<p>Inclui uma forte cobertura de garantia e um servi\u00e7o de apoio ao cliente dedicado para maior tranquilidade.<\/p>\n<h2 id=\"benefits\">Benef\u00edcios<\/h2>\n<ul>\n<li><strong>Poupan\u00e7a de tempo:<\/strong>\u00a0Carregue v\u00e1rios dispositivos em simult\u00e2neo sem confus\u00e3o de cabos.<\/li>\n<li><strong>Eficiente em termos de espa\u00e7o:<\/strong>\u00a0Consolida o armazenamento e o carregamento num \u00fanico arm\u00e1rio compacto.<\/li>\n<li><strong>Vers\u00e1til:<\/strong>\u00a0Adapta-se a uma variedade de dispositivos e adapta-se \u00e0s necessidades de armazenamento em constante mudan\u00e7a.<\/li>\n<li><strong>Fi\u00e1vel:<\/strong>\u00a0Constru\u00eddo para suportar a utiliza\u00e7\u00e3o di\u00e1ria em ambientes movimentados.<\/li>\n<\/ul>\n<p>O\u00a0<strong>Arm\u00e1rio de carga<\/strong>\u00a0combina durabilidade, flexibilidade e carregamento inteligente para manter os dispositivos prontos a serem utilizados, protegendo o seu investimento em tecnologia. Ideal para ambientes onde o carregamento seguro, organizado e simult\u00e2neo \u00e9 essencial.<\/p>","protected":false},"excerpt":{"rendered":"<p>O arm\u00e1rio de carregamento seguro para computadores port\u00e1teis e tablets com v\u00e1rios dispositivos oferece um carregamento e armazenamento seguros e eficientes para at\u00e9 36 dispositivos, incluindo computadores port\u00e1teis, tablets e Chromebooks. Com compatibilidade universal, gest\u00e3o de energia ECO Smart, divis\u00f3rias amov\u00edveis e seguran\u00e7a robusta, \u00e9 ideal para escolas e escrit\u00f3rios.<\/p>","protected":false},"featured_media":2714,"template":"","meta":{"_kad_post_transparent":"default","_kad_post_title":"","_kad_post_layout":"default","_kad_post_sidebar_id":"","_kad_post_content_style":"default","_kad_post_vertical_padding":"default","_kad_post_feature":"","_kad_post_feature_position":"","_kad_post_header":false,"_kad_post_footer":false},"product_brand":[],"product_cat":[91],"product_tag":[122,259,260],"class_list":{"0":"post-1694","1":"product","2":"type-product","3":"status-publish","4":"has-post-thumbnail","6":"product_cat-charging-cabinets","7":"product_tag-charging-cabinet","8":"product_tag-laptop-charging-cabinet","9":"product_tag-tablet-charging-cabinet","11":"first","12":"instock","13":"shipping-taxable","14":"product-type-simple","15":"entry","16":"content-bg","17":"loop-entry"},"_links":{"self":[{"href":"https:\/\/24smartcharge.com\/pt\/wp-json\/wp\/v2\/product\/1694","targetHints":{"allow":["GET"]}}],"collection":[{"href":"https:\/\/24smartcharge.com\/pt\/wp-json\/wp\/v2\/product"}],"about":[{"href":"https:\/\/24smartcharge.com\/pt\/wp-json\/wp\/v2\/types\/product"}],"wp:featuredmedia":[{"embeddable":true,"href":"https:\/\/24smartcharge.com\/pt\/wp-json\/wp\/v2\/media\/2714"}],"wp:attachment":[{"href":"https:\/\/24smartcharge.com\/pt\/wp-json\/wp\/v2\/media?parent=1694"}],"wp:term":[{"taxonomy":"product_brand","embeddable":true,"href":"https:\/\/24smartcharge.com\/pt\/wp-json\/wp\/v2\/product_brand?post=1694"},{"taxonomy":"product_cat","embeddable":true,"href":"https:\/\/24smartcharge.com\/pt\/wp-json\/wp\/v2\/product_cat?post=1694"},{"taxonomy":"product_tag","embeddable":true,"href":"https:\/\/24smartcharge.com\/pt\/wp-json\/wp\/v2\/product_tag?post=1694"}],"curies":[{"name":"wp","href":"https:\/\/api.w.org\/{rel}","templated":true}]}}