{"id":1686,"date":"2025-08-08T03:59:18","date_gmt":"2025-08-08T03:59:18","guid":{"rendered":"https:\/\/24smartcharge.com\/?post_type=product&#038;p=1686"},"modified":"2025-08-18T01:07:03","modified_gmt":"2025-08-18T01:07:03","slug":"secure-multi-device-laptop-tablet-charging-cabinet-2","status":"publish","type":"product","link":"https:\/\/24smartcharge.com\/pt\/secure-multi-device-laptop-tablet-charging-cabinet-2\/","title":{"rendered":"Arm\u00e1rio de carregamento seguro para v\u00e1rios dispositivos"},"content":{"rendered":"<h2 id=\"key-features\">Carater\u00edsticas principais<\/h2>\n<h3 id=\"universal-compatibility\">Compatibilidade universal<\/h3>\n<p>Carregue at\u00e9 30 ou 40 computadores port\u00e1teis, tablets, Chromebooks ou dispositivos semelhantes - quer estejam ou n\u00e3o em caixas de prote\u00e7\u00e3o. Os suportes e cestos flex\u00edveis permitem uma f\u00e1cil acomoda\u00e7\u00e3o de diferentes tamanhos.<\/p>\n<h3 id=\"smart-power-management\">Gest\u00e3o de energia inteligente<\/h3>\n<p>Equipado com\u00a0<strong>ECO Smart Charge\u2122<\/strong>\u00a0o arm\u00e1rio de carregamento distribui eficazmente a energia, evitando o excesso de carga e prolongando a vida \u00fatil da bateria do dispositivo.<\/p>\n<h3 id=\"secure-storage\">Armazenamento seguro<\/h3>\n<p>Um sistema de bloqueio robusto com um cadeado em a\u00e7o inoxid\u00e1vel mant\u00e9m os dispositivos seguros. Os kits de ancoragem opcionais permitem que o arm\u00e1rio seja fixado ao ch\u00e3o para maior prote\u00e7\u00e3o.<\/p>\n<h3 id=\"space-saving-design\">Design que poupa espa\u00e7o<\/h3>\n<p>Elevada capacidade com uma pegada pequena - guarde e carregue todos os dispositivos e fontes de alimenta\u00e7\u00e3o numa unidade organizada, minimizando a desarruma\u00e7\u00e3o.<\/p>\n<h3 id=\"easy-mobility\">Mobilidade f\u00e1cil<\/h3>\n<p>A constru\u00e7\u00e3o leve, os rod\u00edzios com rota\u00e7\u00e3o de 360\u00b0 e as pegas ergon\u00f3micas facilitam a desloca\u00e7\u00e3o do arm\u00e1rio de carregamento atrav\u00e9s de corredores e cantos apertados.<\/p>\n<h3 id=\"affordable-and-durable\">Acess\u00edvel e dur\u00e1vel<\/h3>\n<p>Constru\u00eddo para durar com materiais de qualidade, oferecendo um excelente valor ao longo do tempo sem comprometer o desempenho.<\/p>\n<h3 id=\"included-baskets-and-racks\">Cestos e prateleiras inclu\u00eddos<\/h3>\n<p>Inclui cestos de dispositivos amov\u00edveis para uma distribui\u00e7\u00e3o r\u00e1pida e prateleiras de pl\u00e1stico para dispositivos maiores, oferecendo op\u00e7\u00f5es de armazenamento flex\u00edveis.<\/p>\n<h3 id=\"warranty-and-support\">Garantia e assist\u00eancia<\/h3>\n<p>Apoiado por uma garantia s\u00f3lida e um servi\u00e7o de apoio ao cliente dedicado para maior tranquilidade.<\/p>\n<h2 id=\"benefits\">Benef\u00edcios<\/h2>\n<ul>\n<li><strong>Poupa tempo<\/strong>\u00a0- Recolha, carregue e distribua dispositivos rapidamente.<\/li>\n<li><strong>Aumenta a seguran\u00e7a<\/strong>\u00a0- Mantenha os dispositivos valiosos fechados \u00e0 chave quando n\u00e3o estiverem a ser utilizados.<\/li>\n<li><strong>Maximiza o espa\u00e7o<\/strong>\u00a0- Armazenar muitos dispositivos numa \u00e1rea pequena.<\/li>\n<li><strong>Melhora o tempo de vida do dispositivo<\/strong>\u00a0- O carregamento inteligente evita danos na bateria.<\/li>\n<\/ul>\n<p>O\u00a0<strong>Arm\u00e1rio seguro para carregamento de computadores port\u00e1teis e tablets com v\u00e1rios dispositivos<\/strong>\u00a0\u00e9 a combina\u00e7\u00e3o perfeita de conveni\u00eancia, seguran\u00e7a e efici\u00eancia - ideal para qualquer ambiente em que seja necess\u00e1rio gerir facilmente v\u00e1rios dispositivos.<\/p>","protected":false},"excerpt":{"rendered":"<p>O arm\u00e1rio de carregamento seguro para computadores port\u00e1teis e tablets com v\u00e1rios dispositivos oferece um carregamento seguro e eficiente para um m\u00e1ximo de 30 ou 40 dispositivos. Com compatibilidade universal, seguran\u00e7a com fechadura, gest\u00e3o inteligente da energia e f\u00e1cil mobilidade, este arm\u00e1rio de carregamento duradouro \u00e9 ideal para escolas, escrit\u00f3rios e espa\u00e7os de trabalho partilhados.<\/p>","protected":false},"featured_media":2707,"template":"","meta":{"_kad_post_transparent":"default","_kad_post_title":"","_kad_post_layout":"default","_kad_post_sidebar_id":"","_kad_post_content_style":"default","_kad_post_vertical_padding":"default","_kad_post_feature":"","_kad_post_feature_position":"","_kad_post_header":false,"_kad_post_footer":false},"product_brand":[],"product_cat":[91],"product_tag":[122,258,142],"class_list":{"0":"post-1686","1":"product","2":"type-product","3":"status-publish","4":"has-post-thumbnail","6":"product_cat-charging-cabinets","7":"product_tag-charging-cabinet","8":"product_tag-multi-device-charging-cabinet","9":"product_tag-secure-charging-cabinet","11":"first","12":"instock","13":"shipping-taxable","14":"product-type-simple","15":"entry","16":"content-bg","17":"loop-entry"},"_links":{"self":[{"href":"https:\/\/24smartcharge.com\/pt\/wp-json\/wp\/v2\/product\/1686","targetHints":{"allow":["GET"]}}],"collection":[{"href":"https:\/\/24smartcharge.com\/pt\/wp-json\/wp\/v2\/product"}],"about":[{"href":"https:\/\/24smartcharge.com\/pt\/wp-json\/wp\/v2\/types\/product"}],"wp:featuredmedia":[{"embeddable":true,"href":"https:\/\/24smartcharge.com\/pt\/wp-json\/wp\/v2\/media\/2707"}],"wp:attachment":[{"href":"https:\/\/24smartcharge.com\/pt\/wp-json\/wp\/v2\/media?parent=1686"}],"wp:term":[{"taxonomy":"product_brand","embeddable":true,"href":"https:\/\/24smartcharge.com\/pt\/wp-json\/wp\/v2\/product_brand?post=1686"},{"taxonomy":"product_cat","embeddable":true,"href":"https:\/\/24smartcharge.com\/pt\/wp-json\/wp\/v2\/product_cat?post=1686"},{"taxonomy":"product_tag","embeddable":true,"href":"https:\/\/24smartcharge.com\/pt\/wp-json\/wp\/v2\/product_tag?post=1686"}],"curies":[{"name":"wp","href":"https:\/\/api.w.org\/{rel}","templated":true}]}}