{"id":1669,"date":"2025-08-08T03:47:09","date_gmt":"2025-08-08T03:47:09","guid":{"rendered":"https:\/\/24smartcharge.com\/?post_type=product&#038;p=1669"},"modified":"2025-08-18T00:53:08","modified_gmt":"2025-08-18T00:53:08","slug":"secure-multi-device-laptop-tablet-charging-cabinet","status":"publish","type":"product","link":"https:\/\/24smartcharge.com\/pt\/secure-multi-device-laptop-tablet-charging-cabinet\/","title":{"rendered":"Arm\u00e1rio seguro para carregamento de computadores port\u00e1teis e tablets com v\u00e1rios dispositivos"},"content":{"rendered":"<h2 id=\"key-features\">Carater\u00edsticas principais<\/h2>\n<h3 id=\"-universal-compatibility-\"><strong>Compatibilidade universal<\/strong><\/h3>\n<p>Capaz de carregar computadores port\u00e1teis, tablets, Chromebooks e outros dispositivos com ou sem estojos de prote\u00e7\u00e3o. As divis\u00f3rias amov\u00edveis em a\u00e7o permitem espa\u00e7o para equipamento maior ou de forma irregular, como kits STEM, drones ou rob\u00f4s.<\/p>\n<h3 id=\"-safe-power-management-\"><strong>Gest\u00e3o de energia segura<\/strong><\/h3>\n<p>Equipado com\u00a0<strong>Carregamento seguro ECO\u2122<\/strong>\u00a0o arm\u00e1rio de carregamento gere o fluxo de energia para evitar sobrecargas e reduzir o desperd\u00edcio de energia, prolongando a vida \u00fatil dos seus dispositivos.<\/p>\n<h3 id=\"-secure-storage-\"><strong>Armazenamento seguro<\/strong><\/h3>\n<p>Um sistema de bloqueio robusto com compatibilidade com cadeados mant\u00e9m os dispositivos e as fontes de alimenta\u00e7\u00e3o protegidos contra roubo ou utiliza\u00e7\u00e3o n\u00e3o autorizada, proporcionando tranquilidade em ambientes partilhados ou p\u00fablicos.<\/p>\n<h3 id=\"-flexible-power-system-\"><strong>Sistema de energia flex\u00edvel<\/strong><\/h3>\n<p>A extens\u00e3o el\u00e9ctrica em forma de calha desliza para se adaptar a v\u00e1rios tipos de cabos e tamanhos de adaptadores, simplificando a gest\u00e3o de cabos e assegurando um carregamento limpo e organizado.<\/p>\n<h3 id=\"-durable-construction-\"><strong>Constru\u00e7\u00e3o duradoura<\/strong><\/h3>\n<p>Constru\u00eddo com a\u00e7o de alta qualidade e dobradi\u00e7as refor\u00e7adas, o arm\u00e1rio de carregamento foi concebido para utiliza\u00e7\u00e3o di\u00e1ria em ambientes exigentes, oferecendo uma fiabilidade duradoura.<\/p>\n<h3 id=\"-space-efficient-design-\"><strong>Design eficiente em termos de espa\u00e7o<\/strong><\/h3>\n<p>Compacto mas espa\u00e7oso, o arm\u00e1rio maximiza a capacidade ao mesmo tempo que minimiza a utiliza\u00e7\u00e3o do espa\u00e7o no ch\u00e3o, tornando-o f\u00e1cil de integrar em qualquer disposi\u00e7\u00e3o de sala.<\/p>\n<h3 id=\"-long-term-value-\"><strong>Valor a longo prazo<\/strong><\/h3>\n<p>Com a sua constru\u00e7\u00e3o robusta e design inteligente, o arm\u00e1rio de carregamento oferece uma solu\u00e7\u00e3o rent\u00e1vel e de longo prazo, reduzindo a necessidade de substitui\u00e7\u00f5es ou actualiza\u00e7\u00f5es frequentes.<\/p>\n<h2 id=\"benefits-at-a-glance\">Benef\u00edcios num relance<\/h2>\n<ul>\n<li><strong>Carrega at\u00e9 32 dispositivos<\/strong>\u00a0simultaneamente<\/li>\n<li><strong>Suporta v\u00e1rios tamanhos e marcas<\/strong>\u00a0de computadores port\u00e1teis, tablets e Chromebooks<\/li>\n<li><strong>Divis\u00f3rias amov\u00edveis<\/strong>\u00a0para necessidades de armazenamento personalizadas<\/li>\n<li><strong>Gest\u00e3o inteligente da energia<\/strong>\u00a0para prolongar a vida \u00fatil do dispositivo<\/li>\n<li><strong>Portas de a\u00e7o com fecho<\/strong>\u00a0para uma seguran\u00e7a m\u00e1xima<\/li>\n<li><strong>Sistema de cabos organizado<\/strong>\u00a0para f\u00e1cil acesso e manuten\u00e7\u00e3o<\/li>\n<li><strong>Design dur\u00e1vel e profissional<\/strong>\u00a0adequado para v\u00e1rios sectores<\/li>\n<\/ul>\n<h2 id=\"ideal-applications\">Aplica\u00e7\u00f5es ideais<\/h2>\n<ul>\n<li><strong>Educa\u00e7\u00e3o<\/strong>: Mantenha os dispositivos da sala de aula carregados, organizados e seguros<\/li>\n<li><strong>Escrit\u00f3rios da empresa<\/strong>: Gerir computadores port\u00e1teis e tablets para equipas partilhadas ou m\u00f3veis<\/li>\n<li><strong>Bibliotecas e espa\u00e7os p\u00fablicos<\/strong>: Fornecer carregamento seguro para dispositivos comunit\u00e1rios<\/li>\n<li><strong>Instala\u00e7\u00f5es de forma\u00e7\u00e3o<\/strong>: Assegurar que todo o equipamento est\u00e1 ligado e pronto para as sess\u00f5es<\/li>\n<li><strong>Laborat\u00f3rios e oficinas<\/strong>: Armazenar e carregar ferramentas e tecnologias especializadas<\/li>\n<\/ul>\n<p>O\u00a0<strong>Arm\u00e1rio seguro para carregamento de computadores port\u00e1teis e tablets com v\u00e1rios dispositivos<\/strong>\u00a0combina praticidade, seguran\u00e7a e efici\u00eancia, tornando-o um investimento essencial para qualquer ambiente onde v\u00e1rios dispositivos necessitem de armazenamento e carregamento fi\u00e1veis.<\/p>","protected":false},"excerpt":{"rendered":"<p>O arm\u00e1rio de carregamento seguro para computadores port\u00e1teis e tablets com v\u00e1rios dispositivos oferece um carregamento seguro e eficiente para um m\u00e1ximo de 32 dispositivos, incluindo computadores port\u00e1teis, tablets e Chromebooks. Com divis\u00f3rias de a\u00e7o amov\u00edveis, fecho seguro e gest\u00e3o inteligente da energia, este arm\u00e1rio de carregamento garante prote\u00e7\u00e3o, flexibilidade e durabilidade a longo prazo.<\/p>","protected":false},"featured_media":2701,"template":"","meta":{"_kad_post_transparent":"default","_kad_post_title":"","_kad_post_layout":"default","_kad_post_sidebar_id":"","_kad_post_content_style":"default","_kad_post_vertical_padding":"default","_kad_post_feature":"","_kad_post_feature_position":"","_kad_post_header":false,"_kad_post_footer":false},"product_brand":[],"product_cat":[91,93],"product_tag":[122,258,142],"class_list":{"0":"post-1669","1":"product","2":"type-product","3":"status-publish","4":"has-post-thumbnail","6":"product_cat-charging-cabinets","7":"product_cat-30-outputs","8":"product_tag-charging-cabinet","9":"product_tag-multi-device-charging-cabinet","10":"product_tag-secure-charging-cabinet","12":"first","13":"instock","14":"shipping-taxable","15":"product-type-simple","16":"entry","17":"content-bg","18":"loop-entry"},"_links":{"self":[{"href":"https:\/\/24smartcharge.com\/pt\/wp-json\/wp\/v2\/product\/1669","targetHints":{"allow":["GET"]}}],"collection":[{"href":"https:\/\/24smartcharge.com\/pt\/wp-json\/wp\/v2\/product"}],"about":[{"href":"https:\/\/24smartcharge.com\/pt\/wp-json\/wp\/v2\/types\/product"}],"wp:featuredmedia":[{"embeddable":true,"href":"https:\/\/24smartcharge.com\/pt\/wp-json\/wp\/v2\/media\/2701"}],"wp:attachment":[{"href":"https:\/\/24smartcharge.com\/pt\/wp-json\/wp\/v2\/media?parent=1669"}],"wp:term":[{"taxonomy":"product_brand","embeddable":true,"href":"https:\/\/24smartcharge.com\/pt\/wp-json\/wp\/v2\/product_brand?post=1669"},{"taxonomy":"product_cat","embeddable":true,"href":"https:\/\/24smartcharge.com\/pt\/wp-json\/wp\/v2\/product_cat?post=1669"},{"taxonomy":"product_tag","embeddable":true,"href":"https:\/\/24smartcharge.com\/pt\/wp-json\/wp\/v2\/product_tag?post=1669"}],"curies":[{"name":"wp","href":"https:\/\/api.w.org\/{rel}","templated":true}]}}