{"id":1662,"date":"2025-08-08T03:30:54","date_gmt":"2025-08-08T03:30:54","guid":{"rendered":"https:\/\/24smartcharge.com\/?post_type=product&#038;p=1662"},"modified":"2025-08-15T10:27:34","modified_gmt":"2025-08-15T10:27:34","slug":"secure-multi-device-usb-c-charging-cabinet-for-tablets","status":"publish","type":"product","link":"https:\/\/24smartcharge.com\/pt\/secure-multi-device-usb-c-charging-cabinet-for-tablets\/","title":{"rendered":"Arm\u00e1rio de carregamento USB-C seguro para v\u00e1rios dispositivos para tablets"},"content":{"rendered":"<h2 id=\"-optimized-for-tablet-and-ipad-charging-\"><strong>Optimizado para carregamento de tablets e iPads<\/strong><\/h2>\n<p>Este arm\u00e1rio de carregamento foi concebido para carregar at\u00e9\u00a0<strong>10 tablets ou iPads alimentados por USB-C<\/strong>com ou sem estojos de prote\u00e7\u00e3o. Quer esteja a gerir conjuntos de dispositivos de salas de aula, tablets de funcion\u00e1rios ou equipamento hospitalar, garante que cada dispositivo recebe energia consistente, mantendo-se organizado e de f\u00e1cil acesso.<\/p>\n<p>O sistema de carregamento USB-C oferece um fornecimento de energia mais r\u00e1pido e mais eficiente em compara\u00e7\u00e3o com as tecnologias de carregamento mais antigas, garantindo que os dispositivos est\u00e3o prontos a utilizar quando necess\u00e1rio. A gest\u00e3o inteligente de cabos do arm\u00e1rio mant\u00e9m os cabos sem emaranhados e bem colocados, evitando o desgaste.<\/p>\n<h2 id=\"-compact-and-space-saving-design-\"><strong>Design compacto e economizador de espa\u00e7o<\/strong><\/h2>\n<p>Uma das principais vantagens deste arm\u00e1rio de carregamento \u00e9 a sua\u00a0<strong>pegada pequena<\/strong>. Pode ser montado na parede ou colocado numa bancada, transformando at\u00e9 os espa\u00e7os mais pequenos em centros de carregamento seguros. Esta adaptabilidade torna-o perfeito para ambientes onde o espa\u00e7o no ch\u00e3o \u00e9 escasso.<\/p>\n<p>O design leve mas robusto permite que o arm\u00e1rio se integre na perfei\u00e7\u00e3o em salas de aula, escrit\u00f3rios ou esta\u00e7\u00f5es de trabalho, sem sobrecarregar a \u00e1rea. Apesar do seu tamanho compacto, proporciona uma capacidade de carregamento total para 10 dispositivos, o que o torna uma escolha ideal para locais com espa\u00e7o limitado.<\/p>\n<h2 id=\"-security-you-can-trust-\"><strong>Seguran\u00e7a em que pode confiar<\/strong><\/h2>\n<p>Quando se trata de gest\u00e3o de dispositivos, a seguran\u00e7a \u00e9 uma prioridade m\u00e1xima. O arm\u00e1rio de carregamento est\u00e1 equipado com\u00a0<strong>portas de a\u00e7o com fecho<\/strong>\u00a0e um\u00a0<strong>cadeado de a\u00e7o inoxid\u00e1vel<\/strong>\u00a0para proteger dispositivos valiosos contra roubo ou acesso n\u00e3o autorizado. Com pain\u00e9is de a\u00e7o perfurado duradouros, oferece ventila\u00e7\u00e3o e visibilidade, mantendo a resist\u00eancia e a seguran\u00e7a.<\/p>\n<p>Quer seja montado num corredor de uma escola movimentada ou instalado numa sala de TI de uma empresa, este arm\u00e1rio garante que o seu investimento est\u00e1 sempre protegido. O sistema de fecho e chave proporciona tranquilidade, enquanto a sua constru\u00e7\u00e3o robusta resiste \u00e0 manipula\u00e7\u00e3o.<\/p>\n<h2 id=\"-versatile-storage-with-baskets-and-racks-\"><strong>Arruma\u00e7\u00e3o vers\u00e1til com cestos e prateleiras<\/strong><\/h2>\n<p>O arm\u00e1rio de carregamento \u00e9 fornecido de s\u00e9rie com\u00a0<strong>dois cestos para dispositivos duradouros<\/strong>O cesto de transporte de tablets \u00e9 um suporte para o transporte de v\u00e1rios dispositivos, permitindo-lhe transportar rapidamente grupos de tablets para diferentes locais. Cada cesto tem capacidade para v\u00e1rios dispositivos, o que torna a instala\u00e7\u00e3o e a recolha r\u00e1pidas e f\u00e1ceis.<\/p>\n<p>Para tablets maiores ou estojos de prote\u00e7\u00e3o mais espessos, os cestos podem ser removidos e a\u00a0<strong>estantes de pl\u00e1stico<\/strong>\u00a0pode ser utilizado em vez disso. Estas op\u00e7\u00f5es de arruma\u00e7\u00e3o ajust\u00e1veis tornam o arm\u00e1rio adequado para uma variedade de dispositivos e acess\u00f3rios, garantindo flexibilidade para diferentes necessidades dos utilizadores.<\/p>\n<h2 id=\"-cable-management-made-simple-\"><strong>Gest\u00e3o de cabos simplificada<\/strong><\/h2>\n<p>A gest\u00e3o de v\u00e1rios cabos de carregamento pode muitas vezes tornar-se confusa e morosa. Este arm\u00e1rio de carregamento resolve esse problema com\u00a0<strong>funcionalidades integradas de gest\u00e3o de cabos<\/strong>. Os cabos s\u00e3o encaminhados de forma segura atrav\u00e9s do arm\u00e1rio, evitando emaranhados e mantendo-os corretamente no lugar.<\/p>\n<p>O design tamb\u00e9m garante que cada dispositivo tem o seu pr\u00f3prio cabo de carregamento dedicado, reduzindo o desgaste das portas e dos conectores e melhorando a longevidade dos seus dispositivos.<\/p>\n<h2 id=\"-durable-and-long-lasting-construction-\"><strong>Constru\u00e7\u00e3o dur\u00e1vel e de longa dura\u00e7\u00e3o<\/strong><\/h2>\n<p>Constru\u00eddo em a\u00e7o de alta qualidade e refor\u00e7ado com componentes robustos, o arm\u00e1rio de carga \u00e9 feito para durar. Foi concebido para suportar uma utiliza\u00e7\u00e3o di\u00e1ria intensa em ambientes com muito tr\u00e1fego, oferecendo uma acessibilidade a longo prazo ao minimizar a necessidade de repara\u00e7\u00f5es ou substitui\u00e7\u00f5es.<\/p>\n<p>A estrutura robusta resiste a dobras e danos, enquanto o acabamento revestido a p\u00f3 protege contra riscos, garantindo que o arm\u00e1rio mant\u00e9m o seu aspeto profissional ao longo do tempo.<\/p>\n<h2 id=\"-improved-workflow-and-efficiency-\"><strong>Melhoria do fluxo de trabalho e da efici\u00eancia<\/strong><\/h2>\n<p>Ao organizar, proteger e carregar v\u00e1rios dispositivos numa localiza\u00e7\u00e3o central, o arm\u00e1rio de carregamento simplifica a gest\u00e3o de dispositivos. Os professores, o pessoal de TI e os administradores poupam tempo que, de outra forma, seria gasto a procurar carregadores, a desembara\u00e7ar cabos ou a substituir dispositivos perdidos.<\/p>\n<p>Os cestos simplificam a distribui\u00e7\u00e3o e a recolha de dispositivos, enquanto o design compacto mant\u00e9m o processo de carregamento centralizado e acess\u00edvel.<\/p>\n<h2 id=\"-ventilation-for-device-safety-\"><strong>Ventila\u00e7\u00e3o para seguran\u00e7a do aparelho<\/strong><\/h2>\n<p>O sobreaquecimento pode ser um problema grave quando se carregam v\u00e1rios dispositivos num espa\u00e7o confinado. O arm\u00e1rio de carregamento\u00a0<strong>pain\u00e9is ventilados<\/strong>\u00a0permitem um fluxo de ar \u00f3timo, ajudando a manter os dispositivos frescos durante o carregamento. Este design reduz o risco de danos causados pelo calor e garante que o desempenho do carregamento n\u00e3o \u00e9 comprometido.<\/p>\n<h2 id=\"-ideal-for-multiple-environments-\"><strong>Ideal para v\u00e1rios ambientes<\/strong><\/h2>\n<p>A versatilidade do arm\u00e1rio de carregamento seguro multidispositivo USB-C para tablets torna-o adequado para uma variedade de configura\u00e7\u00f5es:<\/p>\n<ul>\n<li><strong>Forma\u00e7\u00e3o acad\u00e9mica:<\/strong>\u00a0Perfeito para escolas e universidades que gerem conjuntos de tablets em salas de aula, permitindo uma r\u00e1pida distribui\u00e7\u00e3o de dispositivos e um armazenamento seguro entre turmas.<\/li>\n<li><strong>Escrit\u00f3rios da empresa:<\/strong>\u00a0Mant\u00e9m os dispositivos de trabalho organizados e carregados para reuni\u00f5es, apresenta\u00e7\u00f5es ou utiliza\u00e7\u00e3o pelos funcion\u00e1rios.<\/li>\n<li><strong>Cuidados de sa\u00fade:<\/strong>\u00a0Armazena e carrega os tablets utilizados para check-ins de pacientes, registos m\u00e9dicos ou cuidados de cabeceira.<\/li>\n<li><strong>Hospitalidade:<\/strong>\u00a0Ideal para centros de confer\u00eancias, hot\u00e9is ou locais de eventos que oferecem tablets para h\u00f3spedes ou menus digitais.<\/li>\n<li><strong>Retalho:<\/strong>\u00a0Mant\u00e9m os tablets dos pontos de venda carregados e prontos para as horas de expediente.<\/li>\n<\/ul>\n<h2 id=\"-long-term-affordability-\"><strong>Acessibilidade a longo prazo<\/strong><\/h2>\n<p>Este arm\u00e1rio de carga oferece um excelente valor ao combinar uma constru\u00e7\u00e3o de qualidade com uma utiliza\u00e7\u00e3o a longo prazo. A sua constru\u00e7\u00e3o robusta minimiza os custos de repara\u00e7\u00e3o, enquanto os cestos e prateleiras inclu\u00eddos proporcionam adaptabilidade sem necessidade de compras adicionais. Ao centralizar o carregamento e o armazenamento, reduz o risco de perda ou danos nos dispositivos - poupando dinheiro a longo prazo.<\/p>\n<h2 id=\"-easy-installation-and-setup-\"><strong>Instala\u00e7\u00e3o e configura\u00e7\u00e3o f\u00e1ceis<\/strong><\/h2>\n<p>O arm\u00e1rio de carregamento foi concebido para uma instala\u00e7\u00e3o sem problemas. Quer seja montado na parede ou colocado num balc\u00e3o, a configura\u00e7\u00e3o \u00e9 simples e o arm\u00e1rio est\u00e1 pronto a ser utilizado de imediato. Os orif\u00edcios de montagem pr\u00e9-perfurados e os suportes seguros garantem estabilidade, enquanto o sistema de gest\u00e3o de cabos \u00e9 simples de configurar.<\/p>\n<h2 id=\"-warranty-and-support-\"><strong>Garantia e assist\u00eancia<\/strong><\/h2>\n<p>Apoiado por um\u00a0<strong>garantia robusta<\/strong>\u00a0e apoiado por uma equipa dedicada de assist\u00eancia ao cliente, o arm\u00e1rio de carregamento garante a prote\u00e7\u00e3o do seu investimento. Caso surja algum problema, a assist\u00eancia profissional e as pe\u00e7as de substitui\u00e7\u00e3o est\u00e3o prontamente dispon\u00edveis.<\/p>\n<h2 id=\"-key-features-at-a-glance-\"><strong>Principais carater\u00edsticas num relance<\/strong><\/h2>\n<ul>\n<li><strong>Capacidade:<\/strong>\u00a0Carrega at\u00e9 10 tablets ou iPads USB-C, com ou sem capa<\/li>\n<li><strong>Seguran\u00e7a:<\/strong>\u00a0Portas de a\u00e7o bloque\u00e1veis com cadeado de a\u00e7o inoxid\u00e1vel<\/li>\n<li><strong>Op\u00e7\u00f5es de armazenamento:<\/strong>\u00a0Inclui 2 cestos amov\u00edveis e prateleiras de pl\u00e1stico<\/li>\n<li><strong>Gest\u00e3o de cabos:<\/strong>\u00a0O sistema integrado mant\u00e9m os cabos organizados e seguros<\/li>\n<li><strong>Conce\u00e7\u00e3o:<\/strong>\u00a0Compacto, pode ser montado na parede ou em bancada<\/li>\n<li><strong>Ventila\u00e7\u00e3o:<\/strong>\u00a0Pain\u00e9is perfurados para fluxo de ar e arrefecimento<\/li>\n<li><strong>Durabilidade:<\/strong>\u00a0Constru\u00e7\u00e3o em a\u00e7o com acabamento resistente a riscos<\/li>\n<li><strong>Apoio:<\/strong>\u00a0Apoiado por uma garantia robusta e um servi\u00e7o de apoio ao cliente<\/li>\n<\/ul>\n<h2 id=\"-why-choose-the-secure-multi-device-usb-c-charging-cabinet-for-tablets-\"><strong>Porqu\u00ea escolher o arm\u00e1rio de carregamento USB-C seguro para v\u00e1rios dispositivos para tablets?<\/strong><\/h2>\n<p>Num mundo em que os tablets s\u00e3o ferramentas essenciais para a aprendizagem, o trabalho e o servi\u00e7o ao cliente, \u00e9 crucial mant\u00ea-los carregados, organizados e protegidos. Este arm\u00e1rio de carregamento oferece uma comodidade tudo-em-um - seguran\u00e7a, carregamento eficiente e armazenamento flex\u00edvel - ocupando um espa\u00e7o m\u00ednimo.<\/p>\n<p>O seu design cuidado e a sua constru\u00e7\u00e3o duradoura fazem dele uma escolha inteligente para qualquer ambiente em que a tecnologia fa\u00e7a parte do fluxo de trabalho di\u00e1rio. Com a sua combina\u00e7\u00e3o de seguran\u00e7a robusta, acesso f\u00e1cil aos dispositivos e desempenho de carregamento fi\u00e1vel, garante que os seus dispositivos est\u00e3o sempre prontos quando precisa deles.<\/p>","protected":false},"excerpt":{"rendered":"<p>O arm\u00e1rio de carregamento USB-C multidispositivo seguro para tablets oferece um carregamento seguro e eficiente para at\u00e9 10 tablets ou iPads USB-C, com ou sem capas. Com portas de a\u00e7o com fecho, cestos amov\u00edveis e um design compacto, este arm\u00e1rio de carregamento \u00e9 perfeito para uma gest\u00e3o de dispositivos organizada, segura e que poupa espa\u00e7o.<\/p>","protected":false},"featured_media":2524,"template":"","meta":{"_kad_post_transparent":"default","_kad_post_title":"","_kad_post_layout":"default","_kad_post_sidebar_id":"","_kad_post_content_style":"default","_kad_post_vertical_padding":"default","_kad_post_feature":"","_kad_post_feature_position":"","_kad_post_header":false,"_kad_post_footer":false},"product_brand":[],"product_cat":[91],"product_tag":[122,257,256],"class_list":{"0":"post-1662","1":"product","2":"type-product","3":"status-publish","4":"has-post-thumbnail","6":"product_cat-charging-cabinets","7":"product_tag-charging-cabinet","8":"product_tag-secure-device-charging","9":"product_tag-usb-c-tablet-storage","11":"first","12":"instock","13":"shipping-taxable","14":"product-type-simple","15":"entry","16":"content-bg","17":"loop-entry"},"_links":{"self":[{"href":"https:\/\/24smartcharge.com\/pt\/wp-json\/wp\/v2\/product\/1662","targetHints":{"allow":["GET"]}}],"collection":[{"href":"https:\/\/24smartcharge.com\/pt\/wp-json\/wp\/v2\/product"}],"about":[{"href":"https:\/\/24smartcharge.com\/pt\/wp-json\/wp\/v2\/types\/product"}],"wp:featuredmedia":[{"embeddable":true,"href":"https:\/\/24smartcharge.com\/pt\/wp-json\/wp\/v2\/media\/2524"}],"wp:attachment":[{"href":"https:\/\/24smartcharge.com\/pt\/wp-json\/wp\/v2\/media?parent=1662"}],"wp:term":[{"taxonomy":"product_brand","embeddable":true,"href":"https:\/\/24smartcharge.com\/pt\/wp-json\/wp\/v2\/product_brand?post=1662"},{"taxonomy":"product_cat","embeddable":true,"href":"https:\/\/24smartcharge.com\/pt\/wp-json\/wp\/v2\/product_cat?post=1662"},{"taxonomy":"product_tag","embeddable":true,"href":"https:\/\/24smartcharge.com\/pt\/wp-json\/wp\/v2\/product_tag?post=1662"}],"curies":[{"name":"wp","href":"https:\/\/api.w.org\/{rel}","templated":true}]}}