{"id":1658,"date":"2025-08-08T03:24:25","date_gmt":"2025-08-08T03:24:25","guid":{"rendered":"https:\/\/24smartcharge.com\/?post_type=product&#038;p=1658"},"modified":"2025-08-15T10:17:55","modified_gmt":"2025-08-15T10:17:55","slug":"secure-multi-device-charging-cabinet-for-tablets","status":"publish","type":"product","link":"https:\/\/24smartcharge.com\/pt\/secure-multi-device-charging-cabinet-for-tablets\/","title":{"rendered":"Arm\u00e1rio de carregamento seguro para v\u00e1rios dispositivos para tablets"},"content":{"rendered":"<h1 id=\"secure-multi-device-charging-cabinet-for-tablets\">Arm\u00e1rio de carregamento seguro para v\u00e1rios dispositivos para tablets<\/h1>\n<p>O\u00a0<strong>Arm\u00e1rio de carregamento seguro para v\u00e1rios dispositivos para tablets<\/strong>\u00a0\u00e9 uma solu\u00e7\u00e3o compacta, eficiente e altamente segura, concebida para carregar, armazenar e proteger v\u00e1rios tablets ou dispositivos port\u00e1teis numa localiza\u00e7\u00e3o centralizada. Concebido para institui\u00e7\u00f5es de ensino, escrit\u00f3rios, instala\u00e7\u00f5es de cuidados de sa\u00fade e qualquer ambiente em que os tablets fa\u00e7am parte das opera\u00e7\u00f5es di\u00e1rias, este arm\u00e1rio de carregamento oferece um equil\u00edbrio entre um design econ\u00f3mico em termos de espa\u00e7o, capacidade de carregamento r\u00e1pido e seguran\u00e7a robusta.<\/p>\n<h2 id=\"-overview-\"><strong>Vis\u00e3o geral<\/strong><\/h2>\n<p>Gerir v\u00e1rios dispositivos pode ser um desafio log\u00edstico. O arm\u00e1rio de carregamento seguro de v\u00e1rios dispositivos para tablets foi concebido para tornar este processo simples, seguro e eficiente em termos de espa\u00e7o. Capaz de carregar at\u00e9 8 tablets em simult\u00e2neo, este arm\u00e1rio proporciona uma arruma\u00e7\u00e3o organizada, seguran\u00e7a incorporada e carregamento de alta velocidade - tudo isto mantendo uma pegada m\u00ednima. Quer seja montado numa parede ou colocado numa bancada, transforma qualquer \u00e1rea num centro de gest\u00e3o de dispositivos seguro.<\/p>\n<h2 id=\"-key-features-\"><strong>Carater\u00edsticas principais<\/strong><\/h2>\n<h3 id=\"-1-tablet-and-handheld-device-compatibility-\"><strong>1. Compatibilidade com tablets e dispositivos port\u00e1teis<\/strong><\/h3>\n<p>Este arm\u00e1rio de carregamento suporta uma vasta gama de tablets com alimenta\u00e7\u00e3o Lightning, incluindo iPads, com ou sem estojos de prote\u00e7\u00e3o. Os seus compartimentos ajust\u00e1veis acomodam v\u00e1rios tamanhos de dispositivos, garantindo flexibilidade para diferentes necessidades dos utilizadores. As ranhuras de carregamento est\u00e3o dispostas de forma organizada com cabos pr\u00e9-instalados, facilitando a inser\u00e7\u00e3o e o carregamento de dispositivos sem confus\u00e3o de cabos.<\/p>\n<h3 id=\"-2-small-footprint-maximum-efficiency-\"><strong>2. Pegada pequena, efici\u00eancia m\u00e1xima<\/strong><\/h3>\n<p>Concebido a pensar na poupan\u00e7a de espa\u00e7o, o arm\u00e1rio de carregamento pode ser montado na parede ou colocado numa superf\u00edcie. Transforma qualquer parede ou bancada numa esta\u00e7\u00e3o de carregamento segura sem consumir espa\u00e7o excessivo. A sua forma compacta torna-o perfeito para ambientes onde o espa\u00e7o \u00e9 limitado, como salas de aula, salas de pessoal ou \u00e1reas de rece\u00e7\u00e3o.<\/p>\n<h3 id=\"-3-ultra-secure-locking-system-\"><strong>3. Sistema de fecho ultra-seguro<\/strong><\/h3>\n<p>A seguran\u00e7a \u00e9 uma prioridade m\u00e1xima. O arm\u00e1rio de carregamento est\u00e1 equipado com um cadeado de combina\u00e7\u00e3o integrado, eliminando a necessidade de chaves e proporcionando uma forte prote\u00e7\u00e3o contra roubo. Os dispositivos s\u00e3o armazenados num compartimento trancado, protegendo o seu investimento contra o acesso n\u00e3o autorizado. A constru\u00e7\u00e3o robusta em a\u00e7o acrescenta uma camada extra de durabilidade e prote\u00e7\u00e3o.<\/p>\n<h3 id=\"-4-affordable-without-compromise-\"><strong>4. Acess\u00edvel sem compromissos<\/strong><\/h3>\n<p>A qualidade e a seguran\u00e7a n\u00e3o t\u00eam de ter um pre\u00e7o elevado. Este arm\u00e1rio de carregamento oferece uma solu\u00e7\u00e3o econ\u00f3mica sem sacrificar a qualidade de constru\u00e7\u00e3o ou as funcionalidades essenciais. \u00c9 a escolha ideal para organiza\u00e7\u00f5es que necessitam de uma gest\u00e3o eficiente dos dispositivos, mantendo-se dentro do or\u00e7amento.<\/p>\n<h3 id=\"-5-efficient-2-4a-charging-for-every-slot-\"><strong>5. Carregamento eficiente de 2,4A para cada ranhura<\/strong><\/h3>\n<p>Cada porta de carregamento fornece at\u00e9 2,4 amperes, permitindo que todos os dispositivos sejam carregados de forma r\u00e1pida e eficiente - mesmo quando os 8 compartimentos est\u00e3o a ser utilizados. Isto garante que os seus tablets est\u00e3o prontos a utilizar quando precisa deles, reduzindo o tempo de inatividade e melhorando a produtividade.<\/p>\n<h3 id=\"-6-robust-warranty-and-support-\"><strong>6. Garantia e suporte robustos<\/strong><\/h3>\n<p>Para maior tranquilidade, o arm\u00e1rio de carregamento inclui uma garantia s\u00f3lida apoiada por uma equipa de apoio ao cliente dedicada. No caso de quaisquer problemas t\u00e9cnicos ou preocupa\u00e7\u00f5es com o produto, a ajuda est\u00e1 prontamente dispon\u00edvel.<\/p>\n<h2 id=\"-design-build-quality-\"><strong>Qualidade de conce\u00e7\u00e3o e constru\u00e7\u00e3o<\/strong><\/h2>\n<p>O arm\u00e1rio de carregamento apresenta um design elegante e moderno com uma estrutura met\u00e1lica robusta. O painel frontal incorpora um padr\u00e3o perfurado para ventila\u00e7\u00e3o, garantindo que os dispositivos permanecem frescos durante o carregamento. Um sistema intuitivo de numera\u00e7\u00e3o de ranhuras ajuda os utilizadores a identificar e a recuperar rapidamente os dispositivos que lhes foram atribu\u00eddos. Os indicadores de estado verdes e vermelhos ajudam a controlar a coloca\u00e7\u00e3o dos dispositivos.<\/p>\n<p>O interior est\u00e1 bem organizado, com cabos de carregamento fixos encaminhados corretamente atrav\u00e9s de cada ranhura. Isto evita o emaranhamento, mant\u00e9m os cabos no s\u00edtio e mant\u00e9m um aspeto limpo e profissional.<\/p>\n<h2 id=\"-practical-applications-\"><strong>Aplica\u00e7\u00f5es pr\u00e1ticas<\/strong><\/h2>\n<ul>\n<li><strong>Forma\u00e7\u00e3o acad\u00e9mica:<\/strong>\u00a0Mant\u00e9m os tablets dos alunos seguros, carregados e prontos para as aulas, reduzindo o tempo de inatividade e evitando a perda de dispositivos.<\/li>\n<li><strong>Neg\u00f3cios e empresas:<\/strong>\u00a0Garante que os tablets utilizados para apresenta\u00e7\u00f5es, intera\u00e7\u00f5es com clientes ou opera\u00e7\u00f5es di\u00e1rias est\u00e3o sempre ligados.<\/li>\n<li><strong>Cuidados de sa\u00fade:<\/strong>\u00a0Proporciona uma solu\u00e7\u00e3o de armazenamento segura e higi\u00e9nica para tablets utilizados nos cuidados, administra\u00e7\u00e3o ou diagn\u00f3stico de doentes.<\/li>\n<li><strong>Hospitalidade:<\/strong>\u00a0Perfeito para hot\u00e9is, restaurantes ou centros de confer\u00eancias que disponibilizam tablets para utiliza\u00e7\u00e3o dos h\u00f3spedes ou para opera\u00e7\u00f5es.<\/li>\n<li><strong>Retalho:<\/strong>\u00a0Mant\u00e9m os tablets POS carregados e prontos a utilizar durante o hor\u00e1rio de expediente.<\/li>\n<\/ul>\n<h2 id=\"-benefits-at-a-glance-\"><strong>Benef\u00edcios num relance<\/strong><\/h2>\n<ol>\n<li><strong>Armazenamento organizado<\/strong>\u00a0- Compartimentos organizados com ranhuras etiquetadas mant\u00eam os dispositivos f\u00e1ceis de localizar.<\/li>\n<li><strong>Carregamento r\u00e1pido<\/strong>\u00a0- 2,4 A por porta para um carregamento simult\u00e2neo e eficiente.<\/li>\n<li><strong>Alta seguran\u00e7a<\/strong>\u00a0- O cadeado de combina\u00e7\u00e3o e a constru\u00e7\u00e3o duradoura protegem contra o roubo.<\/li>\n<li><strong>Tamanho compacto<\/strong>\u00a0- Adapta-se facilmente a balc\u00f5es ou pode ser montado na parede para maior efici\u00eancia de espa\u00e7o.<\/li>\n<li><strong>Compatibilidade vers\u00e1til<\/strong>\u00a0- Funciona com v\u00e1rios dispositivos alimentados por Lightning.<\/li>\n<li><strong>Gest\u00e3o de cabos<\/strong>\u00a0- A passagem de cabos incorporada mant\u00e9m o interior arrumado.<\/li>\n<\/ol>\n<h2 id=\"-why-choose-this-charging-cabinet-\"><strong>Porqu\u00ea escolher este arm\u00e1rio de carga?<\/strong><\/h2>\n<p>Em ambientes onde o tempo, a seguran\u00e7a dos dispositivos e a efici\u00eancia s\u00e3o importantes, o arm\u00e1rio de carregamento seguro para v\u00e1rios dispositivos para tablets oferece uma solu\u00e7\u00e3o completa. Minimiza o inc\u00f3modo de gerir v\u00e1rios carregadores e tomadas, ao mesmo tempo que protege os seus dispositivos. O seu design de f\u00e1cil utiliza\u00e7\u00e3o garante um acesso f\u00e1cil quando necess\u00e1rio e um armazenamento seguro quando n\u00e3o est\u00e1 a ser utilizado.<\/p>\n<p>Para institui\u00e7\u00f5es e empresas que dependem de tablets todos os dias, este arm\u00e1rio de carregamento proporciona fiabilidade, velocidade e tranquilidade - tornando-se um investimento essencial para uma gest\u00e3o simplificada dos dispositivos.<\/p>","protected":false},"excerpt":{"rendered":"<p>O arm\u00e1rio de carregamento seguro para v\u00e1rios dispositivos para tablets oferece um carregamento organizado e simult\u00e2neo para at\u00e9 8 dispositivos. Com um design compacto, carregamento eficiente de 2,4 A e seguran\u00e7a de bloqueio de combina\u00e7\u00e3o, mant\u00e9m os tablets seguros, alimentados e prontos, poupando espa\u00e7o em salas de aula, escrit\u00f3rios ou \u00e1reas p\u00fablicas.<\/p>","protected":false},"featured_media":2514,"template":"","meta":{"_kad_post_transparent":"default","_kad_post_title":"","_kad_post_layout":"default","_kad_post_sidebar_id":"","_kad_post_content_style":"default","_kad_post_vertical_padding":"default","_kad_post_feature":"","_kad_post_feature_position":"","_kad_post_header":false,"_kad_post_footer":false},"product_brand":[],"product_cat":[91],"product_tag":[122,120,161],"class_list":{"0":"post-1658","1":"product","2":"type-product","3":"status-publish","4":"has-post-thumbnail","6":"product_cat-charging-cabinets","7":"product_tag-charging-cabinet","8":"product_tag-secure-device-storage","9":"product_tag-tablet-charging-station","11":"first","12":"instock","13":"shipping-taxable","14":"product-type-simple","15":"entry","16":"content-bg","17":"loop-entry"},"_links":{"self":[{"href":"https:\/\/24smartcharge.com\/pt\/wp-json\/wp\/v2\/product\/1658","targetHints":{"allow":["GET"]}}],"collection":[{"href":"https:\/\/24smartcharge.com\/pt\/wp-json\/wp\/v2\/product"}],"about":[{"href":"https:\/\/24smartcharge.com\/pt\/wp-json\/wp\/v2\/types\/product"}],"wp:featuredmedia":[{"embeddable":true,"href":"https:\/\/24smartcharge.com\/pt\/wp-json\/wp\/v2\/media\/2514"}],"wp:attachment":[{"href":"https:\/\/24smartcharge.com\/pt\/wp-json\/wp\/v2\/media?parent=1658"}],"wp:term":[{"taxonomy":"product_brand","embeddable":true,"href":"https:\/\/24smartcharge.com\/pt\/wp-json\/wp\/v2\/product_brand?post=1658"},{"taxonomy":"product_cat","embeddable":true,"href":"https:\/\/24smartcharge.com\/pt\/wp-json\/wp\/v2\/product_cat?post=1658"},{"taxonomy":"product_tag","embeddable":true,"href":"https:\/\/24smartcharge.com\/pt\/wp-json\/wp\/v2\/product_tag?post=1658"}],"curies":[{"name":"wp","href":"https:\/\/api.w.org\/{rel}","templated":true}]}}