{"id":1651,"date":"2025-08-08T03:16:54","date_gmt":"2025-08-08T03:16:54","guid":{"rendered":"https:\/\/24smartcharge.com\/?post_type=product&#038;p=1651"},"modified":"2025-08-15T09:56:59","modified_gmt":"2025-08-15T09:56:59","slug":"secure-multi-device-usb-c-charging-cabinet-for-laptops","status":"publish","type":"product","link":"https:\/\/24smartcharge.com\/pt\/secure-multi-device-usb-c-charging-cabinet-for-laptops\/","title":{"rendered":"Arm\u00e1rio de carregamento USB-C seguro para v\u00e1rios dispositivos"},"content":{"rendered":"<h2 id=\"key-features\">Carater\u00edsticas principais<\/h2>\n<h3 id=\"-1-multi-device-charging-\"><strong>1. Carregamento de v\u00e1rios dispositivos<\/strong><\/h3>\n<p>Equipado com tecnologia USB-C avan\u00e7ada, o arm\u00e1rio de carregamento proporciona um carregamento consistente e de alta velocidade a v\u00e1rios computadores port\u00e1teis ou tablets em simult\u00e2neo. Isto garante que cada dispositivo est\u00e1 ligado e pronto quando necess\u00e1rio.<\/p>\n<h3 id=\"-2-secure-storage-\"><strong>2. Armazenamento seguro<\/strong><\/h3>\n<p>Uma porta com fechadura e uma constru\u00e7\u00e3o em a\u00e7o refor\u00e7ado protegem os dispositivos contra acesso n\u00e3o autorizado ou roubo. Perfeito para espa\u00e7os p\u00fablicos ou partilhados onde a seguran\u00e7a do equipamento \u00e9 uma prioridade.<\/p>\n<h3 id=\"-3-organized-cable-management-\"><strong>3. Gest\u00e3o organizada dos cabos<\/strong><\/h3>\n<p>O encaminhamento integrado dos cabos mant\u00e9m os cabos de carregamento firmemente no lugar, evitando emaranhados e danos e mantendo um interior limpo e sem confus\u00e3o.<\/p>\n<h3 id=\"-4-compact-space-saving-design-\"><strong>4. Design compacto e economizador de espa\u00e7o<\/strong><\/h3>\n<p>A sua estrutura elegante e vertical optimiza o espa\u00e7o, permitindo que o arm\u00e1rio caiba facilmente em salas de aula, salas de reuni\u00f5es ou corredores sem obstruir o movimento.<\/p>\n<h3 id=\"-5-durable-build-\"><strong>5. Constru\u00e7\u00e3o duradoura<\/strong><\/h3>\n<p>Constru\u00eddo com materiais de alta qualidade, o arm\u00e1rio resiste ao desgaste di\u00e1rio, mantendo o seu aspeto profissional.<\/p>\n<h3 id=\"-6-easy-device-access-\"><strong>6. F\u00e1cil acesso ao dispositivo<\/strong><\/h3>\n<p>As portas de abertura suave e os compartimentos claramente assinalados tornam r\u00e1pida e f\u00e1cil a recupera\u00e7\u00e3o ou devolu\u00e7\u00e3o de dispositivos, reduzindo o tempo de inatividade em ambientes movimentados.<\/p>\n<h2 id=\"benefits\">Benef\u00edcios<\/h2>\n<ul>\n<li><strong>Gest\u00e3o eficiente de dispositivos<\/strong>\u00a0- Carregue e guarde v\u00e1rios computadores port\u00e1teis numa localiza\u00e7\u00e3o centralizada.<\/li>\n<li><strong>Seguran\u00e7a refor\u00e7ada<\/strong>\u00a0- Mantenha os dispositivos seguros com mecanismos de bloqueio fortes.<\/li>\n<li><strong>Configura\u00e7\u00e3o que poupa tempo<\/strong>\u00a0- A gest\u00e3o de cabos incorporada elimina o inc\u00f3modo de fios emaranhados.<\/li>\n<li><strong>Aplica\u00e7\u00f5es vers\u00e1teis<\/strong>\u00a0- Adequado para educa\u00e7\u00e3o, empresas, centros de forma\u00e7\u00e3o e ambientes de TI.<\/li>\n<\/ul>\n<h2 id=\"applications\">Aplica\u00e7\u00f5es<\/h2>\n<ul>\n<li><strong>Institui\u00e7\u00f5es de ensino<\/strong>\u00a0- Gerir os computadores port\u00e1teis e tablets dos alunos de forma segura.<\/li>\n<li><strong>Escrit\u00f3rios da empresa<\/strong>\u00a0- Fornecer aos empregados dispositivos carregados para reuni\u00f5es e trabalho remoto.<\/li>\n<li><strong>Instala\u00e7\u00f5es p\u00fablicas<\/strong>\u00a0- Oferecer carregamento e armazenamento em bibliotecas, laborat\u00f3rios ou centros comunit\u00e1rios.<\/li>\n<\/ul>\n<p>O\u00a0<strong>Arm\u00e1rio de carregamento USB-C seguro para v\u00e1rios dispositivos<\/strong>\u00a0combina prote\u00e7\u00e3o, organiza\u00e7\u00e3o e efici\u00eancia de carregamento numa \u00fanica unidade compacta, o que a torna uma ferramenta essencial para qualquer ambiente centrado na tecnologia.<\/p>","protected":false},"excerpt":{"rendered":"<article class=\"text-token-text-primary w-full focus:outline-none scroll-mt-[calc(var(--header-height)+min(200px,max(70px,20svh)))]\" dir=\"auto\" tabindex=\"-1\" data-turn-id=\"request-WEB:30d9a8e8-c3a5-4b34-b19b-0283050c5e97-1\" data-testid=\"conversation-turn-4\" data-scroll-anchor=\"false\" data-turn=\"assistant\">\n<div class=\"text-base my-auto mx-auto [--thread-content-margin:--spacing(4)] @[37rem]:[--thread-content-margin:--spacing(6)] @[72rem]:[--thread-content-margin:--spacing(16)] px-(--thread-content-margin)\">\n<div class=\"[--thread-content-max-width:32rem] @[34rem]:[--thread-content-max-width:40rem] @[64rem]:[--thread-content-max-width:48rem] mx-auto max-w-(--thread-content-max-width) flex-1 group\/turn-messages focus-visible:outline-hidden relative flex w-full min-w-0 flex-col agent-turn\" tabindex=\"-1\">\n<div class=\"flex max-w-full flex-col grow\">\n<div class=\"min-h-8 text-message relative flex w-full flex-col items-end gap-2 text-start break-words whitespace-normal [.text-message+&amp;]:mt-5\" dir=\"auto\" data-message-author-role=\"assistant\" data-message-id=\"050baba3-7cc8-4658-8b7d-dc4fe16b0a6f\" data-message-model-slug=\"gpt-5\">\n<div class=\"flex w-full flex-col gap-1 empty:hidden first:pt-[3px]\">\n<div class=\"markdown prose dark:prose-invert w-full break-words light markdown-new-styling\">\n<p data-start=\"0\" data-end=\"300\" data-is-last-node=\"\" data-is-only-node=\"\">Este arm\u00e1rio de carregamento USB-C seguro para v\u00e1rios dispositivos foi concebido para carregar, armazenar e proteger at\u00e9 8 ou 16 tablets, computadores port\u00e1teis, Chromebooks ou dispositivos port\u00e1teis. Com ranhuras numeradas, prateleiras amov\u00edveis, prote\u00e7\u00e3o contra temperaturas excessivas e uma constru\u00e7\u00e3o robusta em a\u00e7o, garante um carregamento seguro e eficiente.<\/p>\n<\/div>\n<\/div>\n<\/div>\n<\/div>\n<div class=\"flex min-h-[46px] justify-start\">\n<div class=\"touch:-me-2 touch:-ms-3.5 -ms-2.5 -me-1 flex flex-wrap items-center gap-y-4 p-1 select-none touch:w-[calc(100%+--spacing(3.5))] -mt-1 w-[calc(100%+--spacing(2.5))] duration-[1.5s] focus-within:transition-none hover:transition-none pointer-events-none [mask-image:linear-gradient(to_right,black_33%,transparent_66%)] [mask-size:300%_100%] [mask-position:100%_0%] motion-safe:transition-[mask-position] group-hover\/turn-messages:pointer-events-auto group-hover\/turn-messages:[mask-position:0_0] group-focus-within\/turn-messages:pointer-events-auto group-focus-within\/turn-messages:[mask-position:0_0] has-data-[state=open]:pointer-events-auto has-data-[state=open]:[mask-position:0_0]\"><\/div>\n<\/div>\n<\/div>\n<\/div>\n<\/article>\n<article class=\"text-token-text-primary w-full focus:outline-none scroll-mt-(--header-height)\" dir=\"auto\" tabindex=\"-1\" data-turn-id=\"6bd9d7a7-96da-44dc-9625-0b74ea61b15f\" data-testid=\"conversation-turn-5\" data-scroll-anchor=\"false\" data-turn=\"user\">\n<h5 class=\"sr-only\"><\/h5>\n<\/article>","protected":false},"featured_media":2496,"template":"","meta":{"_kad_post_transparent":"default","_kad_post_title":"","_kad_post_layout":"default","_kad_post_sidebar_id":"","_kad_post_content_style":"default","_kad_post_vertical_padding":"default","_kad_post_feature":"","_kad_post_feature_position":"","_kad_post_header":false,"_kad_post_footer":false},"product_brand":[],"product_cat":[91],"product_tag":[122,147,124],"class_list":{"0":"post-1651","1":"product","2":"type-product","3":"status-publish","4":"has-post-thumbnail","6":"product_cat-charging-cabinets","7":"product_tag-charging-cabinet","8":"product_tag-multi-device-charging","9":"product_tag-usb-c-charging-station","11":"first","12":"instock","13":"shipping-taxable","14":"product-type-simple","15":"entry","16":"content-bg","17":"loop-entry"},"_links":{"self":[{"href":"https:\/\/24smartcharge.com\/pt\/wp-json\/wp\/v2\/product\/1651","targetHints":{"allow":["GET"]}}],"collection":[{"href":"https:\/\/24smartcharge.com\/pt\/wp-json\/wp\/v2\/product"}],"about":[{"href":"https:\/\/24smartcharge.com\/pt\/wp-json\/wp\/v2\/types\/product"}],"wp:featuredmedia":[{"embeddable":true,"href":"https:\/\/24smartcharge.com\/pt\/wp-json\/wp\/v2\/media\/2496"}],"wp:attachment":[{"href":"https:\/\/24smartcharge.com\/pt\/wp-json\/wp\/v2\/media?parent=1651"}],"wp:term":[{"taxonomy":"product_brand","embeddable":true,"href":"https:\/\/24smartcharge.com\/pt\/wp-json\/wp\/v2\/product_brand?post=1651"},{"taxonomy":"product_cat","embeddable":true,"href":"https:\/\/24smartcharge.com\/pt\/wp-json\/wp\/v2\/product_cat?post=1651"},{"taxonomy":"product_tag","embeddable":true,"href":"https:\/\/24smartcharge.com\/pt\/wp-json\/wp\/v2\/product_tag?post=1651"}],"curies":[{"name":"wp","href":"https:\/\/api.w.org\/{rel}","templated":true}]}}