{"id":1497,"date":"2025-08-07T07:30:12","date_gmt":"2025-08-07T07:30:12","guid":{"rendered":"https:\/\/24smartcharge.com\/?post_type=product&#038;p=1497"},"modified":"2025-08-07T07:30:12","modified_gmt":"2025-08-07T07:30:12","slug":"oit-3-outlet-rackmount-basic-power-distribution-unit-30a","status":"publish","type":"product","link":"https:\/\/24smartcharge.com\/pt\/oit-3-outlet-rackmount-basic-power-distribution-unit-30a\/","title":{"rendered":"Unidade de distribui\u00e7\u00e3o de energia b\u00e1sica de montagem em bastidor de 3 sa\u00eddas da OIT, 30A"},"content":{"rendered":"<h3 id=\"oit-3-outlet-rackmount-basic-power-distribution-unit-30a\">Unidade de distribui\u00e7\u00e3o de energia b\u00e1sica de montagem em bastidor de 3 sa\u00eddas da OIT, 30A<\/h3>\n<p>Em qualquer ambiente profissional onde a energia fi\u00e1vel n\u00e3o \u00e9 apenas uma conveni\u00eancia, mas uma necessidade cr\u00edtica - como centros de dados, salas de servidores e ambientes industriais - a gest\u00e3o e distribui\u00e7\u00e3o eficazes da eletricidade s\u00e3o fundamentais. A unidade de distribui\u00e7\u00e3o de energia b\u00e1sica de montagem em bastidor de 3 sa\u00eddas, 30A da OIT foi concebida para satisfazer estes requisitos exigentes, oferecendo uma solu\u00e7\u00e3o robusta, segura e inteligente para alimentar equipamento de miss\u00e3o cr\u00edtica. Esta unidade \u00e9 mais do que uma simples extens\u00e3o el\u00e9ctrica; \u00e9 um componente fundamental de uma infraestrutura de energia bem organizada e protegida, concebida para profissionais que n\u00e3o se podem dar ao luxo de ter per\u00edodos de inatividade.<\/p>\n<h4 id=\"-high-capacity-and-reliable-power-distribution-\"><strong>Distribui\u00e7\u00e3o de energia fi\u00e1vel e de elevada capacidade<\/strong><\/h4>\n<p>No cora\u00e7\u00e3o desta Unidade de Distribui\u00e7\u00e3o de Energia B\u00e1sica est\u00e1 a sua capacidade substancial de manuseamento de energia. Com uma corrente nominal de 30A e uma tens\u00e3o nominal de 250V, esta PDU foi concebida para alimentar v\u00e1rios dispositivos de consumo elevado em simult\u00e2neo sem falhas. Esta elevada capacidade torna-a a escolha ideal para ambientes de bastidor densos repletos de servidores, comutadores de rede, matrizes de armazenamento e outro hardware de TI vital.<\/p>\n<p>A unidade liga-se \u00e0 fonte de alimenta\u00e7\u00e3o atrav\u00e9s de um cabo de alimenta\u00e7\u00e3o resistente que termina numa ficha IEC 60309 azul, de n\u00edvel industrial. Este tipo de conetor de \"pino e manga\" \u00e9 mundialmente reconhecido pela sua seguran\u00e7a e fiabilidade em aplica\u00e7\u00f5es de alta corrente. Ao contr\u00e1rio das fichas dom\u00e9sticas padr\u00e3o, o conetor IEC 60309 proporciona uma liga\u00e7\u00e3o mais segura e bloqueada, evitando desligamentos acidentais que poderiam levar a paragens catastr\u00f3ficas do equipamento. O c\u00f3digo de cor azul indica especificamente a sua classifica\u00e7\u00e3o de tens\u00e3o e frequ\u00eancia, uma carater\u00edstica de seguran\u00e7a fundamental em ambientes industriais complexos.<\/p>\n<p>A energia \u00e9 fornecida ao seu equipamento atrav\u00e9s de tr\u00eas tomadas IEC C13. O IEC C13 \u00e9 a norma universal para a grande maioria do equipamento inform\u00e1tico, garantindo uma compatibilidade perfeita logo \u00e0 sa\u00edda da caixa. Isto permite liga\u00e7\u00f5es diretas e seguras a servidores, routers e outros dispositivos de rede, eliminando a necessidade de adaptadores inc\u00f3modos e assegurando uma configura\u00e7\u00e3o de bastidor limpa e organizada.<\/p>\n<h4 id=\"-intelligent-monitoring-and-enhanced-safety-\"><strong>Monitoriza\u00e7\u00e3o inteligente e seguran\u00e7a melhorada<\/strong><\/h4>\n<p>O que distingue a PDU para montagem em bastidor da OIT s\u00e3o as suas carater\u00edsticas inteligentes integradas que proporcionam uma supervis\u00e3o e prote\u00e7\u00e3o cruciais. A unidade est\u00e1 equipada com um visor digital claro e brilhante que fornece medi\u00e7\u00f5es em tempo real de par\u00e2metros el\u00e9ctricos essenciais. O visor apresenta de forma proeminente a tens\u00e3o (V) e a corrente (A) consumidas pelo equipamento ligado. Esta monitoriza\u00e7\u00e3o imediata \u00e9 indispens\u00e1vel para os gestores de centros de dados e profissionais de TI. Ao monitorizar o consumo de energia, os administradores podem equilibrar eficazmente as cargas para evitar sobrecargas nos circuitos, planear as futuras necessidades de capacidade e diagnosticar potenciais problemas de energia antes que estes se agravem.<\/p>\n<p>A seguran\u00e7a \u00e9 ainda refor\u00e7ada por um disjuntor integrado. Este componente vital protege continuamente o seu equipamento dispendioso contra sobrecorrentes e curto-circuitos potencialmente prejudiciais. No caso de uma falha el\u00e9ctrica, o disjuntor dispara automaticamente, cortando o fluxo de energia e protegendo o seu hardware de danos irrevers\u00edveis. O disjuntor est\u00e1 situado por detr\u00e1s de uma tampa transparente e rebat\u00edvel, que evita cuidadosamente o disparo acidental ou a manipula\u00e7\u00e3o, permitindo simultaneamente um acesso f\u00e1cil quando \u00e9 necess\u00e1rio repor a corrente.<\/p>\n<h4 id=\"-designed-for-professional-environments-\"><strong>Concebido para ambientes profissionais<\/strong><\/h4>\n<p>O design f\u00edsico desta Unidade B\u00e1sica de Distribui\u00e7\u00e3o de Energia foi concebido para uma integra\u00e7\u00e3o perfeita em sistemas de bastidor profissionais. As especifica\u00e7\u00f5es confirmam a sua ades\u00e3o ao formato padr\u00e3o de rack de 19 polegadas com uma altura de 1U (483 mm x 44,5 mm x 44,5 mm). Este tamanho padronizado permite que seja montado horizontalmente em qualquer rack ou gabinete de servidor padr\u00e3o EIA, ocupando o m\u00ednimo de espa\u00e7o e fornecendo o m\u00e1ximo de utilidade.<\/p>\n<p>Constru\u00edda com um chassis met\u00e1lico duradouro, esta PDU foi concebida para suportar os rigores dos ambientes industriais e dos centros de dados. A caixa robusta n\u00e3o s\u00f3 garante uma durabilidade a longo prazo, como tamb\u00e9m ajuda na dissipa\u00e7\u00e3o de calor, contribuindo para a estabilidade e longevidade gerais da unidade. A gama de temperaturas de funcionamento especificada de 0\u00b0C a 50\u00b0C confirma a sua fiabilidade nas condi\u00e7\u00f5es controladas, mas intensivas em calor, de uma sala de servidores t\u00edpica.<\/p>\n<h4 id=\"-versatile-applications-\"><strong>Aplica\u00e7\u00f5es vers\u00e1teis<\/strong><\/h4>\n<p>Embora perfeitamente adequada para centros de dados, a natureza robusta e a elevada pot\u00eancia nominal desta PDU tornam-na uma solu\u00e7\u00e3o vers\u00e1til para uma vasta gama de aplica\u00e7\u00f5es, incluindo:<\/p>\n<ul>\n<li><strong>Transmiss\u00e3o de energia industrial:<\/strong>\u00a0Alimentar com seguran\u00e7a m\u00e1quinas, pain\u00e9is de controlo e equipamento de teste no ch\u00e3o de f\u00e1brica.<\/li>\n<li><strong>Telecomunica\u00e7\u00f5es:<\/strong>\u00a0Fornecer energia fi\u00e1vel e centralizada a comutadores de rede e dispositivos de comunica\u00e7\u00e3o em arm\u00e1rios de telecomunica\u00e7\u00f5es.<\/li>\n<li><strong>Produ\u00e7\u00e3o \u00e1udio\/v\u00eddeo:<\/strong>\u00a0Organizar a distribui\u00e7\u00e3o de energia em racks AV para amplificadores, misturadores e outros equipamentos de som ou grava\u00e7\u00e3o.<\/li>\n<li><strong>Ambientes de laborat\u00f3rio e de investiga\u00e7\u00e3o:<\/strong>\u00a0Alimente instrumentos electr\u00f3nicos de teste e medi\u00e7\u00e3o sens\u00edveis com confian\u00e7a.<\/li>\n<\/ul>\n<h4 id=\"-certified-for-safety-and-compliance-\"><strong>Certificado de seguran\u00e7a e conformidade<\/strong><\/h4>\n<p>Esta unidade de distribui\u00e7\u00e3o de energia da OIT \u00e9 acompanhada de um conjunto de certifica\u00e7\u00f5es que real\u00e7am a sua qualidade e seguran\u00e7a.<\/p>\n<ul>\n<li><strong>Marca ETL Listed:<\/strong>\u00a0Isto indica que o produto foi testado pela Intertek e est\u00e1 em conformidade com as normas de seguran\u00e7a norte-americanas.<\/li>\n<li><strong>CCC (Certifica\u00e7\u00e3o obrigat\u00f3ria da China):<\/strong>\u00a0Esta marca significa a conformidade com as normas de seguran\u00e7a chinesas, protegendo a seguran\u00e7a dos consumidores e a seguran\u00e7a nacional.<\/li>\n<li><strong>RoHS (Restri\u00e7\u00e3o de Subst\u00e2ncias Perigosas):<\/strong>\u00a0Esta diretiva da UE certifica que a PDU est\u00e1 isenta de materiais perigosos espec\u00edficos, tornando-a mais amiga do ambiente e mais segura para o manuseamento.<\/li>\n<\/ul>\n<p>Estas certifica\u00e7\u00f5es, combinadas com uma garantia de 1 ano, garantem que est\u00e1 a investir num produto que n\u00e3o s\u00f3 \u00e9 eficaz, como tamb\u00e9m \u00e9 seguro, fi\u00e1vel e est\u00e1 em conformidade com as normas internacionais.<\/p>","protected":false},"excerpt":{"rendered":"<div class=\"chat-container\">\n<div class=\"chat-view-container ng-star-inserted\">\n<div>\n<div class=\"chat-turn-container model render cdk-focused cdk-mouse-focused\" tabindex=\"-1\">\n<div class=\"model-prompt-container\" data-turn-role=\"Model\">\n<div class=\"turn-content\">\n<p class=\"ng-star-inserted\"><span class=\"ng-star-inserted\">Esta unidade de distribui\u00e7\u00e3o de energia b\u00e1sica de montagem em bastidor com 3 sa\u00eddas da OIT \u00e9 ideal para a transmiss\u00e3o de energia industrial. Classificada para 30A e 250V, possui um ecr\u00e3 digital para monitorizar a tens\u00e3o e a corrente, al\u00e9m de um disjuntor para seguran\u00e7a. \u00c9 uma solu\u00e7\u00e3o fi\u00e1vel para gerir a energia num bastidor de servidor.<\/span><\/p>\n<div class=\"turn-information ng-star-inserted\"><\/div>\n<\/div>\n<\/div>\n<div class=\"turn-footer ng-star-inserted\"><\/div>\n<\/div>\n<\/div>\n<\/div>\n<\/div>\n<footer class=\"not-zero-state ng-star-inserted\">\n<div class=\"mat-mdc-tooltip-trigger prompt-input-wrapper\">\n<div>\n<div class=\"prompt-input-wrapper-container\">\n<div class=\"text-wrapper\">\n<section class=\"text-and-attachments-wrapper\">\n<div class=\"text-input-wrapper\"><\/div>\n<\/section>\n<\/div>\n<\/div>\n<\/div>\n<\/div>\n<\/footer>","protected":false},"featured_media":1498,"template":"","meta":{"_kad_post_transparent":"default","_kad_post_title":"","_kad_post_layout":"default","_kad_post_sidebar_id":"","_kad_post_content_style":"default","_kad_post_vertical_padding":"default","_kad_post_feature":"","_kad_post_feature_position":"","_kad_post_header":false,"_kad_post_footer":false},"product_brand":[],"product_cat":[82],"product_tag":[223,224,217],"class_list":{"0":"post-1497","1":"product","2":"type-product","3":"status-publish","4":"has-post-thumbnail","6":"product_cat-basic-power-distribution-units","7":"product_tag-3-socket-pdu","8":"product_tag-30a-rack-power-strip","9":"product_tag-basic-power-distribution-unit","11":"first","12":"instock","13":"shipping-taxable","14":"product-type-simple","15":"entry","16":"content-bg","17":"loop-entry"},"_links":{"self":[{"href":"https:\/\/24smartcharge.com\/pt\/wp-json\/wp\/v2\/product\/1497","targetHints":{"allow":["GET"]}}],"collection":[{"href":"https:\/\/24smartcharge.com\/pt\/wp-json\/wp\/v2\/product"}],"about":[{"href":"https:\/\/24smartcharge.com\/pt\/wp-json\/wp\/v2\/types\/product"}],"wp:featuredmedia":[{"embeddable":true,"href":"https:\/\/24smartcharge.com\/pt\/wp-json\/wp\/v2\/media\/1498"}],"wp:attachment":[{"href":"https:\/\/24smartcharge.com\/pt\/wp-json\/wp\/v2\/media?parent=1497"}],"wp:term":[{"taxonomy":"product_brand","embeddable":true,"href":"https:\/\/24smartcharge.com\/pt\/wp-json\/wp\/v2\/product_brand?post=1497"},{"taxonomy":"product_cat","embeddable":true,"href":"https:\/\/24smartcharge.com\/pt\/wp-json\/wp\/v2\/product_cat?post=1497"},{"taxonomy":"product_tag","embeddable":true,"href":"https:\/\/24smartcharge.com\/pt\/wp-json\/wp\/v2\/product_tag?post=1497"}],"curies":[{"name":"wp","href":"https:\/\/api.w.org\/{rel}","templated":true}]}}