{"id":1419,"date":"2025-08-07T03:35:17","date_gmt":"2025-08-07T03:35:17","guid":{"rendered":"https:\/\/24smartcharge.com\/?post_type=product&#038;p=1419"},"modified":"2025-08-07T06:36:13","modified_gmt":"2025-08-07T06:36:13","slug":"rackmount-smart-power-distribution-unit-30a-7-5kw","status":"publish","type":"product","link":"https:\/\/24smartcharge.com\/pt\/rackmount-smart-power-distribution-unit-30a-7-5kw\/","title":{"rendered":"Unidade de distribui\u00e7\u00e3o de energia inteligente para montagem em bastidor, 30A, 7,5KW"},"content":{"rendered":"<p>&nbsp;<\/p>\n<h1 id=\"rackmount-smart-power-distribution-unit-30a-7-5kw\">Unidade de distribui\u00e7\u00e3o de energia inteligente para montagem em bastidor, 30A, 7,5KW<\/h1>\n<p>No mundo da computa\u00e7\u00e3o de alta densidade, onde o tempo de funcionamento \u00e9 fundamental e cada pe\u00e7a de equipamento \u00e9 um ativo cr\u00edtico, a gest\u00e3o de energia n\u00e3o \u00e9 apenas um utilit\u00e1rio - \u00e9 a base da estabilidade e fiabilidade. Esta\u00a0<strong>Unidade de distribui\u00e7\u00e3o de energia inteligente para montagem em bastidor<\/strong>\u00a0foi concebida para fornecer essa base, fornecendo energia robusta, inteligente e segura \u00e0 sua infraestrutura mais vital. Concebida para uma integra\u00e7\u00e3o perfeita em bastidores de servidor padr\u00e3o de 19 polegadas, esta unidade 1U \u00e9 a solu\u00e7\u00e3o definitiva para centros de dados, arm\u00e1rios de rede, instala\u00e7\u00f5es de coloca\u00e7\u00e3o e salas de servidores que exigem um desempenho superior e um controlo granular do seu ambiente de energia.<\/p>\n<h3 id=\"-intelligent-power-monitoring-in-real-time-\"><strong>Monitoriza\u00e7\u00e3o inteligente da energia em tempo real<\/strong><\/h3>\n<p>O que distingue este dispositivo \u00e9 o seu papel como um verdadeiro\u00a0<strong>Unidade de distribui\u00e7\u00e3o de energia inteligente<\/strong>. No seu n\u00facleo est\u00e1 um \"Mini Meter\" digital de alta visibilidade que fornece uma monitoriza\u00e7\u00e3o r\u00e1pida e em tempo real do seu consumo de energia. O ecr\u00e3 LCD n\u00edtido apresenta claramente tr\u00eas indicadores cr\u00edticos:<\/p>\n<ul>\n<li><strong>Tens\u00e3o (V):<\/strong>\u00a0Monitorize a estabilidade da energia de entrada para garantir que se mant\u00e9m dentro do intervalo de funcionamento seguro do seu equipamento inform\u00e1tico sens\u00edvel. Isto ajuda a diagnosticar potenciais problemas de energia ao n\u00edvel das instala\u00e7\u00f5es antes que possam causar danos.<\/li>\n<li><strong>Corrente (A):<\/strong>\u00a0Mantenha um registo da amperagem total consumida por todos os dispositivos ligados. Isto \u00e9 essencial para equilibrar a carga e evitar sobrecargas. Ao saber o consumo exato de corrente, pode adicionar novos equipamentos em seguran\u00e7a sem ter de adivinhar, garantindo que nunca excede a capacidade m\u00e1xima de 30A da unidade.<\/li>\n<li><strong>Kilowatts (kW):<\/strong>\u00a0Obtenha uma leitura precisa do seu consumo total de energia. Estes dados s\u00e3o valiosos para o planeamento da capacidade, c\u00e1lculo dos custos de energia e implementa\u00e7\u00e3o de iniciativas de TI ecol\u00f3gicas para melhorar a efic\u00e1cia da utiliza\u00e7\u00e3o de energia (PUE).<\/li>\n<\/ul>\n<p>Esta monitoriza\u00e7\u00e3o inteligente transforma a PDU de uma simples extens\u00e3o de alimenta\u00e7\u00e3o numa ferramenta estrat\u00e9gica para a gest\u00e3o proactiva do centro de dados, ajudando-o a otimizar recursos, a evitar tempos de inatividade e a tomar decis\u00f5es informadas sobre a sua infraestrutura.<\/p>\n<h3 id=\"-high-density-output-with-secure-connectivity-\"><strong>Sa\u00edda de alta densidade com conetividade segura<\/strong><\/h3>\n<p>Esta PDU est\u00e1 equipada com seis tomadas IEC C13 padr\u00e3o da ind\u00fastria, o que a torna a escolha ideal para alimentar uma vasta gama de hardware de TI, incluindo servidores, switches, matrizes de armazenamento e outros dispositivos de rede. A disposi\u00e7\u00e3o vertical das tomadas permite uma gest\u00e3o limpa dos cabos e um acesso f\u00e1cil, mesmo nos bastidores mais cheios.<\/p>\n<p>Uma carater\u00edstica que se destaca \u00e9 o mecanismo de bloqueio integrado para cada tomada, identific\u00e1vel pelas patilhas vermelhas. Este sistema foi concebido para prender com seguran\u00e7a os cabos de alimenta\u00e7\u00e3o, evitando desligamentos acidentais que podem ser causados por vibra\u00e7\u00f5es do bastidor, manuten\u00e7\u00e3o de rotina ou erro humano. Num ambiente em que um \u00fanico cabo desligado pode levar a um tempo de inatividade catastr\u00f3fico, esta funcionalidade de bloqueio proporciona uma tranquilidade essencial, garantindo que as liga\u00e7\u00f5es cr\u00edticas permanecem firmes e seguras.<\/p>\n<h3 id=\"-uncompromising-safety-and-overcurrent-protection-\"><strong>Seguran\u00e7a sem compromissos e prote\u00e7\u00e3o contra sobreintensidades<\/strong><\/h3>\n<p>No centro do sistema de seguran\u00e7a da unidade est\u00e1 um disjuntor hidr\u00e1ulico-magn\u00e9tico Nader 32A de alta resist\u00eancia. Alojado por baixo de uma tampa transparente e rebat\u00edvel para evitar disparos acidentais, este disjuntor oferece uma prote\u00e7\u00e3o superior para todo o seu bastidor de equipamento. Ao contr\u00e1rio dos disjuntores t\u00e9rmicos, um disjuntor hidr\u00e1ulico-magn\u00e9tico \u00e9 menos suscet\u00edvel \u00e0s mudan\u00e7as de temperatura ambiente, proporcionando um ponto de disparo mais preciso e fi\u00e1vel no caso de uma sobrecorrente ou curto-circuito perigoso.<\/p>\n<p>Se ocorrer uma sobrecarga, o disjuntor corta instantaneamente a alimenta\u00e7\u00e3o de todas as tomadas, protegendo os seus bens valiosos de danos irrepar\u00e1veis. Pode depois ser facilmente reposto quando a avaria for resolvida, minimizando o tempo de inatividade e eliminando a necessidade de substituir fus\u00edveis. Este compromisso com a seguran\u00e7a \u00e9 uma prova do design de n\u00edvel profissional da unidade.<\/p>\n<h3 id=\"-built-for-the-demands-of-professional-environments-\"><strong>Constru\u00eddo para as exig\u00eancias dos ambientes profissionais<\/strong><\/h3>\n<p>Concebida para funcionar 24 horas por dia, 7 dias por semana, todos os componentes desta PDU foram selecionados para serem dur\u00e1veis e fi\u00e1veis.<\/p>\n<ul>\n<li><strong>Constru\u00e7\u00e3o robusta:<\/strong>\u00a0O chassis \u00e9 constru\u00eddo a partir de uma liga de alum\u00ednio leve e robusta, proporcionando uma excelente dissipa\u00e7\u00e3o de calor e prote\u00e7\u00e3o f\u00edsica. O seu acabamento em p\u00f3 preto \u00e9 dur\u00e1vel e esteticamente adequado para ambientes de servidores profissionais.<\/li>\n<li><strong>Design padr\u00e3o mont\u00e1vel em rack:<\/strong>\u00a0Com dimens\u00f5es de 483 mm x 44,5 mm x 44,5 mm, a unidade adapta-se perfeitamente \u00e0 largura padr\u00e3o de 19 polegadas e \u00e0 altura de 1U, permitindo uma instala\u00e7\u00e3o sem esfor\u00e7o em qualquer rack ou gabinete de servidor padr\u00e3o EIA.<\/li>\n<li><strong>Alta capacidade, cablagem certificada:<\/strong>\u00a0A cablagem interna \u00e9 certificada pela UL e apresenta uma especifica\u00e7\u00e3o retardadora de chama, garantindo que pode suportar com seguran\u00e7a a carga cont\u00ednua de 30A na sua capacidade m\u00e1xima de 7,5KW sem risco. Este enfoque na qualidade do material garante um desempenho e seguran\u00e7a a longo prazo.<\/li>\n<li><strong>Compatibilidade e certifica\u00e7\u00e3o globais:<\/strong>\u00a0A PDU suporta uma vasta gama de tens\u00f5es de entrada de 120-240V e uma frequ\u00eancia de 50\/60Hz, o que a torna uma escolha vers\u00e1til para a implementa\u00e7\u00e3o internacional. Al\u00e9m disso, possui certifica\u00e7\u00f5es internacionais importantes, incluindo ETL para normas de seguran\u00e7a norte-americanas, CE para conformidade com o mercado europeu e RoHS para a restri\u00e7\u00e3o de subst\u00e2ncias perigosas. Estas certifica\u00e7\u00f5es confirmam que a unidade foi rigorosamente testada para cumprir as rigorosas normas globais de seguran\u00e7a, qualidade e responsabilidade ambiental.<\/li>\n<\/ul>\n<h3 id=\"-the-essential-investment-for-your-infrastructure-\"><strong>O investimento essencial para a sua infraestrutura<\/strong><\/h3>\n<p>Este\u00a0<strong>Unidade de distribui\u00e7\u00e3o de energia inteligente para montagem em bastidor<\/strong>\u00a0\u00e9 mais do que apenas um componente; \u00e9 um investimento na estabilidade, seguran\u00e7a e efici\u00eancia de toda a sua opera\u00e7\u00e3o de TI. Ao fornecer m\u00e9tricas de energia detalhadas, liga\u00e7\u00f5es seguras e prote\u00e7\u00e3o robusta contra sobreintensidades, permite-lhe assumir o controlo total da sua infraestrutura de energia. Quer esteja a construir um novo centro de dados, a atualizar uma sala de servidores existente ou simplesmente a necessitar de uma distribui\u00e7\u00e3o de energia fi\u00e1vel para um \u00fanico bastidor de equipamento, esta PDU proporciona o desempenho e as funcionalidades de que necessita para proteger os seus activos e manter o m\u00e1ximo tempo de funcionamento.<\/p>","protected":false},"excerpt":{"rendered":"<div class=\"chat-container\">\n<div class=\"chat-view-container ng-star-inserted\">\n<div>\n<div class=\"chat-turn-container model render cdk-focused cdk-mouse-focused\" tabindex=\"-1\">\n<div class=\"model-prompt-container\" data-turn-role=\"Model\">\n<div class=\"turn-content\">\n<p class=\"ng-star-inserted\"><span class=\"ng-star-inserted\">Esta unidade de distribui\u00e7\u00e3o de energia inteligente para montagem em bastidor fornece energia fi\u00e1vel ao seu equipamento. Inclui 6 tomadas C13, um contador digital para monitorizar V, A e kW e um disjuntor hidr\u00e1ulico de 32A para prote\u00e7\u00e3o contra sobreintensidades. A sua caixa robusta em liga de alum\u00ednio garante durabilidade para o seu centro de dados ou sala de servidores.<\/span><\/p>\n<div class=\"turn-information ng-star-inserted\"><\/div>\n<\/div>\n<\/div>\n<div class=\"turn-footer ng-star-inserted\"><\/div>\n<\/div>\n<\/div>\n<\/div>\n<\/div>\n<footer class=\"not-zero-state ng-star-inserted\">\n<div class=\"mat-mdc-tooltip-trigger prompt-input-wrapper\">\n<div>\n<div class=\"prompt-input-wrapper-container\">\n<div class=\"text-wrapper\">\n<section class=\"text-and-attachments-wrapper\">\n<div class=\"text-input-wrapper\"><\/div>\n<\/section>\n<\/div>\n<\/div>\n<\/div>\n<\/div>\n<\/footer>","protected":false},"featured_media":1429,"template":"","meta":{"_kad_post_transparent":"default","_kad_post_title":"","_kad_post_layout":"default","_kad_post_sidebar_id":"","_kad_post_content_style":"default","_kad_post_vertical_padding":"default","_kad_post_feature":"","_kad_post_feature_position":"","_kad_post_header":false,"_kad_post_footer":false},"product_brand":[],"product_cat":[81,82],"product_tag":[195,173,193],"class_list":{"0":"post-1419","1":"product","2":"type-product","3":"status-publish","4":"has-post-thumbnail","6":"product_cat-smart-power-distribution-units","7":"product_cat-basic-power-distribution-units","8":"product_tag-metered-pdu","9":"product_tag-rackmount-pdu","10":"product_tag-smart-power-distribution-unit","12":"first","13":"instock","14":"shipping-taxable","15":"product-type-simple","16":"entry","17":"content-bg","18":"loop-entry"},"_links":{"self":[{"href":"https:\/\/24smartcharge.com\/pt\/wp-json\/wp\/v2\/product\/1419","targetHints":{"allow":["GET"]}}],"collection":[{"href":"https:\/\/24smartcharge.com\/pt\/wp-json\/wp\/v2\/product"}],"about":[{"href":"https:\/\/24smartcharge.com\/pt\/wp-json\/wp\/v2\/types\/product"}],"wp:featuredmedia":[{"embeddable":true,"href":"https:\/\/24smartcharge.com\/pt\/wp-json\/wp\/v2\/media\/1429"}],"wp:attachment":[{"href":"https:\/\/24smartcharge.com\/pt\/wp-json\/wp\/v2\/media?parent=1419"}],"wp:term":[{"taxonomy":"product_brand","embeddable":true,"href":"https:\/\/24smartcharge.com\/pt\/wp-json\/wp\/v2\/product_brand?post=1419"},{"taxonomy":"product_cat","embeddable":true,"href":"https:\/\/24smartcharge.com\/pt\/wp-json\/wp\/v2\/product_cat?post=1419"},{"taxonomy":"product_tag","embeddable":true,"href":"https:\/\/24smartcharge.com\/pt\/wp-json\/wp\/v2\/product_tag?post=1419"}],"curies":[{"name":"wp","href":"https:\/\/api.w.org\/{rel}","templated":true}]}}