{"id":1397,"date":"2025-08-07T02:32:58","date_gmt":"2025-08-07T02:32:58","guid":{"rendered":"https:\/\/24smartcharge.com\/?post_type=product&#038;p=1397"},"modified":"2025-08-07T02:43:09","modified_gmt":"2025-08-07T02:43:09","slug":"280a-20-socket-rackmount-smart-power-distribution-unit","status":"publish","type":"product","link":"https:\/\/24smartcharge.com\/pt\/280a-20-socket-rackmount-smart-power-distribution-unit\/","title":{"rendered":"Unidade de distribui\u00e7\u00e3o de energia inteligente para montagem em bastidor de 20 tomadas 280A"},"content":{"rendered":"<h1 id=\"unleash-unmatched-power-and-intelligence-with-the-280a-20-socket-rackmount-smart-power-distribution-unit\">Liberte pot\u00eancia e intelig\u00eancia inigual\u00e1veis com a unidade de distribui\u00e7\u00e3o de energia inteligente para montagem em bastidor de 20 tomadas 280A<\/h1>\n<p>No exigente cen\u00e1rio dos modernos centros de dados, clusters de computa\u00e7\u00e3o de alto desempenho e instala\u00e7\u00f5es industriais, a distribui\u00e7\u00e3o de energia fi\u00e1vel e inteligente n\u00e3o \u00e9 apenas uma utilidade - \u00e9 a base da integridade operacional. Apresentando o\u00a0<strong>Unidade de distribui\u00e7\u00e3o de energia inteligente (PDU) 280A de 20 tomadas para montagem em bastidor<\/strong>A PDU da Philips, uma solu\u00e7\u00e3o de n\u00edvel empresarial concebida para satisfazer as mais elevadas exig\u00eancias em termos de capacidade de energia, gest\u00e3o inteligente e fiabilidade inabal\u00e1vel. Esta formid\u00e1vel PDU foi concebida para profissionais que necessitam de um controlo granular e de um desempenho robusto para as suas infra-estruturas de miss\u00e3o cr\u00edtica, proporcionando um hub de energia centralizado e de elevada capacidade que garante estabilidade e efici\u00eancia.<\/p>\n<h2 id=\"high-capacity-power-for-dense-environments\">Pot\u00eancia de alta capacidade para ambientes densos<\/h2>\n<p>No centro desta Unidade de Distribui\u00e7\u00e3o de Pot\u00eancia Inteligente est\u00e1 a sua excecional capacidade de manuseamento de pot\u00eancia. Com uma impressionante\u00a0<strong>corrente nominal de 280A<\/strong>\u00a0e um vers\u00e1til\u00a0<strong>gama de tens\u00e3o nominal de 380V-480V<\/strong>Esta PDU foi concebida para alimentar os equipamentos que mais consomem energia. Quer esteja a utilizar bastidores cheios de servidores blade, comutadores de rede, matrizes de armazenamento ou controladores de automa\u00e7\u00e3o industrial, esta unidade fornece a pot\u00eancia substancial necess\u00e1ria para manter o desempenho m\u00e1ximo sem compromissos.<\/p>\n<p>A pot\u00eancia de sa\u00edda \u00e9 t\u00e3o impressionante como a sua capacidade de entrada. Cada um dos\u00a0<strong>20 tomadas de 4 pinos de alta densidade<\/strong>\u00a0\u00e9 capaz de fornecer uma pot\u00eancia significativa, garantindo que at\u00e9 os dispositivos mais exigentes recebem energia est\u00e1vel e consistente:<\/p>\n<ul>\n<li><strong>Pot\u00eancia m\u00e1xima de sa\u00edda por tomada (abaixo de 380V):<\/strong>\u00a0At\u00e9 13.163W<\/li>\n<li><strong>Pot\u00eancia m\u00e1xima de sa\u00edda por tomada (abaixo de 480V):<\/strong>\u00a0At\u00e9 16.627W<\/li>\n<\/ul>\n<p>Esta imensa capacidade de sa\u00edda faz com que a PDU seja a escolha ideal para ambientes de bastidor de alta densidade, onde o espa\u00e7o \u00e9 escasso, mas as necessidades de energia est\u00e3o em constante crescimento. Ao consolidar a distribui\u00e7\u00e3o de energia numa \u00fanica e robusta unidade, pode simplificar a cablagem, reduzir a desordem e melhorar o fluxo de ar dentro do bastidor, assegurando simultaneamente que os seus sistemas cr\u00edticos t\u00eam a energia de que necessitam para funcionar sem falhas.<\/p>\n<h2 id=\"intelligent-ip-based-monitoring-and-management\">Monitoriza\u00e7\u00e3o e gest\u00e3o inteligentes baseadas em IP<\/h2>\n<p>Para al\u00e9m da sua pot\u00eancia bruta, este dispositivo merece verdadeiramente o seu t\u00edtulo de\u00a0<strong>Unidade de distribui\u00e7\u00e3o de energia inteligente<\/strong>\u00a0atrav\u00e9s das suas capacidades avan\u00e7adas de medi\u00e7\u00e3o digital IP e de gest\u00e3o remota. No mundo atual, orientado por dados, o que n\u00e3o se pode medir, n\u00e3o se pode gerir. Esta PDU inteligente fornece os dados cr\u00edticos necess\u00e1rios para otimizar a sua infraestrutura de energia para efici\u00eancia, poupan\u00e7a de custos e manuten\u00e7\u00e3o proactiva.<\/p>\n<p>A monitoriza\u00e7\u00e3o integrada baseada em IP permite que os administradores de rede e gestores de instala\u00e7\u00f5es acompanhem remotamente os principais par\u00e2metros el\u00e9ctricos em tempo real. A partir de um painel de controlo centralizado, \u00e9 poss\u00edvel supervisionar a tens\u00e3o, a corrente, o consumo de energia (em kWh) e a carga geral na unidade e nas tomadas individuais. Este n\u00edvel de conhecimento \u00e9 inestim\u00e1vel para:<\/p>\n<ul>\n<li><strong>Planeamento de capacidades:<\/strong>\u00a0Avalie com precis\u00e3o a utiliza\u00e7\u00e3o atual de energia e preveja as necessidades futuras, evitando o aprovisionamento excessivo e assegurando que tem capacidade adequada para expans\u00e3o.<\/li>\n<li><strong>Balanceamento de carga:<\/strong>\u00a0Distribua uniformemente as cargas de energia pelos circuitos para evitar sobrecargas e maximizar a efici\u00eancia da sua infraestrutura de energia.<\/li>\n<li><strong>Efici\u00eancia energ\u00e9tica:<\/strong>\u00a0Identificar \"servidores fantasma\" ou hardware ineficiente que consome energia sem fornecer valor. Utilize dados de consumo precisos para impulsionar iniciativas de TI ecol\u00f3gicas e reduzir as despesas operacionais.<\/li>\n<li><strong>Resolu\u00e7\u00e3o de problemas \u00e0 dist\u00e2ncia:<\/strong>\u00a0Diagnosticar problemas relacionados com a energia a partir de qualquer parte do mundo, reduzindo a necessidade de interven\u00e7\u00e3o no local e minimizando o tempo de inatividade.<\/li>\n<\/ul>\n<p>Ao transformar um componente passivo num ativo que fornece dados, esta unidade de distribui\u00e7\u00e3o de energia inteligente permite-lhe tomar decis\u00f5es informadas que aumentam a fiabilidade e reduzem o custo total de propriedade (TCO).<\/p>\n<h2 id=\"engineered-for-seamless-integration-and-reliability\">Concebido para uma integra\u00e7\u00e3o perfeita e fiabilidade<\/h2>\n<p>Concebida a pensar no ambiente de TI profissional, esta PDU apresenta um fator de forma padr\u00e3o de montagem em bastidor. As suas dimens\u00f5es de\u00a0<strong>483 mm x 44,5 mm x 44,5 mm<\/strong>\u00a0permitem a sua integra\u00e7\u00e3o perfeita em qualquer bastidor de servidor padr\u00e3o de 19 polegadas, ocupando um espa\u00e7o vertical m\u00ednimo. A orienta\u00e7\u00e3o horizontal garante um acesso f\u00e1cil a todas as 20 tomadas a partir da parte frontal ou traseira do bastidor, simplificando a instala\u00e7\u00e3o e manuten\u00e7\u00e3o do equipamento.<\/p>\n<p>A fiabilidade \u00e9 ainda refor\u00e7ada pela sua qualidade de constru\u00e7\u00e3o superior e mecanismos de prote\u00e7\u00e3o robustos. A unidade est\u00e1 equipada com um sistema de prote\u00e7\u00e3o abrangente, que inclui\u00a0<strong>10 disjuntores miniatura de alta qualidade 40A (MCBs)<\/strong>Cada MCB protege um par de tomadas. Esta conce\u00e7\u00e3o oferece uma seguran\u00e7a superior ao isolar as falhas. Se um dispositivo sofrer um curto-circuito ou consumir corrente excessiva, o MCB correspondente dispara, desligando a alimenta\u00e7\u00e3o apenas desse par de tomadas, enquanto as outras 18 tomadas continuam a funcionar sem interrup\u00e7\u00f5es. Isto evita que uma falha de um \u00fanico dispositivo se transforme numa falha de todo o bastidor ou de todo o sistema, maximizando assim o tempo de funcionamento de todos os outros equipamentos ligados.<\/p>\n<p>Este compromisso com a qualidade e a seguran\u00e7a \u00e9 validado pelas suas certifica\u00e7\u00f5es, incluindo\u00a0<strong>CE, ROHS e SAA<\/strong>. Estas marcas de aprova\u00e7\u00e3o demonstram a conformidade com normas internacionais rigorosas em mat\u00e9ria de seguran\u00e7a, responsabilidade ambiental e desempenho, proporcionando-lhe a tranquilidade que adv\u00e9m da utiliza\u00e7\u00e3o de um produto fi\u00e1vel e controlado por profissionais.<\/p>\n<h2 id=\"ideal-applications\">Aplica\u00e7\u00f5es ideais<\/h2>\n<p>A combina\u00e7\u00e3o \u00fanica de alta pot\u00eancia, conetividade densa e gest\u00e3o inteligente faz com que este\u00a0<strong>Unidade de distribui\u00e7\u00e3o de energia inteligente<\/strong>\u00a0a solu\u00e7\u00e3o perfeita para uma vasta gama de aplica\u00e7\u00f5es exigentes, incluindo<\/p>\n<ul>\n<li><strong>Centros de dados empresariais:<\/strong>\u00a0Alimentar bastidores de servidores de alta densidade e gerir o consumo de energia em toda a instala\u00e7\u00e3o.<\/li>\n<li><strong>Instala\u00e7\u00f5es de co-instala\u00e7\u00e3o:<\/strong>\u00a0Fornecer aos inquilinos energia fi\u00e1vel e medida que permita uma fatura\u00e7\u00e3o precisa e a gest\u00e3o da capacidade.<\/li>\n<li><strong>Computa\u00e7\u00e3o de alto desempenho (HPC):<\/strong>\u00a0Fornecer a imensa pot\u00eancia necess\u00e1ria para clusters de supercomputa\u00e7\u00e3o utilizados em investiga\u00e7\u00e3o cient\u00edfica, modela\u00e7\u00e3o financeira e desenvolvimento de IA.<\/li>\n<li><strong>Centros de telecomunica\u00e7\u00f5es:<\/strong>\u00a0Assegurar energia ininterrupta para comutadores de rede cr\u00edticos, routers e equipamento de comunica\u00e7\u00e3o.<\/li>\n<li><strong>Automa\u00e7\u00e3o industrial:<\/strong>\u00a0Sistemas de controlo de pot\u00eancia, rob\u00f3tica e equipamento de produ\u00e7\u00e3o no ch\u00e3o de f\u00e1brica, onde a fiabilidade \u00e9 fundamental.<\/li>\n<\/ul>\n<p>Com um\u00a0<strong>Garantia de 12 meses<\/strong>\u00a0e uma quantidade m\u00ednima de encomenda (MOQ) de apenas uma pe\u00e7a, \u00e9 f\u00e1cil adquirir e implementar esta poderosa solu\u00e7\u00e3o para atualizar imediatamente a sua infraestrutura de energia. Invista numa solu\u00e7\u00e3o de distribui\u00e7\u00e3o de energia que n\u00e3o s\u00f3 \u00e9 potente e fi\u00e1vel, mas tamb\u00e9m suficientemente inteligente para enfrentar os desafios do futuro.<\/p>","protected":false},"excerpt":{"rendered":"<div class=\"chat-container\">\n<div class=\"chat-view-container ng-star-inserted\">\n<div>\n<div class=\"chat-turn-container model render cdk-focused cdk-mouse-focused\" tabindex=\"-1\">\n<div class=\"model-prompt-container\" data-turn-role=\"Model\">\n<div class=\"turn-content\">\n<p class=\"ng-star-inserted\"><span class=\"ng-star-inserted\">Alimente o seu centro de dados com esta Unidade de Distribui\u00e7\u00e3o de Energia Inteligente 280A de alta capacidade. Concebida para instala\u00e7\u00e3o em bastidor, possui 20 tomadas e suporta uma gama de 380-480V. Oferece uma prote\u00e7\u00e3o robusta e medi\u00e7\u00e3o IP para uma transmiss\u00e3o e gest\u00e3o remotas e eficientes da energia el\u00e9ctrica.<\/span><\/p>\n<div class=\"turn-information ng-star-inserted\"><\/div>\n<\/div>\n<\/div>\n<div class=\"turn-footer ng-star-inserted\"><\/div>\n<\/div>\n<\/div>\n<\/div>\n<\/div>\n<footer class=\"not-zero-state ng-star-inserted\">\n<div class=\"mat-mdc-tooltip-trigger prompt-input-wrapper\">\n<div>\n<div class=\"prompt-input-wrapper-container\">\n<div class=\"text-wrapper\">\n<section class=\"text-and-attachments-wrapper\">\n<div class=\"text-input-wrapper\"><\/div>\n<\/section>\n<\/div>\n<\/div>\n<\/div>\n<\/div>\n<\/footer>","protected":false},"featured_media":1399,"template":"","meta":{"_kad_post_transparent":"default","_kad_post_title":"","_kad_post_layout":"default","_kad_post_sidebar_id":"","_kad_post_content_style":"default","_kad_post_vertical_padding":"default","_kad_post_feature":"","_kad_post_feature_position":"","_kad_post_header":false,"_kad_post_footer":false},"product_brand":[],"product_cat":[81],"product_tag":[210,211,193],"class_list":{"0":"post-1397","1":"product","2":"type-product","3":"status-publish","4":"has-post-thumbnail","6":"product_cat-smart-power-distribution-units","7":"product_tag-280a-rack-pdu","8":"product_tag-metered-ip-pdu","9":"product_tag-smart-power-distribution-unit","11":"first","12":"instock","13":"shipping-taxable","14":"product-type-simple","15":"entry","16":"content-bg","17":"loop-entry"},"_links":{"self":[{"href":"https:\/\/24smartcharge.com\/pt\/wp-json\/wp\/v2\/product\/1397","targetHints":{"allow":["GET"]}}],"collection":[{"href":"https:\/\/24smartcharge.com\/pt\/wp-json\/wp\/v2\/product"}],"about":[{"href":"https:\/\/24smartcharge.com\/pt\/wp-json\/wp\/v2\/types\/product"}],"wp:featuredmedia":[{"embeddable":true,"href":"https:\/\/24smartcharge.com\/pt\/wp-json\/wp\/v2\/media\/1399"}],"wp:attachment":[{"href":"https:\/\/24smartcharge.com\/pt\/wp-json\/wp\/v2\/media?parent=1397"}],"wp:term":[{"taxonomy":"product_brand","embeddable":true,"href":"https:\/\/24smartcharge.com\/pt\/wp-json\/wp\/v2\/product_brand?post=1397"},{"taxonomy":"product_cat","embeddable":true,"href":"https:\/\/24smartcharge.com\/pt\/wp-json\/wp\/v2\/product_cat?post=1397"},{"taxonomy":"product_tag","embeddable":true,"href":"https:\/\/24smartcharge.com\/pt\/wp-json\/wp\/v2\/product_tag?post=1397"}],"curies":[{"name":"wp","href":"https:\/\/api.w.org\/{rel}","templated":true}]}}