{"id":1130,"date":"2025-08-05T10:00:24","date_gmt":"2025-08-05T10:00:24","guid":{"rendered":"https:\/\/24smartcharge.com\/?post_type=product&#038;p=1130"},"modified":"2025-08-15T09:03:34","modified_gmt":"2025-08-15T09:03:34","slug":"locking-mobile-charging-cart-for-laptops-and-tablets","status":"publish","type":"product","link":"https:\/\/24smartcharge.com\/pt\/locking-mobile-charging-cart-for-laptops-and-tablets\/","title":{"rendered":"Arm\u00e1rio de carregamento m\u00f3vel com fecho para computadores port\u00e1teis e tablets"},"content":{"rendered":"<h3><strong>Simplifique a gest\u00e3o de dispositivos com o arm\u00e1rio de carregamento seguro e m\u00f3vel<\/strong><\/h3>\n<p>No mundo digital de hoje, gerir uma frota de computadores port\u00e1teis, tablets e outros dispositivos electr\u00f3nicos \u00e9 um desafio significativo para as escolas, empresas e organiza\u00e7\u00f5es. Manter estes dispositivos carregados, seguros e prontos a utilizar \u00e9 fundamental para a produtividade e a aprendizagem. Apresentamos o carrinho de carregamento m\u00f3vel com fecho, um arm\u00e1rio de carregamento abrangente e robusto concebido para eliminar a desordem, aumentar a seguran\u00e7a e garantir que a sua valiosa tecnologia est\u00e1 sempre operacional. Esta solu\u00e7\u00e3o inteligentemente concebida \u00e9 perfeita para qualquer ambiente que dependa de v\u00e1rios dispositivos port\u00e1teis, desde salas de aula e escrit\u00f3rios a hospitais e espa\u00e7os comerciais.<\/p>\n<h3 id=\"-centralized-efficient-charging-\"><strong>Carregamento centralizado e eficiente<\/strong><\/h3>\n<p>Na sua ess\u00eancia, este arm\u00e1rio de carregamento \u00e9 uma pot\u00eancia de efici\u00eancia. O painel frontal apresenta uma s\u00e9rie de portas USB claramente numeradas, permitindo o carregamento simult\u00e2neo de v\u00e1rios dispositivos. Diga adeus ao emaranhado de adaptadores de corrente individuais e \u00e0 procura de tomadas de parede dispon\u00edveis. Cada ranhura no interior do arm\u00e1rio corresponde a uma porta USB dedicada, criando um sistema organizado e intuitivo. Pequenas luzes indicadoras LED posicionadas em cada porta fornecem uma atualiza\u00e7\u00e3o r\u00e1pida do estado, permitindo-lhe saber quais os dispositivos que est\u00e3o a carregar e quais os que est\u00e3o prontos a utilizar.<\/p>\n<p>Com uma tens\u00e3o nominal vers\u00e1til de 110-250 V, este arm\u00e1rio de carregamento foi concebido para ser compat\u00edvel a n\u00edvel mundial, adaptando-se perfeitamente \u00e0s normas de energia de diferentes regi\u00f5es. Esta carater\u00edstica torna-o uma excelente escolha para organiza\u00e7\u00f5es internacionais e institui\u00e7\u00f5es de ensino.<\/p>\n<h3 id=\"-unyielding-security-and-durability-\"><strong>Seguran\u00e7a e durabilidade inabal\u00e1veis<\/strong><\/h3>\n<p>A prote\u00e7\u00e3o do seu investimento n\u00e3o \u00e9 negoci\u00e1vel. Este carrinho de carga \u00e9 fabricado em chapa met\u00e1lica de alta qualidade e dur\u00e1vel, proporcionando um inv\u00f3lucro robusto e seguro para os seus valiosos aparelhos electr\u00f3nicos. A constru\u00e7\u00e3o s\u00f3lida foi concebida para suportar os rigores di\u00e1rios de ambientes com muito tr\u00e1fego, como corredores e pisos de trabalho movimentados.<\/p>\n<p>A seguran\u00e7a \u00e9 ainda refor\u00e7ada por um sistema de fecho sofisticado. O arm\u00e1rio est\u00e1 equipado com uma fechadura de combina\u00e7\u00e3o digital moderna e f\u00e1cil de utilizar, garantindo que apenas o pessoal autorizado pode aceder aos dispositivos no seu interior. Isto elimina o risco de roubo ou utiliza\u00e7\u00e3o n\u00e3o autorizada, proporcionando total tranquilidade. A parte frontal do\u00a0<strong>arm\u00e1rio de carga<\/strong>\u00a0possui uma porta robusta e transparente, permitindo um invent\u00e1rio visual r\u00e1pido e verifica\u00e7\u00f5es de estado sem comprometer a seguran\u00e7a. Pode ver instantaneamente que dispositivos est\u00e3o presentes e a carregar sem ter de desbloquear a unidade.<\/p>\n<h3 id=\"-intelligent-design-for-mobility-and-organization-\"><strong>Conce\u00e7\u00e3o Inteligente para Mobilidade e Organiza\u00e7\u00e3o<\/strong><\/h3>\n<p>O g\u00e9nio deste\u00a0<strong>arm\u00e1rio de carga<\/strong>\u00a0n\u00e3o reside apenas na sua pot\u00eancia, mas tamb\u00e9m na sua conce\u00e7\u00e3o cuidada.<\/p>\n<ul>\n<li><strong>Mobilidade sem esfor\u00e7o:<\/strong>\u00a0Equipado com rodas de rolamento suave, o carrinho pode ser deslocado sem esfor\u00e7o de uma sala para outra. Transporte um conjunto completo de tablets carregados para uma sala de aula, uma sala de confer\u00eancias ou uma sess\u00e3o de forma\u00e7\u00e3o com o m\u00ednimo esfor\u00e7o. As rodas podem ser bloqueadas para garantir que o arm\u00e1rio permanece parado e est\u00e1vel quando n\u00e3o est\u00e1 em tr\u00e2nsito. Uma pega robusta montada na parte superior proporciona uma ader\u00eancia confort\u00e1vel para uma navega\u00e7\u00e3o f\u00e1cil.<\/li>\n<li><strong>Organiza\u00e7\u00e3o \u00f3ptima:<\/strong>\u00a0No interior, o arm\u00e1rio apresenta divis\u00f3rias verdes vibrantes que criam ranhuras individuais para cada dispositivo. Estas divis\u00f3rias n\u00e3o servem apenas para organizar; foram concebidas para proteger cada computador port\u00e1til ou tablet de riscos e danos. O espa\u00e7amento garante que os dispositivos s\u00e3o mantidos em seguran\u00e7a numa posi\u00e7\u00e3o vertical.<\/li>\n<li><strong>Ventila\u00e7\u00e3o superior:<\/strong>\u00a0O sobreaquecimento durante o carregamento \u00e9 uma preocupa\u00e7\u00e3o comum. Este arm\u00e1rio de carregamento foi concebido a pensar na ventila\u00e7\u00e3o. Os pain\u00e9is laterais perfurados e um padr\u00e3o alveolar permitem um fluxo de ar cont\u00ednuo, dissipando o calor de forma eficaz e garantindo que todos os dispositivos permanecem a uma temperatura de funcionamento segura durante todo o ciclo de carregamento.<\/li>\n<\/ul>\n<h3 id=\"-versatility-for-every-need-\"><strong>Versatilidade para todas as necessidades<\/strong><\/h3>\n<p>Compreendemos que cada organiza\u00e7\u00e3o tem requisitos \u00fanicos. \u00c9 por isso que este arm\u00e1rio de carregamento est\u00e1 dispon\u00edvel em v\u00e1rias configura\u00e7\u00f5es, com op\u00e7\u00f5es para 10, 15, 30, 45 ou mesmo 60 ranhuras. Quer se trate de uma pequena empresa que necessita de gerir uma m\u00e3o-cheia de dispositivos ou de um grande distrito escolar com milhares de tablets, existe um modelo perfeitamente adequado \u00e0s suas necessidades. A sua est\u00e9tica simples e profissional - dispon\u00edvel em preto ou branco - permite-lhe integrar-se perfeitamente em qualquer espa\u00e7o de trabalho moderno ou ambiente educativo.<\/p>\n<h3 id=\"-certified-quality-and-guaranteed-peace-of-mind-\"><strong>Qualidade certificada e paz de esp\u00edrito garantida<\/strong><\/h3>\n<p>Este arm\u00e1rio de carregamento da marca Orient \u00e9 mais do que um mero acess\u00f3rio c\u00f3modo; \u00e9 uma pe\u00e7a de equipamento de n\u00edvel profissional constru\u00edda de acordo com os mais elevados padr\u00f5es. Tem certifica\u00e7\u00e3o ETL, o que significa que foi testado de forma independente e est\u00e1 em conformidade com as normas de seguran\u00e7a norte-americanas. Esta certifica\u00e7\u00e3o \u00e9 um testemunho da sua seguran\u00e7a, fiabilidade e qualidade de constru\u00e7\u00e3o.<\/p>\n<p>Al\u00e9m disso, o produto \u00e9 fornecido com uma garantia abrangente de 3 anos, demonstrando a confian\u00e7a do fabricante na sua durabilidade e desempenho a longo prazo. Esta garantia assegura que o seu investimento est\u00e1 protegido, tornando-o numa escolha sensata e sem riscos para qualquer organiza\u00e7\u00e3o.<\/p>","protected":false},"excerpt":{"rendered":"<div class=\"chat-container\">\n<div class=\"chat-view-container ng-star-inserted\">\n<div>\n<div class=\"chat-turn-container model render cdk-focused cdk-mouse-focused\" tabindex=\"-1\">\n<div class=\"model-prompt-container\" data-turn-role=\"Model\">\n<div class=\"turn-content\">\n<p class=\"ng-star-inserted\"><span class=\"ng-star-inserted\">Este arm\u00e1rio de carregamento m\u00f3vel com fecho protege e alimenta v\u00e1rios computadores port\u00e1teis e tablets. Fabricado em chapa met\u00e1lica duradoura, possui uma fechadura digital para seguran\u00e7a e uma porta transparente para facilitar a monitoriza\u00e7\u00e3o. Com v\u00e1rias portas USB e rod\u00edzios de rolamento suave, oferece uma solu\u00e7\u00e3o pr\u00e1tica e completa.<\/span><\/p>\n<div class=\"turn-information ng-star-inserted\"><\/div>\n<\/div>\n<\/div>\n<div class=\"turn-footer ng-star-inserted\"><\/div>\n<\/div>\n<\/div>\n<\/div>\n<\/div>\n<footer class=\"not-zero-state ng-star-inserted\">\n<div class=\"mat-mdc-tooltip-trigger prompt-input-wrapper\">\n<div>\n<div class=\"prompt-input-wrapper-container\">\n<div class=\"text-wrapper\">\n<section class=\"text-and-attachments-wrapper\">\n<div class=\"text-input-wrapper\"><\/div>\n<\/section>\n<\/div>\n<\/div>\n<\/div>\n<\/div>\n<\/footer>","protected":false},"featured_media":2437,"template":"","meta":{"_kad_post_transparent":"default","_kad_post_title":"","_kad_post_layout":"default","_kad_post_sidebar_id":"","_kad_post_content_style":"default","_kad_post_vertical_padding":"default","_kad_post_feature":"","_kad_post_feature_position":"","_kad_post_header":false,"_kad_post_footer":false},"product_brand":[],"product_cat":[91],"product_tag":[122,160,144],"class_list":{"0":"post-1130","1":"product","2":"type-product","3":"status-publish","4":"has-post-thumbnail","6":"product_cat-charging-cabinets","7":"product_tag-charging-cabinet","8":"product_tag-mobile-charging-cart","9":"product_tag-secure-charging-station","11":"first","12":"instock","13":"shipping-taxable","14":"product-type-simple","15":"entry","16":"content-bg","17":"loop-entry"},"_links":{"self":[{"href":"https:\/\/24smartcharge.com\/pt\/wp-json\/wp\/v2\/product\/1130","targetHints":{"allow":["GET"]}}],"collection":[{"href":"https:\/\/24smartcharge.com\/pt\/wp-json\/wp\/v2\/product"}],"about":[{"href":"https:\/\/24smartcharge.com\/pt\/wp-json\/wp\/v2\/types\/product"}],"wp:featuredmedia":[{"embeddable":true,"href":"https:\/\/24smartcharge.com\/pt\/wp-json\/wp\/v2\/media\/2437"}],"wp:attachment":[{"href":"https:\/\/24smartcharge.com\/pt\/wp-json\/wp\/v2\/media?parent=1130"}],"wp:term":[{"taxonomy":"product_brand","embeddable":true,"href":"https:\/\/24smartcharge.com\/pt\/wp-json\/wp\/v2\/product_brand?post=1130"},{"taxonomy":"product_cat","embeddable":true,"href":"https:\/\/24smartcharge.com\/pt\/wp-json\/wp\/v2\/product_cat?post=1130"},{"taxonomy":"product_tag","embeddable":true,"href":"https:\/\/24smartcharge.com\/pt\/wp-json\/wp\/v2\/product_tag?post=1130"}],"curies":[{"name":"wp","href":"https:\/\/api.w.org\/{rel}","templated":true}]}}