{"id":1083,"date":"2025-08-05T02:42:43","date_gmt":"2025-08-05T02:42:43","guid":{"rendered":"https:\/\/24smartcharge.com\/?post_type=product&#038;p=1083"},"modified":"2025-08-15T08:50:16","modified_gmt":"2025-08-15T08:50:16","slug":"smart-charging-cabinet-for-securing-and-sanitizing-phones","status":"publish","type":"product","link":"https:\/\/24smartcharge.com\/pt\/smart-charging-cabinet-for-securing-and-sanitizing-phones\/","title":{"rendered":"Arm\u00e1rio de carregamento inteligente para proteger e higienizar telem\u00f3veis"},"content":{"rendered":"<h1 id=\"lock-and-power-up-the-secure-smart-charging-cabinet\">Bloquear e ligar: O arm\u00e1rio de carregamento inteligente seguro<\/h1>\n<p>Este arm\u00e1rio de carregamento foi concebido com um foco principal na seguran\u00e7a. Inclui compartimentos bloque\u00e1veis para armazenar e carregar at\u00e9 10 smartphones, protegendo-os contra roubo, perda ou utiliza\u00e7\u00e3o n\u00e3o autorizada. Cada compartimento cont\u00e9m um telem\u00f3vel em seguran\u00e7a e o arm\u00e1rio integra funcionalidades de autentica\u00e7\u00e3o, como cart\u00e3o RFID ou acesso por palavra-passe, para permitir que apenas utilizadores licenciados acedam aos dispositivos.<\/p>\n<p>Esta solu\u00e7\u00e3o de armazenamento seguro inclui uma porta robusta e inviol\u00e1vel, um sistema de controlo de acesso de \u00faltima gera\u00e7\u00e3o operado atrav\u00e9s de uma interface de ecr\u00e3 t\u00e1til intuitiva e um design que impede a remo\u00e7\u00e3o n\u00e3o intencional do conte\u00fado, tornando-o ideal para ambientes movimentados ou partilhados.<\/p>\n<h2 id=\"core-features\">Carater\u00edsticas principais<\/h2>\n<h3 id=\"efficient-charging\">Carregamento eficiente<\/h3>\n<p>Equipado com 10 portas de carregamento individuais, o arm\u00e1rio de carregamento inteligente fornece energia fi\u00e1vel e consistente a todos os dispositivos. Suporta as necessidades de carregamento padr\u00e3o, mantendo a seguran\u00e7a do dispositivo atrav\u00e9s da distribui\u00e7\u00e3o inteligente de energia.<\/p>\n<ul>\n<li>Carregamento simult\u00e2neo de at\u00e9 10 dispositivos.<\/li>\n<li>Disposi\u00e7\u00e3o organizada dos compartimentos para uma inser\u00e7\u00e3o f\u00e1cil.<\/li>\n<li>Gest\u00e3o de cabos para reduzir a desarruma\u00e7\u00e3o.<\/li>\n<li>Evita a sobrecarga e os riscos el\u00e9ctricos.<\/li>\n<\/ul>\n<h3 id=\"sanitization-with-uv-c-light\">Sanitiza\u00e7\u00e3o com luz UV-C<\/h3>\n<p>Este arm\u00e1rio integra tecnologia de higieniza\u00e7\u00e3o com luz UV-C incorporada que desinfecta os dispositivos enquanto estes carregam, proporcionando uma solu\u00e7\u00e3o dois em um que melhora a higiene no local de trabalho.<\/p>\n<ul>\n<li>Elimina at\u00e9\u00a0<strong>99.9%<\/strong>\u00a0de bact\u00e9rias e v\u00edrus.<\/li>\n<li>A luz UV-C \u00e9 activada automaticamente durante o ciclo de carregamento.<\/li>\n<li>N\u00e3o s\u00e3o necess\u00e1rios produtos qu\u00edmicos perigosos ou limpeza manual.<\/li>\n<li>Ajuda as organiza\u00e7\u00f5es a cumprir as normas de sa\u00fade e seguran\u00e7a.<\/li>\n<\/ul>\n<h3 id=\"smart-device-management\">Gest\u00e3o de dispositivos inteligentes<\/h3>\n<p>O arm\u00e1rio de carregamento possui um ecr\u00e3 interativo intuitivo que simplifica a navega\u00e7\u00e3o e a monitoriza\u00e7\u00e3o. Ao acompanhar e registar a atividade de check-in e check-out de dispositivos para cada compartimento, os utilizadores podem melhorar a gest\u00e3o e supervis\u00e3o do invent\u00e1rio.<\/p>\n<p>Uma plataforma digital f\u00e1cil de utilizar rastreia e monitoriza os padr\u00f5es de utiliza\u00e7\u00e3o, mantendo um registo completo das actividades de armazenamento dos dispositivos. O sistema simplifica o processo de atribui\u00e7\u00e3o e recupera\u00e7\u00e3o de dispositivos e oferece op\u00e7\u00f5es de acesso flex\u00edveis com autentica\u00e7\u00e3o protegida por palavra-passe e baseada em cart\u00f5es.<\/p>\n<h3 id=\"durable-build-thoughtful-design\">Constru\u00e7\u00e3o duradoura e design cuidado<\/h3>\n<p>O arm\u00e1rio de carregamento foi constru\u00eddo para ser dur\u00e1vel e poupar espa\u00e7o, utilizando materiais de alta qualidade e resistentes a danos. A sua est\u00e9tica moderna torna-o adequado para utiliza\u00e7\u00e3o numa variedade de ambientes profissionais.<\/p>\n<h2 id=\"specifications\">Especifica\u00e7\u00f5es<\/h2>\n<table>\n<thead>\n<tr>\n<th>Carater\u00edstica<\/th>\n<th>Especifica\u00e7\u00e3o<\/th>\n<\/tr>\n<\/thead>\n<tbody>\n<tr>\n<td><strong>Dispositivos suportados<\/strong><\/td>\n<td>At\u00e9 10 telem\u00f3veis<\/td>\n<\/tr>\n<tr>\n<td><strong>Dimens\u00f5es da ba\u00eda<\/strong><\/td>\n<td>8,5\u2033 (P) x 0,7\u2033 (L) x 4\u2033 (A)<\/td>\n<\/tr>\n<tr>\n<td><strong>Dimens\u00f5es exteriores<\/strong><\/td>\n<td>17,7\u2033 A x 17\u2033 L x 14\u2033 P<\/td>\n<\/tr>\n<tr>\n<td><strong>Peso do produto<\/strong><\/td>\n<td>48 lbs<\/td>\n<\/tr>\n<tr>\n<td><strong>Peso de envio<\/strong><\/td>\n<td>51 lbs<\/td>\n<\/tr>\n<tr>\n<td><strong>Portas de carregamento<\/strong><\/td>\n<td>10<\/td>\n<\/tr>\n<\/tbody>\n<\/table>\n<hr \/>\n<h2 id=\"ideal-use-cases\">Casos de utiliza\u00e7\u00e3o ideais<\/h2>\n<p>Este arm\u00e1rio de carregamento inteligente \u00e9 perfeito para qualquer ambiente em que a higiene e a seguran\u00e7a do telem\u00f3vel sejam cruciais:<\/p>\n<ul>\n<li><strong>Cuidados de sa\u00fade:<\/strong>\u00a0Higienize os telefones partilhados entre os turnos do pessoal, mantenha os protocolos de controlo de infec\u00e7\u00f5es e acompanhe a utiliza\u00e7\u00e3o de dispositivos por funcion\u00e1rio.<\/li>\n<li><strong>Escrit\u00f3rios da empresa:<\/strong>\u00a0Mantenha os dispositivos dos funcion\u00e1rios carregados, proteja os dados sens\u00edveis da empresa e incentive reuni\u00f5es sem telem\u00f3vel.<\/li>\n<li><strong>Forma\u00e7\u00e3o acad\u00e9mica:<\/strong>\u00a0Bloqueie os telem\u00f3veis dos alunos durante as horas de aula para promover uma aprendizagem concentrada e atribua dispositivos por ID para um acompanhamento cont\u00ednuo.<\/li>\n<li><strong>Hotelaria e restaura\u00e7\u00e3o:<\/strong>\u00a0Assegurar que os telefones est\u00e3o limpos nas \u00e1reas de prepara\u00e7\u00e3o de alimentos, fornecer um carregamento seguro para os dispositivos do pessoal e melhorar o cumprimento das diretrizes de sa\u00fade.<\/li>\n<\/ul>\n<h2 id=\"key-benefits\">Principais benef\u00edcios<\/h2>\n<ul>\n<li><strong>Solu\u00e7\u00e3o tudo-em-um:<\/strong>\u00a0Carregar, higienizar e gerir dispositivos numa \u00fanica unidade.<\/li>\n<li><strong>Seguran\u00e7a refor\u00e7ada:<\/strong>\u00a0A desinfe\u00e7\u00e3o UV-C melhora a higiene para um ambiente mais saud\u00e1vel.<\/li>\n<li><strong>Controlo de acesso inteligente:<\/strong>\u00a0Minimize o roubo e a utiliza\u00e7\u00e3o indevida com autentica\u00e7\u00e3o segura.<\/li>\n<li><strong>Melhoria da responsabiliza\u00e7\u00e3o:<\/strong>\u00a0Monitorizar quem utilizou que dispositivo e quando.<\/li>\n<li><strong>Poupan\u00e7a de tempo:<\/strong>\u00a0O carregamento r\u00e1pido e o funcionamento simples simplificam os fluxos de trabalho.<\/li>\n<li><strong>Economia de espa\u00e7o:<\/strong>\u00a0Um design compacto com uma elevada capacidade de dispositivos adapta-se a qualquer espa\u00e7o.<\/li>\n<\/ul>\n<h2 id=\"a-sustainable-solution\">Uma solu\u00e7\u00e3o sustent\u00e1vel<\/h2>\n<p>Ao reduzir a necessidade de toalhetes antibacterianos de utiliza\u00e7\u00e3o \u00fanica e ao diminuir os custos de perda ou substitui\u00e7\u00e3o de dispositivos, este arm\u00e1rio de carregamento contribui para os objectivos de sustentabilidade. Incentiva a utiliza\u00e7\u00e3o partilhada de dispositivos de uma forma limpa e organizada, o que ajuda a reduzir os custos e a pegada de carbono.<\/p>\n<h3 id=\"why-choose-this-charging-cabinet-\">Porqu\u00ea escolher este arm\u00e1rio de carga?<\/h3>\n<p>Este arm\u00e1rio de carregamento inteligente \u00e9 mais do que uma simples fonte de alimenta\u00e7\u00e3o - \u00e9 um sistema de gest\u00e3o de dispositivos abrangente e inovador. Com monitoriza\u00e7\u00e3o em tempo real, higieniza\u00e7\u00e3o automatizada e armazenamento seguro, este arm\u00e1rio \u00e9 um divisor de \u00e1guas para qualquer organiza\u00e7\u00e3o que d\u00ea prioridade \u00e0 efici\u00eancia e \u00e0 higiene.<\/p>\n<h3 id=\"what-s-included\">O que est\u00e1 inclu\u00eddo<\/h3>\n<ul>\n<li>1x Arm\u00e1rio de carregamento inteligente<\/li>\n<li>Sistema de higieniza\u00e7\u00e3o UV-C integrado<\/li>\n<li>10 portas de carregamento integradas<\/li>\n<li>Painel de controlo digital com ecr\u00e3 t\u00e1til<\/li>\n<li>Carater\u00edsticas do leitor RFID e do controlo de acesso<\/li>\n<li>Manual do utilizador<\/li>\n<\/ul>","protected":false},"excerpt":{"rendered":"<p>Este avan\u00e7ado arm\u00e1rio de carregamento armazena e carrega de forma segura at\u00e9 10 smartphones, utilizando luz UV-C para os higienizar. Ideal para ambientes partilhados, evita roubos, permite a localiza\u00e7\u00e3o de dispositivos e promove a higiene e a seguran\u00e7a.<\/p>","protected":false},"featured_media":2426,"template":"","meta":{"_kad_post_transparent":"default","_kad_post_title":"","_kad_post_layout":"default","_kad_post_sidebar_id":"","_kad_post_content_style":"default","_kad_post_vertical_padding":"default","_kad_post_feature":"","_kad_post_feature_position":"","_kad_post_header":false,"_kad_post_footer":false},"product_brand":[],"product_cat":[91],"product_tag":[],"class_list":{"0":"post-1083","1":"product","2":"type-product","3":"status-publish","4":"has-post-thumbnail","6":"product_cat-charging-cabinets","8":"first","9":"instock","10":"shipping-taxable","11":"product-type-simple","12":"entry","13":"content-bg","14":"loop-entry"},"_links":{"self":[{"href":"https:\/\/24smartcharge.com\/pt\/wp-json\/wp\/v2\/product\/1083","targetHints":{"allow":["GET"]}}],"collection":[{"href":"https:\/\/24smartcharge.com\/pt\/wp-json\/wp\/v2\/product"}],"about":[{"href":"https:\/\/24smartcharge.com\/pt\/wp-json\/wp\/v2\/types\/product"}],"wp:featuredmedia":[{"embeddable":true,"href":"https:\/\/24smartcharge.com\/pt\/wp-json\/wp\/v2\/media\/2426"}],"wp:attachment":[{"href":"https:\/\/24smartcharge.com\/pt\/wp-json\/wp\/v2\/media?parent=1083"}],"wp:term":[{"taxonomy":"product_brand","embeddable":true,"href":"https:\/\/24smartcharge.com\/pt\/wp-json\/wp\/v2\/product_brand?post=1083"},{"taxonomy":"product_cat","embeddable":true,"href":"https:\/\/24smartcharge.com\/pt\/wp-json\/wp\/v2\/product_cat?post=1083"},{"taxonomy":"product_tag","embeddable":true,"href":"https:\/\/24smartcharge.com\/pt\/wp-json\/wp\/v2\/product_tag?post=1083"}],"curies":[{"name":"wp","href":"https:\/\/api.w.org\/{rel}","templated":true}]}}