{"id":1060,"date":"2025-08-05T01:31:19","date_gmt":"2025-08-05T01:31:19","guid":{"rendered":"https:\/\/24smartcharge.com\/?post_type=product&#038;p=1060"},"modified":"2025-08-15T08:10:32","modified_gmt":"2025-08-15T08:10:32","slug":"uv-c-sanitizing-charging-cabinet-for-10-devices","status":"publish","type":"product","link":"https:\/\/24smartcharge.com\/pt\/uv-c-sanitizing-charging-cabinet-for-10-devices\/","title":{"rendered":"Arm\u00e1rio de carregamento higienizante UV-C para 10 dispositivos"},"content":{"rendered":"<h3 id=\"-user-friendly-touch-control-user-interface-\"><strong>Interface de utilizador com controlo t\u00e1til de f\u00e1cil utiliza\u00e7\u00e3o<\/strong><\/h3>\n<p>O arm\u00e1rio de carga de fatura\u00e7\u00e3o possui um painel de controlo t\u00e1til eletr\u00f3nico de f\u00e1cil utiliza\u00e7\u00e3o, oferecendo um controlo completo sobre os ciclos de higieniza\u00e7\u00e3o. Com um ecr\u00e3 limpo e contempor\u00e2neo, as pessoas podem iniciar rapidamente um processo de higieniza\u00e7\u00e3o, adaptar os per\u00edodos de ciclo e monitorizar o progresso num relance.<\/p>\n<p>Pode adaptar o ciclo de desinfe\u00e7\u00e3o \u00e0s suas necessidades, quer pretenda uma limpeza r\u00e1pida ou uma higieniza\u00e7\u00e3o completa. Basta reajustar o tempo do ciclo de acordo com a frequ\u00eancia com que utiliza a ferramenta e o grau de limpeza necess\u00e1rio. Uma vez definido, pode deix\u00e1-lo a fazer o seu trabalho, assegurando que os seus dispositivos est\u00e3o sempre esterilizados e dispon\u00edveis para utiliza\u00e7\u00e3o.<\/p>\n<h3 id=\"-integrated-usb-c-charging-for-10-devices-\"><strong>Carregamento USB-C integrado para 10 dispositivos<\/strong><\/h3>\n<p>Este arm\u00e1rio de carregamento n\u00e3o se limita a desinfetar - tamb\u00e9m carrega at\u00e9 10 dispositivos em simult\u00e2neo utilizando as portas de carregamento USB-C incorporadas. Cada porta fornece uma sa\u00edda fi\u00e1vel de 45 W, garantindo que os seus dispositivos est\u00e3o prontos a utilizar assim que a desinfe\u00e7\u00e3o estiver conclu\u00edda.<\/p>\n<p>O carregamento USB-C oferece energia r\u00e1pida e fi\u00e1vel, compat\u00edvel com v\u00e1rios dispositivos actuais, incluindo smartphones e Chromebooks. Esta carater\u00edstica garante que o arm\u00e1rio \u00e9 um investimento inteligente para o seu escrit\u00f3rio ou instala\u00e7\u00e3o, uma vez que permanecer\u00e1 certamente valioso durante muito tempo.<\/p>\n<h3 id=\"-built-for-durability-and-everyday-use-\"><strong>Constru\u00eddo para durabilidade e utiliza\u00e7\u00e3o di\u00e1ria<\/strong><\/h3>\n<p>O arm\u00e1rio \u00e9 constru\u00eddo com materiais de primeira qualidade para suportar uma utiliza\u00e7\u00e3o quotidiana dif\u00edcil em ambientes exigentes. O seu interior em a\u00e7o inoxid\u00e1vel dur\u00e1vel garante longevidade, enquanto o revestimento exterior resistente oferece prote\u00e7\u00e3o contra impactos, arranh\u00f5es e utiliza\u00e7\u00e3o constante.<\/p>\n<p>Com dimens\u00f5es exteriores de 19,8\u2033 A x 19\u2033 L x 13,75\u2033 P, este arm\u00e1rio \u00e9 suficientemente compacto para caber em balc\u00f5es ou secret\u00e1rias, mas suficientemente espa\u00e7oso para armazenar at\u00e9 10 dispositivos sem aglomera\u00e7\u00e3o.<\/p>\n<h3 id=\"-environmentally-friendly-and-hazard-free-performance-\"><strong>Desempenho amigo do ambiente e isento de riscos<\/strong><\/h3>\n<p>Este arm\u00e1rio de carga oferece uma vantagem significativa no seu tratamento de higiene sem qu\u00edmicos. Ao contr\u00e1rio dos m\u00e9todos de limpeza tradicionais que envolvem sprays ou toalhetes, a luz UV-C n\u00e3o deixa res\u00edduos e n\u00e3o representa um risco para os componentes electr\u00f3nicos sens\u00edveis. Al\u00e9m disso, elimina a possibilidade de erro humano associada \u00e0 limpeza manual.<\/p>\n<p>Para maior seguran\u00e7a, o arm\u00e1rio de carga est\u00e1 equipado com uma porta segura que inclui um painel de visualiza\u00e7\u00e3o, permitindo aos utilizadores observar o processo enquanto permanecem protegidos da luz UV-C. As carater\u00edsticas de seguran\u00e7a integradas garantem que as luzes UV-C s\u00f3 funcionam quando a porta est\u00e1 completamente fechada e segura, protegendo os utilizadores de uma exposi\u00e7\u00e3o acidental.<\/p>\n<h3 id=\"-ideal-for-multiple-environments-\"><strong>Ideal para v\u00e1rios ambientes<\/strong><\/h3>\n<p>O arm\u00e1rio de carregamento higienizante UV-C \u00e9 vers\u00e1til e pode ser utilizado eficazmente em v\u00e1rios ambientes profissionais, como escolas, hospitais, centros governamentais, bibliotecas e escrit\u00f3rios de empresas. Com o seu tamanho compacto e capacidade para higienizar e carregar dispositivos, \u00e9 adequado para espa\u00e7os de trabalho p\u00fablicos ou \u00e1reas movimentadas que requerem higieniza\u00e7\u00e3o e carregamento de rotina.<\/p>\n<ul>\n<li><strong>Salas de aula:<\/strong>\u00a0Esterilizar e ligar rotineiramente os aparelhos dos alunos para garantir que est\u00e3o prontos para a aula seguinte.<\/li>\n<li><strong>Instala\u00e7\u00f5es m\u00e9dicas:<\/strong>\u00a0Limpar e desinfetar cuidadosamente o equipamento utilizado pelos doentes ap\u00f3s cada intera\u00e7\u00e3o.<\/li>\n<li><strong>Locais de trabalho:<\/strong>\u00a0Mantenha o equipamento partilhado em \u00e1reas de confer\u00eancia e espa\u00e7os de trabalho colaborativos arrumado e totalmente funcional.<\/li>\n<li><strong>Localiza\u00e7\u00f5es comunit\u00e1rias:<\/strong>\u00a0Disponibilizar ferramentas limpas e totalmente carregadas para utiliza\u00e7\u00e3o p\u00fablica em bibliotecas, quiosques de autosservi\u00e7o e centros de apoio ao cliente.<\/li>\n<\/ul>\n<h3 id=\"-smart-power-consumption-solutions-\"><strong>Solu\u00e7\u00f5es inteligentes de consumo de energia<\/strong><\/h3>\n<p>Apesar do seu desempenho robusto, o arm\u00e1rio de carregamento apresenta uma excelente efici\u00eancia energ\u00e9tica. Consumindo apenas 45 W de pot\u00eancia por tomada de carregamento, acomoda requisitos de tens\u00e3o nacionais e internacionais, minimizando assim o risco de sobrecarga do circuito e mantendo as despesas de energia sob controlo.<\/p>\n<h3 id=\"-convenience-and-mobility-\"><strong>Conveni\u00eancia e mobilidade<\/strong><\/h3>\n<p>Este arm\u00e1rio de carga duradouro pesa 52 libras na sua forma normal e 57 libras quando embalado para envio, atingindo um equil\u00edbrio entre estabilidade e portabilidade. O seu peso pr\u00e1tico permite uma desloca\u00e7\u00e3o simples para diferentes locais, conforme necess\u00e1rio. Al\u00e9m disso, o arm\u00e1rio \u00e9 fornecido totalmente montado, permitindo que os utilizadores o montem e comecem a utiliz\u00e1-lo imediatamente, sem qualquer processo de instala\u00e7\u00e3o complicado.<\/p>\n<h3 id=\"-at-a-glance-essential-information-\"><strong>Num relance: Informa\u00e7\u00f5es essenciais<\/strong><\/h3>\n<ul>\n<li><strong>Capacidade do dispositivo:<\/strong>\u00a0At\u00e9 10 dispositivos<\/li>\n<li><strong>Portas de carregamento:<\/strong>\u00a010 x USB-C<\/li>\n<li><strong>Compatibilidade de dispositivos:<\/strong>\u00a0Adapta-se a dispositivos com dimens\u00f5es at\u00e9 10\u2033 x 12,5\u2033<\/li>\n<li><strong>Dimens\u00f5es gerais:<\/strong>\u00a019,8\u2033 A x 19\u2033 L x 13,75\u2033 P<\/li>\n<li><strong>Dimens\u00f5es do suporte:<\/strong>\u00a014\u2033 L x 10\u2033 A x 12,5\u2033 P<\/li>\n<li><strong>Peso:<\/strong>\u00a052 lbs (57 lbs peso de envio)<\/li>\n<li><strong>Pot\u00eancia de sa\u00edda:<\/strong>\u00a045W por porta (adequado para utiliza\u00e7\u00e3o nos EUA e internacional)<\/li>\n<li><strong>Materiais:<\/strong>\u00a0Interior em a\u00e7o inoxid\u00e1vel, revestimento exterior duradouro<\/li>\n<li><strong>Sanitiza\u00e7\u00e3o:<\/strong>\u00a0Desinfe\u00e7\u00e3o com luz UV-C de 360 graus<\/li>\n<\/ul>","protected":false},"excerpt":{"rendered":"<div class=\"model-prompt-container\" data-turn-role=\"Model\">\n<div class=\"turn-content\">\n<p class=\"ng-star-inserted\"><span class=\"ng-star-inserted\">Este vers\u00e1til arm\u00e1rio de carregamento utiliza luz germicida UV-C de 360\u00b0 para higienizar com seguran\u00e7a at\u00e9 10 dispositivos electr\u00f3nicos, como computadores port\u00e1teis e tablets, enquanto carregam atrav\u00e9s de um hub USB-C incorporado. As suas prateleiras adapt\u00e1veis em a\u00e7o de qualidade m\u00e9dica tornam-no numa solu\u00e7\u00e3o simples e sem qu\u00edmicos para qualquer local de trabalho.<\/span><\/p>\n<div class=\"turn-information ng-star-inserted\"><\/div>\n<\/div>\n<\/div>\n<div class=\"turn-footer ng-star-inserted\"><\/div>","protected":false},"featured_media":2400,"template":"","meta":{"_kad_post_transparent":"default","_kad_post_title":"","_kad_post_layout":"default","_kad_post_sidebar_id":"","_kad_post_content_style":"default","_kad_post_vertical_padding":"default","_kad_post_feature":"","_kad_post_feature_position":"","_kad_post_header":false,"_kad_post_footer":false},"product_brand":[],"product_cat":[91],"product_tag":[122,153,152],"class_list":{"0":"post-1060","1":"product","2":"type-product","3":"status-publish","4":"has-post-thumbnail","6":"product_cat-charging-cabinets","7":"product_tag-charging-cabinet","8":"product_tag-device-disinfection","9":"product_tag-uv-c-sanitization","11":"first","12":"instock","13":"shipping-taxable","14":"product-type-simple","15":"entry","16":"content-bg","17":"loop-entry"},"_links":{"self":[{"href":"https:\/\/24smartcharge.com\/pt\/wp-json\/wp\/v2\/product\/1060","targetHints":{"allow":["GET"]}}],"collection":[{"href":"https:\/\/24smartcharge.com\/pt\/wp-json\/wp\/v2\/product"}],"about":[{"href":"https:\/\/24smartcharge.com\/pt\/wp-json\/wp\/v2\/types\/product"}],"wp:featuredmedia":[{"embeddable":true,"href":"https:\/\/24smartcharge.com\/pt\/wp-json\/wp\/v2\/media\/2400"}],"wp:attachment":[{"href":"https:\/\/24smartcharge.com\/pt\/wp-json\/wp\/v2\/media?parent=1060"}],"wp:term":[{"taxonomy":"product_brand","embeddable":true,"href":"https:\/\/24smartcharge.com\/pt\/wp-json\/wp\/v2\/product_brand?post=1060"},{"taxonomy":"product_cat","embeddable":true,"href":"https:\/\/24smartcharge.com\/pt\/wp-json\/wp\/v2\/product_cat?post=1060"},{"taxonomy":"product_tag","embeddable":true,"href":"https:\/\/24smartcharge.com\/pt\/wp-json\/wp\/v2\/product_tag?post=1060"}],"curies":[{"name":"wp","href":"https:\/\/api.w.org\/{rel}","templated":true}]}}