{"id":1007,"date":"2025-08-04T09:17:13","date_gmt":"2025-08-04T09:17:13","guid":{"rendered":"https:\/\/24smartcharge.com\/?post_type=product&#038;p=1007"},"modified":"2025-08-18T03:17:05","modified_gmt":"2025-08-18T03:17:05","slug":"plus-series-secure-mobile-charging-cart-for-36-devices","status":"publish","type":"product","link":"https:\/\/24smartcharge.com\/pt\/plus-series-secure-mobile-charging-cart-for-36-devices\/","title":{"rendered":"Carrinho de carregamento m\u00f3vel seguro da s\u00e9rie Plus para 36 dispositivos"},"content":{"rendered":"<h3 id=\"advanced-intelligent-charging-system\">Sistema de carregamento inteligente avan\u00e7ado<\/h3>\n<p>No centro deste carrinho de carga est\u00e1 o seu avan\u00e7ado sistema de carregamento inteligente. N\u00e3o se trata de uma simples extens\u00e3o el\u00e9ctrica numa caixa; \u00e9 um sistema sofisticado concebido para otimizar o processo de carregamento de todos os dispositivos ligados.<\/p>\n<ul>\n<li><strong>Distribui\u00e7\u00e3o inteligente de energia:<\/strong>\u00a0A tecnologia de carregamento inteligente analisa de forma inteligente as necessidades de energia de cada dispositivo individual, dando prioridade \u00e0queles com os n\u00edveis de bateria mais baixos para garantir que s\u00e3o carregados o mais rapidamente poss\u00edvel. Esta distribui\u00e7\u00e3o inteligente de energia evita o cen\u00e1rio comum de alguns dispositivos serem totalmente carregados enquanto outros permanecem esgotados. Ao equilibrar o fluxo de energia, o sistema garante que todos os 36 dispositivos atinjam uma carga 100% de forma eficiente e segura.<\/li>\n<li><strong>Efici\u00eancia de tempo:<\/strong>\u00a0Isto \u00e9 especialmente importante em ambientes onde o tempo \u00e9 essencial, como nas escolas entre as aulas ou nas empresas que se preparam para uma s\u00e9rie de reuni\u00f5es. A efici\u00eancia do processo de carregamento pode libertar tempo valioso, estimando-se uma redu\u00e7\u00e3o de quase 45% no tempo gasto a carregar.<\/li>\n<li><strong>Prote\u00e7\u00e3o do dispositivo:<\/strong>\u00a0O sistema foi concebido para proteger contra picos de energia e sobrecargas, uma carater\u00edstica crucial quando se gere uma elevada densidade de dispositivos electr\u00f3nicos valiosos. Os disjuntores e sensores integrados monitorizam a entrada el\u00e9ctrica, protegendo os dispositivos de potenciais danos causados por inconsist\u00eancias el\u00e9ctricas.<img fetchpriority=\"high\" decoding=\"async\" class=\"size-full wp-image-2766\" src=\"https:\/\/24smartcharge.com\/wp-content\/uploads\/2025\/08\/Plus-Series-Secure-Mobile-Charging-Cart-for-36-Devices-1.jpg\" alt=\"Carrinho de carregamento m\u00f3vel seguro da s\u00e9rie Plus para 36 dispositivos\" width=\"1000\" height=\"1000\" srcset=\"https:\/\/24smartcharge.com\/wp-content\/uploads\/2025\/08\/Plus-Series-Secure-Mobile-Charging-Cart-for-36-Devices-1.jpg 1000w, https:\/\/24smartcharge.com\/wp-content\/uploads\/2025\/08\/Plus-Series-Secure-Mobile-Charging-Cart-for-36-Devices-1-300x300.jpg 300w, https:\/\/24smartcharge.com\/wp-content\/uploads\/2025\/08\/Plus-Series-Secure-Mobile-Charging-Cart-for-36-Devices-1-150x150.jpg 150w, https:\/\/24smartcharge.com\/wp-content\/uploads\/2025\/08\/Plus-Series-Secure-Mobile-Charging-Cart-for-36-Devices-1-768x768.jpg 768w, https:\/\/24smartcharge.com\/wp-content\/uploads\/2025\/08\/Plus-Series-Secure-Mobile-Charging-Cart-for-36-Devices-1-12x12.jpg 12w, https:\/\/24smartcharge.com\/wp-content\/uploads\/2025\/08\/Plus-Series-Secure-Mobile-Charging-Cart-for-36-Devices-1-600x600.jpg 600w, https:\/\/24smartcharge.com\/wp-content\/uploads\/2025\/08\/Plus-Series-Secure-Mobile-Charging-Cart-for-36-Devices-1-100x100.jpg 100w\" sizes=\"(max-width: 1000px) 100vw, 1000px\" \/><\/li>\n<\/ul>\n<h3 id=\"robust-security-and-protection\">Seguran\u00e7a e prote\u00e7\u00e3o robustas<\/h3>\n<p>A seguran\u00e7a \u00e9 uma pedra angular da conce\u00e7\u00e3o deste carrinho de carregamento, tendo em conta o investimento significativo que uma frota de 36 dispositivos representa.<\/p>\n<ul>\n<li><strong>Constru\u00e7\u00e3o duradoura:<\/strong>\u00a0Fabricado em a\u00e7o de alta qualidade e duradouro, o carrinho proporciona uma barreira f\u00edsica formid\u00e1vel contra o roubo e o acesso n\u00e3o autorizado. A constru\u00e7\u00e3o totalmente em a\u00e7o garante durabilidade e longevidade, capaz de suportar os rigores da utiliza\u00e7\u00e3o di\u00e1ria em ambientes movimentados.<\/li>\n<li><strong>Mecanismo de bloqueio avan\u00e7ado:<\/strong>\u00a0As portas dianteiras e traseiras est\u00e3o equipadas com um sistema de fecho de 3 pontos, uma carater\u00edstica que oferece um n\u00edvel superior de seguran\u00e7a em compara\u00e7\u00e3o com os fechos normais de ponto \u00fanico. Este sistema de fecho robusto garante que as portas est\u00e3o seguras em v\u00e1rios pontos, tornando-as significativamente mais resistentes a serem abertas.<\/li>\n<li><strong>Op\u00e7\u00f5es de seguran\u00e7a melhoradas:<\/strong>\u00a0Para uma camada adicional de seguran\u00e7a, o design do carrinho inclui a op\u00e7\u00e3o de adicionar um cadeado pessoal, permitindo uma prote\u00e7\u00e3o personalizada e melhorada. Esta capacidade de bloqueio duplo proporciona paz de esp\u00edrito, sabendo que os dispositivos est\u00e3o armazenados em seguran\u00e7a, quer durante a noite quer durante per\u00edodos de inatividade.<\/li>\n<li><strong>Componente de seguran\u00e7a:<\/strong>\u00a0O design cuidadoso estende-se \u00e0 separa\u00e7\u00e3o entre a \u00e1rea de armazenamento do dispositivo e a \u00e1rea do adaptador de corrente, sendo ambas bloque\u00e1veis, impedindo n\u00e3o s\u00f3 o roubo dos pr\u00f3prios dispositivos, mas tamb\u00e9m dos seus componentes de carregamento essenciais.<\/li>\n<\/ul>\n<h3 id=\"exceptional-mobility-and-user-convenience\">Mobilidade excecional e comodidade para o utilizador<\/h3>\n<p>Para al\u00e9m das suas carater\u00edsticas principais de carregamento e seguran\u00e7a, este carrinho de carregamento foi concebido para uma mobilidade e comodidade do utilizador excepcionais. Compreendendo que a necessidade de dispositivos carregados muitas vezes n\u00e3o se limita a uma \u00fanica divis\u00e3o, o carrinho est\u00e1 equipado com carater\u00edsticas concebidas para um transporte e utiliza\u00e7\u00e3o sem esfor\u00e7o.<\/p>\n<ul>\n<li><strong>Transporte sem problemas:<\/strong>\u00a0O carrinho est\u00e1 equipado com rodas girat\u00f3rias grandes e resistentes. Estas rodas de borracha que n\u00e3o deixam marcas foram concebidas para deslizar suavemente sobre v\u00e1rias superf\u00edcies de ch\u00e3o, desde azulejos e madeira a alcatifas, facilitando o transporte de toda a frota de dispositivos de um local de armazenamento central para salas de aula individuais, salas de confer\u00eancias ou instala\u00e7\u00f5es de forma\u00e7\u00e3o.<\/li>\n<li><strong>Seguran\u00e7a e estabilidade:<\/strong>\u00a0A inclus\u00e3o de trav\u00f5es de bloqueio nos rod\u00edzios \u00e9 uma carater\u00edstica de seguran\u00e7a fundamental, garantindo que o carrinho permanece firmemente no lugar quando chega ao seu destino.<\/li>\n<li><strong>Design ergon\u00f3mico:<\/strong>\u00a0Uma pega larga e ergon\u00f3mica proporciona um controlo confort\u00e1vel e positivo durante a condu\u00e7\u00e3o do carrinho, mesmo quando totalmente carregado.<\/li>\n<li><strong>Carater\u00edsticas de prote\u00e7\u00e3o:<\/strong>\u00a0Para proteger o carrinho e o ambiente circundante, est\u00e1 equipado com para-choques de prote\u00e7\u00e3o dos cantos. Estes amortecedores absorvem o impacto e evitam arranh\u00f5es e riscos nas paredes, portas e mobili\u00e1rio.<\/li>\n<li><strong>Efici\u00eancia de espa\u00e7o:<\/strong>\u00a0O tamanho total do carrinho \u00e9 surpreendentemente compacto, concebido para ocupar uma quantidade de espa\u00e7o semelhante \u00e0 de um carrinho A\/V normal, o que o torna uma solu\u00e7\u00e3o eficiente em termos de espa\u00e7o para qualquer divis\u00e3o.<\/li>\n<\/ul>\n<h3 id=\"efficient-cable-and-device-management\">Gest\u00e3o eficiente de cabos e dispositivos<\/h3>\n<p>A gest\u00e3o eficaz dos cabos \u00e9 um aspeto frequentemente negligenciado, mas essencial, de qualquer solu\u00e7\u00e3o de carregamento para v\u00e1rios dispositivos. Este carrinho de carregamento destaca-se nesta \u00e1rea, incorporando um sistema que elimina o frustrante e demorado emaranhado de cabos.<\/p>\n<ul>\n<li><strong>Cablagem organizada:<\/strong>\u00a0As funcionalidades de gest\u00e3o de cabos integradas asseguram que todos os cabos de carregamento s\u00e3o mantidos limpos, organizados e seguros no lugar. O interior do carrinho inclui divis\u00f3rias amov\u00edveis para dispositivos com clipes de encaminhamento de cabos incorporados, permitindo uma configura\u00e7\u00e3o limpa. Isto n\u00e3o s\u00f3 melhora a experi\u00eancia do utilizador, facilitando a liga\u00e7\u00e3o e a desconex\u00e3o de dispositivos, como tamb\u00e9m protege os cabos de danos provocados por belisc\u00f5es ou dobras excessivas.<\/li>\n<li><strong>Ambiente livre de desordem:<\/strong>\u00a0Os adaptadores de corrente est\u00e3o alojados num compartimento separado e dedicado, contribuindo ainda mais para um ambiente sem confus\u00e3o. Este elemento de design mant\u00e9m os blocos de alimenta\u00e7\u00e3o volumosos fora do caminho, optimizando o espa\u00e7o dispon\u00edvel para os dispositivos e assegurando uma ventila\u00e7\u00e3o adequada.<\/li>\n<li><strong>F\u00e1cil identifica\u00e7\u00e3o do dispositivo:<\/strong>\u00a0Para facilitar ainda mais a organiza\u00e7\u00e3o, as prateleiras s\u00e3o numeradas, o que simplifica a atribui\u00e7\u00e3o e identifica\u00e7\u00e3o de dispositivos espec\u00edficos - uma funcionalidade particularmente \u00fatil num programa de dispositivos um-para-um numa escola ou para o acompanhamento de activos num ambiente empresarial.<\/li>\n<li><strong>Pronto para utiliza\u00e7\u00e3o imediata:<\/strong>\u00a0Esta aten\u00e7\u00e3o meticulosa aos pormenores na organiza\u00e7\u00e3o dos cabos e dos dispositivos simplifica todo o processo de gest\u00e3o e implementa\u00e7\u00e3o dos dispositivos. A natureza pr\u00e9-cablada do carrinho significa que este chega pronto para uma implementa\u00e7\u00e3o imediata, exigindo uma configura\u00e7\u00e3o m\u00ednima e permitindo que as organiza\u00e7\u00f5es o integrem rapidamente no seu fluxo de trabalho.<\/li>\n<\/ul>","protected":false},"excerpt":{"rendered":"<div class=\"chat-container\">\n<div class=\"chat-view-container ng-star-inserted\">\n<div>\n<div class=\"chat-turn-container model render cdk-focused cdk-mouse-focused\" tabindex=\"-1\">\n<div class=\"model-prompt-container\" data-turn-role=\"Model\">\n<div class=\"turn-content\">\n<div class=\"turn-information ng-star-inserted\">Carregue e transporte 36 dispositivos de forma segura com este robusto carrinho de carga em a\u00e7o. Inclui um sistema de carregamento inteligente para efici\u00eancia e prote\u00e7\u00e3o, um mecanismo de bloqueio de 3 pontos para seguran\u00e7a m\u00e1xima e rodas de deslizamento suave para uma mobilidade sem esfor\u00e7o.<\/div>\n<\/div>\n<\/div>\n<div class=\"turn-footer ng-star-inserted\"><\/div>\n<\/div>\n<\/div>\n<\/div>\n<\/div>\n<footer class=\"not-zero-state ng-star-inserted\">\n<div class=\"mat-mdc-tooltip-trigger prompt-input-wrapper\">\n<div>\n<div class=\"prompt-input-wrapper-container\">\n<div class=\"text-wrapper\">\n<section class=\"text-and-attachments-wrapper\">\n<div class=\"text-input-wrapper\"><\/div>\n<\/section>\n<\/div>\n<\/div>\n<\/div>\n<\/div>\n<\/footer>","protected":false},"featured_media":2358,"template":"","meta":{"_kad_post_transparent":"default","_kad_post_title":"","_kad_post_layout":"default","_kad_post_sidebar_id":"","_kad_post_content_style":"default","_kad_post_vertical_padding":"default","_kad_post_feature":"","_kad_post_feature_position":"","_kad_post_header":false,"_kad_post_footer":false},"product_brand":[],"product_cat":[91],"product_tag":[115,137,141],"class_list":{"0":"post-1007","1":"product","2":"type-product","3":"status-publish","4":"has-post-thumbnail","6":"product_cat-charging-cabinets","7":"product_tag-charging-cart","8":"product_tag-device-storage","9":"product_tag-mobile-cart","11":"first","12":"instock","13":"shipping-taxable","14":"product-type-simple","15":"entry","16":"content-bg","17":"loop-entry"},"_links":{"self":[{"href":"https:\/\/24smartcharge.com\/pt\/wp-json\/wp\/v2\/product\/1007","targetHints":{"allow":["GET"]}}],"collection":[{"href":"https:\/\/24smartcharge.com\/pt\/wp-json\/wp\/v2\/product"}],"about":[{"href":"https:\/\/24smartcharge.com\/pt\/wp-json\/wp\/v2\/types\/product"}],"wp:featuredmedia":[{"embeddable":true,"href":"https:\/\/24smartcharge.com\/pt\/wp-json\/wp\/v2\/media\/2358"}],"wp:attachment":[{"href":"https:\/\/24smartcharge.com\/pt\/wp-json\/wp\/v2\/media?parent=1007"}],"wp:term":[{"taxonomy":"product_brand","embeddable":true,"href":"https:\/\/24smartcharge.com\/pt\/wp-json\/wp\/v2\/product_brand?post=1007"},{"taxonomy":"product_cat","embeddable":true,"href":"https:\/\/24smartcharge.com\/pt\/wp-json\/wp\/v2\/product_cat?post=1007"},{"taxonomy":"product_tag","embeddable":true,"href":"https:\/\/24smartcharge.com\/pt\/wp-json\/wp\/v2\/product_tag?post=1007"}],"curies":[{"name":"wp","href":"https:\/\/api.w.org\/{rel}","templated":true}]}}