{"id":1786,"date":"2025-08-08T08:28:55","date_gmt":"2025-08-08T08:28:55","guid":{"rendered":"https:\/\/24smartcharge.com\/?post_type=product&#038;p=1786"},"modified":"2025-08-18T01:50:10","modified_gmt":"2025-08-18T01:50:10","slug":"30-device-uv-sanitizing-ac-charging-cabinet","status":"publish","type":"product","link":"https:\/\/24smartcharge.com\/nl\/30-device-uv-sanitizing-ac-charging-cabinet\/","title":{"rendered":"30-apparaten UV Sanitizing AC-laadkast"},"content":{"rendered":"<h1 id=\"the-ultimate-solution-for-device-management-the-30-device-uv-sanitizing-ac-charging-cabinet\">De ultieme oplossing voor apparaatbeheer: De 30-apparaten UV Sanitizing AC-laadkast<\/h1>\n<p>In de snelle, door technologie gedreven wereld van vandaag is het beheren van een vloot tablets, laptops en andere elektronische apparaten een grote uitdaging voor scholen, kantoren, zorginstellingen en elke organisatie die afhankelijk is van gedeelde technologie. Apparaten opgeladen, georganiseerd, veilig en hygi\u00ebnisch houden kan een logistieke nachtmerrie zijn. Deze\u00a0<strong>Laadkast<\/strong>\u00a0is ontworpen om al deze problemen op te lossen in \u00e9\u00e9n elegante, mobiele en zeer effici\u00ebnte oplossing. Ontworpen om tot wel 30 apparaten tegelijk veilig op te bergen, op te laden en te reinigen, is dit het onmisbare hulpmiddel om je technologische workflow te stroomlijnen en ervoor te zorgen dat je apparatuur altijd klaar en veilig voor gebruik is.<\/p>\n<h2 id=\"effortless-charging-for-maximum-productivity\">Moeiteloos opladen voor maximale productiviteit<\/h2>\n<p>Zeg vaarwel tegen verwarde kabels, bezette stopcontacten en de chaos van het opladen van meerdere apparaten. Deze\u00a0<strong>Laadkast<\/strong>\u00a0biedt een gecentraliseerde en georganiseerde hub voor al je oplaadbehoeften.<\/p>\n<ul>\n<li><strong>Opladen met hoge capaciteit:<\/strong>\u00a0De kast is uitgerust met 30 stopcontacten en kan tegelijkertijd tot 30 apparaten van stroom voorzien, van tablets en Chromebooks tot kleine laptops. Het interieur is doordacht ontworpen met 30 individuele bays, elk met zijn eigen stroombron, zodat elk apparaat zijn eigen plek heeft.<\/li>\n<li><strong>Slimme oplaadcyclus:<\/strong>\u00a0De belangrijkste functie van het voedingssysteem is de intelligente slimme oplaadtechnologie. Wanneer je het wagentje op \u00e9\u00e9n stopcontact aansluit, regelt het automatisch de stroomverdeling naar alle aangesloten apparaten. Dit voorkomt dat het circuit overbelast raakt, wat een veelvoorkomend risico is wanneer je veel apparaten met een hoog verbruik tegelijk oplaadt. Dit slimme systeem biedt ook spanningsbeveiliging en bevordert een cycluslading, wat de levensduur van de batterij ten goede komt en zorgt voor een effici\u00ebnter en veiliger laadproces voor al je waardevolle spullen.<\/li>\n<li><strong>Eenvoud met \u00e9\u00e9n druk op de knop:<\/strong>\u00a0Dit bedienen\u00a0<strong>Laadkast<\/strong>\u00a0is ongelooflijk eenvoudig. Met \u00e9\u00e9n druk op de knop wordt het oplaadproces gestart voor alle aangesloten apparaten. Er zijn geen ingewikkelde instellingen of programmeringen nodig. Sluit je apparaten gewoon aan, druk op een knop en loop weg, in de zekerheid dat alles is opgeladen en klaar is voor de volgende dag.<\/li>\n<\/ul>\n<h2 id=\"advanced-uv-sanitization-for-a-healthier-environment\">Geavanceerde UV-sanering voor een gezondere omgeving<\/h2>\n<p>In een tijdperk waarin hygi\u00ebne belangrijker is dan ooit, is dit\u00a0<strong>Laadkast<\/strong>\u00a0gaat verder dan eenvoudig opladen. Het bevat krachtige UV-C-ontsmettingstechnologie om ervoor te zorgen dat je apparaten niet alleen van stroom worden voorzien, maar ook schoon zijn.<\/p>\n<ul>\n<li><strong>Gelijktijdig opladen en reinigen:<\/strong>\u00a0Oppervlakken die veel worden aangeraakt, zoals toetsenborden, schermen en behuizingen van apparaten, zijn broedplaatsen voor ziektekiemen. Deze kast is voorzien van ge\u00efntegreerde UV-verlichting die aan het werk gaat zodra je apparaten worden opgeborgen.<\/li>\n<li><strong>Snel en effectief:<\/strong>\u00a0De UV-ontsmettingscyclus is opmerkelijk snel en reinigt de oppervlakken van uw voorwerpen in slechts vijf minuten. Dit proces helpt de aanwezigheid van ziektekiemen en bacteri\u00ebn te verminderen en bevordert een gezondere omgeving voor studenten, werknemers en klanten. Het biedt gemoedsrust en een extra beschermingslaag in elke gedeelde ruimte.<\/li>\n<\/ul>\n<h2 id=\"robust-security-and-durable-design\">Robuuste beveiliging en duurzaam ontwerp<\/h2>\n<p>Het beschermen van je investering is van het grootste belang. Deze\u00a0<strong>Laadkast<\/strong>\u00a0is gebouwd met beveiliging en duurzaamheid als kernpunten, zodat je apparaten veilig zijn voor diefstal en schade.<\/p>\n<ul>\n<li><strong>Stevige constructie:<\/strong>\u00a0De kast is gemaakt van hoogwaardig staal en biedt een robuuste en duurzame behuizing die bestand is tegen de eisen van dagelijks gebruik in drukke omgevingen. Het stevige frame zorgt voor langdurige betrouwbaarheid.<\/li>\n<li><strong>Veilig sluitsysteem:<\/strong>\u00a0De deur is uitgerust met een veilig vergrendelingsmechanisme om toegang door onbevoegden te voorkomen. Hierdoor kun je waardevolle apparatuur 's nachts of in onbeveiligde ruimtes met een gerust hart opbergen. (Let op: sloten zijn niet inbegrepen, zodat je zelf een oplossing kunt kiezen die het beste bij je beveiligingsbehoeften past).<\/li>\n<li><strong>Geventileerd voor veiligheid:<\/strong>\u00a0Hitte is de vijand van elektronica. Voor optimale prestaties en een lange levensduur heeft de kast strategisch geplaatste ventilatiegaten op de deuren en panelen. Dit passieve koelsysteem werkt samen met de intu\u00eftieve interne koeling van de wagen om de warmte die vrijkomt tijdens het opladen af te voeren, zodat apparaten niet oververhit raken.<\/li>\n<\/ul>\n<h2 id=\"designed-for-mobility-and-convenience\">Ontworpen voor mobiliteit en gemak<\/h2>\n<p>Deze\u00a0<strong>Laadkast<\/strong>\u00a0is niet zomaar een stationaire kast; het is een volledig mobiel werkstation dat is ontworpen om te bewegen waar je het het meest nodig hebt.<\/p>\n<ul>\n<li><strong>Moeiteloos transport:<\/strong>\u00a0Met vier zware zwenkwielen glijdt de kast soepel over verschillende vloeroppervlakken. Een comfortabele, ergonomische handgreep biedt uitstekende grip en controle, waardoor het gemakkelijk is om door gangen, deuropeningen en klaslokalen te navigeren. Een volledige set van 30 apparaten vervoeren van een opslagruimte naar meerdere klaslokalen is nog nooit zo eenvoudig geweest.<\/li>\n<li><strong>Schoon en georganiseerd:<\/strong>\u00a0De verdelers aan de binnenkant scheiden en beschermen niet alleen elk apparaat, maar werken ook samen met een ge\u00efntegreerd kabelbeheersysteem om draden netjes en ontward te houden. Deze nauwgezette organisatie maakt het gemakkelijk om apparaten snel aan te sluiten en te verwijderen zonder gedoe.<\/li>\n<\/ul>\n<h3 id=\"-product-summary-\"><strong>Productsamenvatting<\/strong><\/h3>\n<ul>\n<li><strong>Capaciteit:<\/strong>\u00a0Kan tot 30 apparaten opslaan en opladen.<\/li>\n<li><strong>Vermogen:<\/strong>\u00a0Voorzien van 30 stopcontacten met smart-cycle opladen om overbelasting te voorkomen.<\/li>\n<li><strong>Sanering:<\/strong>\u00a0Uitgerust met UV-verlichting om apparaten te ontsmetten tijdens het opladen.<\/li>\n<li><strong>Beveiliging:<\/strong>\u00a0Duurzame stalen constructie met een veilige, afsluitbare deur.<\/li>\n<li><strong>Mobiliteit:<\/strong>\u00a0Inclusief een duwhandvat en vier zwenkwielen voor eenvoudig transport.<\/li>\n<li><strong>Afmetingen:<\/strong>\u00a023,1 in (B) x 25,9 in (D) x 37 in (H)<\/li>\n<li><strong>Gewicht:<\/strong>\u00a097 pond<\/li>\n<li><strong>Invoer\/uitvoer:<\/strong>\u00a0100-120 V wisselstroom, 50\/60 Hz, 12 A<\/li>\n<\/ul>\n<h3 id=\"-what-s-in-the-box-\"><strong>Wat zit er in de doos?<\/strong><\/h3>\n<ul>\n<li>1x oplaadwagen<\/li>\n<li>1x handvat<\/li>\n<li>4x wielen<\/li>\n<li>1x AC-stroomkabel<\/li>\n<li>30x Bays<\/li>\n<\/ul>","protected":false},"excerpt":{"rendered":"<div class=\"chat-container\">\n<div class=\"chat-view-container ng-star-inserted\">\n<div>\n<div class=\"chat-turn-container model render cdk-focused cdk-mouse-focused\" tabindex=\"-1\">\n<div class=\"model-prompt-container\" data-turn-role=\"Model\">\n<div class=\"turn-content\">\n<p class=\"ng-star-inserted\"><span class=\"ng-star-inserted\">Deze veilige en mobiele oplaadkast kan tot 30 apparaten tegelijk opslaan en opladen. Het beschikt over stopcontacten, een slimme oplaadcyclus om overbelasting te voorkomen en ge\u00efntegreerde UV-verlichting om apparaten te ontsmetten terwijl ze worden opgeladen, waardoor het een effici\u00ebnte oplossing is voor het beheren van elektronica.<\/span><\/p>\n<div class=\"turn-information ng-star-inserted\"><\/div>\n<\/div>\n<\/div>\n<div class=\"turn-footer ng-star-inserted\"><\/div>\n<\/div>\n<\/div>\n<\/div>\n<\/div>\n<footer class=\"not-zero-state ng-star-inserted\">\n<div class=\"mat-mdc-tooltip-trigger prompt-input-wrapper\">\n<div>\n<div class=\"prompt-input-wrapper-container\">\n<div class=\"text-wrapper\">\n<section class=\"text-and-attachments-wrapper\">\n<div class=\"text-input-wrapper\"><\/div>\n<\/section>\n<\/div>\n<\/div>\n<\/div>\n<\/div>\n<\/footer>","protected":false},"featured_media":2742,"template":"","meta":{"_kad_post_transparent":"default","_kad_post_title":"","_kad_post_layout":"default","_kad_post_sidebar_id":"","_kad_post_content_style":"default","_kad_post_vertical_padding":"default","_kad_post_feature":"","_kad_post_feature_position":"","_kad_post_header":false,"_kad_post_footer":false},"product_brand":[],"product_cat":[91],"product_tag":[273,122,272],"class_list":{"0":"post-1786","1":"product","2":"type-product","3":"status-publish","4":"has-post-thumbnail","6":"product_cat-charging-cabinets","7":"product_tag-30-device-storage","8":"product_tag-charging-cabinet","9":"product_tag-uv-sanitizing-cart","11":"first","12":"instock","13":"shipping-taxable","14":"product-type-simple","15":"entry","16":"content-bg","17":"loop-entry"},"_links":{"self":[{"href":"https:\/\/24smartcharge.com\/nl\/wp-json\/wp\/v2\/product\/1786","targetHints":{"allow":["GET"]}}],"collection":[{"href":"https:\/\/24smartcharge.com\/nl\/wp-json\/wp\/v2\/product"}],"about":[{"href":"https:\/\/24smartcharge.com\/nl\/wp-json\/wp\/v2\/types\/product"}],"wp:featuredmedia":[{"embeddable":true,"href":"https:\/\/24smartcharge.com\/nl\/wp-json\/wp\/v2\/media\/2742"}],"wp:attachment":[{"href":"https:\/\/24smartcharge.com\/nl\/wp-json\/wp\/v2\/media?parent=1786"}],"wp:term":[{"taxonomy":"product_brand","embeddable":true,"href":"https:\/\/24smartcharge.com\/nl\/wp-json\/wp\/v2\/product_brand?post=1786"},{"taxonomy":"product_cat","embeddable":true,"href":"https:\/\/24smartcharge.com\/nl\/wp-json\/wp\/v2\/product_cat?post=1786"},{"taxonomy":"product_tag","embeddable":true,"href":"https:\/\/24smartcharge.com\/nl\/wp-json\/wp\/v2\/product_tag?post=1786"}],"curies":[{"name":"wp","href":"https:\/\/api.w.org\/{rel}","templated":true}]}}