{"id":1083,"date":"2025-08-05T02:42:43","date_gmt":"2025-08-05T02:42:43","guid":{"rendered":"https:\/\/24smartcharge.com\/?post_type=product&#038;p=1083"},"modified":"2025-08-15T08:50:16","modified_gmt":"2025-08-15T08:50:16","slug":"smart-charging-cabinet-for-securing-and-sanitizing-phones","status":"publish","type":"product","link":"https:\/\/24smartcharge.com\/nl\/smart-charging-cabinet-for-securing-and-sanitizing-phones\/","title":{"rendered":"Slimme oplaadkast voor het beveiligen en reinigen van telefoons"},"content":{"rendered":"<h1 id=\"lock-and-power-up-the-secure-smart-charging-cabinet\">Vergrendelen en inschakelen: De veilige slimme oplaadkast<\/h1>\n<p>Deze oplaadkast is ontworpen met een primaire focus op veiligheid. Hij is voorzien van afsluitbare compartimenten voor het opslaan en opladen van maximaal 10 smartphones, zodat ze beschermd zijn tegen diefstal, verlies of ongeoorloofd gebruik. In elk compartiment past veilig een mobiele telefoon en de kast is voorzien van verificatiefuncties zoals RFID-kaart- of wachtwoordtoegang zodat alleen bevoegde gebruikers toegang hebben tot de apparaten.<\/p>\n<p>Deze veilige opslagoplossing heeft een robuuste en sabotagebestendige deur, een geavanceerd toegangscontrolesysteem dat wordt bediend via een intu\u00eftieve touchscreeninterface en een ontwerp dat voorkomt dat de inhoud onbedoeld wordt verwijderd, waardoor het ideaal is voor drukke of gedeelde omgevingen.<\/p>\n<h2 id=\"core-features\">Belangrijkste functies<\/h2>\n<h3 id=\"efficient-charging\">Effici\u00ebnt opladen<\/h3>\n<p>De slimme oplaadkast is uitgerust met 10 afzonderlijke oplaadpoorten en levert betrouwbare en consistente stroom aan elk apparaat. Het ondersteunt standaard oplaadbehoeften terwijl de veiligheid van de apparaten behouden blijft dankzij de slimme stroomverdeling.<\/p>\n<ul>\n<li>Gelijktijdig opladen voor maximaal 10 apparaten.<\/li>\n<li>Georganiseerde bay lay-out voor eenvoudig plaatsen.<\/li>\n<li>Kabelbeheer voor minder rommel.<\/li>\n<li>Voorkomt overladen en elektrische gevaren.<\/li>\n<\/ul>\n<h3 id=\"sanitization-with-uv-c-light\">Ontsmetting met UV-C-licht<\/h3>\n<p>Deze kast bevat ingebouwde UV-C sanitaire technologie die apparaten desinfecteert terwijl ze worden opgeladen, waardoor een twee-in-\u00e9\u00e9n oplossing wordt geboden die de hygi\u00ebne op de werkplek verbetert.<\/p>\n<ul>\n<li>Elimineert tot\u00a0<strong>99.9%<\/strong>\u00a0van bacteri\u00ebn en virussen.<\/li>\n<li>Het UV-C-licht wordt automatisch geactiveerd tijdens het opladen.<\/li>\n<li>Er zijn geen gevaarlijke chemicali\u00ebn of handmatige reiniging nodig.<\/li>\n<li>Helpt organisaties te voldoen aan gezondheids- en veiligheidsnormen.<\/li>\n<\/ul>\n<h3 id=\"smart-device-management\">Slim beheer van apparaten<\/h3>\n<p>De laadkast heeft een intu\u00eftief interactief scherm dat navigatie en controle vereenvoudigt. Door het inchecken en uitchecken van apparaten voor elke bay bij te houden en te registreren, kunnen gebruikers het voorraadbeheer en overzicht verbeteren.<\/p>\n<p>Een gebruiksvriendelijk digitaal platform volgt en bewaakt gebruikspatronen en houdt een volledig register bij van de opslagactiviteiten van apparaten. Het systeem vereenvoudigt het toewijzen en terughalen van apparaten en biedt flexibele toegangsopties met zowel wachtwoordbeveiligde als kaartgebaseerde verificatie.<\/p>\n<h3 id=\"durable-build-thoughtful-design\">Duurzaam gebouwd en doordacht ontwerp<\/h3>\n<p>De oplaadkast is gebouwd om zowel duurzaam als ruimtebesparend te zijn, met gebruik van hoogwaardige, schadebestendige materialen. De moderne esthetiek maakt hem geschikt voor gebruik in verschillende professionele omgevingen.<\/p>\n<h2 id=\"specifications\">Specificaties<\/h2>\n<table>\n<thead>\n<tr>\n<th>Functie<\/th>\n<th>Specificatie<\/th>\n<\/tr>\n<\/thead>\n<tbody>\n<tr>\n<td><strong>Ondersteunde apparaten<\/strong><\/td>\n<td>Tot 10 mobiele telefoons<\/td>\n<\/tr>\n<tr>\n<td><strong>Afmetingen baai<\/strong><\/td>\n<td>8,5\u2033 (D) x 0,7\u2033 (B) x 4\u2033 (H)<\/td>\n<\/tr>\n<tr>\n<td><strong>Buitenafmetingen<\/strong><\/td>\n<td>17,7\u2033 H x 17\u2033 B x 14\u2033 D<\/td>\n<\/tr>\n<tr>\n<td><strong>Gewicht product<\/strong><\/td>\n<td>48 pond<\/td>\n<\/tr>\n<tr>\n<td><strong>Verzendgewicht<\/strong><\/td>\n<td>51 pond<\/td>\n<\/tr>\n<tr>\n<td><strong>Oplaadpoorten<\/strong><\/td>\n<td>10<\/td>\n<\/tr>\n<\/tbody>\n<\/table>\n<hr \/>\n<h2 id=\"ideal-use-cases\">Ideale gebruikssituaties<\/h2>\n<p>Deze slimme oplaadkast is perfect voor elke omgeving waar telefoonhygi\u00ebne en -veiligheid cruciaal zijn:<\/p>\n<ul>\n<li><strong>Gezondheidszorg:<\/strong>\u00a0Reinig gedeelde telefoons tussen personeelsdiensten, houd infectiebestrijdingsprotocollen bij en houd het apparaatgebruik per werknemer bij.<\/li>\n<li><strong>Kantoren:<\/strong>\u00a0Houd apparaten van werknemers opgeladen, bescherm gevoelige bedrijfsgegevens en stimuleer mobielvrije vergaderingen.<\/li>\n<li><strong>Onderwijs:<\/strong>\u00a0Vergrendel telefoons van leerlingen tijdens de lesuren om gericht leren te bevorderen en wijs apparaten toe op basis van ID voor naadloze tracering.<\/li>\n<li><strong>Horeca &amp; Voedingsservice:<\/strong>\u00a0Ervoor zorgen dat telefoons schoon zijn in ruimtes waar voedsel wordt bereid, apparaten van personeel veilig opladen en de naleving van gezondheidsrichtlijnen verbeteren.<\/li>\n<\/ul>\n<h2 id=\"key-benefits\">Belangrijkste voordelen<\/h2>\n<ul>\n<li><strong>Alles-in-\u00e9\u00e9n oplossing:<\/strong>\u00a0Apparaten opladen, reinigen en beheren in \u00e9\u00e9n apparaat.<\/li>\n<li><strong>Verbeterde veiligheid:<\/strong>\u00a0UV-C desinfectie verbetert de hygi\u00ebne voor een gezondere omgeving.<\/li>\n<li><strong>Slimme toegangscontrole:<\/strong>\u00a0Minimaliseer diefstal en misbruik met veilige verificatie.<\/li>\n<li><strong>Verbeterde verantwoording:<\/strong>\u00a0Traceer wie welk apparaat heeft gebruikt en wanneer.<\/li>\n<li><strong>Tijdbesparend:<\/strong>\u00a0Snel opladen en eenvoudige bediening stroomlijnen workflows.<\/li>\n<li><strong>Ruimtebesparend:<\/strong>\u00a0Een compact ontwerp met een hoge apparaatcapaciteit past in elke ruimte.<\/li>\n<\/ul>\n<h2 id=\"a-sustainable-solution\">Een duurzame oplossing<\/h2>\n<p>Door de behoefte aan antibacteri\u00eble doekjes voor eenmalig gebruik te verminderen en de kosten voor het kwijtraken of vervangen van apparaten te verlagen, draagt deze oplaadkast bij aan duurzaamheidsdoelstellingen. Het stimuleert gedeeld gebruik van apparaten op een schone, georganiseerde manier, wat helpt om zowel de kosten als uw ecologische voetafdruk te verminderen.<\/p>\n<h3 id=\"why-choose-this-charging-cabinet-\">Waarom kiezen voor deze oplaadkast?<\/h3>\n<p>Deze slimme oplaadkast is meer dan alleen een voeding: het is een uitgebreid, vooruitstrevend systeem voor apparaatbeheer. Met realtime bewaking, automatische ontsmetting en veilige opslag is deze kast een game-changer voor elke organisatie die effici\u00ebntie en hygi\u00ebne hoog in het vaandel heeft staan.<\/p>\n<h3 id=\"what-s-included\">Wat is inbegrepen<\/h3>\n<ul>\n<li>1x slim oplaadkastje<\/li>\n<li>Ge\u00efntegreerd UV-C zuiveringssysteem<\/li>\n<li>10x ge\u00efntegreerde oplaadpoorten<\/li>\n<li>Digitaal touchscreen bedieningspaneel<\/li>\n<li>RFID-lezer en functies voor toegangscontrole<\/li>\n<li>Gebruikershandleiding<\/li>\n<\/ul>","protected":false},"excerpt":{"rendered":"<p>In deze geavanceerde oplaadkast kun je tot 10 smartphones veilig opbergen en opladen, terwijl ze met UV-C-licht worden gereinigd. Ideaal voor gedeelde omgevingen, voorkomt diefstal, ondersteunt het volgen van apparaten en bevordert hygi\u00ebne en veiligheid.<\/p>","protected":false},"featured_media":2426,"template":"","meta":{"_kad_post_transparent":"default","_kad_post_title":"","_kad_post_layout":"default","_kad_post_sidebar_id":"","_kad_post_content_style":"default","_kad_post_vertical_padding":"default","_kad_post_feature":"","_kad_post_feature_position":"","_kad_post_header":false,"_kad_post_footer":false},"product_brand":[],"product_cat":[91],"product_tag":[],"class_list":{"0":"post-1083","1":"product","2":"type-product","3":"status-publish","4":"has-post-thumbnail","6":"product_cat-charging-cabinets","8":"first","9":"instock","10":"shipping-taxable","11":"product-type-simple","12":"entry","13":"content-bg","14":"loop-entry"},"_links":{"self":[{"href":"https:\/\/24smartcharge.com\/nl\/wp-json\/wp\/v2\/product\/1083","targetHints":{"allow":["GET"]}}],"collection":[{"href":"https:\/\/24smartcharge.com\/nl\/wp-json\/wp\/v2\/product"}],"about":[{"href":"https:\/\/24smartcharge.com\/nl\/wp-json\/wp\/v2\/types\/product"}],"wp:featuredmedia":[{"embeddable":true,"href":"https:\/\/24smartcharge.com\/nl\/wp-json\/wp\/v2\/media\/2426"}],"wp:attachment":[{"href":"https:\/\/24smartcharge.com\/nl\/wp-json\/wp\/v2\/media?parent=1083"}],"wp:term":[{"taxonomy":"product_brand","embeddable":true,"href":"https:\/\/24smartcharge.com\/nl\/wp-json\/wp\/v2\/product_brand?post=1083"},{"taxonomy":"product_cat","embeddable":true,"href":"https:\/\/24smartcharge.com\/nl\/wp-json\/wp\/v2\/product_cat?post=1083"},{"taxonomy":"product_tag","embeddable":true,"href":"https:\/\/24smartcharge.com\/nl\/wp-json\/wp\/v2\/product_tag?post=1083"}],"curies":[{"name":"wp","href":"https:\/\/api.w.org\/{rel}","templated":true}]}}