{"id":863,"date":"2025-08-04T01:46:03","date_gmt":"2025-08-04T01:46:03","guid":{"rendered":"https:\/\/24smartcharge.com\/?post_type=product&#038;p=863"},"modified":"2025-08-15T03:43:21","modified_gmt":"2025-08-15T03:43:21","slug":"secure-40-device-smartphone-charging-cabinet","status":"publish","type":"product","link":"https:\/\/24smartcharge.com\/it\/secure-40-device-smartphone-charging-cabinet\/","title":{"rendered":"Armadietto di ricarica sicura per smartphone da 40 dispositivi"},"content":{"rendered":"<p class=\"ng-star-inserted\"><span class=\"ng-star-inserted\">Rispondendo alla richiesta di una gestione semplificata e sicura dei dispositivi mobili in ambito professionale ed educativo, l'applicazione <\/span><strong class=\"ng-star-inserted\"><span class=\"ng-star-inserted\">Armadietto di ricarica sicura per smartphone da 40 dispositivi<\/span><\/strong><span class=\"ng-star-inserted\">, <\/span><span class=\"ng-star-inserted\">\u00a0emerge come una soluzione completa e indispensabile. In un'epoca in cui gli smartphone sono parte integrante delle operazioni nelle scuole, negli ambienti aziendali, nelle strutture sanitarie e nella vendita al dettaglio, la sfida logistica di conservare, proteggere e gestire questi beni preziosi \u00e8 fondamentale. Questo armadietto di ricarica \u00e8 stato progettato meticolosamente per affrontare queste sfide, offrendo un hub robusto, organizzato e sicuro per un massimo di 40 smartphone.<\/span><\/p>\n<p class=\"ng-star-inserted\"><span class=\"ng-star-inserted\">L'armadietto di ricarica \u00e8 costruito su una base di sicurezza e durata. Il suo design pulito e professionale \u00e8 caratterizzato da un esterno robusto e bianco, esteticamente gradevole e resistente. Un elemento chiave del design \u00e8 lo sportello trasparente, che consente di visualizzare rapidamente l'inventario e la responsabilit\u00e0 senza dover sbloccare l'unit\u00e0: una caratteristica fondamentale per gli ambienti affollati che richiedono controlli frequenti. Questo pannello trasparente \u00e8 incorniciato da una struttura solida, completa di una maniglia resistente per un facile accesso.<\/span><\/p>\n<p class=\"ng-star-inserted\"><span class=\"ng-star-inserted\">Il cuore della sua promessa di sicurezza \u00e8 un affidabile meccanismo di chiusura a chiave. Questa funzione assicura che l'accesso ai dispositivi archiviati sia strettamente limitato al personale autorizzato, fornendo un potente deterrente contro il furto, l'accesso non autorizzato ai dati e la manomissione. Per qualsiasi organizzazione responsabile della custodia dei dispositivi personali o aziendali, questo sistema chiuso e sicuro offre una tranquillit\u00e0 essenziale.<\/span><\/p>\n<p class=\"ng-star-inserted\"><span class=\"ng-star-inserted\">Aprendo l'armadietto, il design intelligente per la gestione dei dispositivi diventa immediatamente evidente. L'interno \u00e8 dotato di un inserto in schiuma nera ad alta densit\u00e0, tagliato con precisione per creare 40 slot individuali. Queste fessure sono disposte e numerate con cura, per dare un nuovo livello di organizzazione alla distribuzione e al recupero dei dispositivi. Questo approccio sistematico consente di assegnare facilmente i dispositivi a utenti, studenti o dipendenti specifici, semplificando notevolmente il flusso di lavoro quotidiano e riducendo al minimo il rischio di smarrimento o perdita dei telefoni. Il materiale espanso, morbido ma allo stesso tempo solido, avvolge ogni dispositivo, proteggendolo da graffi e urti.<\/span><\/p>\n<p class=\"ng-star-inserted\"><span class=\"ng-star-inserted\">L'attenta progettazione si estende anche all'ingombro fisico. Con dimensioni esterne di <\/span><strong class=\"ng-star-inserted\"><span class=\"ng-star-inserted\">21,5 pollici in altezza, 16,6 pollici in larghezza e 9,7 pollici in profondit\u00e0<\/span><\/strong><span class=\"ng-star-inserted\">Il mobile offre un'elevata capacit\u00e0 di stoccaggio senza richiedere uno spazio eccessivo. Il suo design compatto consente una collocazione versatile, sia su un piano d'appoggio, che montato a parete o integrato in un mobile esistente.<\/span><\/p>\n<p class=\"ng-star-inserted\"><span class=\"ng-star-inserted\">Ognuno dei 40 alloggiamenti \u00e8 dimensionato per ospitare un'ampia gamma di smartphone moderni, con dimensioni di <\/span><strong class=\"ng-star-inserted\"><span class=\"ng-star-inserted\">3,5 pollici in altezza, 0,7 pollici in larghezza e 5,2 pollici in profondit\u00e0<\/span><\/strong><span class=\"ng-star-inserted\">. Questo garantisce un'ampia compatibilit\u00e0, anche con molti telefoni custoditi in custodie protettive. La promessa \"Fast Setup\" dell'armadietto di ricarica sottolinea la sua natura user-friendly, progettata per l'uso immediato subito dopo la scatola, senza bisogno di complicati assemblaggi.<\/span><\/p>\n<p class=\"ng-star-inserted\"><span class=\"ng-star-inserted\">In sostanza, l'armadietto di ricarica per smartphone Secure 40-Device \u00e8 molto pi\u00f9 di un semplice contenitore: \u00e8 un sistema completo per la gestione del traffico. <\/span><strong class=\"ng-star-inserted\"><span class=\"ng-star-inserted\">Gestione sicura dei dispositivi<\/span><\/strong><span class=\"ng-star-inserted\">. Fornisce un ambiente centralizzato, ordinato e protetto per un gran numero di smartphone, rendendolo uno strumento essenziale per qualsiasi organizzazione che voglia migliorare l'efficienza operativa e i protocolli di sicurezza relativi alla tecnologia mobile.<\/span><\/p>","protected":false},"excerpt":{"rendered":"<p>L'armadietto di ricarica conserva e ricarica in modo sicuro fino a 40 smartphone. Il suo design resistente e chiudibile mantiene i dispositivi al sicuro, mentre gli slot numerati garantiscono l'organizzazione. Con una configurazione facile e veloce, \u00e8 la soluzione ideale per gestire pi\u00f9 dispositivi.<\/p>","protected":false},"featured_media":2277,"template":"","meta":{"_kad_post_transparent":"default","_kad_post_title":"","_kad_post_layout":"default","_kad_post_sidebar_id":"","_kad_post_content_style":"default","_kad_post_vertical_padding":"default","_kad_post_feature":"","_kad_post_feature_position":"","_kad_post_header":false,"_kad_post_footer":false},"product_brand":[],"product_cat":[91],"product_tag":[122,119,123],"class_list":{"0":"post-863","1":"product","2":"type-product","3":"status-publish","4":"has-post-thumbnail","6":"product_cat-charging-cabinets","7":"product_tag-charging-cabinet","8":"product_tag-device-management","9":"product_tag-secure-phone-storage","11":"first","12":"instock","13":"shipping-taxable","14":"product-type-simple","15":"entry","16":"content-bg","17":"loop-entry"},"_links":{"self":[{"href":"https:\/\/24smartcharge.com\/it\/wp-json\/wp\/v2\/product\/863","targetHints":{"allow":["GET"]}}],"collection":[{"href":"https:\/\/24smartcharge.com\/it\/wp-json\/wp\/v2\/product"}],"about":[{"href":"https:\/\/24smartcharge.com\/it\/wp-json\/wp\/v2\/types\/product"}],"wp:featuredmedia":[{"embeddable":true,"href":"https:\/\/24smartcharge.com\/it\/wp-json\/wp\/v2\/media\/2277"}],"wp:attachment":[{"href":"https:\/\/24smartcharge.com\/it\/wp-json\/wp\/v2\/media?parent=863"}],"wp:term":[{"taxonomy":"product_brand","embeddable":true,"href":"https:\/\/24smartcharge.com\/it\/wp-json\/wp\/v2\/product_brand?post=863"},{"taxonomy":"product_cat","embeddable":true,"href":"https:\/\/24smartcharge.com\/it\/wp-json\/wp\/v2\/product_cat?post=863"},{"taxonomy":"product_tag","embeddable":true,"href":"https:\/\/24smartcharge.com\/it\/wp-json\/wp\/v2\/product_tag?post=863"}],"curies":[{"name":"wp","href":"https:\/\/api.w.org\/{rel}","templated":true}]}}