{"id":1857,"date":"2025-08-08T10:05:06","date_gmt":"2025-08-08T10:05:06","guid":{"rendered":"https:\/\/24smartcharge.com\/?post_type=product&#038;p=1857"},"modified":"2025-08-18T02:19:11","modified_gmt":"2025-08-18T02:19:11","slug":"ergotron-mobile-laptop-tablet-charging-cabinet","status":"publish","type":"product","link":"https:\/\/24smartcharge.com\/it\/ergotron-mobile-laptop-tablet-charging-cabinet\/","title":{"rendered":"Armadietto di ricarica mobile per laptop e tablet Ergotron"},"content":{"rendered":"<h3 id=\"-ergotron-mobile-laptop-tablet-charging-cabinet-the-ultimate-solution-for-device-management-\"><strong>Armadio di ricarica mobile per laptop e tablet Ergotron: La soluzione definitiva per la gestione dei dispositivi<\/strong><\/h3>\n<p>In qualsiasi ambiente scolastico o aziendale moderno, la gestione di un parco di dispositivi come laptop, tablet e Chromebook rappresenta una sfida significativa. Assicurarsi che queste preziose risorse siano sicure, completamente cariche e pronte per l'uso quotidiano \u00e8 fondamentale. L'armadietto di ricarica mobile per laptop e tablet di Ergotron offre una soluzione completa e razionale, progettata per semplificare la gestione dei dispositivi dando priorit\u00e0 alla sicurezza, all'efficienza e alla durata. Questa stazione di ricarica, robusta e progettata in modo intelligente, \u00e8 molto pi\u00f9 di una semplice unit\u00e0 di archiviazione: \u00e8 uno strumento essenziale per qualsiasi organizzazione che voglia ottimizzare il proprio flusso di lavoro tecnologico.<\/p>\n<h3 id=\"-high-capacity-and-versatile-storage-\"><strong>Archiviazione versatile e ad alta capacit\u00e0<\/strong><\/h3>\n<p>Una delle caratteristiche principali di questo\u00a0<strong>Armadio di ricarica<\/strong>\u00a0\u00e8 la sua eccezionale flessibilit\u00e0. L'interno \u00e8 dotato di divisori regolabili, che consentono di personalizzare le dimensioni dell'alloggiamento per ospitare un'ampia gamma di dispositivi. Questa adattabilit\u00e0 lo rende un investimento a prova di futuro, in grado di ospitare la tecnologia attuale e quella che verr\u00e0.<\/p>\n<ul>\n<li><strong>Modalit\u00e0 tablet e Chromebook:<\/strong>\u00a0Configurate l'armadietto per conservare e ricaricare in modo sicuro fino a 40 tablet o Chromebook.<\/li>\n<li><strong>Modalit\u00e0 laptop:<\/strong>\u00a0Per i dispositivi pi\u00f9 grandi, l'armadietto pu\u00f2 essere regolato per accogliere fino a 30 computer portatili di dimensioni standard.<\/li>\n<\/ul>\n<p>Questo design universale consente di gestire un parco di dispositivi di diversi produttori, tra cui Microsoft, Apple, Dell, HP e altri, in un'unica unit\u00e0 organizzata. Il sistema di gestione dei cavi, pulito e ordinato, assicura che ogni dispositivo abbia il suo posto designato, eliminando l'ingombro dei cavi aggrovigliati e rendendo pi\u00f9 facile per gli utenti collegare e recuperare i dispositivi.<\/p>\n<h3 id=\"-intelligent-and-efficient-charging-with-powershuttle-technology-\"><strong>Ricarica intelligente ed efficiente con tecnologia PowerShuttle<\/strong><\/h3>\n<p>Il cuore di questo mobile di ricarica \u00e8 la tecnologia PowerShuttle\u00ae brevettata da Ergotron, un sistema sofisticato che rivoluziona il processo di ricarica. Invece di utilizzare un semplice timer round-robin che carica i dispositivi in batch, la tecnologia PowerShuttle\u00ae monitora in modo intelligente l'assorbimento di energia e ottimizza la carica per tutti i dispositivi collegati contemporaneamente.<\/p>\n<p>Ecco come migliora l'efficienza e la sicurezza:<\/p>\n<ul>\n<li><strong>Ricarica pi\u00f9 rapida:<\/strong>\u00a0Questo sistema \u00e8 in grado di caricare dispositivi fino a 40% pi\u00f9 velocemente rispetto ai sistemi round-robin della concorrenza. Ci\u00f2 significa meno tempi di inattivit\u00e0 e pi\u00f9 tempo per l'apprendimento e la produttivit\u00e0.<\/li>\n<li><strong>Protezione del circuito:<\/strong>\u00a0Gestendo il carico di corrente, PowerShuttle\u00ae evita il sovraccarico dei circuiti elettrici e il fastidio degli interruttori che scattano, anche quando l'armadio \u00e8 completamente carico. A tal fine, rileva l'assorbimento totale di corrente e divide la potenza in gruppi sicuri se il limite sta per essere superato.<\/li>\n<li><strong>Nessun timer manuale:<\/strong>\u00a0L'intero processo \u00e8 automatizzato, eliminando cos\u00ec la necessit\u00e0 di commutare manualmente le prese o di regolare il timer. \u00c8 sufficiente collegare l'armadietto a una singola presa a muro standard e il sistema si occuper\u00e0 di tutto il resto.<\/li>\n<\/ul>\n<h3 id=\"-protecting-your-investment-enhanced-device-longevity-\"><strong>Protezione dell'investimento: Maggiore longevit\u00e0 dei dispositivi<\/strong><\/h3>\n<p>I dispositivi elettronici generano un notevole calore durante la ricarica e le temperature eccessive possono ridurre drasticamente la salute della batteria e la durata complessiva del dispositivo. Riconoscendo questo aspetto, Ergotron\u00a0<strong>Armadio di ricarica<\/strong>\u00a0\u00e8 progettato con ventole integrate e un design ventilato per garantire un raffreddamento ottimale.<\/p>\n<p>Le porte in acciaio sono perforate per consentire un flusso d'aria continuo, evitando l'accumulo di calore all'interno dello spazio chiuso. Questo sistema di raffreddamento attivo mantiene le batterie e i componenti interni all'interno del loro intervallo di temperatura ideale, proteggendoli da danni e degrado dovuti al calore. Prolungando la vita dei dispositivi, l'armadio offre un eccezionale ritorno sull'investimento.<\/p>\n<h3 id=\"-robust-security-for-peace-of-mind-\"><strong>Sicurezza robusta per la massima tranquillit\u00e0<\/strong><\/h3>\n<p>Proteggere decine di dispositivi di valore \u00e8 una priorit\u00e0 assoluta e questo carrello di ricarica \u00e8 costruito per garantire la massima protezione. L'armadietto \u00e8 dotato di un robusto telaio in acciaio e di resistenti porte in acciaio a doppio battente che si aprono a 180 gradi per facilitare l'accesso.<\/p>\n<p>La sicurezza \u00e8 ulteriormente migliorata da un robusto gruppo chiave e serratura, che garantisce che solo il personale autorizzato possa accedere ai dispositivi. Per una sicurezza ancora maggiore, il carrello pu\u00f2 essere fissato a parete o a terra con una staffa opzionale, offrendo una difesa formidabile contro i furti in qualsiasi ambiente. L'intero carrello \u00e8 testato e certificato secondo gli standard UL, per garantire la conformit\u00e0 ai severi requisiti di sicurezza in materia di elettricit\u00e0, incendio e rischi fisici.<\/p>\n<h3 id=\"-effortless-mobility-and-user-friendly-design-\"><strong>Mobilit\u00e0 senza sforzo e design di facile utilizzo<\/strong><\/h3>\n<p>Progettato per ambienti dinamici come scuole e uffici, questo\u00a0<strong>Armadio di ricarica<\/strong>\u00a0\u00e8 costruito per la mobilit\u00e0. Poggia su quattro ruote durevoli, di tipo medicale, a doppio bloccaggio, che scivolano in modo fluido e silenzioso su diverse superfici del pavimento. La maniglia integrata offre una presa confortevole per facilitare la navigazione attraverso porte e corridoi. Il suo design compatto e leggero lo rende significativamente pi\u00f9 piccolo di molti prodotti concorrenti, consentendo di inserirlo facilmente in spazi ristretti senza interrompere il flusso di lavoro.<\/p>\n<p>Ma soprattutto, l'unit\u00e0 viene consegnata completamente assemblata. Non \u00e8 necessaria alcuna configurazione complessa. \u00c8 sufficiente aprire la confezione, collegarla ed \u00e8 pronta per iniziare a caricare i dispositivi, risparmiando tempo e fatica.<\/p>\n<h3 id=\"-streamlined-it-management-\"><strong>Gestione IT semplificata<\/strong><\/h3>\n<p>Questo armadio di ricarica \u00e8 anche un potente strumento per i professionisti IT. \u00c8 dotato di cavi Ethernet CAT6 preinstallati e di staffe di montaggio che consentono una gestione completa dei dispositivi. Questi cavi ad alta velocit\u00e0 consentono al personale IT di inviare gli aggiornamenti software, eseguire la diagnostica e fare una nuova immagine dei dispositivi mentre sono conservati in modo sicuro e in carica durante la notte. Questa capacit\u00e0 di gestione centralizzata consente di risparmiare innumerevoli ore di lavoro manuale, liberando il personale IT per concentrarsi su altre attivit\u00e0 critiche. I cavi CAT6 offrono un trasferimento dati affidabile e ad alta velocit\u00e0, assicurando che gli aggiornamenti siano completati in modo rapido ed efficiente senza interferenze.<\/p>\n<p>L'armadietto di ricarica per laptop e tablet Ergotron \u00e8 il pacchetto completo per tutte le organizzazioni che cercano una soluzione efficiente, sicura e affidabile per la gestione dei propri dispositivi mobili.<\/p>","protected":false},"excerpt":{"rendered":"<div class=\"chat-container\">\n<div class=\"chat-view-container ng-star-inserted\">\n<div>\n<div class=\"chat-turn-container model render cdk-focused cdk-mouse-focused\" tabindex=\"-1\">\n<div class=\"model-prompt-container\" data-turn-role=\"Model\">\n<div class=\"turn-content\">\n<p class=\"ng-star-inserted\"><span class=\"ng-star-inserted\">Questo mobile Ergotron per la ricarica conserva, trasporta e ricarica in modo sicuro fino a 30 computer portatili o 40 tablet. \u00c8 dotato di divisori regolabili, ventole di raffreddamento per prolungare la durata della batteria e cavi Ethernet CAT6 preinstallati per una facile gestione dei dispositivi. Le porte con serratura garantiscono una maggiore sicurezza.<\/span><\/p>\n<div class=\"turn-information ng-star-inserted\"><\/div>\n<\/div>\n<\/div>\n<div class=\"turn-footer ng-star-inserted\"><\/div>\n<\/div>\n<\/div>\n<\/div>\n<\/div>\n<footer class=\"not-zero-state ng-star-inserted\">\n<div class=\"mat-mdc-tooltip-trigger prompt-input-wrapper\">\n<div>\n<div class=\"prompt-input-wrapper-container\">\n<div class=\"text-wrapper\">\n<section class=\"text-and-attachments-wrapper\">\n<div class=\"text-input-wrapper\"><\/div>\n<\/section>\n<\/div>\n<\/div>\n<\/div>\n<\/div>\n<\/footer>","protected":false},"featured_media":2757,"template":"","meta":{"_kad_post_transparent":"default","_kad_post_title":"","_kad_post_layout":"default","_kad_post_sidebar_id":"","_kad_post_content_style":"default","_kad_post_vertical_padding":"default","_kad_post_feature":"","_kad_post_feature_position":"","_kad_post_header":false,"_kad_post_footer":false},"product_brand":[],"product_cat":[91,96,92,93,97,94,98,99,100],"product_tag":[122,277,120],"class_list":{"0":"post-1857","1":"product","2":"type-product","3":"status-publish","4":"has-post-thumbnail","6":"product_cat-charging-cabinets","7":"product_cat-12-watts-output","8":"product_cat-15-outputs","9":"product_cat-30-outputs","10":"product_cat-30-watts-output","11":"product_cat-45-outputs","12":"product_cat-65-watts-output","13":"product_cat-output-quantity","14":"product_cat-power-per-output","15":"product_tag-charging-cabinet","16":"product_tag-laptop-cart","17":"product_tag-secure-device-storage","19":"first","20":"instock","21":"shipping-taxable","22":"product-type-simple","23":"entry","24":"content-bg","25":"loop-entry"},"_links":{"self":[{"href":"https:\/\/24smartcharge.com\/it\/wp-json\/wp\/v2\/product\/1857","targetHints":{"allow":["GET"]}}],"collection":[{"href":"https:\/\/24smartcharge.com\/it\/wp-json\/wp\/v2\/product"}],"about":[{"href":"https:\/\/24smartcharge.com\/it\/wp-json\/wp\/v2\/types\/product"}],"wp:featuredmedia":[{"embeddable":true,"href":"https:\/\/24smartcharge.com\/it\/wp-json\/wp\/v2\/media\/2757"}],"wp:attachment":[{"href":"https:\/\/24smartcharge.com\/it\/wp-json\/wp\/v2\/media?parent=1857"}],"wp:term":[{"taxonomy":"product_brand","embeddable":true,"href":"https:\/\/24smartcharge.com\/it\/wp-json\/wp\/v2\/product_brand?post=1857"},{"taxonomy":"product_cat","embeddable":true,"href":"https:\/\/24smartcharge.com\/it\/wp-json\/wp\/v2\/product_cat?post=1857"},{"taxonomy":"product_tag","embeddable":true,"href":"https:\/\/24smartcharge.com\/it\/wp-json\/wp\/v2\/product_tag?post=1857"}],"curies":[{"name":"wp","href":"https:\/\/api.w.org\/{rel}","templated":true}]}}