{"id":1830,"date":"2025-08-08T09:19:02","date_gmt":"2025-08-08T09:19:02","guid":{"rendered":"https:\/\/24smartcharge.com\/?post_type=product&#038;p=1830"},"modified":"2025-08-18T02:11:59","modified_gmt":"2025-08-18T02:11:59","slug":"secure-uv-disinfecting-charging-cabinet-for-10-devices","status":"publish","type":"product","link":"https:\/\/24smartcharge.com\/it\/secure-uv-disinfecting-charging-cabinet-for-10-devices\/","title":{"rendered":"Armadio di ricarica sicuro a disinfezione UV per 10 dispositivi"},"content":{"rendered":"<h2 id=\"intelligent-charging-for-peak-efficiency\">Ricarica intelligente per una massima efficienza<\/h2>\n<p>Questo\u00a0<strong>Armadio di ricarica<\/strong>\u00a0\u00e8 stato progettato non solo per alimentare i vostri dispositivi, ma anche per farlo nel modo pi\u00f9 intelligente possibile. Il sistema \u00e8 costruito attorno a una filosofia di semplicit\u00e0 ed efficienza, a partire dal suo intuitivo pannello di controllo one-touch.<\/p>\n<h3 id=\"simple-one-touch-operation\">Funzionamento semplice con un solo tocco<\/h3>\n<p>Dimenticate la programmazione complicata o le interfacce confuse. Basta un solo pulsante per attivare i cicli di carica e disinfezione. Questa facilit\u00e0 d'uso garantisce che chiunque possa utilizzare l'armadietto con una formazione minima, risparmiando tempo e fatica. Per esigenze pi\u00f9 specifiche, gli utenti possono facilmente personalizzare i tempi dei cicli tramite il chiaro display digitale, consentendo di impostare e dimenticare.<\/p>\n<h3 id=\"smart-prioritized-charging\">Ricarica intelligente e prioritaria<\/h3>\n<p>L'armadio \u00e8 dotato di una modalit\u00e0 di ricarica continua e intelligente che identifica e d\u00e0 priorit\u00e0 ai dispositivi con i livelli di batteria pi\u00f9 bassi. Ci\u00f2 significa che le apparecchiature pi\u00f9 bisognose di energia vengono alimentate per prime, assicurando un'accelerazione dei tempi per i dispositivi critici. Questa tecnologia di ricarica ciclica non solo rende i dispositivi pronti pi\u00f9 velocemente, ma favorisce anche una carica pi\u00f9 efficiente, che pu\u00f2 contribuire a preservare e prolungare la salute a lungo termine delle batterie dei dispositivi.<\/p>\n<h2 id=\"advanced-uv-c-disinfection-for-a-safer-environment\">Disinfezione UV-C avanzata per un ambiente pi\u00f9 sicuro<\/h2>\n<p>In qualsiasi spazio condiviso, i dispositivi elettronici diventano punti di contatto importanti per germi, batteri e virus. Questo\u00a0<strong>Armadio di ricarica<\/strong>\u00a0affronta direttamente questo problema critico con il suo sistema di disinfezione UV-C integrato.<\/p>\n<p>Quando si chiudono gli sportelli e si avvia un ciclo, una potente luce UV-C irrora i dispositivi, neutralizzando fino al 99,9% degli agenti patogeni di superficie senza l'uso di sostanze chimiche aggressive, liquidi o calore. Questo metodo \u00e8 sicuro per tutti i dispositivi elettronici e non lascia residui, garantendo che ogni dispositivo non solo sia completamente carico, ma anche igienicamente pulito e sicuro per l'utente successivo. Questa caratteristica \u00e8 preziosa in ambienti come scuole, ospedali e aziende che si rivolgono ai clienti, dove la salute e la sicurezza sono fondamentali.<\/p>\n<h2 id=\"uncompromised-security-and-durability\">Sicurezza e durata senza compromessi<\/h2>\n<p>Proteggere i vostri preziosi beni elettronici da furti e danni \u00e8 una priorit\u00e0 assoluta. Questo\u00a0<strong>Armadio di ricarica<\/strong>\u00a0\u00e8 costruito con robuste funzioni di sicurezza per garantire la massima tranquillit\u00e0.<\/p>\n<h3 id=\"secured-and-organized-storage\">Stoccaggio sicuro e organizzato<\/h3>\n<p>L'armadietto \u00e8 costruito con materiali durevoli ed \u00e8 dotato di un robusto set di maniglie con chiave. Questa serratura garantisce un accesso sicuro all'alloggiamento di ricarica principale, impedendo la rimozione non autorizzata di laptop, tablet o altre apparecchiature. Anche le prese di corrente, situate sul retro dell'armadietto, sono protette per impedire la manomissione dei componenti elettrici. Le finestre trasparenti sulle porte consentono un rapido controllo visivo dell'inventario senza dover sbloccare e aprire l'unit\u00e0.<\/p>\n<h3 id=\"customizable-for-maximum-versatility\">Personalizzabile per la massima versatilit\u00e0<\/h3>\n<p>La tecnologia non \u00e8 mai uguale per tutti, e questo\u00a0<strong>Armadio di ricarica<\/strong>\u00a0\u00e8 progettato per adattarsi alle vostre esigenze specifiche. I divisori interni possono essere facilmente riorganizzati o rimossi completamente per accogliere un'ampia gamma di dispositivi, tra cui:<\/p>\n<ul>\n<li>Computer portatili<\/li>\n<li>Tablet e iPad<\/li>\n<li>Cuffie VR<\/li>\n<li>Scanner per codici a barre<\/li>\n<li>Smartphone<\/li>\n<li>E altro ancora<\/li>\n<\/ul>\n<p>Questa incredibile flessibilit\u00e0 garantisce che l'investimento rimanga rilevante anche quando la tecnologia dell'azienda si evolve. Elimina il disordine fornendo una sede ordinata e organizzata per ogni dispositivo, eliminando cavi disordinati e caricabatterie fuori posto.<\/p>\n<h2 id=\"superior-safety-features\">Caratteristiche di sicurezza superiori<\/h2>\n<p>La ricarica simultanea di pi\u00f9 dispositivi ad alta potenza genera un notevole calore e richiede una gestione elettrica stabile. Questo armadio \u00e8 dotato di molteplici funzioni di sicurezza per proteggere sia i dispositivi che l'unit\u00e0 stessa.<\/p>\n<ul>\n<li><strong>Sistema di raffreddamento intuitivo:<\/strong>\u00a0Un sistema di raffreddamento integrato con ventilazione laterale previene attivamente il surriscaldamento, garantendo il funzionamento di tutte le apparecchiature entro un intervallo di temperatura sicuro.<\/li>\n<li><strong>Protezione dalla tensione:<\/strong>\u00a0Il sistema offre una protezione integrata della tensione, proteggendo i dispositivi elettronici sensibili da sbalzi e fluttuazioni di corrente potenzialmente dannosi.<\/li>\n<li><strong>Costruzione resistente:<\/strong>\u00a0Costruito per soddisfare le esigenze di ambienti ad alto traffico, il robusto telaio dell'armadio \u00e8 progettato per garantire affidabilit\u00e0 e prestazioni di lunga durata.<\/li>\n<\/ul>\n<p>Integrando queste funzioni critiche in un'unica unit\u00e0 centralizzata, questo armadietto di ricarica con disinfezione UV sicura trasforma la gestione dei dispositivi da un lavoro quotidiano a un processo automatizzato e senza soluzione di continuit\u00e0. \u00c8 la soluzione perfetta per portare ordine, sicurezza e pulizia nel vostro ecosistema tecnologico.<\/p>","protected":false},"excerpt":{"rendered":"<div class=\"chat-turn-container model render cdk-focused cdk-mouse-focused\" tabindex=\"-1\">\n<div class=\"model-prompt-container\" data-turn-role=\"Model\">\n<div class=\"turn-content\">\n<p class=\"ng-star-inserted\"><span class=\"ng-star-inserted\">Questo armadietto di ricarica sicuro carica, conserva e utilizza la luce UV per disinfettare fino a 10 dispositivi. \u00c8 dotato di un controllo one-touch, di una serratura a chiave per la sicurezza e di divisori personalizzabili per adattarsi a laptop, tablet e altro. Un sistema di raffreddamento integrato impedisce il surriscaldamento.<\/span><\/p>\n<div class=\"turn-information ng-star-inserted\"><\/div>\n<\/div>\n<\/div>\n<\/div>\n<div class=\"chat-turn-container render user\" tabindex=\"-1\">\n<div class=\"actions-container\">\n<div class=\"actions hover-or-edit\">\n<div><\/div>\n<\/div>\n<\/div>\n<div class=\"user-prompt-container\" data-turn-role=\"User\">\n<div class=\"turn-content\"><\/div>\n<\/div>\n<\/div>","protected":false},"featured_media":2754,"template":"","meta":{"_kad_post_transparent":"default","_kad_post_title":"","_kad_post_layout":"default","_kad_post_sidebar_id":"","_kad_post_content_style":"default","_kad_post_vertical_padding":"default","_kad_post_feature":"","_kad_post_feature_position":"","_kad_post_header":false,"_kad_post_footer":false},"product_brand":[],"product_cat":[91],"product_tag":[122,144,276],"class_list":{"0":"post-1830","1":"product","2":"type-product","3":"status-publish","4":"has-post-thumbnail","6":"product_cat-charging-cabinets","7":"product_tag-charging-cabinet","8":"product_tag-secure-charging-station","9":"product_tag-uv-sanitizer","11":"first","12":"instock","13":"shipping-taxable","14":"product-type-simple","15":"entry","16":"content-bg","17":"loop-entry"},"_links":{"self":[{"href":"https:\/\/24smartcharge.com\/it\/wp-json\/wp\/v2\/product\/1830","targetHints":{"allow":["GET"]}}],"collection":[{"href":"https:\/\/24smartcharge.com\/it\/wp-json\/wp\/v2\/product"}],"about":[{"href":"https:\/\/24smartcharge.com\/it\/wp-json\/wp\/v2\/types\/product"}],"wp:featuredmedia":[{"embeddable":true,"href":"https:\/\/24smartcharge.com\/it\/wp-json\/wp\/v2\/media\/2754"}],"wp:attachment":[{"href":"https:\/\/24smartcharge.com\/it\/wp-json\/wp\/v2\/media?parent=1830"}],"wp:term":[{"taxonomy":"product_brand","embeddable":true,"href":"https:\/\/24smartcharge.com\/it\/wp-json\/wp\/v2\/product_brand?post=1830"},{"taxonomy":"product_cat","embeddable":true,"href":"https:\/\/24smartcharge.com\/it\/wp-json\/wp\/v2\/product_cat?post=1830"},{"taxonomy":"product_tag","embeddable":true,"href":"https:\/\/24smartcharge.com\/it\/wp-json\/wp\/v2\/product_tag?post=1830"}],"curies":[{"name":"wp","href":"https:\/\/api.w.org\/{rel}","templated":true}]}}