{"id":1794,"date":"2025-08-08T09:09:40","date_gmt":"2025-08-08T09:09:40","guid":{"rendered":"https:\/\/24smartcharge.com\/?post_type=product&#038;p=1794"},"modified":"2025-08-18T02:08:12","modified_gmt":"2025-08-18T02:08:12","slug":"locking-12-device-ac-charging-cabinet-with-uv-light","status":"publish","type":"product","link":"https:\/\/24smartcharge.com\/it\/locking-12-device-ac-charging-cabinet-with-uv-light\/","title":{"rendered":"Armadietto di ricarica CA a 12 dispositivi con luce UV e chiusura a chiave"},"content":{"rendered":"<h1 id=\"secure-sanitize-and-supercharge-your-devices-with-the-ultimate-12-bay-charging-cabinet\">Proteggete, igienizzate e ricaricate i vostri dispositivi con l'armadio di ricarica a 12 alloggiamenti definitivo<\/h1>\n<p>In qualsiasi ambiente movimentato, dalle aule scolastiche agli uffici, dalle cliniche sanitarie agli spazi commerciali, la gestione di pi\u00f9 dispositivi elettronici pu\u00f2 diventare rapidamente una sfida. Si deve affrontare un groviglio di cavi, la costante ricerca di prese di corrente disponibili, il rischio di danni o furti e le crescenti preoccupazioni per l'igiene dei dispositivi. \u00c8 ora di semplificare il flusso di lavoro e mettere ordine nel caos.<\/p>\n<p>Introduzione al\u00a0<strong>Armadietto di ricarica CA a 12 dispositivi con luce UV e chiusura a chiave<\/strong>\u00e8 la soluzione all-in-one progettata per caricare, conservare e igienizzare in modo sicuro tablet, laptop e altri dispositivi elettronici. Questo armadietto di facile utilizzo semplifica la gestione dei dispositivi, assicurando che i vostri preziosi apparecchi tecnologici siano sempre accesi, protetti e pronti all'uso.<\/p>\n<h3 id=\"-key-features-and-benefits-\"><strong>Caratteristiche e vantaggi principali<\/strong><\/h3>\n<h4 id=\"-simultaneous-and-smart-charging-for-12-devices-\"><strong>Ricarica simultanea e intelligente per 12 dispositivi<\/strong><\/h4>\n<p>Dimenticate la frustrazione della ricerca di pi\u00f9 prese a muro. Questo potente\u00a0<strong>Armadio di ricarica<\/strong>\u00a0\u00e8 dotato di una ciabatta a 12 uscite preinstallata, che consente di ricaricare fino a una dozzina di dispositivi contemporaneamente. Il design universale consente di utilizzare gli adattatori CA originali per un'ampia gamma di dispositivi, tra cui iPad, Chromebook, laptop e altri ancora.<\/p>\n<p>Ci\u00f2 che lo rende davvero speciale \u00e8 la\u00a0<strong>Ciclo di ricarica intelligente<\/strong>. Una volta collegato l'armadietto a una singola presa a muro, il suo sistema di ricarica intelligente gestisce in modo efficiente la distribuzione dell'energia. In questo modo si evita che il circuito si sovraccarichi, anche quando ogni alloggiamento \u00e8 pieno, garantendo sempre una carica sicura e affidabile. Grazie all'attivazione con un solo tocco, \u00e8 sufficiente collegare i dispositivi e lasciare che l'armadietto faccia il resto.<\/p>\n<h4 id=\"-charge-and-clean-integrated-uv-sanitization-\"><strong>Carica e pulisci: sanificazione UV integrata<\/strong><\/h4>\n<p>Nel mondo di oggi, l'igiene \u00e8 fondamentale. I dispositivi condivisi possono essere un punto caldo per germi e batteri. Il nostro innovativo\u00a0<strong>Armadio di ricarica<\/strong>\u00a0affronta questo problema con la funzione \"Charge and Clean\". Dotato di una potente illuminazione a raggi UV-C, l'armadietto esegue un ciclo di sanificazione che aiuta a eliminare i germi sulle superfici dei dispositivi durante la ricarica. Questo processo automatico viene completato in soli 5 minuti, favorendo un ambiente pi\u00f9 sano per studenti, dipendenti e clienti.<\/p>\n<h4 id=\"-uncompromising-security-and-durability-\"><strong>Sicurezza e durata senza compromessi<\/strong><\/h4>\n<p>Proteggete il vostro investimento con un armadietto costruito per la sicurezza. Costruita in acciaio resistente e di alta qualit\u00e0, questa stazione di ricarica \u00e8 progettata per resistere ai rigori dell'uso quotidiano in aree ad alta frequentazione. Lo sportello rinforzato \u00e8 dotato di un meccanismo di chiusura a chiave per garantire che solo il personale autorizzato possa accedere ai dispositivi all'interno. La finestra trasparente sullo sportello consente un rapido inventario visivo senza dover sbloccare l'unit\u00e0, garantendo comodit\u00e0 e tranquillit\u00e0.<\/p>\n<h4 id=\"-organized-space-saving-design-\"><strong>Design organizzato e salvaspazio<\/strong><\/h4>\n<p>Il disordine appartiene al passato. L'interno dell'armadietto \u00e8 dotato di divisori imbottiti che creano 12 slot individuali, ciascuno abbastanza spazioso da contenere un tablet o un laptop standard. Questi divisori non solo tengono in ordine i dispositivi, ma li proteggono anche da graffi e ammaccature.<\/p>\n<p>Con dimensioni esterne di 19,0 pollici di larghezza, 14,0 pollici di altezza e 13,0 pollici di profondit\u00e0, questo\u00a0<strong>Armadio di ricarica<\/strong>\u00a0vanta un ingombro ridotto. Il suo design versatile consente di collocarlo su un piano d'appoggio o di montarlo saldamente a parete, liberando spazio prezioso sul pavimento e sulla scrivania. I pannelli ventilati sui lati assicurano un flusso d'aria continuo, evitando il surriscaldamento dei dispositivi durante il ciclo di ricarica.<\/p>\n<h3 id=\"-ideal-for-any-environment-\"><strong>Ideale per qualsiasi ambiente<\/strong><\/h3>\n<ul>\n<li><strong>Istituzioni educative:<\/strong>\u00a0Mantenete i tablet e i computer portatili della classe carichi, organizzati e pronti per ogni lezione. La funzione di blocco impedisce la manomissione e il furto da parte degli studenti.<\/li>\n<li><strong>Uffici e aziende:<\/strong>\u00a0Creare un hub di ricarica centralizzato per i dispositivi aziendali. Assicuratevi che i dipendenti abbiano gli strumenti necessari per essere produttivi, mentre la luce UV promuove un ambiente di lavoro pi\u00f9 sano.<\/li>\n<li><strong>Strutture sanitarie:<\/strong>\u00a0Carica e igienizza in modo sicuro i tablet utilizzati per la registrazione dei pazienti, le cartelle cliniche e la comunicazione, riducendo al minimo il rischio di contaminazione incrociata.<\/li>\n<li><strong>Commercio al dettaglio e ospitalit\u00e0:<\/strong>\u00a0Offrite una soluzione di ricarica sicura per i dipendenti o gli ospiti, migliorando il servizio e l'efficienza operativa.<\/li>\n<\/ul>\n<h3 id=\"-product-specifications-at-a-glance-\"><strong>Panoramica delle specifiche del prodotto<\/strong><\/h3>\n<ul>\n<li><strong>Capacit\u00e0:<\/strong>\u00a0Carica fino a 12 dispositivi contemporaneamente.<\/li>\n<li><strong>Potenza:<\/strong>\u00a0Ciabatta di alimentazione CA a 12 uscite integrata.<\/li>\n<li><strong>Sanificazione:<\/strong>\u00a0Luce UV-C incorporata per la pulizia.<\/li>\n<li><strong>Sicurezza:<\/strong>\u00a0Struttura in acciaio con porta con serratura a chiave.<\/li>\n<li><strong>Organizzazione:<\/strong>\u00a012 divisori interni imbottiti.<\/li>\n<li><strong>Dimensioni esterne:<\/strong>\u00a019,0\u2033 L x 13,0\u2033 P x 14,0\u2033 A<\/li>\n<li><strong>Dimensioni interne della baia:<\/strong>\u00a018,7\u2033 L x 10,2\u2033 A<\/li>\n<li><strong>Montaggio:<\/strong>\u00a0Da tavolo o da parete.<\/li>\n<\/ul>","protected":false},"excerpt":{"rendered":"<div class=\"model-prompt-container\" data-turn-role=\"Model\">\n<div class=\"turn-content\">\n<p class=\"ng-star-inserted\"><span class=\"ng-star-inserted\">Questo armadietto di ricarica con chiusura a chiave conserva e ricarica in modo sicuro fino a 12 dispositivi come tablet e laptop. \u00c8 dotato di una ciabatta di alimentazione CA per la ricarica universale e di una luce UV integrata per igienizzare i dispositivi mentre si alimentano. Il design compatto e montabile a parete consente di risparmiare spazio.<\/span><\/p>\n<div class=\"turn-information ng-star-inserted\"><\/div>\n<\/div>\n<\/div>\n<div class=\"turn-footer ng-star-inserted\"><\/div>","protected":false},"featured_media":2748,"template":"","meta":{"_kad_post_transparent":"default","_kad_post_title":"","_kad_post_layout":"default","_kad_post_sidebar_id":"","_kad_post_content_style":"default","_kad_post_vertical_padding":"default","_kad_post_feature":"","_kad_post_feature_position":"","_kad_post_header":false,"_kad_post_footer":false},"product_brand":[],"product_cat":[91],"product_tag":[122,144,276],"class_list":{"0":"post-1794","1":"product","2":"type-product","3":"status-publish","4":"has-post-thumbnail","6":"product_cat-charging-cabinets","7":"product_tag-charging-cabinet","8":"product_tag-secure-charging-station","9":"product_tag-uv-sanitizer","11":"first","12":"instock","13":"shipping-taxable","14":"product-type-simple","15":"entry","16":"content-bg","17":"loop-entry"},"_links":{"self":[{"href":"https:\/\/24smartcharge.com\/it\/wp-json\/wp\/v2\/product\/1794","targetHints":{"allow":["GET"]}}],"collection":[{"href":"https:\/\/24smartcharge.com\/it\/wp-json\/wp\/v2\/product"}],"about":[{"href":"https:\/\/24smartcharge.com\/it\/wp-json\/wp\/v2\/types\/product"}],"wp:featuredmedia":[{"embeddable":true,"href":"https:\/\/24smartcharge.com\/it\/wp-json\/wp\/v2\/media\/2748"}],"wp:attachment":[{"href":"https:\/\/24smartcharge.com\/it\/wp-json\/wp\/v2\/media?parent=1794"}],"wp:term":[{"taxonomy":"product_brand","embeddable":true,"href":"https:\/\/24smartcharge.com\/it\/wp-json\/wp\/v2\/product_brand?post=1794"},{"taxonomy":"product_cat","embeddable":true,"href":"https:\/\/24smartcharge.com\/it\/wp-json\/wp\/v2\/product_cat?post=1794"},{"taxonomy":"product_tag","embeddable":true,"href":"https:\/\/24smartcharge.com\/it\/wp-json\/wp\/v2\/product_tag?post=1794"}],"curies":[{"name":"wp","href":"https:\/\/api.w.org\/{rel}","templated":true}]}}