{"id":1792,"date":"2025-08-08T08:58:16","date_gmt":"2025-08-08T08:58:16","guid":{"rendered":"https:\/\/24smartcharge.com\/?post_type=product&#038;p=1792"},"modified":"2025-08-18T01:57:39","modified_gmt":"2025-08-18T01:57:39","slug":"16-device-fast-charging-pd-charging-cabinet","status":"publish","type":"product","link":"https:\/\/24smartcharge.com\/it\/16-device-fast-charging-pd-charging-cabinet\/","title":{"rendered":"Armadio di ricarica PD a ricarica rapida per 16 dispositivi"},"content":{"rendered":"<h2 id=\"the-ultimate-solution-for-device-management-the-16-device-fast-charging-pd-charging-cabinet\">La soluzione definitiva per la gestione dei dispositivi: L'armadio di ricarica PD a ricarica rapida per 16 dispositivi<\/h2>\n<p>Nel frenetico mondo digitale di oggi, che si tratti di classi, uffici o negozi, la gestione di pi\u00f9 dispositivi elettronici pu\u00f2 rappresentare una sfida significativa. Tenere traccia di tablet, laptop e telefoni, assicurarsi che siano sempre carichi e mantenere la loro sicurezza e pulizia \u00e8 un lavoro a tempo pieno. \u00c8 qui che il\u00a0<strong>Armadio di ricarica PD a ricarica rapida per 16 dispositivi<\/strong>\u00a0trasforma il vostro flusso di lavoro, offrendo una soluzione centralizzata, sicura e altamente efficiente per alimentare e proteggere le vostre preziose risorse tecnologiche. Questo sistema robusto e progettato in modo intelligente\u00a0<strong>Armadio di ricarica<\/strong>\u00a0\u00e8 pi\u00f9 di una semplice fonte di alimentazione: \u00e8 un sistema completo costruito per la comodit\u00e0, la sicurezza e le esigenze moderne.<\/p>\n<h3 id=\"centralized-power-and-organization\">Potere e organizzazione centralizzati<\/h3>\n<p>Dite addio alle scrivanie ingombrate, ai cavi aggrovigliati e alla costante ricerca di prese a muro disponibili. Questo\u00a0<strong>Armadio di ricarica<\/strong>\u00a0ospita fino a 16 dispositivi, organizzandoli in modo ordinato in alloggiamenti individuali e numerati. Il suo design accurato, che misura 28,0 pollici di larghezza, 15,7 pollici di altezza e 17,3 pollici di profondit\u00e0, offre una soluzione ad alta capacit\u00e0 con un ingombro sorprendentemente compatto, che lo rende facile da collocare su un piano di lavoro o da mettere al sicuro in un'area designata. I robusti sportelli anteriori, dotati di serratura, offrono un livello di sicurezza fondamentale, garantendo la tranquillit\u00e0 di sapere che i dispositivi sono al sicuro da furti o usi non autorizzati. La numerazione chiara sopra ogni slot semplifica la gestione dei dispositivi, consentendo agli utenti di identificare e recuperare rapidamente il dispositivo assegnato senza confusione.<\/p>\n<h3 id=\"advanced-fast-charging-with-smart-technology\">Ricarica rapida avanzata con tecnologia intelligente<\/h3>\n<p>Il cuore di questo\u00a0<strong>Armadio di ricarica<\/strong>\u00a0\u00e8 un hub PD potente e intelligente a ricarica rapida. \"Il PD, o Power Delivery, \u00e8 uno standard di ricarica all'avanguardia che comunica con ogni dispositivo collegato per fornire l'esatta quantit\u00e0 di energia di cui ha bisogno per caricarsi nel modo pi\u00f9 rapido e sicuro possibile. Ci\u00f2 significa che i vostri dispositivi, dagli smartphone ai tablet, saranno alimentati in una frazione di tempo rispetto ai caricatori standard, riducendo al minimo i tempi di inattivit\u00e0 e massimizzando la produttivit\u00e0.<\/p>\n<p>Inoltre, il mobile \u00e8 dotato di un\u00a0<strong>Ciclo di ricarica intelligente<\/strong>. Quando viene collegato a una singola presa a muro, gestisce in modo intelligente la distribuzione dell'energia a tutte le 16 porte. Questo sofisticato sistema evita il rischio di sovraccaricare il circuito, un problema comune quando si cerca di caricare pi\u00f9 dispositivi contemporaneamente. Assicura una carica stabile ed efficiente per ogni dispositivo senza richiedere complesse configurazioni elettriche o preoccuparsi di far scattare l'interruttore.<\/p>\n<h3 id=\"uncompromising-safety-and-durability\">Sicurezza e durata senza compromessi<\/h3>\n<p>La ricarica simultanea di numerosi dispositivi elettronici di alto valore richiede un'attenzione particolare alla sicurezza. Questo\u00a0<strong>Armadio di ricarica<\/strong>\u00a0\u00e8 progettato con pi\u00f9 livelli di protezione per salvaguardare sia gli utenti che i dispositivi al suo interno.<\/p>\n<ul>\n<li><strong>Sistema di raffreddamento intuitivo:<\/strong>\u00a0Il calore \u00e8 nemico dell'elettronica. L'armadietto \u00e8 dotato di un sistema di raffreddamento avanzato, con ampie fessure di ventilazione sulla parte superiore, sulle porte e sui lati per garantire un flusso d'aria costante. In questo modo si evita il surriscaldamento dei dispositivi durante il ciclo di ricarica, proteggendo i componenti interni e prolungandone la durata.<\/li>\n<li><strong>Protezione dalla tensione:<\/strong>\u00a0Il circuito interno fornisce una solida protezione contro le sovratensioni, le fluttuazioni di tensione e i cortocircuiti. Questa funzione funge da scudo per i dispositivi elettronici sensibili, assicurando che ricevano sempre un'alimentazione pulita e stabile.<\/li>\n<li><strong>Costruzione resistente:<\/strong>\u00a0Costruita in acciaio di alta qualit\u00e0, questa stazione di ricarica \u00e8 progettata per resistere ai rigori dell'uso quotidiano in ambienti affollati. La sua struttura solida, il meccanismo di bloccaggio sicuro e i piedini robusti garantiscono che rimanga una parte affidabile della vostra infrastruttura tecnologica per gli anni a venire.<\/li>\n<\/ul>\n<h3 id=\"innovative-charge-and-clean-technology\">Tecnologia innovativa \"Charge and Clean<\/h3>\n<p>In un'epoca in cui l'igiene \u00e8 pi\u00f9 importante che mai, questa\u00a0<strong>Armadio di ricarica<\/strong>\u00a0introduce un'innovativa\u00a0<strong>Carica e pulizia<\/strong>\u00a0caratteristica. I dispositivi condivisi possono essere terreno fertile per germi e batteri. Per combattere questo problema, l'armadietto \u00e8 dotato di una potente illuminazione UV. Mentre i dispositivi sono in carica, il sistema di igienizzazione a raggi UV si mette al lavoro, pulendo le superfici degli oggetti in soli cinque minuti. Questo processo aiuta a eliminare gli agenti patogeni dannosi senza l'uso di sostanze chimiche aggressive, garantendo un ambiente pi\u00f9 sano per studenti, dipendenti e clienti. \u00c8 una soluzione perfetta, due in uno, che igienizza la tecnologia senza alcuno sforzo aggiuntivo.<\/p>\n<h3 id=\"designed-for-simplicity-and-ease-of-use\">Progettato per semplicit\u00e0 e facilit\u00e0 d'uso<\/h3>\n<p>Nonostante le sue caratteristiche avanzate, questo\u00a0<strong>Armadio di ricarica<\/strong>\u00a0\u00e8 incredibilmente semplice da utilizzare. L'intero sistema \u00e8 progettato per funzionare \"plug-and-play\". Non ci sono programmi complicati da impostare o impostazioni da configurare. \u00c8 sufficiente posizionare i dispositivi negli alloggiamenti, collegarli alle porte corrispondenti, chiudere gli sportelli e accendere l'interruttore principale situato sul retro. Il cabinet si occupa di tutto il resto, dall'avvio del ciclo di ricarica intelligente alla garanzia che ogni dispositivo sia alimentato in modo sicuro ed efficiente. Le maniglie laterali consentono di posizionare o spostare facilmente l'armadietto secondo le necessit\u00e0, aumentandone la praticit\u00e0 complessiva.<\/p>\n<p>Questo\u00a0<strong>Armadio di ricarica PD a ricarica rapida per 16 dispositivi<\/strong>\u00a0\u00e8 la soluzione all-in-one definitiva per tutte le organizzazioni che desiderano ottimizzare la gestione dei dispositivi. Offre una velocit\u00e0 di ricarica superiore, una gestione intelligente dell'alimentazione, una sicurezza di alto livello e il vantaggio aggiuntivo della sanificazione UV, il tutto in un design resistente e facile da usare. Investite in efficienza, sicurezza e tranquillit\u00e0.<\/p>","protected":false},"excerpt":{"rendered":"<div class=\"chat-container\">\n<div class=\"chat-view-container ng-star-inserted\">\n<div>\n<div class=\"chat-turn-container model render cdk-focused cdk-mouse-focused\" tabindex=\"-1\">\n<div class=\"model-prompt-container\" data-turn-role=\"Model\">\n<div class=\"turn-content\">\n<p class=\"ng-star-inserted\"><span class=\"ng-star-inserted\">Questo armadietto di ricarica facile da usare conserva e ricarica in modo sicuro fino a 16 dispositivi contemporaneamente. Il ciclo di ricarica intelligente, le funzioni di sicurezza e la pulizia a raggi UV lo rendono una soluzione semplice ed efficiente. \u00c8 sufficiente collegare i dispositivi per ottenere una carica rapida e una sanificazione.<\/span><\/p>\n<\/div>\n<\/div>\n<\/div>\n<\/div>\n<\/div>\n<\/div>","protected":false},"featured_media":2743,"template":"","meta":{"_kad_post_transparent":"default","_kad_post_title":"","_kad_post_layout":"default","_kad_post_sidebar_id":"","_kad_post_content_style":"default","_kad_post_vertical_padding":"default","_kad_post_feature":"","_kad_post_feature_position":"","_kad_post_header":false,"_kad_post_footer":false},"product_brand":[],"product_cat":[91],"product_tag":[275,122,274],"class_list":{"0":"post-1792","1":"product","2":"type-product","3":"status-publish","4":"has-post-thumbnail","6":"product_cat-charging-cabinets","7":"product_tag-16-device-capacity","8":"product_tag-charging-cabinet","9":"product_tag-uv-cleaning","11":"first","12":"instock","13":"shipping-taxable","14":"product-type-simple","15":"entry","16":"content-bg","17":"loop-entry"},"_links":{"self":[{"href":"https:\/\/24smartcharge.com\/it\/wp-json\/wp\/v2\/product\/1792","targetHints":{"allow":["GET"]}}],"collection":[{"href":"https:\/\/24smartcharge.com\/it\/wp-json\/wp\/v2\/product"}],"about":[{"href":"https:\/\/24smartcharge.com\/it\/wp-json\/wp\/v2\/types\/product"}],"wp:featuredmedia":[{"embeddable":true,"href":"https:\/\/24smartcharge.com\/it\/wp-json\/wp\/v2\/media\/2743"}],"wp:attachment":[{"href":"https:\/\/24smartcharge.com\/it\/wp-json\/wp\/v2\/media?parent=1792"}],"wp:term":[{"taxonomy":"product_brand","embeddable":true,"href":"https:\/\/24smartcharge.com\/it\/wp-json\/wp\/v2\/product_brand?post=1792"},{"taxonomy":"product_cat","embeddable":true,"href":"https:\/\/24smartcharge.com\/it\/wp-json\/wp\/v2\/product_cat?post=1792"},{"taxonomy":"product_tag","embeddable":true,"href":"https:\/\/24smartcharge.com\/it\/wp-json\/wp\/v2\/product_tag?post=1792"}],"curies":[{"name":"wp","href":"https:\/\/api.w.org\/{rel}","templated":true}]}}