{"id":1777,"date":"2025-08-08T08:22:56","date_gmt":"2025-08-08T08:22:56","guid":{"rendered":"https:\/\/24smartcharge.com\/?post_type=product&#038;p=1777"},"modified":"2025-08-18T01:44:55","modified_gmt":"2025-08-18T01:44:55","slug":"uv-disinfecting-charging-cabinet-for-30-devices","status":"publish","type":"product","link":"https:\/\/24smartcharge.com\/it\/uv-disinfecting-charging-cabinet-for-30-devices\/","title":{"rendered":"Armadio di ricarica a disinfezione UV per 30 dispositivi"},"content":{"rendered":"<h3 id=\"-streamline-your-device-management-with-the-advanced-uv-disinfecting-charging-cabinet-\"><strong>Semplificate la gestione dei vostri dispositivi con l'armadio di ricarica a disinfezione UV avanzata<\/strong><\/h3>\n<p>Nel mondo di oggi, frenetico e guidato dalla tecnologia, la gestione di pi\u00f9 dispositivi in un ambiente educativo o professionale pu\u00f2 rappresentare una sfida significativa. \u00c8 fondamentale garantire che laptop, tablet e telefoni non solo siano completamente carichi e conservati in modo sicuro, ma anche igienicamente puliti. Questo armadietto di ricarica con disinfezione UV \u00e8 una soluzione all-in-one progettata per soddisfare queste esigenze moderne, in grado di caricare, conservare e igienizzare fino a 30 dispositivi contemporaneamente. La sua struttura robusta e le sue caratteristiche intelligenti lo rendono uno strumento indispensabile per scuole, uffici, strutture sanitarie e qualsiasi ambiente in cui si utilizzano costantemente pi\u00f9 dispositivi.<\/p>\n<h3 id=\"-effortless-operation-and-intelligent-charging-\"><strong>Funzionamento semplice e ricarica intelligente<\/strong><\/h3>\n<p>Semplicit\u00e0 ed efficienza sono alla base del design di questo armadietto di ricarica. \u00c8 sufficiente un solo tocco per avviare i cicli di ricarica e disinfezione, il che lo rende incredibilmente facile da usare. \u00c8 possibile personalizzare questi cicli in base alle proprie esigenze specifiche o attivare la \"modalit\u00e0 di ricarica continua e intelligente\". Questa funzione intelligente d\u00e0 priorit\u00e0 ai dispositivi con i livelli di batteria pi\u00f9 bassi, assicurando che siano pronti per l'uso il pi\u00f9 rapidamente possibile.<\/p>\n<p>Il processo di ricarica \u00e8 altamente adattabile. \u00c8 possibile impostare intervalli di ricarica con incrementi di un'ora, da una a 24 ore. Per un approccio pi\u00f9 diretto, tenendo premuto il pulsante di accensione per tre secondi si attiva la modalit\u00e0 di ricarica continua, che fornisce energia ininterrotta fino a quando ogni dispositivo \u00e8 carico. Questa versatilit\u00e0 garantisce che i dispositivi siano sempre alimentati e pronti ad affrontare le esigenze della giornata.<\/p>\n<h3 id=\"-advanced-uv-c-disinfection-for-a-healthier-environment-\"><strong>Disinfezione UV-C avanzata per un ambiente pi\u00f9 sano<\/strong><\/h3>\n<p>In un'epoca in cui l'igiene \u00e8 pi\u00f9 importante che mai, questo armadio di ricarica offre una soluzione efficace per combattere la diffusione dei germi. Incorpora la tecnologia della luce UV-C per disinfettare le superfici dei dispositivi che custodisce. La luce UV-C \u00e8 un metodo comprovato per eliminare un'ampia gamma di batteri e virus interrompendone il DNA e rendendoli innocui. Questo processo di pulizia non chimico garantisce la tranquillit\u00e0 di sapere che i dispositivi condivisi e maneggiati sono regolarmente igienizzati, contribuendo a creare un ambiente pi\u00f9 sano per studenti, dipendenti e clienti.<\/p>\n<h3 id=\"-safety-as-a-top-priority-\"><strong>La sicurezza come priorit\u00e0 assoluta<\/strong><\/h3>\n<p>Il design di questo armadietto di ricarica incorpora diverse caratteristiche di sicurezza fondamentali per proteggere sia l'utente che i dispositivi all'interno. Un sistema di raffreddamento intuitivo \u00e8 integrato per evitare il surriscaldamento, anche quando l'armadietto \u00e8 completamente carico e tutti i dispositivi sono in carica contemporaneamente. Inoltre, fornisce una protezione dalla tensione per salvaguardare i vostri preziosi dispositivi elettronici dagli sbalzi di tensione.<\/p>\n<p>Una misura di sicurezza fondamentale \u00e8 rappresentata dallo spegnimento automatico delle lampade UV-C. Le lampade UV-C si spengono immediatamente quando si aprono le porte dell'armadietto, evitando l'esposizione accidentale ai raggi UV. Questa caratteristica garantisce che le potenti propriet\u00e0 disinfettanti della luce UV-C siano attive solo quando l'armadietto \u00e8 ben chiuso.<\/p>\n<h3 id=\"-durable-and-convenient-design-\"><strong>Design resistente e conveniente<\/strong><\/h3>\n<p>Costruito per garantire longevit\u00e0 e facilit\u00e0 d'uso, questo mobile di ricarica \u00e8 costruito per resistere ai rigori dell'uso quotidiano in ambienti affollati. L'armadietto \u00e8 dotato di robuste rotelle che consentono un trasporto agevole da una stanza all'altra, rendendolo una vera e propria soluzione portatile. Lo sportello anteriore offre una chiara visione dei dispositivi all'interno, consentendo un rapido inventario visivo e il monitoraggio dello stato di carica. La sicurezza \u00e8 garantita anche da un meccanismo di chiusura che protegge i dispositivi conservati da accessi non autorizzati.<\/p>\n<p>Con un'altezza di 11 pollici e una larghezza di 22,50 pollici, l'armadietto \u00e8 in grado di ospitare un'ampia gamma di dispositivi, da telefoni e power bank a computer portatili pi\u00f9 grandi. Lo spazio di 2,25 pollici tra i divisori e la presa di corrente dedicata per ogni alloggiamento garantiscono un ampio spazio per ogni dispositivo e il relativo cavo di ricarica. Il modello a 30 alloggiamenti offre una notevole capacit\u00e0 pur mantenendo un ingombro gestibile, con dimensioni di 26,18 pollici di larghezza, 21,65 pollici di profondit\u00e0 e 43,7 pollici di altezza.<\/p>\n<p>Questo armadietto di ricarica con disinfezione UV \u00e8 pi\u00f9 di una semplice unit\u00e0 di stoccaggio: \u00e8 un sistema completo per la gestione moderna dei dispositivi. Combinando una ricarica efficiente, una conservazione sicura e una disinfezione potente, offre una soluzione pratica ed essenziale per mantenere un ambiente produttivo e igienico.<\/p>","protected":false},"excerpt":{"rendered":"<div class=\"model-prompt-container\" data-turn-role=\"Model\">\n<div class=\"turn-content\">\n<p class=\"ng-star-inserted\"><span class=\"ng-star-inserted\">Carica, conserva e disinfetta fino a 30 dispositivi. Questo mobile Charging Cabinet utilizza la luce UV-C per l'igienizzazione e dispone di una ricarica intelligente one-touch per dare priorit\u00e0 ai dispositivi con la batteria pi\u00f9 scarica. Un sistema di raffreddamento intuitivo e l'illuminazione UV a spegnimento automatico garantiscono la sicurezza.<\/span><\/p>\n<\/div>\n<\/div>","protected":false},"featured_media":2734,"template":"","meta":{"_kad_post_transparent":"default","_kad_post_title":"","_kad_post_layout":"default","_kad_post_sidebar_id":"","_kad_post_content_style":"default","_kad_post_vertical_padding":"default","_kad_post_feature":"","_kad_post_feature_position":"","_kad_post_header":false,"_kad_post_footer":false},"product_brand":[],"product_cat":[91],"product_tag":[271,122,270],"class_list":{"0":"post-1777","1":"product","2":"type-product","3":"status-publish","4":"has-post-thumbnail","6":"product_cat-charging-cabinets","7":"product_tag-30-device-cart","8":"product_tag-charging-cabinet","9":"product_tag-uv-disinfection","11":"first","12":"instock","13":"shipping-taxable","14":"product-type-simple","15":"entry","16":"content-bg","17":"loop-entry"},"_links":{"self":[{"href":"https:\/\/24smartcharge.com\/it\/wp-json\/wp\/v2\/product\/1777","targetHints":{"allow":["GET"]}}],"collection":[{"href":"https:\/\/24smartcharge.com\/it\/wp-json\/wp\/v2\/product"}],"about":[{"href":"https:\/\/24smartcharge.com\/it\/wp-json\/wp\/v2\/types\/product"}],"wp:featuredmedia":[{"embeddable":true,"href":"https:\/\/24smartcharge.com\/it\/wp-json\/wp\/v2\/media\/2734"}],"wp:attachment":[{"href":"https:\/\/24smartcharge.com\/it\/wp-json\/wp\/v2\/media?parent=1777"}],"wp:term":[{"taxonomy":"product_brand","embeddable":true,"href":"https:\/\/24smartcharge.com\/it\/wp-json\/wp\/v2\/product_brand?post=1777"},{"taxonomy":"product_cat","embeddable":true,"href":"https:\/\/24smartcharge.com\/it\/wp-json\/wp\/v2\/product_cat?post=1777"},{"taxonomy":"product_tag","embeddable":true,"href":"https:\/\/24smartcharge.com\/it\/wp-json\/wp\/v2\/product_tag?post=1777"}],"curies":[{"name":"wp","href":"https:\/\/api.w.org\/{rel}","templated":true}]}}