{"id":1686,"date":"2025-08-08T03:59:18","date_gmt":"2025-08-08T03:59:18","guid":{"rendered":"https:\/\/24smartcharge.com\/?post_type=product&#038;p=1686"},"modified":"2025-08-18T01:07:03","modified_gmt":"2025-08-18T01:07:03","slug":"secure-multi-device-laptop-tablet-charging-cabinet-2","status":"publish","type":"product","link":"https:\/\/24smartcharge.com\/it\/secure-multi-device-laptop-tablet-charging-cabinet-2\/","title":{"rendered":"Armadietto di ricarica sicura per pi\u00f9 dispositivi"},"content":{"rendered":"<h2 id=\"key-features\">Caratteristiche principali<\/h2>\n<h3 id=\"universal-compatibility\">Compatibilit\u00e0 universale<\/h3>\n<p>Carica fino a 30 o 40 computer portatili, tablet, Chromebook o dispositivi simili, che siano o meno in custodie protettive. I rack e i cestelli flessibili consentono di alloggiare facilmente dispositivi di dimensioni diverse.<\/p>\n<h3 id=\"smart-power-management\">Gestione intelligente dell'alimentazione<\/h3>\n<p>Dotato di\u00a0<strong>ECO Smart Charge\u2122<\/strong>\u00a0Il cabinet di ricarica distribuisce in modo efficiente l'energia, evitando il sovraccarico e prolungando la durata della batteria del dispositivo.<\/p>\n<h3 id=\"secure-storage\">Conservazione sicura<\/h3>\n<p>Un robusto sistema di chiusura con lucchetto in acciaio inossidabile mantiene i dispositivi al sicuro. I kit di ancoraggio opzionali consentono di fissare l'armadietto al pavimento per una maggiore protezione.<\/p>\n<h3 id=\"space-saving-design\">Design salvaspazio<\/h3>\n<p>Elevata capacit\u00e0 con un ingombro ridotto: memorizza e ricarica tutti i dispositivi e gli alimentatori in un'unica unit\u00e0 organizzata, riducendo al minimo il disordine.<\/p>\n<h3 id=\"easy-mobility\">Mobilit\u00e0 facile<\/h3>\n<p>La struttura leggera, le rotelle girevoli a 360\u00b0 e le maniglie ergonomiche consentono di spostare facilmente l'armadietto di ricarica attraverso corridoi e angoli stretti.<\/p>\n<h3 id=\"affordable-and-durable\">Conveniente e durevole<\/h3>\n<p>Costruiti per durare nel tempo con materiali di qualit\u00e0, offrono un valore eccellente nel tempo senza compromettere le prestazioni.<\/p>\n<h3 id=\"included-baskets-and-racks\">Cestini e rack inclusi<\/h3>\n<p>\u00c8 dotato di cestini per dispositivi rimovibili per una distribuzione rapida e di rastrelliere in plastica per i dispositivi pi\u00f9 grandi, che offrono opzioni di archiviazione flessibili.<\/p>\n<h3 id=\"warranty-and-support\">Garanzia e assistenza<\/h3>\n<p>Con una solida garanzia e un servizio clienti dedicato per la massima tranquillit\u00e0.<\/p>\n<h2 id=\"benefits\">Vantaggi<\/h2>\n<ul>\n<li><strong>Risparmio di tempo<\/strong>\u00a0- Raccogliere, caricare e distribuire rapidamente i dispositivi.<\/li>\n<li><strong>Migliora la sicurezza<\/strong>\u00a0- Tenete i dispositivi di valore chiusi a chiave quando non sono in uso.<\/li>\n<li><strong>Massimizza lo spazio<\/strong>\u00a0- Conservare molti dispositivi in uno spazio ridotto.<\/li>\n<li><strong>Migliora la durata del dispositivo<\/strong>\u00a0- La ricarica intelligente previene i danni alla batteria.<\/li>\n<\/ul>\n<p>Il\u00a0<strong>Armadietto per la ricarica sicura di laptop e tablet multidispositivo<\/strong>\u00a0\u00e8 la miscela perfetta di convenienza, sicurezza ed efficienza, ideale per tutti gli ambienti in cui \u00e8 necessario gestire pi\u00f9 dispositivi con facilit\u00e0.<\/p>","protected":false},"excerpt":{"rendered":"<p>L'armadietto di ricarica per laptop e tablet Secure Multi-Device offre una ricarica sicura ed efficiente per un massimo di 30 o 40 dispositivi. Grazie alla compatibilit\u00e0 universale, alla sicurezza con serratura, alla gestione intelligente dell'alimentazione e alla facile mobilit\u00e0, questo resistente armadietto di ricarica \u00e8 ideale per scuole, uffici e spazi di lavoro condivisi.<\/p>","protected":false},"featured_media":2707,"template":"","meta":{"_kad_post_transparent":"default","_kad_post_title":"","_kad_post_layout":"default","_kad_post_sidebar_id":"","_kad_post_content_style":"default","_kad_post_vertical_padding":"default","_kad_post_feature":"","_kad_post_feature_position":"","_kad_post_header":false,"_kad_post_footer":false},"product_brand":[],"product_cat":[91],"product_tag":[122,258,142],"class_list":{"0":"post-1686","1":"product","2":"type-product","3":"status-publish","4":"has-post-thumbnail","6":"product_cat-charging-cabinets","7":"product_tag-charging-cabinet","8":"product_tag-multi-device-charging-cabinet","9":"product_tag-secure-charging-cabinet","11":"first","12":"instock","13":"shipping-taxable","14":"product-type-simple","15":"entry","16":"content-bg","17":"loop-entry"},"_links":{"self":[{"href":"https:\/\/24smartcharge.com\/it\/wp-json\/wp\/v2\/product\/1686","targetHints":{"allow":["GET"]}}],"collection":[{"href":"https:\/\/24smartcharge.com\/it\/wp-json\/wp\/v2\/product"}],"about":[{"href":"https:\/\/24smartcharge.com\/it\/wp-json\/wp\/v2\/types\/product"}],"wp:featuredmedia":[{"embeddable":true,"href":"https:\/\/24smartcharge.com\/it\/wp-json\/wp\/v2\/media\/2707"}],"wp:attachment":[{"href":"https:\/\/24smartcharge.com\/it\/wp-json\/wp\/v2\/media?parent=1686"}],"wp:term":[{"taxonomy":"product_brand","embeddable":true,"href":"https:\/\/24smartcharge.com\/it\/wp-json\/wp\/v2\/product_brand?post=1686"},{"taxonomy":"product_cat","embeddable":true,"href":"https:\/\/24smartcharge.com\/it\/wp-json\/wp\/v2\/product_cat?post=1686"},{"taxonomy":"product_tag","embeddable":true,"href":"https:\/\/24smartcharge.com\/it\/wp-json\/wp\/v2\/product_tag?post=1686"}],"curies":[{"name":"wp","href":"https:\/\/api.w.org\/{rel}","templated":true}]}}