{"id":1680,"date":"2025-08-08T03:54:58","date_gmt":"2025-08-08T03:54:58","guid":{"rendered":"https:\/\/24smartcharge.com\/?post_type=product&#038;p=1680"},"modified":"2025-08-15T10:18:48","modified_gmt":"2025-08-15T10:18:48","slug":"secure-multi-device-charging-cabinet-for-tablets-2","status":"publish","type":"product","link":"https:\/\/24smartcharge.com\/it\/secure-multi-device-charging-cabinet-for-tablets-2\/","title":{"rendered":"Armadietto per la ricarica sicura di pi\u00f9 dispositivi per tablet"},"content":{"rendered":"<h1 id=\"secure-multi-device-charging-cabinet-for-tablets\">Armadietto per la ricarica sicura di pi\u00f9 dispositivi per tablet<\/h1>\n<p>Il\u00a0<strong>Armadietto per la ricarica sicura di pi\u00f9 dispositivi per tablet<\/strong>\u00a0\u00e8 una soluzione compatta, resistente ed efficiente per caricare, conservare e proteggere pi\u00f9 tablet in un unico luogo. Progettato per scuole, uffici, biblioteche e altri ambienti condivisi, garantisce che i dispositivi siano sempre sicuri, organizzati e pronti all'uso.<\/p>\n<h2 id=\"key-features\">Caratteristiche principali<\/h2>\n<h3 id=\"1-tuck-away-door\">1. Porta a scomparsa<\/h3>\n<p>Lo sportello in stile garage si ritrae in modo ordinato, consentendo un rapido accesso ai dispositivi senza occupare spazio. Questo design mantiene le aree libere e migliora il flusso di lavoro.<\/p>\n<h3 id=\"2-space-saving-design\">2. Design salvaspazio<\/h3>\n<p>Grazie al suo ingombro ridotto, l'armadietto di ricarica si adatta facilmente a scrivanie, banconi o spazi di lavoro ristretti, risultando ideale per gli ambienti con spazio limitato.<\/p>\n<h3 id=\"3-strong-security\">3. Forte sicurezza<\/h3>\n<p>Costruito con un robusto sistema di chiusura, protegge i dispositivi da furti, smarrimenti e accessi non autorizzati quando non sono in uso.<\/p>\n<h3 id=\"4-efficient-charging\">4. Carica efficiente<\/h3>\n<p>In grado di caricare fino a 12 tablet contemporaneamente, assicura che i dispositivi siano alimentati e pronti quando necessario.<\/p>\n<h3 id=\"5-overheat-protection\">5. Protezione contro il surriscaldamento<\/h3>\n<p>Una ventola interna fa circolare l'aria per evitare il surriscaldamento dei dispositivi, prolungandone la durata e garantendo prestazioni affidabili.<\/p>\n<h3 id=\"6-long-term-value\">6. Valore a lungo termine<\/h3>\n<p>Grazie alla sua struttura resistente, l'armadietto di ricarica \u00e8 costruito per durare nel tempo e consente di risparmiare sui costi senza compromettere la qualit\u00e0.<\/p>\n<h3 id=\"7-warranty-support\">7. Assistenza in garanzia<\/h3>\n<p>Con il supporto di una solida garanzia e di un team di assistenza clienti, offre la massima tranquillit\u00e0 per un utilizzo a lungo termine.<\/p>\n<h2 id=\"benefits\">Vantaggi<\/h2>\n<ul>\n<li><strong>Organizzazione dello spazio di archiviazione:<\/strong>\u00a0Consente di disporre i dispositivi in modo ordinato per una facile gestione.<\/li>\n<li><strong>Accesso rapido:<\/strong>\u00a0Lo sportello a scomparsa consente di recuperare e restituire rapidamente i tablet.<\/li>\n<li><strong>Ricarica sicura:<\/strong>\u00a0Impedisce il surriscaldamento e garantisce che i dispositivi siano sempre pronti.<\/li>\n<li><strong>La tranquillit\u00e0 della sicurezza:<\/strong>\u00a0Protegge le preziose risorse tecnologiche da danni o furti.<\/li>\n<li><strong>Efficienza dello spazio:<\/strong>\u00a0Massimizza lo spazio di lavoro disponibile.<\/li>\n<\/ul>\n<p>L'armadietto di ricarica multi-dispositivo sicuro per tablet \u00e8 la scelta perfetta per chi ha bisogno di un modo affidabile, efficiente e sicuro per conservare e caricare pi\u00f9 dispositivi. \u00c8 stato progettato per rendere la gestione dei dispositivi semplice, sicura e senza problemi.<\/p>","protected":false},"excerpt":{"rendered":"<p>L'armadietto di ricarica multi-dispositivo per tablet Secure offre una ricarica sicura e organizzata per un massimo di 12 dispositivi. Grazie al design compatto, allo sportello a scomparsa e alla robusta sicurezza, protegge dai furti risparmiando spazio. Il sistema di raffreddamento incorporato impedisce il surriscaldamento, garantendo che i dispositivi siano sempre pronti all'uso.<\/p>","protected":false},"featured_media":2517,"template":"","meta":{"_kad_post_transparent":"default","_kad_post_title":"","_kad_post_layout":"default","_kad_post_sidebar_id":"","_kad_post_content_style":"default","_kad_post_vertical_padding":"default","_kad_post_feature":"","_kad_post_feature_position":"","_kad_post_header":false,"_kad_post_footer":false},"product_brand":[],"product_cat":[91],"product_tag":[122,147,120],"class_list":{"0":"post-1680","1":"product","2":"type-product","3":"status-publish","4":"has-post-thumbnail","6":"product_cat-charging-cabinets","7":"product_tag-charging-cabinet","8":"product_tag-multi-device-charging","9":"product_tag-secure-device-storage","11":"first","12":"instock","13":"shipping-taxable","14":"product-type-simple","15":"entry","16":"content-bg","17":"loop-entry"},"_links":{"self":[{"href":"https:\/\/24smartcharge.com\/it\/wp-json\/wp\/v2\/product\/1680","targetHints":{"allow":["GET"]}}],"collection":[{"href":"https:\/\/24smartcharge.com\/it\/wp-json\/wp\/v2\/product"}],"about":[{"href":"https:\/\/24smartcharge.com\/it\/wp-json\/wp\/v2\/types\/product"}],"wp:featuredmedia":[{"embeddable":true,"href":"https:\/\/24smartcharge.com\/it\/wp-json\/wp\/v2\/media\/2517"}],"wp:attachment":[{"href":"https:\/\/24smartcharge.com\/it\/wp-json\/wp\/v2\/media?parent=1680"}],"wp:term":[{"taxonomy":"product_brand","embeddable":true,"href":"https:\/\/24smartcharge.com\/it\/wp-json\/wp\/v2\/product_brand?post=1680"},{"taxonomy":"product_cat","embeddable":true,"href":"https:\/\/24smartcharge.com\/it\/wp-json\/wp\/v2\/product_cat?post=1680"},{"taxonomy":"product_tag","embeddable":true,"href":"https:\/\/24smartcharge.com\/it\/wp-json\/wp\/v2\/product_tag?post=1680"}],"curies":[{"name":"wp","href":"https:\/\/api.w.org\/{rel}","templated":true}]}}