{"id":1669,"date":"2025-08-08T03:47:09","date_gmt":"2025-08-08T03:47:09","guid":{"rendered":"https:\/\/24smartcharge.com\/?post_type=product&#038;p=1669"},"modified":"2025-08-18T00:53:08","modified_gmt":"2025-08-18T00:53:08","slug":"secure-multi-device-laptop-tablet-charging-cabinet","status":"publish","type":"product","link":"https:\/\/24smartcharge.com\/it\/secure-multi-device-laptop-tablet-charging-cabinet\/","title":{"rendered":"Armadietto per la ricarica sicura di laptop e tablet multidispositivo"},"content":{"rendered":"<h2 id=\"key-features\">Caratteristiche principali<\/h2>\n<h3 id=\"-universal-compatibility-\"><strong>Compatibilit\u00e0 universale<\/strong><\/h3>\n<p>In grado di caricare laptop, tablet, Chromebook e altri dispositivi con o senza custodia protettiva. I divisori in acciaio rimovibili offrono spazio per apparecchiature pi\u00f9 grandi o di forma irregolare, come kit STEM, droni o robot.<\/p>\n<h3 id=\"-safe-power-management-\"><strong>Gestione sicura dell'alimentazione<\/strong><\/h3>\n<p>Dotato di\u00a0<strong>Carica sicura ECO<\/strong>\u00a0Il Charging Cabinet gestisce il flusso di energia per evitare il sovraccarico e ridurre lo spreco di energia, prolungando la vita dei dispositivi.<\/p>\n<h3 id=\"-secure-storage-\"><strong>Conservazione sicura<\/strong><\/h3>\n<p>Un robusto sistema di chiusura con compatibilit\u00e0 con i lucchetti protegge i dispositivi e gli alimentatori da furti o usi non autorizzati, garantendo la massima tranquillit\u00e0 in ambienti condivisi o pubblici.<\/p>\n<h3 id=\"-flexible-power-system-\"><strong>Sistema di alimentazione flessibile<\/strong><\/h3>\n<p>La ciabatta a binario scorre per adattarsi a vari tipi di cavi e adattatori, semplificando la gestione dei cavi e garantendo una ricarica ordinata e organizzata.<\/p>\n<h3 id=\"-durable-construction-\"><strong>Costruzione resistente<\/strong><\/h3>\n<p>Costruito con acciaio di alta qualit\u00e0 e cerniere rinforzate, l'armadietto di ricarica \u00e8 progettato per l'uso quotidiano in ambienti difficili, offrendo un'affidabilit\u00e0 di lunga durata.<\/p>\n<h3 id=\"-space-efficient-design-\"><strong>Design efficiente dal punto di vista dello spazio<\/strong><\/h3>\n<p>Compatto ma spazioso, l'armadietto massimizza la capacit\u00e0 riducendo al minimo l'ingombro a terra e si integra facilmente in qualsiasi ambiente.<\/p>\n<h3 id=\"-long-term-value-\"><strong>Valore a lungo termine<\/strong><\/h3>\n<p>Grazie alla sua struttura robusta e al design intelligente, l'armadio di ricarica offre una soluzione economica e a lungo termine, riducendo la necessit\u00e0 di frequenti sostituzioni o aggiornamenti.<\/p>\n<h2 id=\"benefits-at-a-glance\">I vantaggi in sintesi<\/h2>\n<ul>\n<li><strong>Carica fino a 32 dispositivi<\/strong>\u00a0contemporaneamente<\/li>\n<li><strong>Supporta varie dimensioni e marche<\/strong>\u00a0di computer portatili, tablet e Chromebook<\/li>\n<li><strong>Divisori rimovibili<\/strong>\u00a0per esigenze di stoccaggio personalizzate<\/li>\n<li><strong>Gestione intelligente dell'alimentazione<\/strong>\u00a0per prolungare la durata del dispositivo<\/li>\n<li><strong>Porte in acciaio con serratura<\/strong>\u00a0per la massima sicurezza<\/li>\n<li><strong>Sistema di cavi organizzato<\/strong>\u00a0per facilitare l'accesso e la manutenzione<\/li>\n<li><strong>Design resistente e professionale<\/strong>\u00a0adatto a pi\u00f9 settori industriali<\/li>\n<\/ul>\n<h2 id=\"ideal-applications\">Applicazioni ideali<\/h2>\n<ul>\n<li><strong>Istruzione<\/strong>: Mantenere i dispositivi della classe carichi, organizzati e protetti<\/li>\n<li><strong>Uffici aziendali<\/strong>: Gestione di laptop e tablet per team condivisi o mobili<\/li>\n<li><strong>Biblioteche e spazi pubblici<\/strong>: Fornire una ricarica sicura per i dispositivi della comunit\u00e0<\/li>\n<li><strong>Strutture di formazione<\/strong>: Assicurarsi che tutte le apparecchiature siano alimentate e pronte per le sessioni.<\/li>\n<li><strong>Laboratori e officine<\/strong>: Immagazzinare e caricare strumenti e tecnologie specializzate<\/li>\n<\/ul>\n<p>Il\u00a0<strong>Armadietto per la ricarica sicura di laptop e tablet multidispositivo<\/strong>\u00a0combina praticit\u00e0, sicurezza ed efficienza, rendendolo un investimento essenziale per qualsiasi ambiente in cui pi\u00f9 dispositivi necessitano di un'archiviazione e una ricarica affidabili.<\/p>","protected":false},"excerpt":{"rendered":"<p>L'armadietto di ricarica per laptop e tablet Secure Multi-Device offre una ricarica sicura ed efficiente per un massimo di 32 dispositivi, tra cui laptop, tablet e Chromebook. Grazie ai divisori in acciaio rimovibili, alla chiusura sicura e alla gestione intelligente dell'alimentazione, questo armadietto di ricarica garantisce protezione, flessibilit\u00e0 e durata nel tempo.<\/p>","protected":false},"featured_media":2701,"template":"","meta":{"_kad_post_transparent":"default","_kad_post_title":"","_kad_post_layout":"default","_kad_post_sidebar_id":"","_kad_post_content_style":"default","_kad_post_vertical_padding":"default","_kad_post_feature":"","_kad_post_feature_position":"","_kad_post_header":false,"_kad_post_footer":false},"product_brand":[],"product_cat":[91,93],"product_tag":[122,258,142],"class_list":{"0":"post-1669","1":"product","2":"type-product","3":"status-publish","4":"has-post-thumbnail","6":"product_cat-charging-cabinets","7":"product_cat-30-outputs","8":"product_tag-charging-cabinet","9":"product_tag-multi-device-charging-cabinet","10":"product_tag-secure-charging-cabinet","12":"first","13":"instock","14":"shipping-taxable","15":"product-type-simple","16":"entry","17":"content-bg","18":"loop-entry"},"_links":{"self":[{"href":"https:\/\/24smartcharge.com\/it\/wp-json\/wp\/v2\/product\/1669","targetHints":{"allow":["GET"]}}],"collection":[{"href":"https:\/\/24smartcharge.com\/it\/wp-json\/wp\/v2\/product"}],"about":[{"href":"https:\/\/24smartcharge.com\/it\/wp-json\/wp\/v2\/types\/product"}],"wp:featuredmedia":[{"embeddable":true,"href":"https:\/\/24smartcharge.com\/it\/wp-json\/wp\/v2\/media\/2701"}],"wp:attachment":[{"href":"https:\/\/24smartcharge.com\/it\/wp-json\/wp\/v2\/media?parent=1669"}],"wp:term":[{"taxonomy":"product_brand","embeddable":true,"href":"https:\/\/24smartcharge.com\/it\/wp-json\/wp\/v2\/product_brand?post=1669"},{"taxonomy":"product_cat","embeddable":true,"href":"https:\/\/24smartcharge.com\/it\/wp-json\/wp\/v2\/product_cat?post=1669"},{"taxonomy":"product_tag","embeddable":true,"href":"https:\/\/24smartcharge.com\/it\/wp-json\/wp\/v2\/product_tag?post=1669"}],"curies":[{"name":"wp","href":"https:\/\/api.w.org\/{rel}","templated":true}]}}