{"id":1662,"date":"2025-08-08T03:30:54","date_gmt":"2025-08-08T03:30:54","guid":{"rendered":"https:\/\/24smartcharge.com\/?post_type=product&#038;p=1662"},"modified":"2025-08-15T10:27:34","modified_gmt":"2025-08-15T10:27:34","slug":"secure-multi-device-usb-c-charging-cabinet-for-tablets","status":"publish","type":"product","link":"https:\/\/24smartcharge.com\/it\/secure-multi-device-usb-c-charging-cabinet-for-tablets\/","title":{"rendered":"Armadietto di ricarica USB-C sicuro per pi\u00f9 dispositivi per tablet"},"content":{"rendered":"<h2 id=\"-optimized-for-tablet-and-ipad-charging-\"><strong>Ottimizzato per la ricarica di tablet e iPad<\/strong><\/h2>\n<p>Questo armadietto di ricarica \u00e8 stato progettato per ricaricare fino a\u00a0<strong>10 tablet o iPad alimentati tramite USB-C<\/strong>con o senza custodia protettiva. Sia che si tratti di gestire gruppi di dispositivi in classe, tablet dei dipendenti o apparecchiature ospedaliere, il sistema assicura che ogni dispositivo riceva un'alimentazione costante, rimanendo organizzato e facilmente accessibile.<\/p>\n<p>Il sistema di ricarica USB-C offre un'erogazione di energia pi\u00f9 rapida ed efficiente rispetto alle tecnologie di ricarica precedenti, garantendo che i dispositivi siano pronti all'uso quando necessario. L'intelligente gestione dei cavi dell'armadietto consente di mantenere i cavi liberi da grovigli e ordinati in posizione, evitando l'usura.<\/p>\n<h2 id=\"-compact-and-space-saving-design-\"><strong>Design compatto e salvaspazio<\/strong><\/h2>\n<p>Uno dei vantaggi pi\u00f9 evidenti di questo armadietto di ricarica \u00e8 il suo\u00a0<strong>ingombro ridotto<\/strong>. Pu\u00f2 essere montato a parete o appoggiato su un piano d'appoggio, trasformando anche gli spazi pi\u00f9 piccoli in punti di ricarica sicuri. Questa adattabilit\u00e0 lo rende perfetto per gli ambienti in cui lo spazio a terra \u00e8 limitato.<\/p>\n<p>Il design leggero ma robusto consente all'armadietto di integrarsi perfettamente in aule, uffici o postazioni di lavoro senza ingombrare l'area. Nonostante le dimensioni compatte, offre una capacit\u00e0 di ricarica completa per 10 dispositivi, rendendolo una scelta ideale per le sedi con spazio limitato.<\/p>\n<h2 id=\"-security-you-can-trust-\"><strong>Sicurezza di cui ci si pu\u00f2 fidare<\/strong><\/h2>\n<p>Quando si tratta di gestire i dispositivi, la sicurezza \u00e8 una priorit\u00e0 assoluta. L'armadio di ricarica \u00e8 dotato di\u00a0<strong>porte in acciaio con serratura<\/strong>\u00a0e un\u00a0<strong>lucchetto in acciaio inox<\/strong>\u00a0per proteggere i dispositivi di valore da furti o accessi non autorizzati. Grazie ai resistenti pannelli in acciaio perforato, offre ventilazione e visibilit\u00e0, pur mantenendo resistenza e sicurezza.<\/p>\n<p>Sia che venga montato in un corridoio di una scuola affollata o installato in una sala IT aziendale, questo armadietto assicura che il vostro investimento sia sempre salvaguardato. Il sistema di chiusura a chiave garantisce la massima tranquillit\u00e0, mentre la struttura robusta resiste alle manomissioni.<\/p>\n<h2 id=\"-versatile-storage-with-baskets-and-racks-\"><strong>Conservazione versatile con cestini e scaffali<\/strong><\/h2>\n<p>L'armadietto di ricarica \u00e8 dotato di serie di\u00a0<strong>due cestini per dispositivi durevoli<\/strong>che consentono di trasportare rapidamente gruppi di tablet in luoghi diversi. Ogni cestino pu\u00f2 contenere pi\u00f9 dispositivi, rendendo la distribuzione e il ritiro rapidi e semplici.<\/p>\n<p>Per i tablet pi\u00f9 grandi o per le custodie protettive pi\u00f9 spesse, i cestelli possono essere rimossi e i cestelli inclusi nella confezione.\u00a0<strong>rastrelliere in plastica<\/strong>\u00a0possono essere utilizzati al loro posto. Queste opzioni di stoccaggio regolabili rendono l'armadietto adatto a una variet\u00e0 di dispositivi e accessori, garantendo la flessibilit\u00e0 necessaria per soddisfare le diverse esigenze degli utenti.<\/p>\n<h2 id=\"-cable-management-made-simple-\"><strong>Gestione dei cavi semplificata<\/strong><\/h2>\n<p>La gestione di pi\u00f9 cavi di ricarica pu\u00f2 spesso diventare disordinata e dispendiosa in termini di tempo. Questo armadietto di ricarica risolve questo problema grazie a\u00a0<strong>Caratteristiche di gestione dei cavi integrate<\/strong>. I cavi vengono fatti passare in modo sicuro attraverso l'armadio, evitando grovigli e mantenendoli in posizione ordinata.<\/p>\n<p>Il design garantisce inoltre che ogni dispositivo abbia il proprio cavo di ricarica dedicato, riducendo l'usura di porte e connettori e migliorando la longevit\u00e0 dei dispositivi.<\/p>\n<h2 id=\"-durable-and-long-lasting-construction-\"><strong>Costruzione durevole e di lunga durata<\/strong><\/h2>\n<p>Costruito in acciaio di alta qualit\u00e0 e rinforzato con componenti robusti, l'armadietto di ricarica \u00e8 fatto per durare. \u00c8 stato progettato per resistere all'uso quotidiano in ambienti ad alta frequentazione, offrendo una convenienza a lungo termine e riducendo al minimo la necessit\u00e0 di riparazioni o sostituzioni.<\/p>\n<p>Il robusto telaio resiste a piegature e danni, mentre la finitura a polvere protegge dai graffi, assicurando che il mobile mantenga il suo aspetto professionale nel tempo.<\/p>\n<h2 id=\"-improved-workflow-and-efficiency-\"><strong>Miglioramento del flusso di lavoro e dell'efficienza<\/strong><\/h2>\n<p>Organizzando, proteggendo e caricando pi\u00f9 dispositivi in un'unica posizione centrale, l'armadietto di ricarica ottimizza la gestione dei dispositivi. Gli insegnanti, il personale informatico e gli amministratori risparmiano tempo che altrimenti verrebbe impiegato per rintracciare i caricabatterie, districare i cavi o sostituire i dispositivi smarriti.<\/p>\n<p>I cestini semplificano la distribuzione e la raccolta dei dispositivi, mentre il design compatto mantiene il processo di ricarica centralizzato e accessibile.<\/p>\n<h2 id=\"-ventilation-for-device-safety-\"><strong>Ventilazione per la sicurezza dei dispositivi<\/strong><\/h2>\n<p>Il surriscaldamento pu\u00f2 essere un problema importante quando si caricano pi\u00f9 dispositivi in uno spazio ristretto. L'armadietto di ricarica\u00a0<strong>pannelli ventilati<\/strong>\u00a0consentono un flusso d'aria ottimale, contribuendo a mantenere freschi i dispositivi durante la ricarica. Questo design riduce il rischio di danni da calore e garantisce che le prestazioni di ricarica non vengano compromesse.<\/p>\n<h2 id=\"-ideal-for-multiple-environments-\"><strong>Ideale per diversi ambienti<\/strong><\/h2>\n<p>La versatilit\u00e0 del Secure Multi-Device USB-C Charging Cabinet for Tablets lo rende adatto a una variet\u00e0 di ambienti:<\/p>\n<ul>\n<li><strong>Istruzione:<\/strong>\u00a0Perfetto per le scuole e le universit\u00e0 che gestiscono gruppi di tablet in classe, consentendo una rapida distribuzione dei dispositivi e un'archiviazione sicura tra le classi.<\/li>\n<li><strong>Uffici aziendali:<\/strong>\u00a0Mantiene i dispositivi di lavoro organizzati e carichi per le riunioni, le presentazioni o l'uso da parte dei dipendenti.<\/li>\n<li><strong>Assistenza sanitaria:<\/strong>\u00a0Memorizza e carica i tablet utilizzati per il check-in dei pazienti, le cartelle cliniche o l'assistenza al letto.<\/li>\n<li><strong>Ospitalit\u00e0:<\/strong>\u00a0Ideale per centri congressi, hotel o sedi di eventi che offrono tablet per gli ospiti o menu digitali.<\/li>\n<li><strong>Vendita al dettaglio:<\/strong>\u00a0Mantiene i tablet del punto vendita carichi e pronti per le ore di lavoro pi\u00f9 intense.<\/li>\n<\/ul>\n<h2 id=\"-long-term-affordability-\"><strong>Affidabilit\u00e0 a lungo termine<\/strong><\/h2>\n<p>Questo armadietto di ricarica offre un valore eccellente grazie alla combinazione di qualit\u00e0 costruttiva e usabilit\u00e0 a lungo termine. La sua struttura robusta riduce al minimo i costi di riparazione, mentre i cestelli e i rack inclusi garantiscono l'adattabilit\u00e0 senza richiedere ulteriori acquisti. Centralizzando la ricarica e l'archiviazione, si riduce il rischio di perdita o danneggiamento dei dispositivi, con un risparmio economico a lungo termine.<\/p>\n<h2 id=\"-easy-installation-and-setup-\"><strong>Installazione e configurazione semplici<\/strong><\/h2>\n<p>L'armadietto di ricarica \u00e8 progettato per un'installazione senza problemi. Che sia montato a parete o appoggiato su un bancone, l'installazione \u00e8 semplice e l'armadietto \u00e8 pronto per l'uso immediato. I fori di montaggio preforati e le staffe di fissaggio garantiscono la stabilit\u00e0, mentre il sistema di gestione dei cavi \u00e8 semplice da configurare.<\/p>\n<h2 id=\"-warranty-and-support-\"><strong>Garanzia e assistenza<\/strong><\/h2>\n<p>Sostenuto da un\u00a0<strong>Garanzia robusta<\/strong>\u00a0e supportato da un team di assistenza clienti dedicato, l'armadio di ricarica garantisce la protezione del vostro investimento. In caso di problemi, l'assistenza professionale e le parti di ricambio sono prontamente disponibili.<\/p>\n<h2 id=\"-key-features-at-a-glance-\"><strong>Caratteristiche principali in sintesi<\/strong><\/h2>\n<ul>\n<li><strong>Capacit\u00e0:<\/strong>\u00a0Ricarica fino a 10 tablet o iPad USB-C, con o senza custodia<\/li>\n<li><strong>Sicurezza:<\/strong>\u00a0Porte in acciaio con lucchetto in acciaio inox<\/li>\n<li><strong>Opzioni di archiviazione:<\/strong>\u00a0Include 2 cestini rimovibili e rastrelliere in plastica<\/li>\n<li><strong>Gestione dei cavi:<\/strong>\u00a0Il sistema integrato mantiene i cavi organizzati e sicuri<\/li>\n<li><strong>Design:<\/strong>\u00a0Compatto, montabile a parete o da banco<\/li>\n<li><strong>Ventilazione:<\/strong>\u00a0Pannelli forati per il flusso d'aria e il raffreddamento<\/li>\n<li><strong>Durata:<\/strong>\u00a0Struttura in acciaio con finitura antigraffio<\/li>\n<li><strong>Supporto:<\/strong>\u00a0Sostenuti da una solida garanzia e da un servizio di assistenza clienti<\/li>\n<\/ul>\n<h2 id=\"-why-choose-the-secure-multi-device-usb-c-charging-cabinet-for-tablets-\"><strong>Perch\u00e9 scegliere l'armadietto di ricarica USB-C multi-dispositivo sicuro per tablet?<\/strong><\/h2>\n<p>In un mondo in cui i tablet sono strumenti essenziali per l'apprendimento, il lavoro e il servizio clienti, \u00e8 fondamentale mantenerli carichi, organizzati e protetti. Questo armadietto di ricarica offre una comodit\u00e0 all-in-one: sicurezza, ricarica efficiente e archiviazione flessibile, pur occupando uno spazio minimo.<\/p>\n<p>Il suo design accurato e la sua struttura resistente lo rendono una scelta intelligente per tutti gli ambienti in cui la tecnologia fa parte del flusso di lavoro quotidiano. Grazie alla combinazione di sicurezza robusta, facilit\u00e0 di accesso ai dispositivi e prestazioni di ricarica affidabili, garantisce che i vostri dispositivi siano sempre pronti quando ne avete bisogno.<\/p>","protected":false},"excerpt":{"rendered":"<p>L'armadietto di ricarica USB-C multidispositivo sicuro per tablet offre una ricarica sicura ed efficiente per un massimo di 10 tablet o iPad USB-C, con o senza custodia. Dotato di porte in acciaio con serratura, cestelli rimovibili e un design compatto, questo armadietto di ricarica \u00e8 perfetto per una gestione organizzata, sicura e poco ingombrante dei dispositivi.<\/p>","protected":false},"featured_media":2524,"template":"","meta":{"_kad_post_transparent":"default","_kad_post_title":"","_kad_post_layout":"default","_kad_post_sidebar_id":"","_kad_post_content_style":"default","_kad_post_vertical_padding":"default","_kad_post_feature":"","_kad_post_feature_position":"","_kad_post_header":false,"_kad_post_footer":false},"product_brand":[],"product_cat":[91],"product_tag":[122,257,256],"class_list":{"0":"post-1662","1":"product","2":"type-product","3":"status-publish","4":"has-post-thumbnail","6":"product_cat-charging-cabinets","7":"product_tag-charging-cabinet","8":"product_tag-secure-device-charging","9":"product_tag-usb-c-tablet-storage","11":"first","12":"instock","13":"shipping-taxable","14":"product-type-simple","15":"entry","16":"content-bg","17":"loop-entry"},"_links":{"self":[{"href":"https:\/\/24smartcharge.com\/it\/wp-json\/wp\/v2\/product\/1662","targetHints":{"allow":["GET"]}}],"collection":[{"href":"https:\/\/24smartcharge.com\/it\/wp-json\/wp\/v2\/product"}],"about":[{"href":"https:\/\/24smartcharge.com\/it\/wp-json\/wp\/v2\/types\/product"}],"wp:featuredmedia":[{"embeddable":true,"href":"https:\/\/24smartcharge.com\/it\/wp-json\/wp\/v2\/media\/2524"}],"wp:attachment":[{"href":"https:\/\/24smartcharge.com\/it\/wp-json\/wp\/v2\/media?parent=1662"}],"wp:term":[{"taxonomy":"product_brand","embeddable":true,"href":"https:\/\/24smartcharge.com\/it\/wp-json\/wp\/v2\/product_brand?post=1662"},{"taxonomy":"product_cat","embeddable":true,"href":"https:\/\/24smartcharge.com\/it\/wp-json\/wp\/v2\/product_cat?post=1662"},{"taxonomy":"product_tag","embeddable":true,"href":"https:\/\/24smartcharge.com\/it\/wp-json\/wp\/v2\/product_tag?post=1662"}],"curies":[{"name":"wp","href":"https:\/\/api.w.org\/{rel}","templated":true}]}}