{"id":1587,"date":"2025-08-08T01:01:51","date_gmt":"2025-08-08T01:01:51","guid":{"rendered":"https:\/\/24smartcharge.com\/?post_type=product&#038;p=1587"},"modified":"2025-08-08T01:07:15","modified_gmt":"2025-08-08T01:07:15","slug":"high-pressure-immersion-cooling-systems-for-data-centers","status":"publish","type":"product","link":"https:\/\/24smartcharge.com\/it\/high-pressure-immersion-cooling-systems-for-data-centers\/","title":{"rendered":"Sistemi di raffreddamento ad immersione ad alta pressione per i data center"},"content":{"rendered":"<h3 id=\"revolutionizing-thermal-management-an-introduction-to-high-pressure-immersion-cooling-systems\">Rivoluzionare la gestione termica: Introduzione ai sistemi di raffreddamento ad immersione ad alta pressione<\/h3>\n<p>Nel mondo in continua accelerazione della trasformazione digitale, le richieste di infrastrutture informatiche crescono in modo esponenziale. Dall'intelligenza artificiale e dall'apprendimento automatico al calcolo ad alte prestazioni (HPC), ai servizi cloud e all'analisi dei dati su larga scala, la potenza di elaborazione richiesta sta portando l'hardware tradizionale ai suoi limiti assoluti. Una conseguenza primaria di questa intensificazione \u00e8 la generazione di quantit\u00e0 di calore senza precedenti. Per decenni, i data center si sono affidati a metodi di raffreddamento ad aria - un sistema di ventole, refrigeratori e unit\u00e0 di condizionamento della sala computer (CRAC) - per gestire questo carico termico. Tuttavia, con l'aumento della densit\u00e0 dei server e del consumo energetico, l'aria, con la sua intrinseca scarsa conduttivit\u00e0 termica, si sta rivelando una soluzione inefficiente e insostenibile. Il settore si trova ad affrontare un collo di bottiglia termico che minaccia di soffocare l'innovazione e di portare i costi operativi a livelli ingestibili.<\/p>\n<p>\u00c8 qui che un cambio di paradigma nella gestione termica non \u00e8 solo vantaggioso, ma essenziale. Siamo orgogliosi di presentare i nostri sistemi di raffreddamento a immersione ad alta pressione, una soluzione innovativa progettata per rispondere alle sfide di oggi e alle esigenze di domani. Questa tecnologia supera i limiti dell'aria immergendo direttamente l'hardware IT in un fluido dielettrico non conduttivo appositamente formulato. Portando il mezzo di raffreddamento a diretto contatto con i componenti che generano calore, i nostri sistemi offrono un livello di efficienza termica che il raffreddamento ad aria non \u00e8 in grado di eguagliare. Ci\u00f2 si traduce in un consumo energetico nettamente inferiore, in una maggiore densit\u00e0 dell'hardware, in una maggiore affidabilit\u00e0 delle apparecchiature e in un'impronta ambientale notevolmente ridotta.<\/p>\n<p><img fetchpriority=\"high\" decoding=\"async\" class=\"size-full wp-image-1592\" src=\"https:\/\/24smartcharge.com\/wp-content\/uploads\/2025\/08\/Hf24a5e8fd2e94b66b2633f4279c607efw.jpg\" alt=\"Sistemi di raffreddamento ad immersione ad alta pressione per i data center\" width=\"1000\" height=\"1000\" srcset=\"https:\/\/24smartcharge.com\/wp-content\/uploads\/2025\/08\/Hf24a5e8fd2e94b66b2633f4279c607efw.jpg 1000w, https:\/\/24smartcharge.com\/wp-content\/uploads\/2025\/08\/Hf24a5e8fd2e94b66b2633f4279c607efw-300x300.jpg 300w, https:\/\/24smartcharge.com\/wp-content\/uploads\/2025\/08\/Hf24a5e8fd2e94b66b2633f4279c607efw-150x150.jpg 150w, https:\/\/24smartcharge.com\/wp-content\/uploads\/2025\/08\/Hf24a5e8fd2e94b66b2633f4279c607efw-768x768.jpg 768w, https:\/\/24smartcharge.com\/wp-content\/uploads\/2025\/08\/Hf24a5e8fd2e94b66b2633f4279c607efw-600x600.jpg 600w, https:\/\/24smartcharge.com\/wp-content\/uploads\/2025\/08\/Hf24a5e8fd2e94b66b2633f4279c607efw-100x100.jpg 100w\" sizes=\"(max-width: 1000px) 100vw, 1000px\" \/><\/p>\n<h4 id=\"-engineered-for-scalability-and-performance-\"><strong>Progettato per scalabilit\u00e0 e prestazioni<\/strong><\/h4>\n<p>Il cuore della nostra offerta \u00e8 un design modulare e altamente scalabile, pensato per adattarsi a qualsiasi scala operativa. Come illustrato nelle immagini fornite, l'elemento costitutivo fondamentale \u00e8 un'unit\u00e0 di raffreddamento mobile e autonoma. Ogni singola unit\u00e0, costruita in lamiera resistente e dotata di robuste rotelle, pu\u00f2 essere dispiegata e sottoposta a manutenzione senza alcuno sforzo. Questa modularit\u00e0 \u00e8 la chiave della sua incredibile versatilit\u00e0.<\/p>\n<p>Per le operazioni in crescita, queste unit\u00e0 possono essere integrate senza problemi in sistemi di racking verticali, come illustrato. Ci\u00f2 consente di aumentare drasticamente la densit\u00e0 di calcolo senza aumentare l'ingombro fisico del data center. Impilando le unit\u00e0 a tre o pi\u00f9 altezze, gli operatori possono massimizzare l'uso dello spazio verticale, un vantaggio fondamentale in ambienti di data center costosi. Questo approccio modulare basato su rack consente un modello \"pay-as-you-grow\", in cui la capacit\u00e0 di raffreddamento pu\u00f2 essere aggiunta esattamente quando e dove \u00e8 necessaria, eliminando le ingenti spese di capitale iniziali associate alle infrastrutture di raffreddamento tradizionali.<\/p>\n<p>La massima espressione di questa scalabilit\u00e0 \u00e8 la sua applicazione nei data center containerizzati. Le immagini mostrano intere file del nostro\u00a0<strong>Sistemi di raffreddamento a immersione<\/strong>\u00a0ordinatamente disposti all'interno di un container standard, creando un centro dati potente, autonomo e rapidamente distribuibile su richiesta. Si tratta di una soluzione ideale per l'edge computing, il disaster recovery o la fornitura di risorse di calcolo in luoghi remoti dove la costruzione di strutture tradizionali sarebbe impraticabile o impossibile.<\/p>\n<h4 id=\"-key-features-and-advanced-technology-\"><strong>Caratteristiche principali e tecnologia avanzata<\/strong><\/h4>\n<p>Il cuore di ogni unit\u00e0 \u00e8 costituito da un sofisticato ecosistema di componenti progettati per garantire affidabilit\u00e0 e massime prestazioni. Un punto di forza del nostro sistema \u00e8 la sua\u00a0<strong>Resistenza alle alte pressioni<\/strong>. Questa struttura robusta assicura l'assoluta integrit\u00e0 dell'ambiente sigillato, gestendo in modo sicuro la dinamica termica del refrigerante e garantendo un funzionamento a prova di perdite e senza manutenzione per gli anni a venire.<\/p>\n<p>Il processo di trasferimento termico \u00e8 gestito da un sistema ad alta efficienza.\u00a0<strong>Scambiatore di calore ad alette a piastre<\/strong>. Questo componente cruciale assorbe il calore assorbito dal volume di 160 litri di refrigerante dielettrico e lo trasferisce in modo efficiente a un circuito d'acqua secondario, rimuovendo efficacemente il calore dall'ambiente informatico. Il sistema \u00e8 controllato da un sistema integrato\u00a0<strong>Controllore logico programmabile (PLC)<\/strong>Il sistema \u00e8 il cervello del sistema, che automatizza e ottimizza il processo di raffreddamento per ottenere la massima efficienza e affidabilit\u00e0. I tecnici possono monitorare le prestazioni e ricevere la diagnostica a colpo d'occhio attraverso il chiaro display del sistema.\u00a0<strong>Schermo OLED da 1,32\u2033<\/strong>, mentre il sistema integrato\u00a0<strong>Switch Ethernet 100Mbps<\/strong>\u00a0fornisce la connettivit\u00e0 di rete per la gestione remota completa, il monitoraggio e la perfetta integrazione con il software di gestione dell'infrastruttura del centro dati (DCIM) esistente.<\/p>\n<p>Progettato per le moderne reti elettriche dei data center, il sistema accetta un ingresso trifase da 350V-480V e consuma appena 400W di potenza. Questo consumo notevolmente ridotto, soprattutto se confrontato con i kilowatt richiesti dalle unit\u00e0 CRAC per un carico di raffreddamento equivalente, \u00e8 la chiave di volta dell'incredibile efficienza energetica del sistema e della sua capacit\u00e0 di ridurre drasticamente il rapporto PUE (Power Usage Effectiveness) di una struttura.<\/p>\n<h4 id=\"-versatile-applications-for-a-new-era-of-computing-\"><strong>Applicazioni versatili per una nuova era dell'informatica<\/strong><\/h4>\n<p>Sebbene siano state progettate tenendo conto dei moderni data center, le applicazioni per i nostri\u00a0<strong>Sistemi di raffreddamento a immersione<\/strong>\u00a0sono ampie e varie. Sono la soluzione perfetta per:<\/p>\n<ul>\n<li><strong>Centri dati su larga scala:<\/strong>\u00a0Superare i limiti di potenza e densit\u00e0, ridurre i costi dell'elettricit\u00e0 e costruire strutture pi\u00f9 ecologiche e sostenibili.<\/li>\n<li><strong>Fattorie per l'estrazione di criptovalute:<\/strong>\u00a0Massimizzate l'hashrate e la redditivit\u00e0 spingendo in modo sicuro l'hardware al massimo delle prestazioni in un ambiente stabile e fresco. Il profilo ad alta densit\u00e0 e a basso consumo energetico \u00e8 perfettamente adatto a queste operazioni impegnative.<\/li>\n<li><strong>Edge Computing:<\/strong>\u00a0Distribuire potenti risorse di calcolo pi\u00f9 vicine alla fonte di generazione dei dati, che si tratti di una fabbrica, di un punto vendita o di un hub di telecomunicazioni.<\/li>\n<li><strong>Calcolo ad alte prestazioni (HPC):<\/strong>\u00a0Fornisce il raffreddamento stabile e intenso richiesto da istituti di ricerca, societ\u00e0 di modellazione finanziaria e studi di animazione che si affidano a cluster densi di CPU e GPU.<\/li>\n<li><strong>Ambienti di ufficio e di fabbrica:<\/strong>\u00a0Supporto di workstation localizzate ad alta potenza o di piccoli cluster di server senza la necessit\u00e0 di una sala server dedicata e rumorosa.<\/li>\n<\/ul>","protected":false},"excerpt":{"rendered":"<div class=\"chat-container\">\n<div class=\"chat-view-container ng-star-inserted\">\n<div>\n<div class=\"chat-turn-container model render cdk-focused cdk-mouse-focused\" tabindex=\"-1\">\n<div class=\"model-prompt-container\" data-turn-role=\"Model\">\n<div class=\"turn-content\">\n<p class=\"ng-star-inserted\"><span class=\"ng-star-inserted\">Raffreddate in modo efficiente il vostro data center con i nostri sistemi di raffreddamento a immersione ad alta pressione. Queste unit\u00e0 modulari e scalabili sono ideali per le server farm e le configurazioni containerizzate. Grazie alla resistenza alle alte pressioni e alla facile mobilit\u00e0, offrono una soluzione di raffreddamento versatile per diverse applicazioni.<\/span><\/p>\n<div class=\"turn-information ng-star-inserted\"><\/div>\n<\/div>\n<\/div>\n<div class=\"turn-footer ng-star-inserted\"><\/div>\n<\/div>\n<\/div>\n<\/div>\n<\/div>\n<footer class=\"not-zero-state ng-star-inserted\">\n<div class=\"mat-mdc-tooltip-trigger prompt-input-wrapper\">\n<div>\n<div class=\"prompt-input-wrapper-container\">\n<div class=\"text-wrapper\">\n<section class=\"text-and-attachments-wrapper\">\n<div class=\"text-input-wrapper\"><\/div>\n<\/section>\n<\/div>\n<\/div>\n<\/div>\n<\/div>\n<\/footer>","protected":false},"featured_media":1592,"template":"","meta":{"_kad_post_transparent":"default","_kad_post_title":"","_kad_post_layout":"default","_kad_post_sidebar_id":"","_kad_post_content_style":"default","_kad_post_vertical_padding":"default","_kad_post_feature":"","_kad_post_feature_position":"","_kad_post_header":false,"_kad_post_footer":false},"product_brand":[],"product_cat":[85],"product_tag":[244,238,243],"class_list":{"0":"post-1587","1":"product","2":"type-product","3":"status-publish","4":"has-post-thumbnail","6":"product_cat-immersion-cooling-systems","7":"product_tag-data-center-cooling","8":"product_tag-immersion-cooling-systems","9":"product_tag-oil-cooler-radiator","11":"first","12":"instock","13":"shipping-taxable","14":"product-type-simple","15":"entry","16":"content-bg","17":"loop-entry"},"_links":{"self":[{"href":"https:\/\/24smartcharge.com\/it\/wp-json\/wp\/v2\/product\/1587","targetHints":{"allow":["GET"]}}],"collection":[{"href":"https:\/\/24smartcharge.com\/it\/wp-json\/wp\/v2\/product"}],"about":[{"href":"https:\/\/24smartcharge.com\/it\/wp-json\/wp\/v2\/types\/product"}],"wp:featuredmedia":[{"embeddable":true,"href":"https:\/\/24smartcharge.com\/it\/wp-json\/wp\/v2\/media\/1592"}],"wp:attachment":[{"href":"https:\/\/24smartcharge.com\/it\/wp-json\/wp\/v2\/media?parent=1587"}],"wp:term":[{"taxonomy":"product_brand","embeddable":true,"href":"https:\/\/24smartcharge.com\/it\/wp-json\/wp\/v2\/product_brand?post=1587"},{"taxonomy":"product_cat","embeddable":true,"href":"https:\/\/24smartcharge.com\/it\/wp-json\/wp\/v2\/product_cat?post=1587"},{"taxonomy":"product_tag","embeddable":true,"href":"https:\/\/24smartcharge.com\/it\/wp-json\/wp\/v2\/product_tag?post=1587"}],"curies":[{"name":"wp","href":"https:\/\/api.w.org\/{rel}","templated":true}]}}