{"id":1586,"date":"2025-08-08T00:50:56","date_gmt":"2025-08-08T00:50:56","guid":{"rendered":"https:\/\/24smartcharge.com\/?post_type=product&#038;p=1586"},"modified":"2025-08-08T00:56:49","modified_gmt":"2025-08-08T00:56:49","slug":"high-power-immersion-cooling-systems-for-computers","status":"publish","type":"product","link":"https:\/\/24smartcharge.com\/it\/high-power-immersion-cooling-systems-for-computers\/","title":{"rendered":"Sistemi di raffreddamento ad immersione ad alta potenza per computer"},"content":{"rendered":"<h3 id=\"revolutionize-your-computing-with-high-power-immersion-cooling-systems\">Rivoluzionare l'informatica con i sistemi di raffreddamento a immersione ad alta potenza<\/h3>\n<p>Nell'incessante ricerca della potenza di calcolo, dai data center tentacolari all'elaborazione scientifica ad alte prestazioni, la sfida della gestione termica \u00e8 diventata un collo di bottiglia critico. I metodi tradizionali di raffreddamento ad aria raggiungono sempre pi\u00f9 spesso i loro limiti, rivelandosi inefficienti, rumorosi e costosi di fronte al calore estremo generato dai moderni processori ad alta densit\u00e0. Ecco il futuro della gestione termica: i sistemi di raffreddamento a immersione ad alta potenza. Questa tecnologia all'avanguardia rappresenta un cambiamento di paradigma, offrendo una soluzione potente, efficiente e silenziosa per sbloccare il pieno potenziale dell'hardware di calcolo. Immergendo completamente i componenti elettronici in un fluido dielettrico appositamente formulato, questi sistemi forniscono un livello di raffreddamento che l'aria non potrebbe mai raggiungere.<\/p>\n<p>Questa unit\u00e0 autonoma, progettata in modo professionale, \u00e8 stata concepita per affrontare le sfide termiche pi\u00f9 impegnative. Con una formidabile capacit\u00e0 di gestire un\u00a0<strong>Carico termico 30kW<\/strong>\u00e8 costruito appositamente per le applicazioni in cui le prestazioni e l'affidabilit\u00e0 sono irrinunciabili. L'architettura del sistema \u00e8 una prova di ingegneria sofisticata, che integra un serbatoio robusto, uno scambiatore di calore interno avanzato e un monitoraggio facile da usare in un telaio elegante e mobile.<\/p>\n<h3 id=\"a-closer-look-at-superior-design-and-functionality\">Uno sguardo pi\u00f9 da vicino al design e alle funzionalit\u00e0 superiori<\/h3>\n<p>Il cuore di questo sistema \u00e8 il principio del raffreddamento a immersione monofase. A differenza dei sistemi bifase che prevedono l'ebollizione del refrigerante, questo metodo fa circolare un liquido dielettrico che rimane allo stato fluido, assorbendo il calore direttamente dai componenti. Questo approccio non \u00e8 solo pi\u00f9 semplice ed economico, ma anche pi\u00f9 facile da mantenere. Il processo \u00e8 elegantemente semplice: i server, le GPU o altro hardware ad alte prestazioni vengono inseriti direttamente nel serbatoio, che viene riempito con un liquido dielettrico non conduttivo. Questo fluido, che pu\u00f2 essere un idrocarburo sintetico o un olio ingegnerizzato, ha una conducibilit\u00e0 termica di gran lunga superiore a quella dell'aria, che gli consente di assorbire e trasferire il calore con notevole efficienza.<\/p>\n<p>Il fluido riscaldato viene quindi fatto circolare attraverso lo scambiatore di calore integrato, visibile come coppia di tubi flessibili e corrugati in rame e alluminio. Questi materiali sono stati scelti per la loro eccellente conducibilit\u00e0 termica. Lo scambiatore di calore \u00e8 collegato, tramite le porte esterne, al circuito idrico dell'impianto o a un raffreddatore a secco esterno, dove il calore viene dissipato. Il fluido raffreddato viene quindi reimmesso nel serbatoio, creando un ciclo di raffreddamento continuo ed estremamente efficace.<\/p>\n<p>Questo sistema all-in-one \u00e8 stato progettato per essere facilmente utilizzabile e integrabile. \u00c8 dotato di un chiaro display digitale della temperatura sul pannello frontale, che consente di monitorare in tempo reale la temperatura del fluido per garantire condizioni operative ottimali. L'unit\u00e0 \u00e8 inoltre dotata di robuste rotelle che ne facilitano la mobilit\u00e0 e il posizionamento all'interno della struttura. Il design pulito, bianco e chiuso non solo protegge i componenti interni, ma contribuisce anche a creare un ambiente pi\u00f9 organizzato e professionale.<\/p>\n<h3 id=\"unparalleled-advantages-of-immersion-cooling\">Vantaggi impareggiabili del raffreddamento a immersione<\/h3>\n<p>Il passaggio a una soluzione di raffreddamento a immersione offre una moltitudine di vantaggi che vanno ben oltre la semplice riduzione della temperatura.<\/p>\n<ul>\n<li><strong>Prestazioni migliorate e potenziale di overclocking:<\/strong>\u00a0Mantenendo l'hardware a temperature operative stabili e basse, questi sistemi eliminano il throttling termico. Ci\u00f2 consente a CPU e GPU di funzionare costantemente al massimo delle prestazioni. Per gli appassionati e i minatori di criptovalute, questo ambiente termico stabile sblocca un potenziale di overclocking significativo, spingendo l'hardware oltre le sue specifiche standard per massimizzare la produzione di calcolo e la redditivit\u00e0.<\/li>\n<li><strong>Drastico risparmio energetico e di costi:<\/strong>\u00a0Il raffreddamento a immersione \u00e8 molto pi\u00f9 efficiente dal punto di vista energetico rispetto al tradizionale raffreddamento ad aria. Elimina la necessit\u00e0 di componenti ad alto consumo energetico come le ventole dei server, i condizionatori d'aria per sale computer (CRAC) e i grandi condizionatori d'aria. Ci\u00f2 pu\u00f2 portare a una riduzione del consumo di energia di raffreddamento fino a 95% e a un significativo miglioramento della Power Usage Effectiveness (PUE), una metrica chiave per l'efficienza dei data center. Il risultato \u00e8 una sostanziale riduzione delle spese operative e un minor costo totale di propriet\u00e0.<\/li>\n<li><strong>Maggiore densit\u00e0 hardware ed efficienza spaziale:<\/strong>\u00a0Poich\u00e9 il liquido \u00e8 cos\u00ec efficace nella dissipazione del calore, i componenti possono essere impacchettati molto pi\u00f9 strettamente l'uno all'altro. Questa tecnologia permette di ottenere densit\u00e0 di potenza dei rack molto pi\u00f9 elevate, consentendo ai data center e alle strutture informatiche di massimizzare la potenza di calcolo in un ingombro fisico ridotto. Per le implementazioni di edge computing in aree urbane con limiti di spazio, questo \u00e8 un vantaggio che cambia le carte in tavola.<\/li>\n<li><strong>Funzionamento silenzioso:<\/strong>\u00a0Uno dei vantaggi pi\u00f9 evidenti \u00e8 il funzionamento quasi silenzioso. Eliminando la necessit\u00e0 di ventole ad alta velocit\u00e0, questi sistemi creano un ambiente di lavoro significativamente pi\u00f9 silenzioso, il che rappresenta un grande vantaggio per i data center e i laboratori di ricerca con sede in ufficio.<\/li>\n<li><strong>Miglioramento dell'affidabilit\u00e0 e della longevit\u00e0 dell'hardware:<\/strong>\u00a0Il fluido dielettrico protegge i componenti elettronici sensibili dai rischi ambientali come polvere, umidit\u00e0 e vibrazioni. Questa protezione, combinata con l'eliminazione dello stress termico dovuto a drastiche fluttuazioni di temperatura, riduce significativamente l'usura, portando a una maggiore durata dell'hardware e a una riduzione dei costi di manutenzione.<\/li>\n<\/ul>\n<h3 id=\"applications-across-high-stakes-industries\">Applicazioni in tutti i settori ad alto rischio<\/h3>\n<p>L'immensa potenza e l'efficienza di questo sistema di raffreddamento a immersione da 30 kW lo rendono la soluzione ideale per un'ampia gamma di applicazioni impegnative:<\/p>\n<ul>\n<li><strong>Centri dati:<\/strong>\u00a0Per i data center aziendali alle prese con l'aumento delle densit\u00e0 di potenza e dei costi energetici, il raffreddamento a immersione offre un percorso sostenibile di espansione ed efficienza.<\/li>\n<li><strong>Calcolo ad alte prestazioni (HPC):<\/strong>\u00a0In campi come la ricerca scientifica, la modellazione finanziaria e le simulazioni ingegneristiche che si basano su supercomputer, questa tecnologia di raffreddamento \u00e8 essenziale per gestire il calore estremo generato da calcoli complessi.<\/li>\n<li><strong>Estrazione di criptovalute:<\/strong>\u00a0La redditivit\u00e0 del mining di criptovalute \u00e8 direttamente legata all'hashrate e al costo dell'energia. Il raffreddamento a immersione consente ai minatori di overcloccare in modo sicuro i loro ASIC e GPU per ottenere le massime prestazioni, riducendo al tempo stesso drasticamente le bollette dell'elettricit\u00e0 e offrendo un vantaggio competitivo fondamentale.<\/li>\n<li><strong>Intelligenza artificiale e apprendimento automatico:<\/strong>\u00a0I carichi di lavoro di AI e ML richiedono una potenza di elaborazione massiccia e prolungata. Il raffreddamento a immersione garantisce che l'hardware sottostante possa funzionare in modo affidabile senza degrado termico, accelerando l'innovazione e la scoperta.<\/li>\n<\/ul>","protected":false},"excerpt":{"rendered":"<div class=\"model-prompt-container\" data-turn-role=\"Model\">\n<div class=\"turn-content\">\n<p class=\"ng-star-inserted\"><span class=\"ng-star-inserted\">Questo sistema di raffreddamento a immersione ad alta potenza gestisce un carico termico fino a 30kW. Soluzione completa, questo serbatoio autonomo immerge l'hardware per un raffreddamento superiore. \u00c8 dotato di un robusto dissipatore in rame e alluminio e di un display digitale della temperatura per il monitoraggio in tempo reale.<\/span><\/p>\n<div class=\"turn-information ng-star-inserted\"><\/div>\n<\/div>\n<\/div>\n<div class=\"turn-footer ng-star-inserted\"><\/div>","protected":false},"featured_media":1588,"template":"","meta":{"_kad_post_transparent":"default","_kad_post_title":"","_kad_post_layout":"default","_kad_post_sidebar_id":"","_kad_post_content_style":"default","_kad_post_vertical_padding":"default","_kad_post_feature":"","_kad_post_feature_position":"","_kad_post_header":false,"_kad_post_footer":false},"product_brand":[],"product_cat":[85],"product_tag":[238,241,242],"class_list":{"0":"post-1586","1":"product","2":"type-product","3":"status-publish","4":"has-post-thumbnail","6":"product_cat-immersion-cooling-systems","7":"product_tag-immersion-cooling-systems","8":"product_tag-liquid-heatsink","9":"product_tag-server-cooling","11":"first","12":"instock","13":"shipping-taxable","14":"product-type-simple","15":"entry","16":"content-bg","17":"loop-entry"},"_links":{"self":[{"href":"https:\/\/24smartcharge.com\/it\/wp-json\/wp\/v2\/product\/1586","targetHints":{"allow":["GET"]}}],"collection":[{"href":"https:\/\/24smartcharge.com\/it\/wp-json\/wp\/v2\/product"}],"about":[{"href":"https:\/\/24smartcharge.com\/it\/wp-json\/wp\/v2\/types\/product"}],"wp:featuredmedia":[{"embeddable":true,"href":"https:\/\/24smartcharge.com\/it\/wp-json\/wp\/v2\/media\/1588"}],"wp:attachment":[{"href":"https:\/\/24smartcharge.com\/it\/wp-json\/wp\/v2\/media?parent=1586"}],"wp:term":[{"taxonomy":"product_brand","embeddable":true,"href":"https:\/\/24smartcharge.com\/it\/wp-json\/wp\/v2\/product_brand?post=1586"},{"taxonomy":"product_cat","embeddable":true,"href":"https:\/\/24smartcharge.com\/it\/wp-json\/wp\/v2\/product_cat?post=1586"},{"taxonomy":"product_tag","embeddable":true,"href":"https:\/\/24smartcharge.com\/it\/wp-json\/wp\/v2\/product_tag?post=1586"}],"curies":[{"name":"wp","href":"https:\/\/api.w.org\/{rel}","templated":true}]}}