{"id":1293,"date":"2025-08-06T08:55:52","date_gmt":"2025-08-06T08:55:52","guid":{"rendered":"https:\/\/24smartcharge.com\/?post_type=product&#038;p=1293"},"modified":"2025-08-06T09:17:52","modified_gmt":"2025-08-06T09:17:52","slug":"industrial-160a-power-distribution-unit-with-circuit-breakers","status":"publish","type":"product","link":"https:\/\/24smartcharge.com\/it\/industrial-160a-power-distribution-unit-with-circuit-breakers\/","title":{"rendered":"Unit\u00e0 di distribuzione di potenza industriale da 160A con interruttori automatici"},"content":{"rendered":"<h1 data-start=\"188\" data-end=\"254\">Unit\u00e0 di distribuzione dell'alimentazione industriale con USB e protezione dalle sovratensioni<\/h1>\n<h2 data-start=\"256\" data-end=\"267\">Panoramica<\/h2>\n<p data-start=\"269\" data-end=\"775\">L'unit\u00e0 di distribuzione dell'alimentazione industriale con USB e protezione dalle sovratensioni \u00e8 stata progettata per soddisfare le esigenze di alimentazione degli ambienti industriali e dei data center. Progettata per garantire affidabilit\u00e0, prestazioni e sicurezza, questa PDU ad alta capacit\u00e0 supporta una robusta uscita da 160 A e un'ampia gamma di tensioni da 208 V a 415 V CA. Offre una soluzione di distribuzione centralizzata dell'alimentazione con funzioni di protezione avanzate e un design intelligente, per garantire l'alimentazione e la protezione delle apparecchiature mission-critical.<\/p>\n<p data-start=\"777\" data-end=\"972\">Sia che si tratti di gestire rack di server, sistemi di automazione di fabbrica o strumenti industriali ad alto carico, questa unit\u00e0 di distribuzione dell'alimentazione \u00e8 costruita per offrire prestazioni senza compromessi e tempi di attivit\u00e0 costanti.<\/p>\n<h2 data-start=\"979\" data-end=\"994\">Caratteristiche principali<\/h2>\n<h3 data-start=\"996\" data-end=\"1027\"><strong data-start=\"1003\" data-end=\"1027\">Uscita ad alta capacit\u00e0<\/strong><\/h3>\n<p data-start=\"1028\" data-end=\"1258\">Questa unit\u00e0 di distribuzione dell'alimentazione offre una corrente di uscita massima pari a <strong data-start=\"1092\" data-end=\"1100\">160A<\/strong>che lo rende ideale per le applicazioni ad alta potenza. Il suo design supporta sia <strong data-start=\"1172\" data-end=\"1189\">415V e 240V<\/strong> tensioni nominali, garantendo un'ampia compatibilit\u00e0 tra i vari sistemi.<\/p>\n<h3 data-start=\"1260\" data-end=\"1299\"><strong data-start=\"1268\" data-end=\"1299\">Protezione integrata dalle sovratensioni<\/strong><\/h3>\n<p data-start=\"1300\" data-end=\"1556\">La protezione integrata contro le sovratensioni protegge tutti i dispositivi collegati da picchi di tensione, tensioni transitorie e disturbi elettrici. Fornisce un ulteriore livello di sicurezza per le apparecchiature sensibili e garantisce prestazioni stabili in condizioni di alimentazione fluttuante.<\/p>\n<h3 data-start=\"1558\" data-end=\"1594\"><strong data-start=\"1565\" data-end=\"1594\">Prese codificate multicolore<\/strong><\/h3>\n<p data-start=\"1595\" data-end=\"1842\">Dotata di prese con codice colore (blu, giallo e rosso), l'unit\u00e0 semplifica l'identificazione della fonte di alimentazione e il bilanciamento del carico. Questo design intuitivo migliora la sicurezza e l'efficienza operativa, riducendo gli errori umani in ambienti di cablaggio complessi.<\/p>\n<h3 data-start=\"1844\" data-end=\"1882\"><strong data-start=\"1851\" data-end=\"1882\">Integrazione dell'interruttore automatico<\/strong><\/h3>\n<p data-start=\"1883\" data-end=\"2151\">Per una sicurezza ottimale e una facile gestione dei guasti, l'unit\u00e0 comprende <strong data-start=\"1947\" data-end=\"1979\">interruttori indipendenti<\/strong> tra i suoi gruppi di prese. Questi interruttori proteggono i dispositivi collegati da sovraccarichi e cortocircuiti, consentendo di effettuare arresti localizzati senza influenzare l'intero sistema.<\/p>\n<h3 data-start=\"2153\" data-end=\"2193\"><strong data-start=\"2160\" data-end=\"2193\">Costruzione di livello industriale<\/strong><\/h3>\n<p data-start=\"2194\" data-end=\"2409\">Realizzato in <strong data-start=\"2207\" data-end=\"2222\">lamiera<\/strong>Questa unit\u00e0 di distribuzione dell'alimentazione vanta una robusta durata e una resistenza a lungo termine. Il <strong data-start=\"2308\" data-end=\"2324\">finitura nera<\/strong> aggiunge un aspetto professionale e migliora la resistenza alla corrosione e la stabilit\u00e0 termica.<\/p>\n<h3 data-start=\"2411\" data-end=\"2442\"><strong data-start=\"2418\" data-end=\"2442\">Supporto di ricarica USB<\/strong><\/h3>\n<p data-start=\"2443\" data-end=\"2632\">Al di l\u00e0 delle tradizionali prese di corrente, questa unit\u00e0 integra <strong data-start=\"2498\" data-end=\"2520\">Porte di ricarica USB<\/strong>che consente di ricaricare comodamente e direttamente i dispositivi mobili, gli strumenti o i sensori comunemente utilizzati in ambito industriale.<\/p>\n<h2 data-start=\"3503\" data-end=\"3527\">Scenari di applicazione<\/h2>\n<h3 data-start=\"3529\" data-end=\"3553\"><strong data-start=\"3537\" data-end=\"3553\">Centri dati<\/strong><\/h3>\n<p data-start=\"3554\" data-end=\"3679\">Ideale per i rack di server che richiedono una distribuzione dell'alimentazione stabile e ad alta capacit\u00e0 con una chiara gestione dei cavi e caratteristiche di sicurezza.<\/p>\n<h3 data-start=\"3681\" data-end=\"3713\"><strong data-start=\"3688\" data-end=\"3713\">Strutture industriali<\/strong><\/h3>\n<p data-start=\"3714\" data-end=\"3871\">Supporta apparecchiature di grandi dimensioni come macchine CNC, trasportatori e robotica. L'integrazione USB consente di ricaricare i dispositivi portatili utilizzati in fabbrica.<\/p>\n<h3 data-start=\"3873\" data-end=\"3907\"><strong data-start=\"3880\" data-end=\"3907\">Laboratori e ricerca<\/strong><\/h3>\n<p data-start=\"3908\" data-end=\"4057\">Perfetto per gli strumenti sensibili che richiedono un'alimentazione pulita e ininterrotta, con l'ulteriore vantaggio della protezione dalle sovratensioni e dell'isolamento dei circuiti.<\/p>\n<h3 data-start=\"4059\" data-end=\"4101\"><strong data-start=\"4066\" data-end=\"4101\">Officine e linee di produzione<\/strong><\/h3>\n<p data-start=\"4102\" data-end=\"4240\">Offre una soluzione affidabile per l'alimentazione di strumenti, sensori e unit\u00e0 di controllo, mentre le porte USB consentono un facile accesso alla ricarica di dispositivi ausiliari.<\/p>\n<h2 data-start=\"4247\" data-end=\"4258\">Vantaggi<\/h2>\n<ul data-start=\"4260\" data-end=\"4959\">\n<li data-start=\"4260\" data-end=\"4386\">\n<p data-start=\"4262\" data-end=\"4386\"><strong data-start=\"4262\" data-end=\"4281\">Alta efficienza<\/strong>: Semplifica la distribuzione dell'alimentazione per le configurazioni multidispositivo, riducendo l'ingombro e semplificando il passaggio dei cavi.<\/p>\n<\/li>\n<li data-start=\"4387\" data-end=\"4529\">\n<p data-start=\"4389\" data-end=\"4529\"><strong data-start=\"4389\" data-end=\"4408\">Sicurezza migliorata<\/strong>: Grazie alla protezione da sovratensioni e agli interruttori integrati, si riduce il rischio di guasti alle apparecchiature dovuti a guasti elettrici.<\/p>\n<\/li>\n<li data-start=\"4530\" data-end=\"4659\">\n<p data-start=\"4532\" data-end=\"4659\"><strong data-start=\"4532\" data-end=\"4555\">Controllo con codice colore<\/strong>: La separazione visiva dei canali di alimentazione consente una gestione intuitiva del carico e una risposta pi\u00f9 rapida alla manutenzione.<\/p>\n<\/li>\n<li data-start=\"4660\" data-end=\"4807\">\n<p data-start=\"4662\" data-end=\"4807\"><strong data-start=\"4662\" data-end=\"4678\">Risparmio di spazio<\/strong>: Il design a strisce verticali consente un facile montaggio in armadi rack standard senza consumare spazio prezioso sul pavimento o sugli scaffali.<\/p>\n<\/li>\n<li data-start=\"4808\" data-end=\"4959\">\n<p data-start=\"4810\" data-end=\"4959\"><strong data-start=\"4810\" data-end=\"4826\">Pronti per il futuro<\/strong>: Con uscite di alimentazione sia tradizionali che USB, questa unit\u00e0 soddisfa le attuali esigenze industriali e si adatta agli standard futuri delle apparecchiature.<\/p>\n<\/li>\n<\/ul>\n<h2 data-start=\"4966\" data-end=\"4997\">Installazione e compatibilit\u00e0<\/h2>\n<p data-start=\"4999\" data-end=\"5285\">L'unit\u00e0 \u00e8 progettata per <strong data-start=\"5024\" data-end=\"5042\">montabile a rack<\/strong> o <strong data-start=\"5046\" data-end=\"5071\">installazione verticale<\/strong> e si adatta agli alloggiamenti standard delle apparecchiature. Supporta prese universali compatibili con un'ampia gamma di spine, mentre il sistema di messa a terra garantisce un funzionamento sicuro in ambienti che richiedono stabilit\u00e0 elettrica.<\/p>\n<p data-start=\"5287\" data-end=\"5501\">Ogni gruppo di prese \u00e8 protetto da un <strong data-start=\"5325\" data-end=\"5346\">interruttore dedicato<\/strong>che consente l'isolamento modulare. Le porte USB accessibili e i controlli frontali facilitano il monitoraggio e l'interazione con l'unit\u00e0 in configurazioni ad alta densit\u00e0.<\/p>\n<h2 data-start=\"5508\" data-end=\"5538\">Certificazioni e conformit\u00e0<\/h2>\n<p data-start=\"5540\" data-end=\"5778\">Questa unit\u00e0 di distribuzione dell'alimentazione \u00e8 conforme a <strong data-start=\"5583\" data-end=\"5590\">ETL<\/strong> e <strong data-start=\"5595\" data-end=\"5601\">CE<\/strong> che ne affermano la qualit\u00e0 e la sicurezza. Queste certificazioni garantiscono che l'unit\u00e0 soddisfi i rigorosi parametri internazionali per le prestazioni elettriche e l'integrit\u00e0 della costruzione.<\/p>\n<h2 data-start=\"5785\" data-end=\"5806\">Garanzia e assistenza<\/h2>\n<p data-start=\"5808\" data-end=\"6059\">Godetevi la tranquillit\u00e0 con un <strong data-start=\"5835\" data-end=\"5854\">Garanzia di 2 anni<\/strong>che copre tutti i difetti di fabbricazione e di funzionamento in condizioni di utilizzo normale. Il nostro team di assistenza dedicato garantisce un'assistenza tempestiva e, su richiesta, sono disponibili piani di assistenza estesi.<\/p>","protected":false},"excerpt":{"rendered":"<p><strong>Questa unit\u00e0 di distribuzione dell'alimentazione industriale \u00e8 dotata di prese codificate per colore, porte USB e protezione integrata contro le sovratensioni. Progettato per ambienti ad alto carico, supporta fino a 160A con ingresso 208V-415VAC. La struttura in metallo resistente e gli interruttori automatici garantiscono una distribuzione dell'alimentazione affidabile e sicura.<\/strong><\/p>","protected":false},"featured_media":1294,"template":"","meta":{"_kad_post_transparent":"default","_kad_post_title":"","_kad_post_layout":"default","_kad_post_sidebar_id":"","_kad_post_content_style":"default","_kad_post_vertical_padding":"default","_kad_post_feature":"","_kad_post_feature_position":"","_kad_post_header":false,"_kad_post_footer":false},"product_brand":[],"product_cat":[80],"product_tag":[],"class_list":{"0":"post-1293","1":"product","2":"type-product","3":"status-publish","4":"has-post-thumbnail","6":"product_cat-high-power-power-distribution-units","8":"first","9":"instock","10":"shipping-taxable","11":"product-type-simple","12":"entry","13":"content-bg","14":"loop-entry"},"_links":{"self":[{"href":"https:\/\/24smartcharge.com\/it\/wp-json\/wp\/v2\/product\/1293","targetHints":{"allow":["GET"]}}],"collection":[{"href":"https:\/\/24smartcharge.com\/it\/wp-json\/wp\/v2\/product"}],"about":[{"href":"https:\/\/24smartcharge.com\/it\/wp-json\/wp\/v2\/types\/product"}],"wp:featuredmedia":[{"embeddable":true,"href":"https:\/\/24smartcharge.com\/it\/wp-json\/wp\/v2\/media\/1294"}],"wp:attachment":[{"href":"https:\/\/24smartcharge.com\/it\/wp-json\/wp\/v2\/media?parent=1293"}],"wp:term":[{"taxonomy":"product_brand","embeddable":true,"href":"https:\/\/24smartcharge.com\/it\/wp-json\/wp\/v2\/product_brand?post=1293"},{"taxonomy":"product_cat","embeddable":true,"href":"https:\/\/24smartcharge.com\/it\/wp-json\/wp\/v2\/product_cat?post=1293"},{"taxonomy":"product_tag","embeddable":true,"href":"https:\/\/24smartcharge.com\/it\/wp-json\/wp\/v2\/product_tag?post=1293"}],"curies":[{"name":"wp","href":"https:\/\/api.w.org\/{rel}","templated":true}]}}