{"id":1291,"date":"2025-08-06T09:07:32","date_gmt":"2025-08-06T09:07:32","guid":{"rendered":"https:\/\/24smartcharge.com\/?post_type=product&#038;p=1291"},"modified":"2025-08-06T09:22:46","modified_gmt":"2025-08-06T09:22:46","slug":"industrial-power-distribution-unit-with-16-iec-outlets","status":"publish","type":"product","link":"https:\/\/24smartcharge.com\/it\/industrial-power-distribution-unit-with-16-iec-outlets\/","title":{"rendered":"Unit\u00e0 di distribuzione dell'alimentazione industriale con 16 uscite IEC"},"content":{"rendered":"<h1 data-start=\"178\" data-end=\"234\">Unit\u00e0 di distribuzione dell'alimentazione industriale con 16 uscite IEC<\/h1>\n<h2 data-start=\"236\" data-end=\"247\">Panoramica<\/h2>\n<p data-start=\"249\" data-end=\"681\">L'unit\u00e0 di distribuzione dell'alimentazione industriale con 16 prese IEC \u00e8 una soluzione ad alte prestazioni progettata per una gestione dell'alimentazione robusta e affidabile negli ambienti industriali. Progettata per fornire alimentazione ininterrotta a una serie di apparecchiature critiche, questa unit\u00e0 garantisce una distribuzione dell'energia sicura, organizzata ed efficiente, rendendola indispensabile per i data center, i reparti di produzione, la produzione di elettronica e altri settori esigenti.<\/p>\n<p data-start=\"683\" data-end=\"899\">Realizzata con precisione e materiali di alta qualit\u00e0, questa unit\u00e0 di distribuzione dell'alimentazione soddisfa gli standard globali di sicurezza elettrica ed \u00e8 costruita per resistere alle rigorose condizioni operative tipiche delle applicazioni industriali.<\/p>\n<h2 data-start=\"906\" data-end=\"921\">Caratteristiche principali<\/h2>\n<h3 data-start=\"923\" data-end=\"948\"><strong data-start=\"930\" data-end=\"948\">16 prese IEC<\/strong><\/h3>\n<p data-start=\"949\" data-end=\"1170\">Dotato di <strong data-start=\"963\" data-end=\"1009\">16 prese IEC320 C13 e C19 di alta qualit\u00e0<\/strong>L'unit\u00e0 \u00e8 ideale per alimentare pi\u00f9 dispositivi contemporaneamente. Il design delle prese ben distanziate garantisce la compatibilit\u00e0 con le spine di grandi dimensioni senza sovraffollamento.<\/p>\n<h3 data-start=\"1172\" data-end=\"1205\"><strong data-start=\"1178\" data-end=\"1205\">Tensione nominale: 220-240V<\/strong><\/h3>\n<p data-start=\"1206\" data-end=\"1362\">Supporta operazioni ad alta tensione adatte ad apparecchiature di livello industriale. Ci\u00f2 garantisce la compatibilit\u00e0 con i sistemi elettrici globali in scenari di impiego intensivo.<\/p>\n<h3 data-start=\"1364\" data-end=\"1396\"><strong data-start=\"1371\" data-end=\"1396\">Tipo di spina con presa<\/strong><\/h3>\n<p data-start=\"1397\" data-end=\"1553\">L'unit\u00e0 offre una funzionalit\u00e0 plug-and-socket che consente configurazioni flessibili, un'installazione efficiente e un funzionamento sicuro in una variet\u00e0 di layout.<\/p>\n<h3 data-start=\"1555\" data-end=\"1584\"><strong data-start=\"1562\" data-end=\"1584\">Messa a terra standard<\/strong><\/h3>\n<p data-start=\"1585\" data-end=\"1750\">Progettato con <strong data-start=\"1601\" data-end=\"1623\">messa a terra standard<\/strong> Questa PDU, grazie alla sua tecnologia, aumenta la sicurezza prevenendo i rischi elettrici e garantendo un flusso di corrente stabile a tutti i dispositivi collegati.<\/p>\n<h3 data-start=\"1752\" data-end=\"1785\"><strong data-start=\"1759\" data-end=\"1785\">Materiale non infiammabile<\/strong><\/h3>\n<p data-start=\"1786\" data-end=\"1940\">Prodotto utilizzando <strong data-start=\"1805\" data-end=\"1839\">Moduli PC non infiammabili UL94V-0<\/strong> e un <strong data-start=\"1847\" data-end=\"1871\">guscio in lega di alluminio<\/strong>L'unit\u00e0 offre una resistenza al fuoco e una durata meccanica superiori.<\/p>\n<h3 data-start=\"1942\" data-end=\"1970\"><strong data-start=\"1950\" data-end=\"1970\">Protezione dalle sovratensioni<\/strong><\/h3>\n<p data-start=\"1971\" data-end=\"2151\">La protezione integrata contro le sovratensioni salvaguarda le vostre preziose apparecchiature da improvvisi picchi di tensione, proteggendo i dispositivi elettronici sensibili da danni dovuti a sbalzi di tensione o fulmini.<\/p>\n<h3 data-start=\"2153\" data-end=\"2179\"><strong data-start=\"2161\" data-end=\"2179\">Fusibili incorporati<\/strong><\/h3>\n<p data-start=\"2180\" data-end=\"2338\">Ogni gruppo di prese \u00e8 protetto da <strong data-start=\"2221\" data-end=\"2241\">fusibili individuali<\/strong>garantendo la protezione dai guasti isolati e migliorando la sicurezza e l'affidabilit\u00e0 dell'intera unit\u00e0.<\/p>\n<h3 data-start=\"2340\" data-end=\"2363\"><strong data-start=\"2347\" data-end=\"2363\">Dimensioni compatte<\/strong><\/h3>\n<p data-start=\"2364\" data-end=\"2553\">Con dimensioni di <strong data-start=\"2383\" data-end=\"2407\">1718 mm \u00d7 85 mm \u00d7 80 mm<\/strong>Il design sottile e verticale consente una facile integrazione in rack di server, pannelli o supporti a parete, risparmiando spazio prezioso in ambienti ad alta densit\u00e0.<\/p>\n<h2 data-start=\"4018\" data-end=\"4033\">Applicazioni<\/h2>\n<p data-start=\"4035\" data-end=\"4084\">Questa unit\u00e0 di distribuzione dell'alimentazione \u00e8 ideale per l'utilizzo in:<\/p>\n<ul data-start=\"4086\" data-end=\"4732\">\n<li data-start=\"4086\" data-end=\"4217\">\n<p data-start=\"4088\" data-end=\"4217\"><strong data-start=\"4091\" data-end=\"4112\">Impianti industriali<\/strong>: Distribuiscono in modo efficiente l'alimentazione a sistemi automatizzati, trasportatori, pannelli di controllo e computer industriali.<\/p>\n<\/li>\n<li data-start=\"4218\" data-end=\"4337\">\n<p data-start=\"4220\" data-end=\"4337\"><strong data-start=\"4224\" data-end=\"4240\">Centri dati<\/strong>: Alimentazione di rack di server, dispositivi di rete e sistemi di archiviazione con precisione e affidabilit\u00e0.<\/p>\n<\/li>\n<li data-start=\"4338\" data-end=\"4480\">\n<p data-start=\"4340\" data-end=\"4480\"><strong data-start=\"4343\" data-end=\"4370\">Elettronica e macchinari<\/strong>: Da utilizzare nei banchi di prova, nelle stazioni di produzione o nelle configurazioni di laboratorio che richiedono un'alimentazione stabile e multidispositivo.<\/p>\n<\/li>\n<li data-start=\"4481\" data-end=\"4607\">\n<p data-start=\"4483\" data-end=\"4607\"><strong data-start=\"4486\" data-end=\"4510\">Officine automobilistiche<\/strong>: Alimentare strumenti diagnostici, stazioni di ricarica delle batterie e sistemi di illuminazione in modo sicuro ed efficace.<\/p>\n<\/li>\n<li data-start=\"4608\" data-end=\"4732\">\n<p data-start=\"4610\" data-end=\"4732\"><strong data-start=\"4613\" data-end=\"4631\">Strutture di R&amp;S<\/strong>: Alimentazione di setup sperimentali e strumenti di test che richiedono un flusso di corrente regolato e ininterrotto.<\/p>\n<\/li>\n<\/ul>\n<h2 data-start=\"4739\" data-end=\"4761\">Sicurezza e durata<\/h2>\n<p data-start=\"4763\" data-end=\"4827\">Questa unit\u00e0 \u00e8 stata progettata per garantire <strong data-start=\"4800\" data-end=\"4818\">massima sicurezza<\/strong> attraverso:<\/p>\n<ul data-start=\"4829\" data-end=\"5074\">\n<li data-start=\"4829\" data-end=\"4875\">\n<p data-start=\"4831\" data-end=\"4875\"><strong data-start=\"4831\" data-end=\"4854\">Protezione da sovraccarico<\/strong> tramite fusibili dedicati.<\/p>\n<\/li>\n<li data-start=\"4876\" data-end=\"4944\">\n<p data-start=\"4878\" data-end=\"4944\"><strong data-start=\"4878\" data-end=\"4906\">Resistenza al calore e al fuoco<\/strong> con moduli ignifughi UL94V-0.<\/p>\n<\/li>\n<li data-start=\"4945\" data-end=\"5002\">\n<p data-start=\"4947\" data-end=\"5002\"><strong data-start=\"4947\" data-end=\"4964\">Design robusto<\/strong> utilizzando un guscio in lega di alluminio resistente.<\/p>\n<\/li>\n<li data-start=\"5003\" data-end=\"5074\">\n<p data-start=\"5005\" data-end=\"5074\"><strong data-start=\"5005\" data-end=\"5030\">Consegna sicura dell'alimentazione<\/strong> con un'adeguata messa a terra e protezione dalle sovratensioni.<\/p>\n<\/li>\n<\/ul>\n<h2 data-start=\"5081\" data-end=\"5110\">Installazione e manutenzione<\/h2>\n<ul data-start=\"5112\" data-end=\"5413\">\n<li data-start=\"5112\" data-end=\"5227\">\n<p data-start=\"5114\" data-end=\"5227\"><strong data-start=\"5117\" data-end=\"5137\">Opzioni di montaggio<\/strong>: Pu\u00f2 essere installato verticalmente in rack server standard o montato a parete o su banchi di lavoro.<\/p>\n<\/li>\n<li data-start=\"5228\" data-end=\"5316\">\n<p data-start=\"5230\" data-end=\"5316\"><strong data-start=\"5233\" data-end=\"5256\">Configurazione plug-and-play<\/strong>: Facile da implementare con strumenti o conoscenze elettriche minime.<\/p>\n<\/li>\n<li data-start=\"5317\" data-end=\"5413\">\n<p data-start=\"5319\" data-end=\"5413\"><strong data-start=\"5322\" data-end=\"5343\">Fusibili sostituibili<\/strong>: Le porte dei fusibili, facilmente accessibili, consentono una rapida manutenzione o sostituzione.<\/p>\n<\/li>\n<\/ul>\n<h2 data-start=\"5420\" data-end=\"5447\">Personalizzazione e branding<\/h2>\n<ul data-start=\"5449\" data-end=\"5725\">\n<li data-start=\"5449\" data-end=\"5513\">\n<p data-start=\"5451\" data-end=\"5513\">Personalizzato <strong data-start=\"5458\" data-end=\"5475\">stampa del logo<\/strong> disponibili per adattarsi all'identit\u00e0 aziendale.<\/p>\n<\/li>\n<li data-start=\"5514\" data-end=\"5725\">\n<p data-start=\"5516\" data-end=\"5725\">Il supporto ODM e OEM consente la configurazione in base alle esigenze specifiche del cliente, come le combinazioni di tipi di prese, i colori delle prese o l'aggiunta di funzioni intelligenti come la misurazione o il controllo remoto (dove sono applicabili gli SDK).<\/p>\n<\/li>\n<\/ul>","protected":false},"excerpt":{"rendered":"<p>Questa unit\u00e0 di distribuzione dell'alimentazione industriale \u00e8 dotata di 16 prese IEC320 C13\/C19, costruite con un guscio in lega di alluminio ignifugo per un'elevata durata. Ideale per ambienti industriali e server, fornisce un'uscita stabile a 220-240 V e una protezione dalle sovratensioni per le apparecchiature critiche.<\/p>","protected":false},"featured_media":1299,"template":"","meta":{"_kad_post_transparent":"default","_kad_post_title":"","_kad_post_layout":"default","_kad_post_sidebar_id":"","_kad_post_content_style":"default","_kad_post_vertical_padding":"default","_kad_post_feature":"","_kad_post_feature_position":"","_kad_post_header":false,"_kad_post_footer":false},"product_brand":[],"product_cat":[80],"product_tag":[192,190,172],"class_list":{"0":"post-1291","1":"product","2":"type-product","3":"status-publish","4":"has-post-thumbnail","6":"product_cat-high-power-power-distribution-units","7":"product_tag-iec320-power-distribution-unit","8":"product_tag-industrial-power-strip","9":"product_tag-power-distribution-unit","11":"first","12":"instock","13":"shipping-taxable","14":"product-type-simple","15":"entry","16":"content-bg","17":"loop-entry"},"_links":{"self":[{"href":"https:\/\/24smartcharge.com\/it\/wp-json\/wp\/v2\/product\/1291","targetHints":{"allow":["GET"]}}],"collection":[{"href":"https:\/\/24smartcharge.com\/it\/wp-json\/wp\/v2\/product"}],"about":[{"href":"https:\/\/24smartcharge.com\/it\/wp-json\/wp\/v2\/types\/product"}],"wp:featuredmedia":[{"embeddable":true,"href":"https:\/\/24smartcharge.com\/it\/wp-json\/wp\/v2\/media\/1299"}],"wp:attachment":[{"href":"https:\/\/24smartcharge.com\/it\/wp-json\/wp\/v2\/media?parent=1291"}],"wp:term":[{"taxonomy":"product_brand","embeddable":true,"href":"https:\/\/24smartcharge.com\/it\/wp-json\/wp\/v2\/product_brand?post=1291"},{"taxonomy":"product_cat","embeddable":true,"href":"https:\/\/24smartcharge.com\/it\/wp-json\/wp\/v2\/product_cat?post=1291"},{"taxonomy":"product_tag","embeddable":true,"href":"https:\/\/24smartcharge.com\/it\/wp-json\/wp\/v2\/product_tag?post=1291"}],"curies":[{"name":"wp","href":"https:\/\/api.w.org\/{rel}","templated":true}]}}