{"id":1248,"date":"2025-08-06T06:54:55","date_gmt":"2025-08-06T06:54:55","guid":{"rendered":"https:\/\/24smartcharge.com\/?post_type=product&#038;p=1248"},"modified":"2025-08-06T09:14:35","modified_gmt":"2025-08-06T09:14:35","slug":"160a-3-phase-high-power-power-distribution-unit","status":"publish","type":"product","link":"https:\/\/24smartcharge.com\/it\/160a-3-phase-high-power-power-distribution-unit\/","title":{"rendered":"Unit\u00e0 di distribuzione di potenza ad alta potenza trifase da 160A"},"content":{"rendered":"<h2 id=\"overview\">Panoramica<\/h2>\n<p>Il\u00a0<strong>Unit\u00e0 di distribuzione di potenza ad alta potenza trifase da 160A<\/strong>\u00a0\u00e8 una soluzione di qualit\u00e0 superiore progettata per la gestione avanzata dell'alimentazione in data center, sale di rete e applicazioni industriali ad alta richiesta. Con una capacit\u00e0 di uscita eccezionale, una qualit\u00e0 costruttiva superiore e un design personalizzabile, questa PDU \u00e8 la spina dorsale di una distribuzione dell'alimentazione efficiente, sicura e scalabile.<\/p>\n<p>Questa unit\u00e0 di distribuzione dell'alimentazione ad alta potenza \u00e8 costruita per supportare ambienti complessi e ad alto carico, offrendo tensione stabile, connettivit\u00e0 intelligente e massima adattabilit\u00e0. Se si tratta di alimentare server, switch o altro hardware mission-critical, questa unit\u00e0 offre l'infrastruttura affidabile necessaria per un funzionamento ininterrotto.<\/p>\n<h2 id=\"key-features\">Caratteristiche principali<\/h2>\n<h3 id=\"-massive-160a-output-with-3-phase-power\">Uscita massiccia da 160 A con alimentazione trifase<\/h3>\n<p>Questa unit\u00e0 \u00e8 stata progettata per ambienti elettrici ad alta richiesta, in grado di supportare\u00a0<strong>380V\/415V\/433V<\/strong>\u00a0tensione nominale con\u00a0<strong>160A corrente di uscita massima<\/strong>. Il sistema trifase garantisce una distribuzione equilibrata del carico e una maggiore efficienza energetica dei dispositivi collegati.<\/p>\n<h3 id=\"-standard-19-inch-network-switch-compatibility\">Compatibilit\u00e0 con gli switch di rete standard da 19 pollici<\/h3>\n<p>Si adatta facilmente agli standard\u00a0<strong>Switch di rete da 19\"<\/strong>\u00a0grazie alla sua architettura flessibile e impilabile. Il ripiano centrale \u00e8 regolabile in altezza e pu\u00f2 ospitare macchine di varie dimensioni e tipologie.<\/p>\n<h3 id=\"-modular-customizable-socket-configuration\">Configurazione della presa modulare e personalizzabile<\/h3>\n<p>Dotato di\u00a0<strong>24 prese di uscita<\/strong>\u00a0per impostazione predefinita (\u00e8 disponibile la personalizzazione), questa unit\u00e0 supporta\u00a0<strong>IEC C19<\/strong>\u00a0standard o opzionale\u00a0<strong>C13\/C19<\/strong>\u00a0configurazioni. Le prese sono ordinatamente codificate a colori (rosso, giallo, blu) per facilitare l'identificazione dei circuiti, contribuendo a semplificare la gestione e la manutenzione dei carichi.<\/p>\n<h3 id=\"-high-durability-sheet-metal-construction\">Costruzione in lamiera ad alta resistenza<\/h3>\n<p>Realizzato in materiale ad alta resistenza\u00a0<strong>lamiera<\/strong>L'unit\u00e0 offre un'eccellente integrit\u00e0 strutturale e una lunga durata. Questo robusto involucro garantisce un funzionamento sicuro e protetto, anche in presenza di carichi pesanti e continui.<\/p>\n<h2 id=\"technical-specifications\">Specifiche tecniche<\/h2>\n<table>\n<thead>\n<tr>\n<th><strong>Specifiche<\/strong><\/th>\n<th><strong>Dettaglio<\/strong><\/th>\n<\/tr>\n<\/thead>\n<tbody>\n<tr>\n<td>Tensione nominale<\/td>\n<td>380V \/ 415V \/ 433V<\/td>\n<\/tr>\n<tr>\n<td>Corrente di uscita massima<\/td>\n<td>160A<\/td>\n<\/tr>\n<tr>\n<td>Quantit\u00e0 in uscita<\/td>\n<td>24 vie (personalizzabile)<\/td>\n<\/tr>\n<tr>\n<td>Presa standard<\/td>\n<td>IEC C19 (opzionale: C13\/C19)<\/td>\n<\/tr>\n<tr>\n<td>Lunghezza del cavo<\/td>\n<td>2 metri (personalizzabile)<\/td>\n<\/tr>\n<tr>\n<td>Materiale della scocca<\/td>\n<td>Lamiera<\/td>\n<\/tr>\n<tr>\n<td>Dimensioni del prodotto (L\u00d7L\u00d7H)<\/td>\n<td>1660 \u00d7 430 \u00d7 230 mm<\/td>\n<\/tr>\n<tr>\n<td>Peso netto<\/td>\n<td>22 kg<\/td>\n<\/tr>\n<tr>\n<td>Opzioni di colore<\/td>\n<td>Nero \/ Argento Bianco \/ Personalizzato<\/td>\n<\/tr>\n<tr>\n<td>Valutazione di resistenza alla fiamma<\/td>\n<td>Grado UL94V-0<\/td>\n<\/tr>\n<tr>\n<td>Tipo di messa a terra<\/td>\n<td>Messa a terra standard<\/td>\n<\/tr>\n<tr>\n<td>Garanzia<\/td>\n<td>1 anno<\/td>\n<\/tr>\n<tr>\n<td>Supporto OEM<\/td>\n<td>Disponibile<\/td>\n<\/tr>\n<\/tbody>\n<\/table>\n<h2 id=\"advantages-of-the-high-power-power-distribution-unit\">Vantaggi dell'unit\u00e0 di distribuzione dell'alimentazione ad alta potenza<\/h2>\n<h3 id=\"-custom-fit-flexibility\">Flessibilit\u00e0 su misura<\/h3>\n<p>Questa unit\u00e0 di distribuzione dell'alimentazione ad alta potenza \u00e8 stata progettata per essere versatile. Se avete bisogno di una disposizione personalizzata delle prese, di una lunghezza specifica dei cavi o del logo della vostra azienda, l'unit\u00e0 pu\u00f2 essere adattata alle vostre esigenze operative.<\/p>\n<h3 id=\"-improved-thermal-management\">Gestione termica migliorata<\/h3>\n<p>La spaziatura e la disposizione delle uscite sono ottimizzate per il controllo del flusso d'aria e della temperatura. Ci\u00f2 contribuisce a migliorare l'efficienza di raffreddamento e le prestazioni complessive dell'hardware, soprattutto in ambienti rack ad alta densit\u00e0.<\/p>\n<h3 id=\"-scalable-architecture\">Architettura scalabile<\/h3>\n<p>Il design modulare consente agli utenti di\u00a0<strong>impilare e collegare le unit\u00e0<\/strong>\u00a0per creare configurazioni pi\u00f9 grandi in base ai requisiti di spazio del rack. Questo garantisce la scalabilit\u00e0 senza la necessit\u00e0 di riprogettare completamente l'infrastruttura di alimentazione.<\/p>\n<h3 id=\"-enhanced-safety-standards\">Standard di sicurezza migliorati<\/h3>\n<p>Conforme alla classificazione di resistenza alla fiamma UL94V-0 e sottoposta a rigorosi test elettrici, questa PDU riduce i rischi di incendio, assicura il funzionamento a terra e riduce al minimo i potenziali guasti all'isolamento.<\/p>\n<h3 id=\"-ideal-for-high-density-data-centers\">Ideale per i centri dati ad alta densit\u00e0<\/h3>\n<p>Il design trifase ad alta corrente \u00e8 adatto ad ambienti ad alta intensit\u00e0 di potenza, come ad esempio:<\/p>\n<ul>\n<li>Centri dati Tier III\/IV<\/li>\n<li>Strutture server cloud<\/li>\n<li>Istituzioni finanziarie<\/li>\n<li>Sale di controllo per la radiodiffusione<\/li>\n<li>Cluster AI o GPU<\/li>\n<\/ul>\n<h2 id=\"visual-design-user-convenience\">Design visivo e praticit\u00e0 per l'utente<\/h2>\n<p>L'elegante PDU\u00a0<strong>Fattore di forma 1U\/2U<\/strong>\u00a0e il layout intuitivo aiutano a massimizzare lo spazio sul rack e a migliorare il flusso di lavoro. Il\u00a0<strong>gruppi di prese con codice colore<\/strong>\u00a0(rosso, giallo, blu) non solo aiutano a identificare chiaramente i circuiti, ma semplificano anche la risoluzione dei problemi e la manutenzione.<\/p>\n<p>A\u00a0<strong>display digitale<\/strong>\u00a0sul pannello frontale offre un monitoraggio in tempo reale dei parametri di potenza, migliorando la trasparenza e consentendo una diagnostica preventiva.<\/p>\n<h2 id=\"applications\">Applicazioni<\/h2>\n<p>Questa unit\u00e0 di distribuzione di energia ad alta potenza pu\u00f2 essere utilizzata in diversi settori:<\/p>\n<ul>\n<li><strong>Centri dati<\/strong>: Forniscono alimentazione stabile e ridondante ai rack con apparecchiature di calcolo ad alte prestazioni.<\/li>\n<li><strong>Sale server<\/strong>: Migliorare i tempi di attivit\u00e0 e semplificare il controllo dell'alimentazione nelle infrastrutture critiche.<\/li>\n<li><strong>Strutture industriali<\/strong>: Alimentazione robusta di macchinari e sistemi di automazione.<\/li>\n<li><strong>Telecomunicazioni e radiodiffusione<\/strong>: Mantenere il funzionamento ininterrotto dei dispositivi di comunicazione sensibili.<\/li>\n<li><strong>Laboratori di cloud computing e AI<\/strong>: Gestite i requisiti di potenza estremi dei carichi di lavoro pesanti per le GPU.<\/li>\n<\/ul>\n<h2 id=\"installation-maintenance\">Installazione e manutenzione<\/h2>\n<p>L'installazione \u00e8 semplice e sicura. Grazie alle lunghezze dei cavi personalizzabili e ai componenti regolabili, l'unit\u00e0 si adatta senza problemi alla configurazione dell'armadio. Il\u00a0<strong>Sistema di messa a terra standard<\/strong>\u00a0garantisce connessioni elettriche sicure, riducendo potenziali interferenze o guasti.<\/p>\n<p>Grazie all'elevata qualit\u00e0 costruttiva e al design interno pulito, la manutenzione \u00e8 minima. I componenti modulari facilitano l'isolamento, la sostituzione o l'aggiornamento delle parti senza tempi di inattivit\u00e0 dell'intero sistema.<\/p>\n<h2 id=\"why-choose-this-high-power-pdu-\">Perch\u00e9 scegliere questa PDU ad alta potenza?<\/h2>\n<ul>\n<li><strong>Prestazioni<\/strong>: Fornisce una potenza costante di 160A con un'efficienza eccezionale.<\/li>\n<li><strong>Affidabilit\u00e0<\/strong>: Costruito e testato per soddisfare i rigorosi standard internazionali.<\/li>\n<li><strong>Flessibilit\u00e0<\/strong>: Prese, lunghezze, colori e marchio OEM personalizzabili.<\/li>\n<li><strong>Semplicit\u00e0<\/strong>: Facile da installare, impilare, monitorare e mantenere.<\/li>\n<li><strong>Durata<\/strong>: Rinforzato con materiali ignifughi e guscio robusto.<\/li>\n<\/ul>","protected":false},"excerpt":{"rendered":"<div class=\"model-prompt-container\" data-turn-role=\"Model\">\n<div class=\"turn-content\">\n<p class=\"ng-star-inserted\"><span class=\"ng-star-inserted\">Questa unit\u00e0 di distribuzione dell'alimentazione ad alta potenza, montabile su rack, \u00e8 progettata per i data center e fornisce una robusta uscita di 160A max con alimentazione trifase a 380\/415\/433V. Dispone di 24 prese C19\/C13 codificate a colori, un display digitale per il monitoraggio e una struttura in lamiera resistente.<\/span><\/p>\n<div class=\"turn-information ng-star-inserted\"><\/div>\n<\/div>\n<\/div>\n<div class=\"turn-footer ng-star-inserted\"><\/div>","protected":false},"featured_media":1250,"template":"","meta":{"_kad_post_transparent":"default","_kad_post_title":"","_kad_post_layout":"default","_kad_post_sidebar_id":"","_kad_post_content_style":"default","_kad_post_vertical_padding":"default","_kad_post_feature":"","_kad_post_feature_position":"","_kad_post_header":false,"_kad_post_footer":false},"product_brand":[],"product_cat":[80],"product_tag":[184,167,172],"class_list":{"0":"post-1248","1":"product","2":"type-product","3":"status-publish","4":"has-post-thumbnail","6":"product_cat-high-power-power-distribution-units","7":"product_tag-data-center-pdu","8":"product_tag-high-power-pdu","9":"product_tag-power-distribution-unit","11":"first","12":"instock","13":"shipping-taxable","14":"product-type-simple","15":"entry","16":"content-bg","17":"loop-entry"},"_links":{"self":[{"href":"https:\/\/24smartcharge.com\/it\/wp-json\/wp\/v2\/product\/1248","targetHints":{"allow":["GET"]}}],"collection":[{"href":"https:\/\/24smartcharge.com\/it\/wp-json\/wp\/v2\/product"}],"about":[{"href":"https:\/\/24smartcharge.com\/it\/wp-json\/wp\/v2\/types\/product"}],"wp:featuredmedia":[{"embeddable":true,"href":"https:\/\/24smartcharge.com\/it\/wp-json\/wp\/v2\/media\/1250"}],"wp:attachment":[{"href":"https:\/\/24smartcharge.com\/it\/wp-json\/wp\/v2\/media?parent=1248"}],"wp:term":[{"taxonomy":"product_brand","embeddable":true,"href":"https:\/\/24smartcharge.com\/it\/wp-json\/wp\/v2\/product_brand?post=1248"},{"taxonomy":"product_cat","embeddable":true,"href":"https:\/\/24smartcharge.com\/it\/wp-json\/wp\/v2\/product_cat?post=1248"},{"taxonomy":"product_tag","embeddable":true,"href":"https:\/\/24smartcharge.com\/it\/wp-json\/wp\/v2\/product_tag?post=1248"}],"curies":[{"name":"wp","href":"https:\/\/api.w.org\/{rel}","templated":true}]}}