{"id":1217,"date":"2025-08-06T03:30:26","date_gmt":"2025-08-06T03:30:26","guid":{"rendered":"https:\/\/24smartcharge.com\/?post_type=product&#038;p=1217"},"modified":"2025-08-07T07:26:48","modified_gmt":"2025-08-07T07:26:48","slug":"3-phase-160a-24-outlet-high-power-power-distribution-unit","status":"publish","type":"product","link":"https:\/\/24smartcharge.com\/it\/3-phase-160a-24-outlet-high-power-power-distribution-unit\/","title":{"rendered":"Unit\u00e0 di distribuzione dell'alimentazione ad alta potenza a 3 fasi 160A 24 uscite"},"content":{"rendered":"<h2 id=\"unleash-unprecedented-power-thickness-in-your-shelf\">Scatenate uno spessore di potenza senza precedenti nel vostro scaffale<\/h2>\n<p>Nell'esigente panorama delle moderne strutture informatiche, dei cluster di calcolo ad alte prestazioni (HPC) e dell'automazione commerciale, l'alimentazione \u00e8 la struttura non negoziabile su cui si basa ogni cosa. Con l'aumento della densit\u00e0 dei server e delle richieste di calcolo, il requisito di una base di alimentazione affidabile, duratura e intelligente non \u00e8 mai stato cos\u00ec critico. Presentiamo il servizio definitivo per le atmosfere ad alta densit\u00e0: il\u00a0<strong>Sistema di distribuzione di energia ad alta potenza a 3 fasi da 160 A e 24 uscite\u00a0<\/strong>. Progettata per garantire le massime prestazioni e la massima integrit\u00e0, questa PDU \u00e8 stata sviluppata per soddisfare e superare le esigenze di alimentazione delle strutture pi\u00f9 importanti.<\/p>\n<p>&nbsp;<\/p>\n<h3 id=\"massive-power-ability-for-elite-equipment\">Capacit\u00e0 di potenza massiccia per l'equipaggiamento d'\u00e9lite<\/h3>\n<p>Il cuore di questo dispositivo \u00e8 la sua immensa capacit\u00e0 di gestire la potenza. Con un'incredibile\u00a0<strong>Corrente nominale 160A\u00a0<\/strong>consegnato su un supporto stabile\u00a0<strong>3 fasi 380\/415V\u00a0<\/strong>Questa PDU \u00e8 stata costruita per stimolare scaffali pieni di dispositivi ad alto assorbimento. Supporta senza problemi carichi di server blade, gamme di archiviazione, pulsanti di rete e altre apparecchiature di livello enterprise che potrebbero sovraccaricare le ciabatte di potenza inferiori. Il sistema comprende\u00a0<strong>24 prese IEC C19\u00a0<\/strong>Il sistema \u00e8 in grado di soddisfare le esigenze dei server e delle apparecchiature di rete contemporanee, che richiedono molta energia, garantendo la compatibilit\u00e0 con le vostre risorse pi\u00f9 importanti. Non si tratta di una semplice ciabatta, ma di una base di alimentazione centralizzata per un'intera comunit\u00e0 di scaffali.<\/p>\n<p>Preparazione intelligente per la massima efficacia e sicurezza L'affidabilit\u00e0 genuina supera la resistenza. Questo\u00a0<strong>Unit\u00e0 di distribuzione dell'alimentazione avanzata\u00a0<\/strong>comprende un'architettura avanzata e modulare che privilegia sia la sicurezza che la protezione e la procedura costante.<\/p>\n<ul>\n<li><strong>Sicurezza del circuito di derivazione:\u00a0<\/strong>Le 24 prese sono sapientemente organizzate in circuiti distinti e protetti in modo indipendente. Come si evince dall'etichetta, le prese elettriche sono disposte in banchi (ad esempio, banchi da 4), ognuno dei quali \u00e8 protetto da un proprio interruttore da 20A. Questa compartimentazione \u00e8 fondamentale. In caso di sovraccarico o cortocircuito da parte di un singolo apparecchio, viene coinvolto solo il suo istituto finanziario di riferimento. Le restanti prese elettriche della PDU continuano a fornire alimentazione costante, impedendo che un solo dispositivo difettoso provochi un disastroso blackout a livello di rack.<\/li>\n<\/ul>\n<p><strong>Circolazione di potenza ottimizzata:\u00a0<\/strong>Le prese elettriche sono distribuite in modo tattico sulle tre fasi elettriche (L1, L2, L3) per ottenere un carico ben bilanciato. Questo accurato design consente di evitare il sovraccarico di fasi specifiche, con conseguente aumento delle prestazioni elettriche, delle prestazioni termiche e dell'affidabilit\u00e0 dell'intero sistema.<\/p>\n<p><strong>Sistema di raffreddamento incorporato:\u00a0<\/strong>Il sistema \u00e8 dotato di regolatori di temperatura integrati per gestire il calore generato dalla gestione di 160A di corrente. Questi regolatori controllano il livello di temperatura interna, salvaguardando gli elementi premium da problemi legati al calore, soprattutto durante il funzionamento a pieno regime, per mantenere prestazioni ottimali e una lunga durata.<\/p>\n<h3 id=\"durable-building-and-construction-for-demanding-atmospheres\">Edifici e costruzioni durevoli per atmosfere impegnative<\/h3>\n<p>Progettata per il funzionamento 24 ore su 24 e 7 giorni su 7 in centri mission-critical, questa PDU \u00e8 costruita per durare nel tempo.<\/p>\n<ul>\n<li><strong>Struttura di livello industriale:\u00a0<\/strong>L'immobile \u00e8 costruito con una struttura robusta e inflessibile.\u00a0<strong>lamiera d'acciaio\u00a0<\/strong>, garantendo una protezione superiore delle parti interne contro gli urti fisici e le asperit\u00e0 dell'atmosfera del centro informazioni.<\/li>\n<\/ul>\n<p><strong>Rata montante:\u00a0<\/strong>L'unit\u00e0 di circolazione dell'energia (PDU) \u00e8 stata creata in modo efficiente dal punto di vista dello spazio, con un aspetto che non occupa assolutamente nessun sistema rack (0U) in alto e in basso. \u00c8 lunga 1800 mm e pu\u00f2 essere installata sul lato o sul retro di un comune scaffale per server Web. Questo formato innovativo fa s\u00ec che non occupi alcun tipo di spazio cruciale nel rack, consentendo il pieno utilizzo delle \"U\" disponibili per server Web, pulsanti e dispositivi di archiviazione.<\/p>\n<h3 id=\"streamline-your-information-facility-procedures-with-visual-company\">Semplificare le procedure della struttura informativa con Visual Company<\/h3>\n<p>Un aspetto eccezionale di questo\u00a0<strong>Unit\u00e0 di distribuzione dell'alimentazione ad alta potenza\u00a0<\/strong>\u00e8 la possibilit\u00e0 di scegliere tra numerose tonalit\u00e0 di telaio. Abbandonate il nero convenzionale e migliorate i percorsi di alimentazione del vostro scaffale con colori brillanti e coordinati.<\/p>\n<p>Per ridurre gli errori e aumentare la sicurezza, contrassegnate con colori diversi (come rosso, blu, ecologico, giallo, arancione e viola) i vari alimentatori (come gli alimentatori A\/B per le funzioni di back-up). Questo semplice sistema di codifica dei colori riduce notevolmente la possibilit\u00e0 di errore umano durante la configurazione, i servizi di riparazione o le circostanze urgenti. Identificando immediatamente le fonti di alimentazione principali e secondarie, gli specialisti possono evitare di scollegare inavvertitamente l'alimentazione non corretta, migliorando cos\u00ec l'efficienza del flusso di lavoro, semplificando la diagnosi medica errata e introducendo un livello essenziale di sicurezza e organizzazione nel centro informazioni.<\/p>\n<h3 id=\"certified-for-global-deployment\">Certificato per la distribuzione globale<\/h3>\n<p>Questa unit\u00e0 di circolazione dell'energia (PDU) \u00e8 progettata per soddisfare i criteri di massima qualit\u00e0 in tutto il mondo. Ha ottenuto le certificazioni CE, RoHS, SAA, ETL e U&amp;L, assicurandosi di aderire alle rigorose esigenze di sicurezza, ambiente e qualit\u00e0 negli Stati Uniti e in Canada, in Europa, in Australia e in diverse altre aree. La sua adesione a livello globale lo rende l'opzione preferita e affidabile per le aziende e le strutture multinazionali che cercano apparecchiature certificate e di qualit\u00e0 superiore.<\/p>\n<p>Gli usi pi\u00f9 raffinati:<\/p>\n<ul>\n<li>Centri di informazione ad alta densit\u00e0.<\/li>\n<li>Spazi per server web aziendali.<\/li>\n<li>Cluster di calcolo ad alte prestazioni (HPC).<\/li>\n<li>Operazioni di estrazione di criptovalute.<\/li>\n<li>Strutture di colocazione su larga scala.<\/li>\n<li>Rack per automazione industriale e controllo<\/li>\n<\/ul>\n<p>Aumentate l'efficienza delle vostre strutture con un'opzione di alimentazione durevole che eccelle in ogni elemento. Grazie a un'eccezionale scalabilit\u00e0, a una protezione avanzata e a un'amministrazione semplificata, il sistema\u00a0<strong>Sistema di circolazione a 3 fasi 160A 24 uscite ad alta potenza\u00a0<\/strong>attira l'attenzione come alternativa principale.<\/p>","protected":false},"excerpt":{"rendered":"<div class=\"chat-container\">\n<div class=\"chat-view-container ng-star-inserted\">\n<div>\n<div class=\"chat-turn-container model render cdk-focused cdk-mouse-focused\" tabindex=\"-1\">\n<div class=\"model-prompt-container\" data-turn-role=\"Model\">\n<div class=\"turn-content\">\n<p class=\"ng-star-inserted\"><span class=\"ng-star-inserted\">Questa unit\u00e0 di distribuzione dell'alimentazione industriale trifase ad alta potenza eroga un'enorme potenza di 160 A a 24 prese C19. Alloggiata in un resistente chassis in metallo con colori personalizzabili, \u00e8 ideale per organizzare l'alimentazione nei data center. \u00c8 dotato di protezione dei circuiti di derivazione per la massima sicurezza e operativit\u00e0.<\/span><\/p>\n<div class=\"turn-information ng-star-inserted\"><\/div>\n<\/div>\n<\/div>\n<div class=\"turn-footer ng-star-inserted\"><\/div>\n<\/div>\n<\/div>\n<\/div>\n<\/div>\n<footer class=\"not-zero-state ng-star-inserted\">\n<div class=\"mat-mdc-tooltip-trigger prompt-input-wrapper\">\n<div>\n<div class=\"prompt-input-wrapper-container\">\n<div class=\"text-wrapper\">\n<section class=\"text-and-attachments-wrapper\">\n<div class=\"text-input-wrapper\"><\/div>\n<\/section>\n<\/div>\n<\/div>\n<\/div>\n<\/div>\n<\/footer>","protected":false},"featured_media":1218,"template":"","meta":{"_kad_post_transparent":"default","_kad_post_title":"","_kad_post_layout":"default","_kad_post_sidebar_id":"","_kad_post_content_style":"default","_kad_post_vertical_padding":"default","_kad_post_feature":"","_kad_post_feature_position":"","_kad_post_header":false,"_kad_post_footer":false},"product_brand":[],"product_cat":[80,82],"product_tag":[171,176,175],"class_list":{"0":"post-1217","1":"product","2":"type-product","3":"status-publish","4":"has-post-thumbnail","6":"product_cat-high-power-power-distribution-units","7":"product_cat-basic-power-distribution-units","8":"product_tag-3-phase-pdu","9":"product_tag-data-center","10":"product_tag-pdu","12":"first","13":"instock","14":"shipping-taxable","15":"product-type-simple","16":"entry","17":"content-bg","18":"loop-entry"},"_links":{"self":[{"href":"https:\/\/24smartcharge.com\/it\/wp-json\/wp\/v2\/product\/1217","targetHints":{"allow":["GET"]}}],"collection":[{"href":"https:\/\/24smartcharge.com\/it\/wp-json\/wp\/v2\/product"}],"about":[{"href":"https:\/\/24smartcharge.com\/it\/wp-json\/wp\/v2\/types\/product"}],"wp:featuredmedia":[{"embeddable":true,"href":"https:\/\/24smartcharge.com\/it\/wp-json\/wp\/v2\/media\/1218"}],"wp:attachment":[{"href":"https:\/\/24smartcharge.com\/it\/wp-json\/wp\/v2\/media?parent=1217"}],"wp:term":[{"taxonomy":"product_brand","embeddable":true,"href":"https:\/\/24smartcharge.com\/it\/wp-json\/wp\/v2\/product_brand?post=1217"},{"taxonomy":"product_cat","embeddable":true,"href":"https:\/\/24smartcharge.com\/it\/wp-json\/wp\/v2\/product_cat?post=1217"},{"taxonomy":"product_tag","embeddable":true,"href":"https:\/\/24smartcharge.com\/it\/wp-json\/wp\/v2\/product_tag?post=1217"}],"curies":[{"name":"wp","href":"https:\/\/api.w.org\/{rel}","templated":true}]}}