{"id":984,"date":"2025-08-04T08:11:21","date_gmt":"2025-08-04T08:11:21","guid":{"rendered":"https:\/\/24smartcharge.com\/?post_type=product&#038;p=984"},"modified":"2025-08-18T03:05:29","modified_gmt":"2025-08-18T03:05:29","slug":"32-device-mobile-charging-cart-with-removable-baskets","status":"publish","type":"product","link":"https:\/\/24smartcharge.com\/fr\/32-device-mobile-charging-cart-with-removable-baskets\/","title":{"rendered":"Chariot de chargement mobile pour 32 appareils avec paniers amovibles"},"content":{"rendered":"<h3 id=\"innovative-basket-system-simplifies-deployment\">Le syst\u00e8me de panier innovant simplifie le d\u00e9ploiement<\/h3>\n<p>La caract\u00e9ristique la plus distinctive de ce chariot de chargement est son approche r\u00e9volutionnaire de la distribution des appareils. Au-del\u00e0 de la m\u00e9thode traditionnelle consistant \u00e0 manipuler les appareils un par un, ce chariot introduit un syst\u00e8me innovant de paniers. Il comprend huit paniers robustes et color\u00e9s, chacun pouvant contenir jusqu'\u00e0 quatre appareils. Cette approche \"facilitant le d\u00e9ploiement\" est con\u00e7ue pour rationaliser le flux de travail. Au d\u00e9but d'une journ\u00e9e scolaire ou d'une session de formation en entreprise, au lieu de faire la queue pour r\u00e9cup\u00e9rer des appareils sur un support statique, un enseignant ou un responsable peut simplement saisir un panier pr\u00e9-organis\u00e9 et le distribuer \u00e0 un groupe.<\/p>\n<p>Le code couleur est un v\u00e9ritable coup de ma\u00eetre en mati\u00e8re d'organisation. Vous pouvez attribuer les paniers rouge, vert, bleu et orange \u00e0 des classes, des \u00e9quipes de projet ou des fonctions particuli\u00e8res. Ce syst\u00e8me visuel minimise la confusion et acc\u00e9l\u00e8re consid\u00e9rablement les d\u00e9lais de distribution et de collecte. Les paniers eux-m\u00eames sont con\u00e7us de mani\u00e8re ergonomique avec des poign\u00e9es confortables, ce qui permet aux adultes et aux enfants de les transporter en toute s\u00e9curit\u00e9. Cette fonctionnalit\u00e9 \"grab-and-go\" responsabilise les utilisateurs, favorise la responsabilisation et r\u00e9duit consid\u00e9rablement le temps de transition entre les activit\u00e9s, maximisant ainsi la productivit\u00e9 et l'apprentissage. \u00c0 la fin de la journ\u00e9e, le ramassage des appareils se fait tout aussi facilement, en veillant \u00e0 ce que chaque appareil soit replac\u00e9 dans le chariot de chargement pour \u00eatre stock\u00e9 et recharg\u00e9 en toute s\u00e9curit\u00e9.<\/p>\n<h3 id=\"streamlined-and-intelligent-charging-for-peak-efficiency\">Une charge rationalis\u00e9e et intelligente pour une efficacit\u00e9 maximale<\/h3>\n<p>Au c\u0153ur de ce chariot de chargement mobile se trouve le syst\u00e8me de chargement intelligent Intelli-Sense, une technologie avanc\u00e9e con\u00e7ue pour optimiser le processus de chargement. Il ne s'agit pas d'une simple multiprise dans un bo\u00eetier, mais d'un concentrateur intelligent de gestion de l'\u00e9nergie. Le syst\u00e8me \u00e9value automatiquement les besoins en charge de tous les appareils connect\u00e9s et hi\u00e9rarchise intelligemment l'alimentation, en la dirigeant d'abord vers les appareils dont le niveau de batterie est le plus faible. Cela garantit qu'une cohorte d'appareils utilisables est pr\u00eate dans les plus brefs d\u00e9lais.<\/p>\n<p>Une fois que les appareils les plus \u00e9puis\u00e9s sont suffisamment charg\u00e9s, le syst\u00e8me Intelli-Sense \u00e9quilibre la charge \u00e9lectrique, distribuant la puissance de mani\u00e8re \u00e9gale pour amener les 32 appareils \u00e0 une charge compl\u00e8te de 100% de mani\u00e8re efficace et s\u00fbre, sans surcharger le circuit. Cette capacit\u00e9 intelligente permet non seulement de s'assurer que vos appareils sont toujours pr\u00eats \u00e0 l'emploi, mais aussi de les prot\u00e9ger. En \u00e9vitant les surcharges et en g\u00e9rant le flux d'\u00e9nergie, il contribue \u00e0 prolonger la dur\u00e9e de vie de la batterie de vos biens de valeur, ce qui repr\u00e9sente une \u00e9conomie significative \u00e0 long terme.<\/p>\n<h3 id=\"superior-organization-and-simplified-cable-management\">Organisation sup\u00e9rieure et gestion simplifi\u00e9e des c\u00e2bles<\/h3>\n<p>L'un des aspects les plus frustrants du chargement de plusieurs appareils est l'enchev\u00eatrement des c\u00e2bles qui en r\u00e9sulte souvent. Ce chariot de chargement offre une solution \u00e9l\u00e9gante gr\u00e2ce \u00e0 un syst\u00e8me structur\u00e9 d'organisation des c\u00e2bles. Chacun des huit paniers amovibles est dot\u00e9 d'un organisateur de c\u00e2bles int\u00e9gr\u00e9 qui maintient le cordon de charge de chaque appareil bien rang\u00e9 dans son emplacement. Cette conception bien pens\u00e9e permet de ranger les c\u00e2bles, d'\u00e9viter les enchev\u00eatrements et de s'assurer que chaque appareil a sa place attitr\u00e9e.<\/p>\n<p>Lorsque les paniers sont replac\u00e9s dans le chariot de chargement, ils se connectent de mani\u00e8re transparente \u00e0 l'infrastructure \u00e9lectrique interne. L'armoire principale comporte des barrettes d'alimentation et des canaux d'acheminement bien agenc\u00e9s, ce qui permet de s\u00e9curiser tous les c\u00e2bles et de les mettre \u00e0 l'abri des regards. Cette organisation m\u00e9ticuleuse \u00e9limine la frustration quotidienne li\u00e9e au d\u00e9m\u00ealage des cordons, r\u00e9duit le risque d'endommagement des c\u00e2bles et minimise le temps d'installation. Elle donne un aspect propre et professionnel et garantit la s\u00e9curit\u00e9 en gardant les composants \u00e9lectriques bien \u00e0 l'abri.<\/p>\n<h3 id=\"built-for-lasting-security-and-durability\">Construit pour une s\u00e9curit\u00e9 et une durabilit\u00e9 durables<\/h3>\n<p>Con\u00e7u pour fonctionner dans des environnements tr\u00e8s fr\u00e9quent\u00e9s, ce chariot de chargement robuste est dot\u00e9 d'un cadre solide enti\u00e8rement m\u00e9tallique pour prot\u00e9ger vos appareils de valeur. Son compartiment avant s\u00e9curis\u00e9 et verrouillable, \u00e9quip\u00e9 d'une poign\u00e9e de verrouillage fiable, prot\u00e8ge les 32 appareils contre les manipulations et le vol lorsqu'ils ne sont pas utilis\u00e9s, offrant ainsi une grande tranquillit\u00e9 d'esprit aux administrateurs et au personnel informatique.<\/p>\n<p>La promesse de durabilit\u00e9 est \u00e9tay\u00e9e par une garantie \u00e0 vie sur le cadre, qui t\u00e9moigne de la qualit\u00e9 de sa construction et garantit ses performances \u00e0 long terme. Son poids substantiel de 174 livres souligne sa robustesse et sa stabilit\u00e9. Depuis les roulettes robustes qui permettent un transport en douceur dans les couloirs et entre les pi\u00e8ces jusqu'au bo\u00eetier en acier r\u00e9sistant, chaque composant a \u00e9t\u00e9 s\u00e9lectionn\u00e9 pour sa long\u00e9vit\u00e9 et sa fiabilit\u00e9.<\/p>\n<h3 id=\"design-functionality-and-compatibility\">Conception, fonctionnalit\u00e9 et compatibilit\u00e9<\/h3>\n<p>M\u00e9ticuleusement con\u00e7u pour \u00eatre pratique et compact, le chariot de chargement pr\u00e9sente un profil mince de 36,6 pouces de hauteur, 30 pouces de largeur et 26 pouces de profondeur. Il est donc facile de le faire passer par des portes standard et de le positionner dans une pi\u00e8ce sans qu'il n'occupe trop d'espace.<\/p>\n<p>Ce chariot de chargement est con\u00e7u pour accueillir un large \u00e9ventail de technologies, avec une capacit\u00e9 allant jusqu'\u00e0 32 appareils mesurant jusqu'\u00e0 10,2 pouces par 14,2 pouces. Sa conception g\u00e9n\u00e9reuse lui permet d'accueillir une vari\u00e9t\u00e9 d'appareils populaires, y compris les Chromebooks, les iPads et les petits ordinateurs portables. Les fentes du chariot mesurent 1,2 pouce de large, ce qui offre suffisamment d'espace pour les appareils, m\u00eame ceux dot\u00e9s d'un \u00e9tui fin. Cette polyvalence fait du chariot de chargement un investissement judicieux pour les organisations disposant d'une gamme vari\u00e9e d'appareils, garantissant qu'il restera compatible avec leurs besoins technologiques actuels et futurs.<\/p>\n<p>En r\u00e9sum\u00e9, le chariot de chargement mobile 32 appareils avec paniers amovibles est plus qu'un simple espace de stockage : c'est un syst\u00e8me complet de gestion des appareils. Avec son chargement intelligent, son stockage s\u00e9curis\u00e9, son organisation des c\u00e2bles sans effort et son syst\u00e8me r\u00e9volutionnaire de d\u00e9ploiement des paniers, il offre une solution compl\u00e8te qui renforce l'efficacit\u00e9, la s\u00e9curit\u00e9 et la productivit\u00e9. Ce chariot de chargement est le compl\u00e9ment id\u00e9al pour toute organisation cherchant \u00e0 rationaliser son flux de travail technologique et \u00e0 maximiser le retour sur investissement de ses appareils.<\/p>","protected":false},"excerpt":{"rendered":"<div class=\"chat-container\">\n<div class=\"chat-view-container ng-star-inserted\">\n<div>\n<div class=\"chat-turn-container model render cdk-focused cdk-mouse-focused\" tabindex=\"-1\">\n<div class=\"model-prompt-container\" data-turn-role=\"Model\">\n<div class=\"turn-content\">\n<p class=\"ng-star-inserted\"><span class=\"ng-star-inserted\">Ce chariot mobile permet de charger, stocker et transporter jusqu'\u00e0 32 appareils en toute s\u00e9curit\u00e9. Il est dot\u00e9 d'une technologie de charge intelligente et de 8 paniers color\u00e9s et amovibles pour un d\u00e9ploiement facile. Le chariot est dot\u00e9 d'une construction m\u00e9tallique durable et d'une gestion simplifi\u00e9e des c\u00e2bles, ce qui en fait un outil id\u00e9al pour organiser et d\u00e9ployer efficacement les appareils.<\/span><\/p>\n<div class=\"turn-information ng-star-inserted\"><\/div>\n<\/div>\n<\/div>\n<div class=\"turn-footer ng-star-inserted\"><\/div>\n<\/div>\n<\/div>\n<\/div>\n<\/div>\n<footer class=\"not-zero-state ng-star-inserted\">\n<div class=\"mat-mdc-tooltip-trigger prompt-input-wrapper\">\n<div>\n<div class=\"prompt-input-wrapper-container\">\n<div class=\"text-wrapper\">\n<section class=\"text-and-attachments-wrapper\">\n<div class=\"text-input-wrapper\"><\/div>\n<\/section>\n<\/div>\n<\/div>\n<\/div>\n<\/div>\n<\/footer>","protected":false},"featured_media":2351,"template":"","meta":{"_kad_post_transparent":"default","_kad_post_title":"","_kad_post_layout":"default","_kad_post_sidebar_id":"","_kad_post_content_style":"default","_kad_post_vertical_padding":"default","_kad_post_feature":"","_kad_post_feature_position":"","_kad_post_header":false,"_kad_post_footer":false},"product_brand":[],"product_cat":[91],"product_tag":[115,135,119],"class_list":{"0":"post-984","1":"product","2":"type-product","3":"status-publish","4":"has-post-thumbnail","6":"product_cat-charging-cabinets","7":"product_tag-charging-cart","8":"product_tag-classroom-technology","9":"product_tag-device-management","11":"first","12":"instock","13":"shipping-taxable","14":"product-type-simple","15":"entry","16":"content-bg","17":"loop-entry"},"_links":{"self":[{"href":"https:\/\/24smartcharge.com\/fr\/wp-json\/wp\/v2\/product\/984","targetHints":{"allow":["GET"]}}],"collection":[{"href":"https:\/\/24smartcharge.com\/fr\/wp-json\/wp\/v2\/product"}],"about":[{"href":"https:\/\/24smartcharge.com\/fr\/wp-json\/wp\/v2\/types\/product"}],"wp:featuredmedia":[{"embeddable":true,"href":"https:\/\/24smartcharge.com\/fr\/wp-json\/wp\/v2\/media\/2351"}],"wp:attachment":[{"href":"https:\/\/24smartcharge.com\/fr\/wp-json\/wp\/v2\/media?parent=984"}],"wp:term":[{"taxonomy":"product_brand","embeddable":true,"href":"https:\/\/24smartcharge.com\/fr\/wp-json\/wp\/v2\/product_brand?post=984"},{"taxonomy":"product_cat","embeddable":true,"href":"https:\/\/24smartcharge.com\/fr\/wp-json\/wp\/v2\/product_cat?post=984"},{"taxonomy":"product_tag","embeddable":true,"href":"https:\/\/24smartcharge.com\/fr\/wp-json\/wp\/v2\/product_tag?post=984"}],"curies":[{"name":"wp","href":"https:\/\/api.w.org\/{rel}","templated":true}]}}