{"id":965,"date":"2025-08-04T07:11:07","date_gmt":"2025-08-04T07:11:07","guid":{"rendered":"https:\/\/24smartcharge.com\/?post_type=product&#038;p=965"},"modified":"2025-08-18T03:03:43","modified_gmt":"2025-08-18T03:03:43","slug":"36-device-smart-charging-cart","status":"publish","type":"product","link":"https:\/\/24smartcharge.com\/fr\/36-device-smart-charging-cart\/","title":{"rendered":"Chariot de recharge intelligent pour 36 appareils"},"content":{"rendered":"<h3 id=\"intelligent-and-structured-charging\">Charge intelligente et structur\u00e9e<\/h3>\n<p>L'un des principaux avantages de ce chariot de recharge est sa technologie de recharge avanc\u00e9e et tr\u00e8s performante. Il \u00e9limine le probl\u00e8me de la gestion de nombreuses sources d'alimentation et le risque de saturation des prises \u00e9lectriques. Le chariot comprend un cycle de charge intelligent de 15 minutes qui alloue dynamiquement l'\u00e9nergie aux groupes de prises, garantissant \u00e0 chaque appareil une charge coh\u00e9rente et efficace sans d\u00e9clencher les disjoncteurs. En automatisant le processus de charge, le chariot am\u00e9liore non seulement la maintenance quotidienne, mais contribue \u00e9galement \u00e0 prolonger la dur\u00e9e de vie de la batterie des appareils en \u00e9vitant la surcharge. Cette fonction innovante de \"charge intelligente\" fait du chariot de charge une solution fiable et respectueuse de l'environnement pour les environnements \u00e0 forte demande technologique.<\/p>\n<h3 id=\"uncompromising-security-and-durability\">S\u00e9curit\u00e9 et durabilit\u00e9 sans compromis<\/h3>\n<p>Lorsque vous investissez dans un parc d'appareils, la s\u00e9curit\u00e9 est une priorit\u00e9 non n\u00e9gociable. Ce chariot de chargement est construit comme une forteresse pour prot\u00e9ger vos biens pr\u00e9cieux. Construit avec un cadre et des panneaux enti\u00e8rement m\u00e9talliques, il offre une durabilit\u00e9 exceptionnelle et une r\u00e9sistance aux manipulations. Les portes avant renforc\u00e9es et verrouill\u00e9es, dot\u00e9es d'un syst\u00e8me de verrouillage s\u00e9curis\u00e9, garantissent la protection de tous les appareils contre le vol et l'acc\u00e8s non autoris\u00e9 lorsqu'ils ne sont pas utilis\u00e9s. La conception a\u00e9r\u00e9e des portes et des panneaux lat\u00e9raux facilite la circulation de l'air, \u00e9vitant ainsi la surchauffe des appareils pendant le cycle de charge. Cet engagement en faveur de la qualit\u00e9 et de la long\u00e9vit\u00e9 s'accompagne d'une garantie \u00e0 vie sur le cadre, qui offre une tranquillit\u00e9 d'esprit in\u00e9gal\u00e9e et garantit que le chariot de chargement est un investissement durable, con\u00e7u pour r\u00e9sister aux rigueurs d'une utilisation quotidienne dans des environnements tr\u00e8s fr\u00e9quent\u00e9s.<\/p>\n<h3 id=\"structured-cable-and-network-organization\">Organisation des c\u00e2bles structur\u00e9s et des r\u00e9seaux<\/h3>\n<p>L'encombrement des c\u00e2bles est une frustration courante dans toute installation comportant de nombreux appareils \u00e9lectroniques. Ce chariot de chargement \u00e9limine ce probl\u00e8me de fa\u00e7on magistrale gr\u00e2ce \u00e0 son syst\u00e8me de gestion des c\u00e2bles rationalis\u00e9 et int\u00e9gr\u00e9. Des s\u00e9parateurs amovibles permettent non seulement de personnaliser l'espace de rangement, mais aussi de travailler de concert avec des canaux d'acheminement des c\u00e2bles sp\u00e9cialis\u00e9s. L'int\u00e9rieur du chariot, r\u00e9v\u00e9l\u00e9 lorsque les portes sont ouvertes, pr\u00e9sente un agencement propre et organis\u00e9 o\u00f9 les adaptateurs d'alimentation et les c\u00e2bles peuvent \u00eatre soigneusement fix\u00e9s, \u00e0 l'abri des regards et sans s'emm\u00ealer. Cette organisation m\u00e9ticuleuse garantit que les c\u00e2bles restent \u00e0 leur place, ce qui permet aux utilisateurs de brancher et de d\u00e9brancher rapidement les appareils. Les \u00e9ducateurs et les administrateurs informatiques gagnent ainsi un temps pr\u00e9cieux, leur permettant de se concentrer sur leurs responsabilit\u00e9s principales plut\u00f4t que de se d\u00e9battre avec un d\u00e9sordre de c\u00e2bles.<\/p>\n<p>En outre, le chariot de chargement est con\u00e7u pour r\u00e9pondre aux besoins des infrastructures informatiques modernes gr\u00e2ce \u00e0 sa fonction \"Network Management Facilitated\" (gestion facilit\u00e9e du r\u00e9seau). \u00c0 une \u00e9poque o\u00f9 il est essentiel de s\u00e9curiser et de mettre \u00e0 jour les applications et le contenu des appareils, ce chariot constitue la plateforme id\u00e9ale. Il comprend l'espace et les dispositions n\u00e9cessaires pour ajouter votre propre commutateur de r\u00e9seau g\u00e9r\u00e9, ce qui permet au personnel informatique de se connecter \u00e0 distance aux appareils stock\u00e9s. Cette capacit\u00e9 leur permet d'envoyer des mises \u00e0 jour logicielles, de g\u00e9rer les applications et d'effectuer la maintenance des 36 appareils pendant qu'ils sont enferm\u00e9s en toute s\u00e9curit\u00e9 et en train de se recharger. Il transforme le chariot de chargement d'une simple station de chargement en un puissant outil de gestion de r\u00e9seau, augmentant consid\u00e9rablement l'efficacit\u00e9 et renfor\u00e7ant la s\u00e9curit\u00e9.<\/p>\n<h3 id=\"designed-for-versatility-and-ease-on-the-go\">Con\u00e7u pour la polyvalence et la facilit\u00e9 de d\u00e9placement<\/h3>\n<p>Le chariot de chargement est \u00e0 la fois robuste et spacieux pour faciliter les d\u00e9placements. Il roule en douceur sur des roues industrielles durables, ce qui facilite son transport entre diff\u00e9rents endroits tels que les salles de classe, les salles de conf\u00e9rence ou les services. Les roues sont \u00e9quip\u00e9es de freins de blocage pour maintenir le chariot immobile et s\u00fbr lorsqu'il est gar\u00e9. Les poign\u00e9es ergonomiques sur les c\u00f4t\u00e9s offrent une prise confortable et ferme pour une man\u0153uvre sans effort.<\/p>\n<p>Les dimensions physiques du chariot de chargement ont \u00e9t\u00e9 soigneusement \u00e9tudi\u00e9es pour \u00e9quilibrer la capacit\u00e9 et l'encombrement. Avec des dimensions externes de 43,5\u2033 en hauteur, 40\u2033 en largeur et 26,7\u2033 en profondeur, il est con\u00e7u pour s'int\u00e9grer confortablement dans les placards de rangement ou le long des murs de la salle de classe sans \u00eatre trop intrusif. Son poids substantiel de 269 livres t\u00e9moigne de sa construction robuste, garantissant sa stabilit\u00e9 et ses performances \u00e0 long terme.<\/p>","protected":false},"excerpt":{"rendered":"<div class=\"chat-container\">\n<div class=\"chat-view-container ng-star-inserted\">\n<div>\n<div class=\"chat-turn-container model render cdk-focused cdk-mouse-focused\" tabindex=\"-1\">\n<div class=\"model-prompt-container\" data-turn-role=\"Model\">\n<div class=\"turn-content\">\n<p class=\"ng-star-inserted\"><span class=\"ng-star-inserted\">Chargez et g\u00e9rez en toute s\u00e9curit\u00e9 jusqu'\u00e0 36 appareils avec des \u00e9crans jusqu'\u00e0 17\u2033. Ce chariot durable, enti\u00e8rement m\u00e9tallique, est dot\u00e9 d'un cycle de charge intelligent et d'une gestion simplifi\u00e9e des c\u00e2bles pour une s\u00e9curit\u00e9 et une organisation accrues. Id\u00e9al pour les ordinateurs portables, les tablettes et les Chromebooks. Pr\u00eat pour la gestion de r\u00e9seau.<\/span><\/p>\n<\/div>\n<\/div>\n<\/div>\n<\/div>\n<\/div>\n<\/div>","protected":false},"featured_media":2347,"template":"","meta":{"_kad_post_transparent":"default","_kad_post_title":"","_kad_post_layout":"default","_kad_post_sidebar_id":"","_kad_post_content_style":"default","_kad_post_vertical_padding":"default","_kad_post_feature":"","_kad_post_feature_position":"","_kad_post_header":false,"_kad_post_footer":false},"product_brand":[],"product_cat":[91],"product_tag":[115,135,119],"class_list":{"0":"post-965","1":"product","2":"type-product","3":"status-publish","4":"has-post-thumbnail","6":"product_cat-charging-cabinets","7":"product_tag-charging-cart","8":"product_tag-classroom-technology","9":"product_tag-device-management","11":"first","12":"instock","13":"shipping-taxable","14":"product-type-simple","15":"entry","16":"content-bg","17":"loop-entry"},"_links":{"self":[{"href":"https:\/\/24smartcharge.com\/fr\/wp-json\/wp\/v2\/product\/965","targetHints":{"allow":["GET"]}}],"collection":[{"href":"https:\/\/24smartcharge.com\/fr\/wp-json\/wp\/v2\/product"}],"about":[{"href":"https:\/\/24smartcharge.com\/fr\/wp-json\/wp\/v2\/types\/product"}],"wp:featuredmedia":[{"embeddable":true,"href":"https:\/\/24smartcharge.com\/fr\/wp-json\/wp\/v2\/media\/2347"}],"wp:attachment":[{"href":"https:\/\/24smartcharge.com\/fr\/wp-json\/wp\/v2\/media?parent=965"}],"wp:term":[{"taxonomy":"product_brand","embeddable":true,"href":"https:\/\/24smartcharge.com\/fr\/wp-json\/wp\/v2\/product_brand?post=965"},{"taxonomy":"product_cat","embeddable":true,"href":"https:\/\/24smartcharge.com\/fr\/wp-json\/wp\/v2\/product_cat?post=965"},{"taxonomy":"product_tag","embeddable":true,"href":"https:\/\/24smartcharge.com\/fr\/wp-json\/wp\/v2\/product_tag?post=965"}],"curies":[{"name":"wp","href":"https:\/\/api.w.org\/{rel}","templated":true}]}}