{"id":960,"date":"2025-08-04T07:00:03","date_gmt":"2025-08-04T07:00:03","guid":{"rendered":"https:\/\/24smartcharge.com\/?post_type=product&#038;p=960"},"modified":"2025-08-18T03:00:12","modified_gmt":"2025-08-18T03:00:12","slug":"secure-charging-cart-for-40-laptops-and-chromebooks","status":"publish","type":"product","link":"https:\/\/24smartcharge.com\/fr\/secure-charging-cart-for-40-laptops-and-chromebooks\/","title":{"rendered":"Chariot de chargement s\u00e9curis\u00e9 pour 40 ordinateurs portables et Chromebooks"},"content":{"rendered":"<h1 id=\"a-comprehensive-solution-for-modern-device-management\">Une solution compl\u00e8te pour la gestion moderne des appareils<\/h1>\n<p>Ce chariot de chargement s\u00e9curis\u00e9 est plus qu'un simple meuble ; c'est une solution compl\u00e8te, tout-en-un, pour la gestion moderne des appareils. Sa conception r\u00e9fl\u00e9chie r\u00e9pond aux d\u00e9fis critiques de la charge, de la s\u00e9curit\u00e9, du transport et de l'organisation. En associant un cadre durable enti\u00e8rement m\u00e9tallique \u00e0 un syst\u00e8me de chargement intelligent bas\u00e9 sur des cycles et \u00e0 des fonctions conviviales telles que des \u00e9tag\u00e8res coulissantes et une gestion int\u00e9gr\u00e9e des c\u00e2bles, il offre un niveau d'efficacit\u00e9 et de s\u00e9curit\u00e9 in\u00e9gal\u00e9. Il s'agit d'un outil essentiel pour tout environnement \u00e9ducatif, qui permet aux \u00e9ducateurs d'exploiter efficacement la technologie tout en prot\u00e9geant les biens pr\u00e9cieux de l'\u00e9cole. Investissez dans une solution qui apporte simplicit\u00e9, s\u00e9curit\u00e9 et structure \u00e0 votre programme technologique en classe.<\/p>\n<p><img fetchpriority=\"high\" decoding=\"async\" class=\"size-full wp-image-2342\" src=\"https:\/\/24smartcharge.com\/wp-content\/uploads\/2025\/08\/Secure-Charging-Cart-for-40-Laptops-and-Chromebooks.jpg\" alt=\"Chariot de chargement s\u00e9curis\u00e9 pour 40 ordinateurs portables et Chromebooks\" width=\"1000\" height=\"1000\" srcset=\"https:\/\/24smartcharge.com\/wp-content\/uploads\/2025\/08\/Secure-Charging-Cart-for-40-Laptops-and-Chromebooks.jpg 1000w, https:\/\/24smartcharge.com\/wp-content\/uploads\/2025\/08\/Secure-Charging-Cart-for-40-Laptops-and-Chromebooks-300x300.jpg 300w, https:\/\/24smartcharge.com\/wp-content\/uploads\/2025\/08\/Secure-Charging-Cart-for-40-Laptops-and-Chromebooks-150x150.jpg 150w, https:\/\/24smartcharge.com\/wp-content\/uploads\/2025\/08\/Secure-Charging-Cart-for-40-Laptops-and-Chromebooks-768x768.jpg 768w, https:\/\/24smartcharge.com\/wp-content\/uploads\/2025\/08\/Secure-Charging-Cart-for-40-Laptops-and-Chromebooks-12x12.jpg 12w, https:\/\/24smartcharge.com\/wp-content\/uploads\/2025\/08\/Secure-Charging-Cart-for-40-Laptops-and-Chromebooks-600x600.jpg 600w, https:\/\/24smartcharge.com\/wp-content\/uploads\/2025\/08\/Secure-Charging-Cart-for-40-Laptops-and-Chromebooks-100x100.jpg 100w\" sizes=\"(max-width: 1000px) 100vw, 1000px\" \/><\/p>\n<h3 id=\"-optimized-power-distribution-for-maximum-performance-\"><strong>Distribution optimis\u00e9e de l'\u00e9nergie pour des performances maximales<\/strong><\/h3>\n<p>Ce chariot de chargement est dot\u00e9 d'un syst\u00e8me de chargement innovant con\u00e7u pour la performance et la s\u00e9curit\u00e9, garantissant que tous vos appareils sont enti\u00e8rement aliment\u00e9s et prot\u00e9g\u00e9s.<\/p>\n<ul>\n<li><strong>Chargement \u00e0 haute capacit\u00e9 :<\/strong>\u00a0G\u00e8re simultan\u00e9ment la charge de 40 appareils d'\u00e9tudiants et de l'ordinateur portable d'un enseignant.<\/li>\n<li><strong>Distribution intelligente de l'\u00e9nergie :<\/strong>\u00a0Utilise une minuterie unique de 15 minutes qui distribue intelligemment la puissance \u00e0 diff\u00e9rents groupes d'appareils \u00e0 intervalles r\u00e9guliers.<\/li>\n<li><strong>Pr\u00e9vention de la surcharge du circuit :<\/strong>\u00a0Il \u00e9vite le probl\u00e8me courant de la surcharge d'un seul circuit \u00e9lectrique lors du chargement simultan\u00e9 de plusieurs appareils \u00e0 forte consommation, prot\u00e9geant ainsi l'infrastructure de l'\u00e9cole et \u00e9vitant des mises \u00e0 niveau \u00e9lectriques co\u00fbteuses.<\/li>\n<li><strong>Dur\u00e9e de vie prolong\u00e9e de la batterie :<\/strong>\u00a0Prot\u00e8ge les batteries des appareils contre une surcharge continue, ce qui prolonge la dur\u00e9e de vie de vos pr\u00e9cieuses ressources technologiques.<\/li>\n<\/ul>\n<h3 id=\"-unyielding-security-and-robust-durability-\"><strong>Une s\u00e9curit\u00e9 \u00e0 toute \u00e9preuve et une durabilit\u00e9 \u00e0 toute \u00e9preuve<\/strong><\/h3>\n<p>Con\u00e7u pour offrir une totale tranquillit\u00e9 d'esprit, ce chariot de chargement est con\u00e7u pour prot\u00e9ger votre important investissement technologique gr\u00e2ce \u00e0 sa construction durable enti\u00e8rement m\u00e9tallique.<\/p>\n<ul>\n<li><strong>Construction enti\u00e8rement m\u00e9tallique :<\/strong>\u00a0Le cadre robuste est con\u00e7u pour r\u00e9sister aux rigueurs quotidiennes d'un environnement scolaire anim\u00e9, qu'il s'agisse de chocs accidentels ou d'une utilisation constante.<\/li>\n<li><strong>Garantie \u00e0 vie :<\/strong>\u00a0Le cadre en acier est garanti \u00e0 vie, ce qui t\u00e9moigne de sa qualit\u00e9 de construction exceptionnelle et de sa fiabilit\u00e9 \u00e0 long terme.<\/li>\n<li><strong>M\u00e9canisme de verrouillage s\u00e9curis\u00e9 :<\/strong>\u00a0La s\u00e9curit\u00e9 est renforc\u00e9e par un m\u00e9canisme de verrouillage s\u00e9curis\u00e9 des portes principales, qui garantit la protection des appareils contre le vol, la falsification et l'acc\u00e8s non autoris\u00e9.<\/li>\n<li><strong>Panneaux ventil\u00e9s :<\/strong>\u00a0La conception int\u00e8gre des panneaux ventil\u00e9s qui favorisent la circulation de l'air, \u00e9vitant ainsi la surchauffe pendant la charge et garantissant des performances optimales des appareils.<\/li>\n<\/ul>\n<h3 id=\"-engineered-for-effortless-access-and-deployment-\"><strong>Con\u00e7u pour un acc\u00e8s et un d\u00e9ploiement sans effort<\/strong><\/h3>\n<p>Con\u00e7u pour une gestion efficace des appareils, ce chariot de chargement garantit un processus de d\u00e9ploiement et de r\u00e9cup\u00e9ration rapide et sans heurts, ce qui permet d'optimiser le temps pass\u00e9 en classe.<\/p>\n<ul>\n<li><strong>Tablettes coulissantes \u00e0 acc\u00e8s facile :<\/strong>\u00a0Gr\u00e2ce \u00e0 deux \u00e9tag\u00e8res coulissantes, les utilisateurs peuvent acc\u00e9der facilement \u00e0 chaque appareil avec un minimum d'effort, ce qui r\u00e9duit les risques de chutes accidentelles ou de dommages.<\/li>\n<li><strong>Inspection visuelle rapide :<\/strong>\u00a0La structure ouverte des \u00e9tag\u00e8res permet aux instructeurs d'inspecter visuellement les appareils rapidement, ce qui leur permet d'identifier rapidement les articles retourn\u00e9s et de rep\u00e9rer les articles manquants.<\/li>\n<li><strong>Plateau d'instructeurs d\u00e9di\u00e9s :<\/strong>\u00a0Comprend un plateau int\u00e9gr\u00e9 et coulissant sur le dessus, offrant un espace de stockage s\u00fbr et accessible pour l'appareil principal de l'instructeur et les accessoires essentiels.<\/li>\n<\/ul>\n<h3 id=\"-streamlined-cable-organization-to-maintain-a-tidy-classroom-\"><strong>Organisation rationalis\u00e9e des c\u00e2bles pour une salle de classe bien rang\u00e9e<\/strong><\/h3>\n<p>Un syst\u00e8me de gestion des c\u00e2bles remarquablement simplifi\u00e9 permet de rem\u00e9dier \u00e0 la frustration persistante des c\u00e2bles enchev\u00eatr\u00e9s.<\/p>\n<ul>\n<li><strong>Gestion int\u00e9gr\u00e9e des c\u00e2bles :<\/strong>\u00a0Le panneau arri\u00e8re int\u00e9rieur est \u00e9quip\u00e9 de canaux et de clips int\u00e9gr\u00e9s qui fixent chaque cordon d'alimentation \u00e0 l'endroit pr\u00e9vu.<\/li>\n<li><strong>Sans enchev\u00eatrement et prot\u00e9g\u00e9 :<\/strong>\u00a0Cette organisation m\u00e9ticuleuse garantit que les c\u00e2bles ne sont pas emm\u00eal\u00e9s, qu'ils sont prot\u00e9g\u00e9s contre les tensions et les dommages et qu'ils sont toujours pr\u00eats pour le prochain appareil.<\/li>\n<li><strong>Gain de temps :<\/strong>\u00a0\u00c9limine les pertes de temps li\u00e9es au d\u00e9m\u00ealage des cordons ou \u00e0 la recherche d'adaptateurs manquants, ce qui permet d'\u00e9conomiser du temps d'enseignement pr\u00e9cieux et de r\u00e9duire la maintenance pour le personnel informatique.<\/li>\n<li><strong>Prises de courant externes :<\/strong>\u00a0Comprend des prises de courant externes, offrant un emplacement pratique pour brancher d'autres p\u00e9riph\u00e9riques tels qu'une cam\u00e9ra de documents ou un projecteur sans avoir besoin d'une rallonge s\u00e9par\u00e9e.<\/li>\n<\/ul>","protected":false},"excerpt":{"rendered":"<div class=\"chat-container\">\n<div class=\"chat-view-container ng-star-inserted\">\n<div>\n<div class=\"chat-turn-container code-block-aligner model render cdk-focused cdk-mouse-focused\" tabindex=\"-1\">\n<div class=\"model-prompt-container\" data-turn-role=\"Model\">\n<div class=\"turn-content\">\n<p class=\"ng-star-inserted\"><span class=\"ng-star-inserted\">Ce chariot de chargement m\u00e9tallique durable stocke, transporte et charge en toute s\u00e9curit\u00e9 jusqu'\u00e0 40 ordinateurs portables ou Chromebooks, ainsi que l'appareil d'un enseignant. Il est dot\u00e9 d'une technologie de charge intelligente, d'une gestion int\u00e9gr\u00e9e des c\u00e2bles pour l'organisation et de portes verrouillables pour la s\u00e9curit\u00e9. Des \u00e9tag\u00e8res coulissantes permettent d'acc\u00e9der facilement \u00e0 tous les appareils.<\/span><\/p>\n<\/div>\n<\/div>\n<\/div>\n<\/div>\n<\/div>\n<\/div>","protected":false},"featured_media":2342,"template":"","meta":{"_kad_post_transparent":"default","_kad_post_title":"","_kad_post_layout":"default","_kad_post_sidebar_id":"","_kad_post_content_style":"default","_kad_post_vertical_padding":"default","_kad_post_feature":"","_kad_post_feature_position":"","_kad_post_header":false,"_kad_post_footer":false},"product_brand":[],"product_cat":[91],"product_tag":[115,119,134],"class_list":{"0":"post-960","1":"product","2":"type-product","3":"status-publish","4":"has-post-thumbnail","6":"product_cat-charging-cabinets","7":"product_tag-charging-cart","8":"product_tag-device-management","9":"product_tag-edtech","11":"first","12":"instock","13":"shipping-taxable","14":"product-type-simple","15":"entry","16":"content-bg","17":"loop-entry"},"_links":{"self":[{"href":"https:\/\/24smartcharge.com\/fr\/wp-json\/wp\/v2\/product\/960","targetHints":{"allow":["GET"]}}],"collection":[{"href":"https:\/\/24smartcharge.com\/fr\/wp-json\/wp\/v2\/product"}],"about":[{"href":"https:\/\/24smartcharge.com\/fr\/wp-json\/wp\/v2\/types\/product"}],"wp:featuredmedia":[{"embeddable":true,"href":"https:\/\/24smartcharge.com\/fr\/wp-json\/wp\/v2\/media\/2342"}],"wp:attachment":[{"href":"https:\/\/24smartcharge.com\/fr\/wp-json\/wp\/v2\/media?parent=960"}],"wp:term":[{"taxonomy":"product_brand","embeddable":true,"href":"https:\/\/24smartcharge.com\/fr\/wp-json\/wp\/v2\/product_brand?post=960"},{"taxonomy":"product_cat","embeddable":true,"href":"https:\/\/24smartcharge.com\/fr\/wp-json\/wp\/v2\/product_cat?post=960"},{"taxonomy":"product_tag","embeddable":true,"href":"https:\/\/24smartcharge.com\/fr\/wp-json\/wp\/v2\/product_tag?post=960"}],"curies":[{"name":"wp","href":"https:\/\/api.w.org\/{rel}","templated":true}]}}