{"id":949,"date":"2025-08-04T06:40:36","date_gmt":"2025-08-04T06:40:36","guid":{"rendered":"https:\/\/24smartcharge.com\/?post_type=product&#038;p=949"},"modified":"2025-08-18T02:44:22","modified_gmt":"2025-08-18T02:44:22","slug":"charging-cart-for-36-devices","status":"publish","type":"product","link":"https:\/\/24smartcharge.com\/fr\/charging-cart-for-36-devices\/","title":{"rendered":"Chariot de chargement pour 36 appareils"},"content":{"rendered":"<p><strong>Une charge intelligente et structur\u00e9e pour des performances optimales<\/strong><\/p>\n<p>Au c\u0153ur de cette armoire de recharge se trouve le syst\u00e8me innovant Intelli-Sense Smart Charging System, qui transforme la t\u00e2che complexe de la recharge de plusieurs appareils en un processus transparent et automatis\u00e9. Il n'est donc plus n\u00e9cessaire de brancher manuellement les appareils et de s'inqui\u00e9ter de la surcharge des circuits. Le syst\u00e8me Intelli-Sense identifie intelligemment les appareils dont le niveau de batterie est le plus bas et donne la priorit\u00e9 \u00e0 l'allocation de l'\u00e9nergie en cons\u00e9quence, garantissant que les appareils les plus urgents sont charg\u00e9s et op\u00e9rationnels dans les plus brefs d\u00e9lais.<\/p>\n<p>Apr\u00e8s cette priorisation initiale, le syst\u00e8me optimise la distribution de l'\u00e9nergie entre tous les appareils connect\u00e9s, en amenant syst\u00e9matiquement chacun d'entre eux \u00e0 une charge compl\u00e8te. Cette approche m\u00e9thodique garantit que tous les appareils sont compl\u00e8tement charg\u00e9s et pr\u00eats \u00e0 l'emploi, tout en prot\u00e9geant le syst\u00e8me \u00e9lectrique contre les surtensions et les fusibles grill\u00e9s. En r\u00e9gulant le processus de charge, cette fonction intelligente contribue \u00e9galement \u00e0 prolonger la dur\u00e9e de vie de la batterie en \u00e9vitant les surcharges et en favorisant des cycles de charge plus sains. L'arri\u00e8re de l'armoire de chargement abrite un syst\u00e8me de gestion de l'alimentation m\u00e9ticuleusement con\u00e7u avec des prises d'alimentation CA individuelles qui fournissent une alimentation stable et fiable \u00e0 chaque appareil, prot\u00e9geant ainsi vos pr\u00e9cieuses ressources technologiques.<\/p>\n<p><img fetchpriority=\"high\" decoding=\"async\" class=\"size-full wp-image-2338\" src=\"https:\/\/24smartcharge.com\/wp-content\/uploads\/2025\/08\/Charging-Cart-for-36-Devices01.jpg\" alt=\"Chariot de chargement pour 36 appareils\" width=\"1000\" height=\"1000\" srcset=\"https:\/\/24smartcharge.com\/wp-content\/uploads\/2025\/08\/Charging-Cart-for-36-Devices01.jpg 1000w, https:\/\/24smartcharge.com\/wp-content\/uploads\/2025\/08\/Charging-Cart-for-36-Devices01-300x300.jpg 300w, https:\/\/24smartcharge.com\/wp-content\/uploads\/2025\/08\/Charging-Cart-for-36-Devices01-150x150.jpg 150w, https:\/\/24smartcharge.com\/wp-content\/uploads\/2025\/08\/Charging-Cart-for-36-Devices01-768x768.jpg 768w, https:\/\/24smartcharge.com\/wp-content\/uploads\/2025\/08\/Charging-Cart-for-36-Devices01-12x12.jpg 12w, https:\/\/24smartcharge.com\/wp-content\/uploads\/2025\/08\/Charging-Cart-for-36-Devices01-600x600.jpg 600w, https:\/\/24smartcharge.com\/wp-content\/uploads\/2025\/08\/Charging-Cart-for-36-Devices01-100x100.jpg 100w\" sizes=\"(max-width: 1000px) 100vw, 1000px\" \/><\/p>\n<p><strong>Une conception qui simplifie la gestion<\/strong><\/p>\n<p>Cette armoire de chargement est un chef-d'\u0153uvre de conception r\u00e9fl\u00e9chie, dont chaque \u00e9l\u00e9ment est con\u00e7u pour am\u00e9liorer l'exp\u00e9rience de l'utilisateur. L'une de ses principales caract\u00e9ristiques est son syst\u00e8me sophistiqu\u00e9 de gestion des c\u00e2bles. L'int\u00e9rieur est \u00e9quip\u00e9 de clips d'acheminement et de s\u00e9parateurs int\u00e9gr\u00e9s qui permettent d'organiser les c\u00e2bles de charge et de les maintenir en place en toute s\u00e9curit\u00e9. Cela permet d'\u00e9viter les \"spaghettis\" de cordons emm\u00eal\u00e9s qui sont le lot d'autres solutions de recharge. Les avantages imm\u00e9diats comprennent une r\u00e9duction significative du temps n\u00e9cessaire pour connecter et r\u00e9cup\u00e9rer les appareils, la pr\u00e9vention des dommages caus\u00e9s par l'enchev\u00eatrement et le pincement des c\u00e2bles, et le maintien d'une apparence propre et professionnelle.<\/p>\n<p>En outre, l'identification des appareils est simplifi\u00e9e par l'utilisation de bandes de rayonnage num\u00e9rot\u00e9es. Chacun des 36 emplacements peut se voir attribuer un num\u00e9ro correspondant \u00e0 un utilisateur, un employ\u00e9 ou un \u00e9quipement sp\u00e9cifique. Ce syst\u00e8me simple mais efficace facilite le suivi de tous les appareils, encourage la responsabilisation et rationalise le processus de distribution et de collecte. Un tel niveau d'organisation est essentiel dans les environnements dynamiques tels que les salles de classe et les espaces de travail partag\u00e9s, car il minimise le risque d'\u00e9garement des articles et garantit que chaque personne re\u00e7oit toujours le bon appareil.<\/p>\n<p><strong>Capacit\u00e9 robuste et portabilit\u00e9 in\u00e9gal\u00e9e<\/strong><\/p>\n<p>Malgr\u00e9 son profil mince, l'armoire de chargement peut accueillir jusqu'\u00e0 36 appareils, chacun d'une \u00e9paisseur maximale de 1,25 pouce. Elle est con\u00e7ue pour accueillir une vari\u00e9t\u00e9 d'ordinateurs portables, de Chromebooks et de tablettes, avec des dimensions maximales de 10,5\u2033 x 14,4\u2033, garantissant la compatibilit\u00e9 avec les appareils \u00e9ducatifs et professionnels standard.<\/p>\n<p>Les dimensions physiques de l'armoire de chargement sont optimis\u00e9es pour l'efficacit\u00e9 de l'espace et la mobilit\u00e9. Avec des dimensions ext\u00e9rieures de 44\u2033 H x 22\u2033 L x 23,6\u2033 P, elle pr\u00e9sente un encombrement compact qui lui permet de s'int\u00e9grer discr\u00e8tement dans un coin de salle de classe ou dans un placard \u00e0 fournitures. Son design \u00e9lanc\u00e9 lui permet \u00e9galement de passer facilement les portes standard. La maniabilit\u00e9 est la pierre angulaire de sa conception, avec des roulettes robustes qui glissent en douceur sur diff\u00e9rentes surfaces de sol. Pour plus de s\u00e9curit\u00e9, les roues sont \u00e9quip\u00e9es de m\u00e9canismes de verrouillage conviviaux qui maintiennent le chariot en place lorsqu'il est \u00e0 l'arr\u00eat. Une poign\u00e9e robuste et ergonomique offre une prise en main confortable pour un transport sans effort entre les pi\u00e8ces, les \u00e9tages ou m\u00eame les b\u00e2timents.<\/p>\n<p><strong>Une s\u00e9curit\u00e9 et une durabilit\u00e9 \u00e0 toute \u00e9preuve<\/strong><\/p>\n<p>La protection de vos pr\u00e9cieux investissements technologiques est primordiale, et cette armoire de chargement est con\u00e7ue pour offrir une s\u00e9curit\u00e9 in\u00e9branlable et une tranquillit\u00e9 d'esprit. Sa promesse \"Locked &amp; Secure\" est tenue gr\u00e2ce \u00e0 une construction robuste en acier et \u00e0 un syst\u00e8me de verrouillage s\u00e9curis\u00e9 de la porte avant, qui prot\u00e8ge les appareils co\u00fbteux contre le vol, les dommages et l'acc\u00e8s non autoris\u00e9. Des panneaux de ventilation strat\u00e9giquement plac\u00e9s sur les c\u00f4t\u00e9s et \u00e0 l'arri\u00e8re du chariot facilitent la circulation de l'air, \u00e9vitant ainsi la surchauffe lorsque plusieurs appareils se chargent simultan\u00e9ment et garantissant leur performance et leur fiabilit\u00e9 \u00e0 long terme. D'un poids substantiel de 179 livres, le cadre enti\u00e8rement m\u00e9tallique de l'armoire de chargement t\u00e9moigne de sa durabilit\u00e9 et de sa capacit\u00e9 \u00e0 r\u00e9sister aux exigences d'une utilisation fr\u00e9quente dans un environnement anim\u00e9.<\/p>","protected":false},"excerpt":{"rendered":"<p>Ce chariot de chargement s\u00e9curis\u00e9 permet de stocker et de transporter jusqu'\u00e0 36 appareils. Son syst\u00e8me de charge intelligent alimente efficacement les appareils, tandis que la gestion simplifi\u00e9e des c\u00e2bles permet de garder l'ordre. Les emplacements num\u00e9rot\u00e9s facilitent l'identification.<\/p>","protected":false},"featured_media":2338,"template":"","meta":{"_kad_post_transparent":"default","_kad_post_title":"","_kad_post_layout":"default","_kad_post_sidebar_id":"","_kad_post_content_style":"default","_kad_post_vertical_padding":"default","_kad_post_feature":"","_kad_post_feature_position":"","_kad_post_header":false,"_kad_post_footer":false},"product_brand":[],"product_cat":[91],"product_tag":[115,119,133],"class_list":{"0":"post-949","1":"product","2":"type-product","3":"status-publish","4":"has-post-thumbnail","6":"product_cat-charging-cabinets","7":"product_tag-charging-cart","8":"product_tag-device-management","9":"product_tag-school-supplies","11":"first","12":"instock","13":"shipping-taxable","14":"product-type-simple","15":"entry","16":"content-bg","17":"loop-entry"},"_links":{"self":[{"href":"https:\/\/24smartcharge.com\/fr\/wp-json\/wp\/v2\/product\/949","targetHints":{"allow":["GET"]}}],"collection":[{"href":"https:\/\/24smartcharge.com\/fr\/wp-json\/wp\/v2\/product"}],"about":[{"href":"https:\/\/24smartcharge.com\/fr\/wp-json\/wp\/v2\/types\/product"}],"wp:featuredmedia":[{"embeddable":true,"href":"https:\/\/24smartcharge.com\/fr\/wp-json\/wp\/v2\/media\/2338"}],"wp:attachment":[{"href":"https:\/\/24smartcharge.com\/fr\/wp-json\/wp\/v2\/media?parent=949"}],"wp:term":[{"taxonomy":"product_brand","embeddable":true,"href":"https:\/\/24smartcharge.com\/fr\/wp-json\/wp\/v2\/product_brand?post=949"},{"taxonomy":"product_cat","embeddable":true,"href":"https:\/\/24smartcharge.com\/fr\/wp-json\/wp\/v2\/product_cat?post=949"},{"taxonomy":"product_tag","embeddable":true,"href":"https:\/\/24smartcharge.com\/fr\/wp-json\/wp\/v2\/product_tag?post=949"}],"curies":[{"name":"wp","href":"https:\/\/api.w.org\/{rel}","templated":true}]}}