{"id":915,"date":"2025-08-04T03:31:18","date_gmt":"2025-08-04T03:31:18","guid":{"rendered":"https:\/\/24smartcharge.com\/?post_type=product&#038;p=915"},"modified":"2025-08-15T06:13:13","modified_gmt":"2025-08-15T06:13:13","slug":"36-device-smart-usb-c-charging-cabinet","status":"publish","type":"product","link":"https:\/\/24smartcharge.com\/fr\/36-device-smart-usb-c-charging-cabinet\/","title":{"rendered":"Armoire de recharge USB-C intelligente pour 36 appareils"},"content":{"rendered":"<p><strong>\u00a0Armoire de chargement avec 10 banques d'alimentation : Alimentation ininterrompue pour les environnements dynamiques<\/strong><br \/>\nDans le monde d'aujourd'hui, au rythme rapide et ax\u00e9 sur la technologie, qu'il s'agisse d'une classe dynamique, d'un bureau collaboratif ou d'une salle de r\u00e9union dynamique, la n\u00e9cessit\u00e9 d'une alimentation \u00e9lectrique fiable et accessible est vitale. La contrainte d'\u00eatre attach\u00e9 \u00e0 une prise \u00e9lectrique murale peut \u00e9touffer le fauteuil roulant, la coop\u00e9ration et la performance. La collection d'armoires de chargement appara\u00eet comme l'option concluante \u00e0 cet obstacle moderne, en fournissant un syst\u00e8me complet cr\u00e9\u00e9 pour donner \"de l'\u00e9nergie o\u00f9 et quand vous en avez besoin\". Cet article de pointe associe une armoire de facturation durable et s\u00e9curis\u00e9e \u00e0 dix banques d'alimentation mobiles de grande capacit\u00e9 et technologiquement avanc\u00e9es, d\u00e9veloppant ainsi un \u00e9cosyst\u00e8me fluide permettant de maintenir jusqu'\u00e0 dix outils charg\u00e9s et pr\u00eats \u00e0 l'action \u00e0 la minute pr\u00e8s. Plus qu'une simple borne de recharge, c'est un stimulant de l'efficacit\u00e9, qui garantit que la d\u00e9couverte, le travail et la collaboration n'auront plus jamais besoin de s'arr\u00eater en raison d'une batterie faible.<\/p>\n<p><strong>Le c\u0153ur du syst\u00e8me : L'armoire de chargement s\u00e9curis\u00e9e<\/strong><\/p>\n<p>La base du syst\u00e8me est son armoire de chargement intelligemment cr\u00e9\u00e9e et exceptionnellement r\u00e9sistante. Comprenant les besoins des environnements courants tels que les \u00e9coles et les lieux de travail, l'armoire a \u00e9t\u00e9 con\u00e7ue en mettant l'accent sur la s\u00e9curit\u00e9 et la durabilit\u00e9.<\/p>\n<p>B\u00e2timent en acier robuste et verrouillage s\u00e9curis\u00e9 : L'armoire est constitu\u00e9e d'une structure solide enti\u00e8rement m\u00e9tallique, qui fournit un bo\u00eetier robuste et inviolable pour les institutions financi\u00e8res de puissance b\u00e9n\u00e9fique qui y sont stock\u00e9es. Ce rev\u00eatement durable est con\u00e7u pour r\u00e9sister \u00e0 la rudesse quotidienne des zones tr\u00e8s fr\u00e9quent\u00e9es, prot\u00e9geant les composants internes et les batteries des chocs accidentels, des chutes et de l'usure. Un m\u00e9canisme de verrouillage s\u00fbr vient compl\u00e9ter cette construction durable. Cet attribut essentiel offre une grande satisfaction, en garantissant que les 10 PowerBank sont \u00e0 l'abri du vol ou de l'acc\u00e8s non autoris\u00e9. Les administrateurs ou les instructeurs peuvent s'occuper de l'accessibilit\u00e9, en distribuant les PowerBank en cas de besoin et en garantissant qu'ils sont tous retourn\u00e9s et prot\u00e9g\u00e9s \u00e0 la fin de la journ\u00e9e. La porte avant verrouillable, dot\u00e9e d'une fen\u00eatre transparente, permet de v\u00e9rifier rapidement l'\u00e9tat des stocks sans avoir \u00e0 ouvrir l'appareil.<\/p>\n<p>Facturation centralis\u00e9e et fiable : \u00c0 l'int\u00e9rieur du placard, vous d\u00e9couvrirez certainement dix compartiments de batterie priv\u00e9s, chacun d'entre eux \u00e9tant enti\u00e8rement dimensionn\u00e9 pour accueillir une PowerBank Ce syst\u00e8me organis\u00e9 permet de se d\u00e9barrasser de l'encombrement de plusieurs c\u00e2bles et chargeurs. Le c\u0153ur de sa capacit\u00e9 de facturation est un centre de charge USB puissant et efficace de 65 watts. Cette source principale d'\u00e9nergie est cr\u00e9\u00e9e pour charger en m\u00eame temps les 10 batteries PowerBank de 20 000 mAh, en s'assurant que l'ensemble du parc est renouvel\u00e9 et pr\u00e9par\u00e9 pour le jour d'utilisation suivant. Cette strat\u00e9gie centralis\u00e9e simplifie la surveillance de l'alimentation pour l'\u00e9quipe informatique et les enseignants, transformant le travail chaotique de chargement de plusieurs appareils en une simple proc\u00e9dure de nuit.<\/p>\n<p>Con\u00e7ue pour votre espace : Avec des dimensions ext\u00e9rieures de 14,5 pouces de hauteur, 17,2 pouces de taille et 11,5 pouces de profondeur, l'armoire de chargement est con\u00e7ue pour \u00eatre un ajout petit et discret \u00e0 n'importe quel type d'espace. Elle est suffisamment importante pour \u00eatre s\u00fbre et s\u00e9curis\u00e9e, avec un poids de 32 livres, et suffisamment fonctionnelle pour \u00eatre plac\u00e9e sur un comptoir de cuisine, sur une \u00e9tag\u00e8re robuste ou fermement fix\u00e9e \u00e0 une surface murale. Son esth\u00e9tique \u00e9pur\u00e9e et sp\u00e9cialis\u00e9e lui permet de s'int\u00e9grer parfaitement dans les environnements de classe et de bureau modernes.<\/p>\n<p><strong>La centrale \u00e9lectrique dans votre paume : Le PowerBank 20 000 mAh.<\/strong><\/p>\n<p>La v\u00e9ritable flexibilit\u00e9 du syst\u00e8me de l'armoire de chargement provient des dix batteries priv\u00e9es PowerBank. Il ne s'agit pas de chargeurs portables ordinaires, mais de g\u00e9ants \u00e0 haute capacit\u00e9, riches en fonctionnalit\u00e9s et con\u00e7us pour l'efficacit\u00e9 et le confort.<\/p>\n<p>Capacit\u00e9 massive et commodit\u00e9 ultime : Chacune des dix batteries a une capacit\u00e9 significative de 20 000 mAh (75,6 Wh \u00e0 90Wh), ce qui permet de facturer plusieurs fois un appareil intelligent courant ou de facturer totalement une tablette ou un petit ordinateur portable. Cette immense capacit\u00e9 permet de s'assurer qu'une seule institution financi\u00e8re peut soutenir un \u00e9tudiant ou un membre du personnel tout au long de sa journ\u00e9e, du premier cours au dernier travail.<\/p>\n<p>La flexibilit\u00e9 atteint sa remarquable vari\u00e9t\u00e9 de ports de facturation. Chaque syst\u00e8me est fourni avec deux ports USB-C et 2 ports USB-A, ce qui permet \u00e0 une institution financi\u00e8re d'alimentation de charger jusqu'\u00e0 4 appareils simultan\u00e9ment. Ce style multiport est excellent pour le travail en groupe ou pour le client moderne qui apporte un t\u00e9l\u00e9phone, une tablette et des \u00e9couteurs sans fil.<\/p>\n<p>Innovation en mati\u00e8re de charge avanc\u00e9e : USB-C PD et QC 3.0 : L'armoire de charge adopte la derni\u00e8re technologie comptabilisable pour fournir de l'\u00e9nergie en toute s\u00e9curit\u00e9 et rapidement. Les deux ports USB-C sont dot\u00e9s de la fonction USB Power Delivery (USB-PD) bidirectionnelle.<\/p>\n<p>Sortie maximale de 60 W : Cette puissance \u00e9lev\u00e9e change la donne. \u00c0 60 watts, le port USB-C peut alimenter non seulement les t\u00e9l\u00e9phones et les tablettes \u00e0 leur vitesse la plus rapide, mais aussi une vaste gamme d'ordinateurs portables et de Chromebooks aliment\u00e9s par USB-C. Cela signifie qu'un \u00e9tudiant peut alimenter son ordinateur portable fourni par l'\u00e9cole directement \u00e0 partir de la PowerBank, ce qui lui permet de travailler dans toute la salle. Le port n\u00e9gocie intelligemment l'alimentation, en fournissant de nombreuses sorties (5V, 9V, 12V, 15V et 20V, jusqu'\u00e0 3A) pour r\u00e9pondre aux exigences sp\u00e9cifiques du gadget connect\u00e9.<br \/>\nEntr\u00e9e maximale de 40 W : La nature bidirectionnelle sugg\u00e8re que ces m\u00eames ports USB-C sont utilis\u00e9s pour r\u00e9alimenter la PowerBank elle-m\u00eame. Avec une entr\u00e9e optimale de 40 watts, chaque institution financi\u00e8re d'alimentation se charge sensiblement plus rapidement que les chargeurs courants, ce qui minimise les temps d'arr\u00eat lorsqu'elle est charg\u00e9e en dehors de l'armoire.<br \/>\nLes deux ports USB-A sont \u00e9quip\u00e9s de la technologie QC 3.0 (Qualcomm Quick Fee). Ces ports permettent une facturation optimis\u00e9e et \u00e0 grande vitesse pour une large gamme d'appareils anciens et contemporains, offrant des r\u00e9sultats polyvalents (5V\/3A, 9V\/2A, 12V\/1,5 A) pour assurer une large compatibilit\u00e9.<\/p>\n<p>Style instinctif et convivial : Chaque PowerBank est cr\u00e9\u00e9e en pensant \u00e0 l'utilisateur final. Un \u00e9cran LCD\/LED clair et facile \u00e0 lire fonctionne comme un panneau d'\u00e9tat \u00e9lectronique, affichant avec pr\u00e9cision le pourcentage de batterie restant. Cette fonction \u00e9limine les incertitudes et permet aux utilisateurs de conna\u00eetre pr\u00e9cis\u00e9ment le niveau d'\u00e9nergie qu'il leur reste. Un simple interrupteur permet d'allumer l'appareil, ce qui le rend incroyablement simple \u00e0 utiliser pour les clients de tous \u00e2ges.<\/p>\n<p><strong>Arrangement simplifi\u00e9, proc\u00e9dure fiable<\/strong><\/p>\n<p>L'ensemble du syst\u00e8me de l'armoire de chargement est construit sur le principe de \"l'installation rationalis\u00e9e\". Il s'agit d'une solution pr\u00eate \u00e0 l'emploi pour le chargement des outils. Il suffit d'installer l'armoire, de la brancher sur une prise murale de base et d'ins\u00e9rer les institutions financi\u00e8res d'alimentation pour commencer \u00e0 facturer. L'article est con\u00e7u pour fonctionner avec pr\u00e9cision dans une atmosph\u00e8re int\u00e9rieure typique, avec une temp\u00e9rature comprise entre 0\u00b0C et 40\u00b0C et un niveau d'humidit\u00e9 de 30-70%. En outre, votre investissement est prot\u00e9g\u00e9 par une garantie de 12 mois, qui assure la fiabilit\u00e9 de l'appareil et fournit une assistance lorsque vous en avez besoin. L'armoire de chargement est plus qu'un simple objet ; il s'agit d'une installation \u00e9lectrique compl\u00e8te et fiable, con\u00e7ue pour maintenir votre classe et vos \u00e9l\u00e8ves en mouvement, en cr\u00e9ant une atmosph\u00e8re plus flexible, plus mobile et plus efficace pour tous.<\/p>","protected":false},"excerpt":{"rendered":"<div class=\"chat-container\">\n<div class=\"chat-view-container ng-star-inserted\">\n<div>\n<div class=\"chat-turn-container model render cdk-focused cdk-mouse-focused\" tabindex=\"-1\">\n<div class=\"model-prompt-container\" data-turn-role=\"Model\">\n<div class=\"turn-content\">\n<p class=\"ng-star-inserted\"><span class=\"ng-star-inserted\">Chargez, s\u00e9curisez et transportez sans effort jusqu'\u00e0 36 appareils avec l'armoire de chargement. Cette armoire intelligente dispose d'une charge USB-C pr\u00e9c\u00e2bl\u00e9e, d'indicateurs d'\u00e9tat LED en temps r\u00e9el et d'une int\u00e9gration IoT pour faciliter la surveillance. L'acc\u00e8s s\u00e9curis\u00e9 sans cl\u00e9 permet de garder les appareils pr\u00eats \u00e0 \u00eatre d\u00e9ploy\u00e9s.<\/span><\/p>\n<div class=\"turn-information ng-star-inserted\"><\/div>\n<\/div>\n<\/div>\n<div class=\"turn-footer ng-star-inserted\"><\/div>\n<\/div>\n<\/div>\n<\/div>\n<\/div>\n<footer class=\"not-zero-state ng-star-inserted\">\n<div class=\"mat-mdc-tooltip-trigger prompt-input-wrapper\">\n<div>\n<div class=\"prompt-input-wrapper-container\">\n<div class=\"text-wrapper\">\n<section class=\"text-and-attachments-wrapper\">\n<div class=\"text-input-wrapper\"><\/div>\n<\/section>\n<\/div>\n<\/div>\n<\/div>\n<\/div>\n<\/footer>","protected":false},"featured_media":2333,"template":"","meta":{"_kad_post_transparent":"default","_kad_post_title":"","_kad_post_layout":"default","_kad_post_sidebar_id":"","_kad_post_content_style":"default","_kad_post_vertical_padding":"default","_kad_post_feature":"","_kad_post_feature_position":"","_kad_post_header":false,"_kad_post_footer":false},"product_brand":[],"product_cat":[91],"product_tag":[115,119,129],"class_list":{"0":"post-915","1":"product","2":"type-product","3":"status-publish","4":"has-post-thumbnail","6":"product_cat-charging-cabinets","7":"product_tag-charging-cart","8":"product_tag-device-management","9":"product_tag-usb-c","11":"first","12":"instock","13":"shipping-taxable","14":"product-type-simple","15":"entry","16":"content-bg","17":"loop-entry"},"_links":{"self":[{"href":"https:\/\/24smartcharge.com\/fr\/wp-json\/wp\/v2\/product\/915","targetHints":{"allow":["GET"]}}],"collection":[{"href":"https:\/\/24smartcharge.com\/fr\/wp-json\/wp\/v2\/product"}],"about":[{"href":"https:\/\/24smartcharge.com\/fr\/wp-json\/wp\/v2\/types\/product"}],"wp:featuredmedia":[{"embeddable":true,"href":"https:\/\/24smartcharge.com\/fr\/wp-json\/wp\/v2\/media\/2333"}],"wp:attachment":[{"href":"https:\/\/24smartcharge.com\/fr\/wp-json\/wp\/v2\/media?parent=915"}],"wp:term":[{"taxonomy":"product_brand","embeddable":true,"href":"https:\/\/24smartcharge.com\/fr\/wp-json\/wp\/v2\/product_brand?post=915"},{"taxonomy":"product_cat","embeddable":true,"href":"https:\/\/24smartcharge.com\/fr\/wp-json\/wp\/v2\/product_cat?post=915"},{"taxonomy":"product_tag","embeddable":true,"href":"https:\/\/24smartcharge.com\/fr\/wp-json\/wp\/v2\/product_tag?post=915"}],"curies":[{"name":"wp","href":"https:\/\/api.w.org\/{rel}","templated":true}]}}