{"id":895,"date":"2025-08-04T02:31:53","date_gmt":"2025-08-04T02:31:53","guid":{"rendered":"https:\/\/24smartcharge.com\/?post_type=product&#038;p=895"},"modified":"2025-08-15T03:59:21","modified_gmt":"2025-08-15T03:59:21","slug":"secure-charging-cabinet-for-24-devices","status":"publish","type":"product","link":"https:\/\/24smartcharge.com\/fr\/secure-charging-cabinet-for-24-devices\/","title":{"rendered":"Armoire de recharge s\u00e9curis\u00e9e pour 24 appareils"},"content":{"rendered":"<h3 class=\"ng-star-inserted\"><strong class=\"ng-star-inserted\"><span class=\"ng-star-inserted\">Pr\u00e9sentation de l'armoire de facturation : Le service ultime pour la facturation et la gestion s\u00e9curis\u00e9es des outils<\/span><\/strong><\/h3>\n<p class=\"ng-star-inserted\"><span class=\"ng-star-inserted\">\u00c0 l'\u00e8re de l'innovation, la gestion d'un groupe de gadgets est devenue vitale plut\u00f4t qu'optionnelle. Les universit\u00e9s, les entreprises et diverses entit\u00e9s sont confront\u00e9es \u00e0 un obstacle op\u00e9rationnel de taille en raison de l'utilisation massive d'ordinateurs portables, de Chromebooks, d'iPads et de tablettes \u00e9lectroniques. Des questions se posent pour recharger efficacement tous les appareils, les prot\u00e9ger contre les cambriolages et les dommages, et rationaliser l'enchev\u00eatrement des c\u00e2bles de t\u00e9l\u00e9vision afin de cr\u00e9er un environnement organis\u00e9 et efficace. La solution repose sur les \u00e9l\u00e9ments suivants <\/span><strong class=\"ng-star-inserted\"><span class=\"ng-star-inserted\">armoire de facturation Armoire de facturation de la S\u00c9RIE VERT<\/span><\/strong><span class=\"ng-star-inserted\">un traitement soigneusement con\u00e7u pour charger et s\u00e9curiser jusqu'\u00e0 24 gadgets en m\u00eame temps.<\/span><\/p>\n<p class=\"ng-star-inserted\"><span class=\"ng-star-inserted\">L'armoire de chargement est plus qu'une simple unit\u00e9 de stockage ; c'est un centre d'administration des appareils complet, construit sur la base d'un historique de qualit\u00e9 sup\u00e9rieure et d'attributs de premier ordre. Elle traite les points d'inconfort cruciaux de la surveillance des gadgets avec une disposition qui donne la priorit\u00e9 \u00e0 la s\u00e9curit\u00e9, \u00e0 la disponibilit\u00e9 et \u00e0 l'efficacit\u00e9 rationalis\u00e9e. Cette armoire est la cl\u00e9 de vo\u00fbte d'une communaut\u00e9 technologique efficace et s\u00fbre, car elle offre la tranquillit\u00e9 d'esprit de savoir que vos propri\u00e9t\u00e9s b\u00e9n\u00e9fiques sont prot\u00e9g\u00e9es, charg\u00e9es et pr\u00eates \u00e0 \u00eatre utilis\u00e9es \u00e0 tout moment.<\/span><\/p>\n<h3 class=\"ng-star-inserted\"><strong class=\"ng-star-inserted\"><span class=\"ng-star-inserted\">Une s\u00e9curit\u00e9 sans compromis : Une forteresse pour votre technologie moderne<\/span><\/strong><\/h3>\n<p class=\"ng-star-inserted\"><span class=\"ng-star-inserted\">L'armoire de chargement met l'accent sur la s\u00e9curit\u00e9 dans sa conception. Nous sommes conscients de l'importance de la protection des appareils de valeur dont vous vous occupez. Fabriqu\u00e9e en acier solide et robuste, l'armoire est r\u00e9sistante et durable, capable de supporter les besoins d'une utilisation quotidienne dans des installations dynamiques. Nous vous assurons que cette armoire n'est ni l\u00e9g\u00e8re ni d\u00e9licate, car son poids de 80 livres refl\u00e8te sa construction robuste.<\/span><\/p>\n<p class=\"ng-star-inserted\"><span class=\"ng-star-inserted\">La s\u00e9curit\u00e9 est renforc\u00e9e par l'utilisation d'un syst\u00e8me d'alarme. L'entr\u00e9e principale est \u00e9quip\u00e9e d'un syst\u00e8me d'alarme. <\/span><strong class=\"ng-star-inserted\"><span class=\"ng-star-inserted\">Dispositif de verrouillage \u00e0 3 points<\/span><\/strong><span class=\"ng-star-inserted\">qui s\u00e9curise la porte en haut, en bas et sur les c\u00f4t\u00e9s. Ce syst\u00e8me multipoint offre une d\u00e9fense remarquable par rapport \u00e0 une serrure monopoint classique, ce qui le rend tr\u00e8s r\u00e9sistant \u00e0 l'effraction. En outre, la porte comprend une boucle de verrouillage pour une s\u00e9curit\u00e9 accrue, ce qui vous permet d'utiliser une serrure de haute s\u00e9curit\u00e9 de votre choix. L'ensemble du cadre est renforc\u00e9 par des joints robustes pour \u00e9viter les manipulations et garantir que la porte reste ferm\u00e9e en toute s\u00e9curit\u00e9. Une fois la porte de l'armoire de chargement s\u00e9curis\u00e9e, vous aurez la satisfaction de savoir que vos outils sont bien prot\u00e9g\u00e9s.<\/span><\/p>\n<h3 class=\"ng-star-inserted\"><strong class=\"ng-star-inserted\"><span class=\"ng-star-inserted\">Am\u00e9lioration de la fiabilit\u00e9 : Red\u00e9finir la facturation et la facilit\u00e9 d'acc\u00e8s<\/span><\/strong><\/h3>\n<p class=\"ng-star-inserted\"><span class=\"ng-star-inserted\">Si la s\u00e9curit\u00e9 est essentielle, l'option de recharge doit \u00e9galement \u00eatre efficace et simple. L'armoire de chargement excelle \u00e0 cet \u00e9gard, en offrant une exp\u00e9rience structur\u00e9e tout au long du processus. L'armoire permet de recharger jusqu'\u00e0 24 outils en m\u00eame temps, sans qu'il soit n\u00e9cessaire d'avoir recours \u00e0 un r\u00e9seau d\u00e9sordonn\u00e9 de multiprises et d'adaptateurs. Elle maintient tous vos appareils sous tension dans un endroit centralis\u00e9, garantissant qu'ils sont toujours pr\u00eats pour la prochaine journ\u00e9e d'universit\u00e9, la prochaine r\u00e9union d'entreprise ou le prochain changement de travail.<\/span><\/p>\n<p class=\"ng-star-inserted\"><span class=\"ng-star-inserted\">C'est au niveau de l'acc\u00e8s que l'armoire de chargement se distingue vraiment. Sa conception ing\u00e9nieuse comprend une porte avant qui se replie pour former un espace de rangement complet. <\/span><strong class=\"ng-star-inserted\"><span class=\"ng-star-inserted\">270 degr\u00e9s<\/span><\/strong><span class=\"ng-star-inserted\">La porte de l'armoire peut \u00eatre ouverte \u00e0 tout moment et se d\u00e9tache compl\u00e8tement pour venir s'appuyer contre le c\u00f4t\u00e9 de l'armoire. Cette caract\u00e9ristique simple mais g\u00e9niale permet d'acc\u00e9der facilement \u00e0 l'int\u00e9rieur de l'armoire, ce qui permet aux utilisateurs de ranger et de vider facilement leurs gadgets sans qu'une porte g\u00eanante ne les g\u00eane. Cette caract\u00e9ristique est particuli\u00e8rement utile dans les salles de classe bond\u00e9es ou sur les lieux de travail exigus o\u00f9 chaque centim\u00e8tre carr\u00e9 de surface est important.<\/span><\/p>\n<p class=\"ng-star-inserted\"><span class=\"ng-star-inserted\">\u00c0 l'int\u00e9rieur, l'agencement flexible s'adapte facilement \u00e0 une large gamme d'appareils, des petites tablettes aux ordinateurs portables plus grands et aux Chromebooks. L'armoire pr\u00e9sente les caract\u00e9ristiques suivantes <\/span><strong class=\"ng-star-inserted\"><span class=\"ng-star-inserted\">s\u00e9parateurs amovibles<\/span><\/strong><span class=\"ng-star-inserted\">permettant une installation polyvalente. Les exigences fournissent un support clair pour la compatibilit\u00e9 : avec une profondeur de rack g\u00e9n\u00e9reuse de 13,75 pouces, une taille d'\u00e9tag\u00e8re de 11 pouces et une hauteur de rack de 1,25 pouces, il peut abriter des outils avec des mesures maximales de 11\u2033 x 13,5\u2033. Cette adaptabilit\u00e9 garantit que votre armoire de facturation peut \u00e9voluer avec vos besoins en mati\u00e8re de technologie moderne.<\/span><\/p>\n<h3 class=\"ng-star-inserted\"><strong class=\"ng-star-inserted\"><span class=\"ng-star-inserted\">Con\u00e7u pour \u00eatre id\u00e9al dans toutes les conditions : Flexibilit\u00e9 et endurance<\/span><\/strong><\/h3>\n<p class=\"ng-star-inserted\"><span class=\"ng-star-inserted\">L'armoire de facturation est con\u00e7ue pour \u00eatre l'un des produits de surveillance des appareils les plus flexibles et les plus durables de l'industrie. Son esth\u00e9tique \u00e9pur\u00e9e et experte s'int\u00e8gre parfaitement \u00e0 tout type d'environnement, y compris.. :<\/span><\/p>\n<ul class=\"ng-star-inserted\">\n<li class=\"ng-star-inserted\">\n<p class=\"ng-star-inserted\"><span class=\"ng-star-inserted\">Salles de classe (K-12)<\/span><\/p>\n<\/li>\n<li class=\"ng-star-inserted\">\n<p class=\"ng-star-inserted\"><span class=\"ng-star-inserted\">Collections universitaires<\/span><\/p>\n<\/li>\n<li class=\"ng-star-inserted\">\n<p class=\"ng-star-inserted\"><span class=\"ng-star-inserted\">Lieux de travail des entreprises<\/span><\/p>\n<\/li>\n<li class=\"ng-star-inserted\">\n<p class=\"ng-star-inserted\"><span class=\"ng-star-inserted\">\u00c9tablissements de soins m\u00e9dicaux<\/span><\/p>\n<\/li>\n<li class=\"ng-star-inserted\">\n<p class=\"ng-star-inserted\"><span class=\"ng-star-inserted\">Magasins de d\u00e9tail<\/span><\/p>\n<\/li>\n<\/ul>\n<p class=\"ng-star-inserted\"><span class=\"ng-star-inserted\">Avec des mesures ext\u00e9rieures de <\/span><strong class=\"ng-star-inserted\"><span class=\"ng-star-inserted\">39.6\u2033 H x 18.13\u2033 L x 14.75\u2033 P<\/span><\/strong><span class=\"ng-star-inserted\">Le placard offre une solution de rangement \u00e0 haute densit\u00e9 dans un petit espace vertical, ce qui permet de pr\u00e9server l'espace au sol. Cet alignement vertical en fait un choix optimal pour les espaces de toutes tailles.<\/span><\/p>\n<p class=\"ng-star-inserted\"><span class=\"ng-star-inserted\">Nous garantissons l'excellente qualit\u00e9 de nos produits avec une <\/span><strong class=\"ng-star-inserted\"><span class=\"ng-star-inserted\">garantie de service \u00e0 vie<\/span><\/strong><span class=\"ng-star-inserted\"> sur le cadre, ce qui t\u00e9moigne de notre confiance in\u00e9branlable dans la qualit\u00e9 de fabrication de l'armoire et dans sa capacit\u00e9 \u00e0 fournir des performances fiables pendant plusieurs ann\u00e9es. En choisissant l'armoire de chargement, vous n'achetez pas simplement un produit - vous investissez dans une solution durable qui int\u00e8gre une qualit\u00e9 sup\u00e9rieure, une fiabilit\u00e9 et une qualit\u00e9 op\u00e9rationnelle remarquables, ce qui profitera \u00e0 votre entreprise sur le long terme.<\/span><\/p>\n<p class=\"ng-star-inserted\"><span class=\"ng-star-inserted\">En r\u00e9sum\u00e9, l'armoire de chargement Billing Closet est la r\u00e9ponse supr\u00eame pour les entreprises qui cherchent \u00e0 am\u00e9liorer leur approche de la gestion des outils. Cette solution tout-en-un int\u00e8gre parfaitement une s\u00e9curit\u00e9 de premier ordre, une charge fiable et une disponibilit\u00e9 facile, \u00e9liminant ainsi les d\u00e9sagr\u00e9ments des cordons emm\u00eal\u00e9s et les inqui\u00e9tudes en mati\u00e8re de s\u00fbret\u00e9 et de s\u00e9curit\u00e9. En investissant dans l'armoire de chargement, les entreprises peuvent am\u00e9liorer les performances des utilisateurs, prot\u00e9ger leurs actifs et d\u00e9velopper une communaut\u00e9 \u00e9cologique technologique tr\u00e8s organis\u00e9e et efficace.<\/span><\/p>","protected":false},"excerpt":{"rendered":"<div class=\"chat-container\">\n<div class=\"chat-view-container ng-star-inserted\">\n<div>\n<div class=\"chat-turn-container model render cdk-focused cdk-mouse-focused\" tabindex=\"-1\">\n<div class=\"model-prompt-container\" data-turn-role=\"Model\">\n<div class=\"turn-content\">\n<p class=\"ng-star-inserted\"><span class=\"ng-star-inserted\">Chargez et s\u00e9curisez efficacement jusqu'\u00e0 24 appareils gr\u00e2ce \u00e0 l'armoire de chargement. Sa construction durable enti\u00e8rement m\u00e9tallique et son syst\u00e8me de verrouillage \u00e0 3 points garantissent la s\u00e9curit\u00e9. Le design \u00e9pur\u00e9 offre un acc\u00e8s facile aux ordinateurs portables, aux iPads et aux Chromebooks, ce qui en fait une solution polyvalente.<\/span><\/p>\n<div class=\"turn-information ng-star-inserted\"><\/div>\n<\/div>\n<\/div>\n<div class=\"turn-footer ng-star-inserted\"><\/div>\n<\/div>\n<\/div>\n<\/div>\n<\/div>\n<footer class=\"not-zero-state ng-star-inserted\">\n<div class=\"mat-mdc-tooltip-trigger prompt-input-wrapper\">\n<div>\n<div class=\"prompt-input-wrapper-container\">\n<div class=\"text-wrapper\">\n<section class=\"text-and-attachments-wrapper\">\n<div class=\"text-input-wrapper\"><\/div>\n<\/section>\n<\/div>\n<\/div>\n<\/div>\n<\/div>\n<\/footer>","protected":false},"featured_media":2292,"template":"","meta":{"_kad_post_transparent":"default","_kad_post_title":"","_kad_post_layout":"default","_kad_post_sidebar_id":"","_kad_post_content_style":"default","_kad_post_vertical_padding":"default","_kad_post_feature":"","_kad_post_feature_position":"","_kad_post_header":false,"_kad_post_footer":false},"product_brand":[],"product_cat":[91],"product_tag":[122,119,121],"class_list":{"0":"post-895","1":"product","2":"type-product","3":"status-publish","4":"has-post-thumbnail","6":"product_cat-charging-cabinets","7":"product_tag-charging-cabinet","8":"product_tag-device-management","9":"product_tag-secure-charging","11":"first","12":"instock","13":"shipping-taxable","14":"product-type-simple","15":"entry","16":"content-bg","17":"loop-entry"},"_links":{"self":[{"href":"https:\/\/24smartcharge.com\/fr\/wp-json\/wp\/v2\/product\/895","targetHints":{"allow":["GET"]}}],"collection":[{"href":"https:\/\/24smartcharge.com\/fr\/wp-json\/wp\/v2\/product"}],"about":[{"href":"https:\/\/24smartcharge.com\/fr\/wp-json\/wp\/v2\/types\/product"}],"wp:featuredmedia":[{"embeddable":true,"href":"https:\/\/24smartcharge.com\/fr\/wp-json\/wp\/v2\/media\/2292"}],"wp:attachment":[{"href":"https:\/\/24smartcharge.com\/fr\/wp-json\/wp\/v2\/media?parent=895"}],"wp:term":[{"taxonomy":"product_brand","embeddable":true,"href":"https:\/\/24smartcharge.com\/fr\/wp-json\/wp\/v2\/product_brand?post=895"},{"taxonomy":"product_cat","embeddable":true,"href":"https:\/\/24smartcharge.com\/fr\/wp-json\/wp\/v2\/product_cat?post=895"},{"taxonomy":"product_tag","embeddable":true,"href":"https:\/\/24smartcharge.com\/fr\/wp-json\/wp\/v2\/product_tag?post=895"}],"curies":[{"name":"wp","href":"https:\/\/api.w.org\/{rel}","templated":true}]}}