{"id":888,"date":"2025-08-04T02:18:07","date_gmt":"2025-08-04T02:18:07","guid":{"rendered":"https:\/\/24smartcharge.com\/?post_type=product&#038;p=888"},"modified":"2025-08-15T03:53:06","modified_gmt":"2025-08-15T03:53:06","slug":"charging-cabinet-for-16-devices-with-baskets","status":"publish","type":"product","link":"https:\/\/24smartcharge.com\/fr\/charging-cabinet-for-16-devices-with-baskets\/","title":{"rendered":"Armoire de chargement pour 16 appareils avec paniers"},"content":{"rendered":"<p><strong>R\u00e9inventer l'administration des technologies de l'information gr\u00e2ce \u00e0 des solutions innovantes<\/strong><br \/>\nL'armoire de chargement peut contenir, prot\u00e9ger et facturer 16 gadgets simultan\u00e9ment. Son int\u00e9rieur adaptable peut accueillir diff\u00e9rents types de gadgets \u00e9lectroniques, y compris les ordinateurs portables, les Chromebooks jusqu'\u00e0 14 pouces, les tablettes et les iPads. Avec une taille optimale de 9,5\u2033 x 14,2\u2033, cette armoire offre un espace suffisant pour les gadgets g\u00e9n\u00e9ralement utilis\u00e9s dans les \u00e9tablissements d'enseignement et les entreprises.<\/p>\n<p>L'armoire de chargement ma\u00eetrise son syst\u00e8me de panier de pointe, qui a \u00e9t\u00e9 d\u00e9velopp\u00e9 en tenant compte des circonstances de lib\u00e9ration utiles. Ce syst\u00e8me se compose de quatre paniers robustes et l\u00e9gers de couleurs vives - rouge, vert, bleu et orange. Chaque panier est con\u00e7u pour accueillir jusqu'\u00e0 quatre gadgets, ce qui facilite la distribution aux groupes. Imaginez le d\u00e9but d'un cours ou d'une session de formation : au lieu d'une longue file d'attente de stagiaires ou de travailleurs attendant leurs gadgets individuels, une seule personne peut distribuer un panier entier \u00e0 une table ou \u00e0 une \u00e9quipe. Cette technique rationalis\u00e9e, appel\u00e9e \"Deployment Made Easy\", permet de r\u00e9duire consid\u00e9rablement les temps de travail, de limiter l'encombrement des couloirs et d'acc\u00e9l\u00e9rer le d\u00e9but des activit\u00e9s d'apprentissage ou de travail. Le syst\u00e8me de code couleur renforce l'efficacit\u00e9 de l'entreprise, en permettant d'affecter simplement des paniers sp\u00e9cifiques \u00e0 diff\u00e9rentes \u00e9quipes, classes ou types d'outils, ce qui garantit que les bons appareils parviennent toujours aux personnes concern\u00e9es.<\/p>\n<p><strong>S\u00e9curit\u00e9 et r\u00e9silience sans compromis<\/strong><br \/>\nL'armoire de chargement a \u00e9t\u00e9 con\u00e7ue en tenant compte de la valeur des outils \u00e9lectroniques, offrant une s\u00e9curit\u00e9 solide pour ces biens importants. Con\u00e7ue dans un style durable, enti\u00e8rement m\u00e9tallique, cette armoire offre un bo\u00eetier r\u00e9sistant et durable qui peut supporter les exigences d'une utilisation r\u00e9guli\u00e8re dans des environnements tr\u00e9pidants. La s\u00e9curit\u00e9 est renforc\u00e9e par un syst\u00e8me de verrouillage fiable sur les portes avant, emp\u00eachant l'acc\u00e8s non autoris\u00e9 et le cambriolage, et offrant aux clients une tranquillit\u00e9 d'esprit totale lorsqu'ils stockent des gadgets pendant des p\u00e9riodes prolong\u00e9es.<\/p>\n<p>La confiance du fabricant dans la r\u00e9sistance de l'article est \u00e9tay\u00e9e par une garantie cadre \u00e0 vie, qui t\u00e9moigne de sa remarquable qualit\u00e9 de construction et de sa fiabilit\u00e9 \u00e0 long terme. Ce d\u00e9vouement \u00e0 la robustesse sugg\u00e8re que l'armoire de chargement n'est pas seulement une solution \u00e0 court terme, mais un investissement durable dans les installations technologiques de votre entreprise. Avec des dimensions ext\u00e9rieures de 24,2\u2033 H x 25,6\u2033 L x 11,5\u2033 P et un poids de 55 livres, l'armoire a une visibilit\u00e9 puissante et stable.<\/p>\n<p><strong>Une int\u00e9gration harmonieuse et une installation simple<\/strong><br \/>\nLes c\u00e2bles encombrants sont le fl\u00e9au de toute atmosph\u00e8re multi-appareils. L'armoire de chargement s'attaque de front \u00e0 ce probl\u00e8me gr\u00e2ce \u00e0 un syst\u00e8me de gestion des c\u00e2bles et de l'alimentation remarquablement int\u00e9gr\u00e9. Un espace de stockage d\u00e9di\u00e9 \u00e0 l'adaptateur d'alimentation vous permet de ranger proprement toutes les briques de facturation n\u00e9cessaires, en les gardant \u00e0 l'abri des regards et des regards indiscrets. La structure interne de l'armoire est con\u00e7ue pour acheminer facilement les c\u00e2bles vers chaque port de l'appareil, \u00e9vitant ainsi les enchev\u00eatrements, les n\u0153uds et les dommages in\u00e9vitables caus\u00e9s par un c\u00e2blage \u00e9lectrique d\u00e9sorganis\u00e9.<\/p>\n<p>Cette conception r\u00e9fl\u00e9chie se traduit par un processus d'installation extr\u00eamement rapide. Le d\u00e9ballage et la pr\u00e9paration de l'armoire de chargement sont des op\u00e9rations simples et conviviales. Vos gadgets, qu'il s'agisse d'ordinateurs portables, d'iPads ou de Chromebooks, peuvent \u00eatre install\u00e9s et branch\u00e9s en un rien de temps, ce qui r\u00e9duit les temps d'arr\u00eat et vous permet de profiter presque instantan\u00e9ment de votre tout nouveau syst\u00e8me d'administration. L'armoire elle-m\u00eame est aliment\u00e9e par un seul cordon, combinant le chargement de 16 outils distincts en une seule source d'\u00e9nergie, lib\u00e9rant ainsi plusieurs prises murales pour d'autres usages.<\/p>\n<p><strong>Polyvalence pour toutes les ambiances<\/strong><br \/>\nL'armoire de chargement pr\u00e9sente une adaptabilit\u00e9 exceptionnelle qui en fait une excellente option pour diverses configurations. Sa conception permet de l'installer facilement sur un mur ou un bureau, ce qui lui permet de s'int\u00e9grer dans n'importe quel type d'environnement. Dans les endroits o\u00f9 l'espace est restreint, comme les petites classes ou les bureaux tr\u00e8s fr\u00e9quent\u00e9s, la possibilit\u00e9 de monter l'armoire au mur est un avantage consid\u00e9rable. Cette disposition lib\u00e8re de l'espace au sol et en surface, ce qui permet de maintenir les appareils accessibles tout en pr\u00e9servant l'encombrement de l'espace. Inversement, lorsqu'elle est plac\u00e9e sur un bureau ou un comptoir de cuisine, l'armoire fonctionne comme une station de facturation solide et bien organis\u00e9e.<\/p>\n<p><strong>Un rem\u00e8de polyvalent pour des utilisations diverses<\/strong><br \/>\n\u00c9ducation et apprentissage de la maternelle \u00e0 la 12e ann\u00e9e : Il permet une distribution et une collecte efficaces et ordonn\u00e9es des gadgets pour les programmes 1:1 et les programmes communs dans les salles de classe et les biblioth\u00e8ques scolaires.<\/p>\n<p>Dans les entreprises, ces zones sont \u00e9quip\u00e9es pour maintenir les salles de formation, les centres de r\u00e9union et les parcs d'ordinateurs portables de l'entreprise bien entretenus, en veillant \u00e0 ce que les gadgets soient constamment factur\u00e9s, prot\u00e9g\u00e9s et pr\u00eats \u00e0 fonctionner.<\/p>\n<p>Institutions m\u00e9dicales : Les \u00e9tablissements et centres m\u00e9dicaux peuvent faire appel \u00e0 ce service pour superviser la distribution et l'entretien des tablettes \u00e9lectroniques utilis\u00e9es pour le suivi des informations sur les patients, l'interaction entre les \u00e9quipes et les activit\u00e9s de loisirs des patients, en veillant \u00e0 ce que les outils soient correctement nettoy\u00e9s et mis sous tension pour une utilisation ult\u00e9rieure.<\/p>\n<p>Vente au d\u00e9tail et convivialit\u00e9 : Il peut servir de point principal pour charger les outils utilis\u00e9s par les employ\u00e9s, les tablettes \u00e9lectroniques des points de vente ou les outils utilis\u00e9s par les clients.<\/p>","protected":false},"excerpt":{"rendered":"<div class=\"chat-turn-container model render cdk-focused cdk-mouse-focused\" tabindex=\"-1\">\n<div class=\"model-prompt-container\" data-turn-role=\"Model\">\n<div class=\"turn-content\">\n<p class=\"ng-star-inserted\"><span class=\"ng-star-inserted\">Stockez et chargez jusqu'\u00e0 16 appareils en toute s\u00e9curit\u00e9 gr\u00e2ce \u00e0 l'armoire de chargement. Cette unit\u00e9 polyvalente, qui peut \u00eatre mont\u00e9e au mur, comporte 4 paniers color\u00e9s, chacun pouvant contenir 4 appareils tels que des ordinateurs portables, des tablettes et des Chromebooks jusqu'\u00e0 14\u2033. Sa construction m\u00e9tallique durable et son installation facile simplifient la gestion des appareils.<\/span><\/p>\n<div class=\"turn-information ng-star-inserted\"><\/div>\n<\/div>\n<\/div>\n<\/div>\n<div class=\"chat-turn-container render user\" tabindex=\"-1\">\n<div class=\"actions-container\">\n<div class=\"actions hover-or-edit\">\n<div><\/div>\n<\/div>\n<\/div>\n<div class=\"user-prompt-container\" data-turn-role=\"User\">\n<div class=\"turn-content\">\n<div class=\"image-container\">\n<div class=\"top-right-image-controls\"><\/div>\n<\/div>\n<\/div>\n<\/div>\n<\/div>","protected":false},"featured_media":2288,"template":"","meta":{"_kad_post_transparent":"default","_kad_post_title":"","_kad_post_layout":"default","_kad_post_sidebar_id":"","_kad_post_content_style":"default","_kad_post_vertical_padding":"default","_kad_post_feature":"","_kad_post_feature_position":"","_kad_post_header":false,"_kad_post_footer":false},"product_brand":[],"product_cat":[91],"product_tag":[125,122,119],"class_list":{"0":"post-888","1":"product","2":"type-product","3":"status-publish","4":"has-post-thumbnail","6":"product_cat-charging-cabinets","7":"product_tag-charging-baskets","8":"product_tag-charging-cabinet","9":"product_tag-device-management","11":"first","12":"instock","13":"shipping-taxable","14":"product-type-simple","15":"entry","16":"content-bg","17":"loop-entry"},"_links":{"self":[{"href":"https:\/\/24smartcharge.com\/fr\/wp-json\/wp\/v2\/product\/888","targetHints":{"allow":["GET"]}}],"collection":[{"href":"https:\/\/24smartcharge.com\/fr\/wp-json\/wp\/v2\/product"}],"about":[{"href":"https:\/\/24smartcharge.com\/fr\/wp-json\/wp\/v2\/types\/product"}],"wp:featuredmedia":[{"embeddable":true,"href":"https:\/\/24smartcharge.com\/fr\/wp-json\/wp\/v2\/media\/2288"}],"wp:attachment":[{"href":"https:\/\/24smartcharge.com\/fr\/wp-json\/wp\/v2\/media?parent=888"}],"wp:term":[{"taxonomy":"product_brand","embeddable":true,"href":"https:\/\/24smartcharge.com\/fr\/wp-json\/wp\/v2\/product_brand?post=888"},{"taxonomy":"product_cat","embeddable":true,"href":"https:\/\/24smartcharge.com\/fr\/wp-json\/wp\/v2\/product_cat?post=888"},{"taxonomy":"product_tag","embeddable":true,"href":"https:\/\/24smartcharge.com\/fr\/wp-json\/wp\/v2\/product_tag?post=888"}],"curies":[{"name":"wp","href":"https:\/\/api.w.org\/{rel}","templated":true}]}}